{"id":2975,"date":"2026-01-19T09:21:45","date_gmt":"2026-01-19T09:21:45","guid":{"rendered":"https:\/\/www.linkceramics.com\/?post_type=product&#038;p=2975"},"modified":"2026-03-18T02:55:15","modified_gmt":"2026-03-18T02:55:15","slug":"ceramic-ramekins-wholesale","status":"publish","type":"product","link":"https:\/\/www.linkceramics.com\/de\/product\/ceramic-ramekins-wholesale\/","title":{"rendered":"3-Zoll-Runde keramische Ramekins Gro\u00dfhandel mit gedruckt f\u00fcr K\u00fcche"},"content":{"rendered":"<div class=\"wp-block-columns is-layout-flex wp-container-core-columns-is-layout-9d6595d7 wp-block-columns-is-layout-flex\">\n<div class=\"wp-block-column is-layout-flow wp-block-column-is-layout-flow\" style=\"flex-basis:50%\">\n<h3 class=\"wp-block-heading\">Premium Round Ceramic Ramekins Gro\u00dfhandel Merkmale:<\/h3>\n\n\n\n<ul class=\"wp-block-list\">\n<li><strong>Hochwertiges keramisches Material:<\/strong> Diese keramischen Auflaufformen im Gro\u00dfhandel bestehen aus hochwertiger Keramik, die dicht und robust ist, eine gute Hitze- und K\u00e4ltebest\u00e4ndigkeit aufweist und eine lange Lebensdauer hat.<\/li>\n\n\n\n<li><strong>Lustige und einzigartige Designs:<\/strong> Diese Keramik-Auflaufformen f\u00fcr den Gro\u00dfhandel haben 2 Designs: eine schwarze Version mit einem wei\u00dfen Totenkopf und der Aufschrift \u201cBONE APP\u00c9TIT\u201d und eine orangefarbene Version mit einer schwarzen Katzensilhouette. Die einzigartigen und lustigen Designs sind perfekt f\u00fcr Halloween und\/oder Themenpartys.<\/li>\n\n\n\n<li><strong>Multifunktionales K\u00fcchenutensil:<\/strong> Diese Keramikschalen aus dem Gro\u00dfhandel k\u00f6nnen nicht nur als Formen f\u00fcr Kuchen, Mousse und andere Desserts verwendet werden, sondern auch als Puddingbecher, Salatsch\u00fcsseln und Snackbeh\u00e4lter, die vielseitig einsetzbar sind.<\/li>\n\n\n\n<li><strong>Leicht zu reinigen und k\u00fcchentauglich:<\/strong> Die glatten Innen- und Au\u00dfenfl\u00e4chen dieser Keramikauflaufformen sind leicht zu reinigen und sp\u00fclmaschinen-, mikrowellen- und ofenfest, was das Aufw\u00e4rmen und Reinigen zum Kinderspiel macht.<\/li>\n\n\n\n<li><strong>Fabrikdirektlieferung: <\/strong>Wir liefern direkt von den Keramikfabriken, die wir beliefern, und unterst\u00fctzen damit eine gro\u00df angelegte Produktion und eine langfristige Zusammenarbeit, und wir verf\u00fcgen \u00fcber eine stabile Qualit\u00e4tskontrolle.<\/li>\n<\/ul>\n<\/div>\n\n\n\n<div class=\"wp-block-column is-layout-flow wp-block-column-is-layout-flow\" style=\"flex-basis:50%\">\n<figure class=\"wp-block-image size-full\"><img decoding=\"async\" width=\"800\" height=\"800\" src=\"https:\/\/www.linkceramics.com\/wp-content\/uploads\/2026\/01\/3-inch-ceramic-ramekins-wholesale-with-printed-for-kitchen-3.webp\" alt=\"3-Zoll-Keramik-Ramekins-Gro\u00dfhandel-mit-Aufdruck-f\u00fcr-K\u00fcche-3\" class=\"wp-image-2978\" srcset=\"https:\/\/www.linkceramics.com\/wp-content\/uploads\/2026\/01\/3-inch-ceramic-ramekins-wholesale-with-printed-for-kitchen-3.webp 800w, https:\/\/www.linkceramics.com\/wp-content\/uploads\/2026\/01\/3-inch-ceramic-ramekins-wholesale-with-printed-for-kitchen-3-300x300.webp 300w, https:\/\/www.linkceramics.com\/wp-content\/uploads\/2026\/01\/3-inch-ceramic-ramekins-wholesale-with-printed-for-kitchen-3-150x150.webp 150w, https:\/\/www.linkceramics.com\/wp-content\/uploads\/2026\/01\/3-inch-ceramic-ramekins-wholesale-with-printed-for-kitchen-3-768x768.webp 768w, https:\/\/www.linkceramics.com\/wp-content\/uploads\/2026\/01\/3-inch-ceramic-ramekins-wholesale-with-printed-for-kitchen-3-12x12.webp 12w, https:\/\/www.linkceramics.com\/wp-content\/uploads\/2026\/01\/3-inch-ceramic-ramekins-wholesale-with-printed-for-kitchen-3-600x600.webp 600w, https:\/\/www.linkceramics.com\/wp-content\/uploads\/2026\/01\/3-inch-ceramic-ramekins-wholesale-with-printed-for-kitchen-3-100x100.webp 100w\" sizes=\"(max-width: 800px) 100vw, 800px\" \/><\/figure>\n<\/div>\n<\/div>\n\n\n\n<p><\/p>","protected":false},"excerpt":{"rendered":"<div id=\"brxe-0ee1ca\" class=\"brxe-product-meta product_meta\">\n<p>Willkommen zum Kauf Qunfa Keramikfabrik liefern diese 3-Zoll-Runde Keramik Auflauff\u00f6rmchen Gro\u00dfhandel sind aus hochwertigem Steingut Keramik, sie sind robust, langlebig und sicher f\u00fcr Mikrowelle, Backofen und Geschirrsp\u00fcler verwenden. Benutzerdefinierte Druck ist verf\u00fcgbar; diese benutzerdefinierte Keramik Auflauff\u00f6rmchen machen sie eine ideale Wahl f\u00fcr K\u00fcchenutensilien und Food-Service-Gro\u00dfhandel.<\/p>\n<h2>Runde keramische Ramekins Gro\u00dfhandel Parameter:<\/h2>\n<table border=\"0\" width=\"328\" cellspacing=\"0\" cellpadding=\"0\">\n<tbody>\n<tr>\n<td width=\"116\" height=\"16\">Hersteller<\/td>\n<td width=\"211\">QUNFA<\/td>\n<\/tr>\n<tr>\n<td width=\"116\" height=\"16\">Produkttyp<\/td>\n<td width=\"211\">Ramekin<\/td>\n<\/tr>\n<tr>\n<td width=\"116\" height=\"16\">Modell Nr.<\/td>\n<td width=\"211\">22-0161<\/td>\n<\/tr>\n<tr>\n<td width=\"116\" height=\"16\">Material<\/td>\n<td width=\"211\">Steingut<\/td>\n<\/tr>\n<tr>\n<td width=\"116\" height=\"16\">Farbe<\/td>\n<td width=\"211\">Schwarz,Orange<\/td>\n<\/tr>\n<tr>\n<td width=\"116\" height=\"16\">Dimension<\/td>\n<td width=\"211\">7.6*7.6*5.1CM<\/td>\n<\/tr>\n<tr>\n<td width=\"116\" height=\"16\">MOQ<\/td>\n<td width=\"211\">1000St\u00fcck<\/td>\n<\/tr>\n<tr>\n<td width=\"116\" height=\"16\">Benutzerdefiniert<\/td>\n<td width=\"211\">Farbe\/Gr\u00f6\u00dfe\/Logo\/Verpackung\/Form<\/td>\n<\/tr>\n<\/tbody>\n<\/table>\n<\/div>","protected":false},"featured_media":2976,"comment_status":"open","ping_status":"closed","template":"","meta":{"_acf_changed":true},"certification":[63,64,66,89,58,61,60,62,57,88],"product_brand":[],"product_cat":[34,20],"product_tag":[],"class_list":{"0":"post-2975","1":"product","2":"type-product","3":"status-publish","4":"has-post-thumbnail","6":"certification-amfori","7":"certification-bsci","8":"certification-cnas","9":"certification-fcca","10":"certification-fda","11":"certification-iso-14001","12":"certification-iso-45001","13":"certification-iso-9001","14":"certification-lfgb","15":"certification-sgs","16":"product_cat-custom-household-ceramics","17":"product_cat-ceramic-kitchenware-wholesale","19":"first","20":"instock","21":"shipping-taxable","22":"product-type-simple"},"acf":[],"_links":{"self":[{"href":"https:\/\/www.linkceramics.com\/de\/wp-json\/wp\/v2\/product\/2975","targetHints":{"allow":["GET"]}}],"collection":[{"href":"https:\/\/www.linkceramics.com\/de\/wp-json\/wp\/v2\/product"}],"about":[{"href":"https:\/\/www.linkceramics.com\/de\/wp-json\/wp\/v2\/types\/product"}],"replies":[{"embeddable":true,"href":"https:\/\/www.linkceramics.com\/de\/wp-json\/wp\/v2\/comments?post=2975"}],"wp:featuredmedia":[{"embeddable":true,"href":"https:\/\/www.linkceramics.com\/de\/wp-json\/wp\/v2\/media\/2976"}],"wp:attachment":[{"href":"https:\/\/www.linkceramics.com\/de\/wp-json\/wp\/v2\/media?parent=2975"}],"wp:term":[{"taxonomy":"certification","embeddable":true,"href":"https:\/\/www.linkceramics.com\/de\/wp-json\/wp\/v2\/certification?post=2975"},{"taxonomy":"product_brand","embeddable":true,"href":"https:\/\/www.linkceramics.com\/de\/wp-json\/wp\/v2\/product_brand?post=2975"},{"taxonomy":"product_cat","embeddable":true,"href":"https:\/\/www.linkceramics.com\/de\/wp-json\/wp\/v2\/product_cat?post=2975"},{"taxonomy":"product_tag","embeddable":true,"href":"https:\/\/www.linkceramics.com\/de\/wp-json\/wp\/v2\/product_tag?post=2975"}],"curies":[{"name":"wp","href":"https:\/\/api.w.org\/{rel}","templated":true}]}}