{"id":3027,"date":"2026-03-07T01:27:13","date_gmt":"2026-03-07T01:27:13","guid":{"rendered":"https:\/\/www.linkceramics.com\/?post_type=product&#038;p=3027"},"modified":"2026-03-07T01:27:14","modified_gmt":"2026-03-07T01:27:14","slug":"custom-ceramic-coffee-cups","status":"publish","type":"product","link":"https:\/\/www.linkceramics.com\/de\/product\/custom-ceramic-coffee-cups\/","title":{"rendered":"Kundenspezifische Keramik-Kaffeetassen, arabische handgefertigte Trinkgef\u00e4\u00dfe Bulk"},"content":{"rendered":"<div class=\"wp-block-columns is-layout-flex wp-container-core-columns-is-layout-9d6595d7 wp-block-columns-is-layout-flex\">\n<div class=\"wp-block-column is-layout-flow wp-block-column-is-layout-flow\" style=\"flex-basis:50%\">\n<h3 class=\"wp-block-heading\">Premium Custom Keramik Kaffeetassen Eigenschaften:<\/h3>\n\n\n\n<ul class=\"wp-block-list\">\n<li><strong>Individuelle Keramik-Kaffeetassen<\/strong> - Unterst\u00fctzung der OEM\/ODM-Anpassung, einschlie\u00dflich Logodruck, Musterdesign und Verpackung zur Markendifferenzierung.<\/li>\n\n\n\n<li><strong>Arabisch Handmade Style <\/strong>- Spiegelt die traditionelle Kaffeekultur des Nahen Ostens mit handwerklichem Charme wider und ist ideal f\u00fcr eine authentische Pr\u00e4sentation.<\/li>\n\n\n\n<li><strong>Hochwertige glasierte Keramik<\/strong> - Strapazierf\u00e4higes Keramikmaterial mit glatter, lebensmittelechter Glasur, die die Benutzerfreundlichkeit und \u00c4sthetik verbessert.<\/li>\n\n\n\n<li><strong>Kulturelle und gastgewerbliche Nutzung<\/strong> - Geeignet zum Servieren von arabischem Kaffee in Caf\u00e9s, Hotels, Restaurants und bei kulturellen Veranstaltungen.<\/li>\n\n\n\n<li><strong>Gro\u00dfhandel Bulk Supply<\/strong> - Konzipiert f\u00fcr Gro\u00dfauftr\u00e4ge mit gleichbleibender Qualit\u00e4t, die die Anforderungen von H\u00e4ndlern und Importeuren erf\u00fcllen.<\/li>\n\n\n\n<li><strong>Vielseitige Verwendung von Getr\u00e4nken<\/strong> - Ideal f\u00fcr Espresso, arabischen Kaffee, Tee und andere Hei\u00dfgetr\u00e4nke in gewerblichen Einrichtungen.<\/li>\n<\/ul>\n<\/div>\n\n\n\n<div class=\"wp-block-column is-layout-flow wp-block-column-is-layout-flow\" style=\"flex-basis:50%\">\n<figure class=\"wp-block-image size-full\"><img decoding=\"async\" width=\"1382\" height=\"1694\" src=\"https:\/\/www.linkceramics.com\/wp-content\/uploads\/2026\/03\/custom-ceramic-coffee-cups-arabic-hand-made-drinkware-bulk-5.webp\" alt=\"kundenspezifische-keramische-kaffeetassen-arabisches-handgemachtes-getr\u00e4nkegeschirr-bulk-5\" class=\"wp-image-3032\" srcset=\"https:\/\/www.linkceramics.com\/wp-content\/uploads\/2026\/03\/custom-ceramic-coffee-cups-arabic-hand-made-drinkware-bulk-5.webp 1382w, https:\/\/www.linkceramics.com\/wp-content\/uploads\/2026\/03\/custom-ceramic-coffee-cups-arabic-hand-made-drinkware-bulk-5-245x300.webp 245w, https:\/\/www.linkceramics.com\/wp-content\/uploads\/2026\/03\/custom-ceramic-coffee-cups-arabic-hand-made-drinkware-bulk-5-768x941.webp 768w, https:\/\/www.linkceramics.com\/wp-content\/uploads\/2026\/03\/custom-ceramic-coffee-cups-arabic-hand-made-drinkware-bulk-5-10x12.webp 10w, https:\/\/www.linkceramics.com\/wp-content\/uploads\/2026\/03\/custom-ceramic-coffee-cups-arabic-hand-made-drinkware-bulk-5-1200x1471.webp 1200w, https:\/\/www.linkceramics.com\/wp-content\/uploads\/2026\/03\/custom-ceramic-coffee-cups-arabic-hand-made-drinkware-bulk-5-600x735.webp 600w\" sizes=\"(max-width: 1382px) 100vw, 1382px\" \/><\/figure>\n<\/div>\n<\/div>\n\n\n\n<p><\/p>","protected":false},"excerpt":{"rendered":"<div id=\"brxe-0ee1ca\" class=\"brxe-product-meta product_meta\">\n<p>Willkommen beim Kauf von Qingfa-Kaffeebechern aus Keramik mit handgefertigtem Design im arabischen Stil, die aus hochwertiger glasierter Keramik hergestellt sind. Diese Tassen eignen sich perfekt f\u00fcr Caf\u00e9s, Hotels, kulturelle Veranstaltungen und den Einzelhandel. Sie unterst\u00fctzen OEM\/ODM-Anpassungen f\u00fcr Logos, Muster und Verpackungen bei Gro\u00dfbestellungen.<\/p>\n<h2>Individuelle Keramik-Kaffeetassen Parameter<\/h2>\n<table>\n<thead>\n<tr>\n<th>Hersteller<\/th>\n<th>Qingfa Keramiken<\/th>\n<\/tr>\n<\/thead>\n<tbody>\n<tr>\n<td>Produktname<\/td>\n<td>Arabische handgemachte Keramik-Kaffeetassen \/ Individuelle Keramik-Kaffeetassen<\/td>\n<\/tr>\n<tr>\n<td>Material<\/td>\n<td>Hochwertige glasierte Keramik<\/td>\n<\/tr>\n<tr>\n<td>Kapazit\u00e4t<\/td>\n<td>Ca. 150 ml (typische arabische Tassengr\u00f6\u00dfe, anpassbar)<\/td>\n<\/tr>\n<tr>\n<td>Design \/ Stil<\/td>\n<td>Handgefertigte arabische Kaffeetasse mit traditionellen Motiven<\/td>\n<\/tr>\n<tr>\n<td>Oberfl\u00e4chenbehandlung<\/td>\n<td>Glatte, lebensmittelechte Glasur<\/td>\n<\/tr>\n<tr>\n<td>Farboptionen<\/td>\n<td>Individuelle Glasur- und Musteroptionen verf\u00fcgbar<\/td>\n<\/tr>\n<tr>\n<td>Personalisierung<\/td>\n<td>Logodruck, Oberfl\u00e4chengestaltung, Verpackung, OEM\/ODM<\/td>\n<\/tr>\n<tr>\n<td>Handgriff<\/td>\n<td>Griffe oder grifflose Optionen verf\u00fcgbar<\/td>\n<\/tr>\n<tr>\n<td>Verwendung<\/td>\n<td>Arabischer Kaffee, Espresso, Tee f\u00fcr Caf\u00e9s, Hotels, kulturelle Veranstaltungen, Einzelhandel<\/td>\n<\/tr>\n<tr>\n<td>Zertifizierungen<\/td>\n<td>FDA, LFGB, ISO (je nach Kundenanpassung)<\/td>\n<\/tr>\n<\/tbody>\n<\/table>\n<p>&nbsp;<\/p>\n<p>&nbsp;<\/p>\n<\/div>","protected":false},"featured_media":3028,"comment_status":"open","ping_status":"closed","template":"","meta":{"_acf_changed":true},"certification":[63,64,90,59,66,58,61,60,62,57,91],"product_brand":[],"product_cat":[34,19],"product_tag":[],"class_list":{"0":"post-3027","1":"product","2":"type-product","3":"status-publish","4":"has-post-thumbnail","6":"certification-amfori","7":"certification-bsci","8":"certification-ca-prop-65-compliant","9":"certification-ce","10":"certification-cnas","11":"certification-fda","12":"certification-iso-14001","13":"certification-iso-45001","14":"certification-iso-9001","15":"certification-lfgb","16":"certification-sedex","17":"product_cat-custom-household-ceramics","18":"product_cat-ceramic-tea-set-wholesale","20":"first","21":"instock","22":"shipping-taxable","23":"product-type-simple"},"acf":[],"_links":{"self":[{"href":"https:\/\/www.linkceramics.com\/de\/wp-json\/wp\/v2\/product\/3027","targetHints":{"allow":["GET"]}}],"collection":[{"href":"https:\/\/www.linkceramics.com\/de\/wp-json\/wp\/v2\/product"}],"about":[{"href":"https:\/\/www.linkceramics.com\/de\/wp-json\/wp\/v2\/types\/product"}],"replies":[{"embeddable":true,"href":"https:\/\/www.linkceramics.com\/de\/wp-json\/wp\/v2\/comments?post=3027"}],"wp:featuredmedia":[{"embeddable":true,"href":"https:\/\/www.linkceramics.com\/de\/wp-json\/wp\/v2\/media\/3028"}],"wp:attachment":[{"href":"https:\/\/www.linkceramics.com\/de\/wp-json\/wp\/v2\/media?parent=3027"}],"wp:term":[{"taxonomy":"certification","embeddable":true,"href":"https:\/\/www.linkceramics.com\/de\/wp-json\/wp\/v2\/certification?post=3027"},{"taxonomy":"product_brand","embeddable":true,"href":"https:\/\/www.linkceramics.com\/de\/wp-json\/wp\/v2\/product_brand?post=3027"},{"taxonomy":"product_cat","embeddable":true,"href":"https:\/\/www.linkceramics.com\/de\/wp-json\/wp\/v2\/product_cat?post=3027"},{"taxonomy":"product_tag","embeddable":true,"href":"https:\/\/www.linkceramics.com\/de\/wp-json\/wp\/v2\/product_tag?post=3027"}],"curies":[{"name":"wp","href":"https:\/\/api.w.org\/{rel}","templated":true}]}}