{"id":3033,"date":"2026-03-07T03:51:27","date_gmt":"2026-03-07T03:51:27","guid":{"rendered":"https:\/\/www.linkceramics.com\/?post_type=product&#038;p=3033"},"modified":"2026-03-07T03:51:29","modified_gmt":"2026-03-07T03:51:29","slug":"custom-white-ceramic-tea-pot-set","status":"publish","type":"product","link":"https:\/\/www.linkceramics.com\/de\/product\/custom-white-ceramic-tea-pot-set\/","title":{"rendered":"Benutzerdefinierte wei\u00dfe Keramik Teekanne Set, Tee &amp; Tasse Set Gro\u00dfhandel"},"content":{"rendered":"<div class=\"wp-block-columns is-layout-flex wp-container-core-columns-is-layout-9d6595d7 wp-block-columns-is-layout-flex\">\n<div class=\"wp-block-column is-layout-flow wp-block-column-is-layout-flow\" style=\"flex-basis:50%\">\n<h3 class=\"wp-block-heading\">Premium Custom White Ceramic Tea Pot Set Eigenschaften:<\/h3>\n\n\n\n<ul class=\"wp-block-list\">\n<li><strong>Individuelles Teekannen-Set aus wei\u00dfer Keramik<\/strong>\u00a0- Unterst\u00fctzt die vollst\u00e4ndige OEM\/ODM-Anpassung, einschlie\u00dflich Logo, Farbakzente und Verpackung, um Ihren Markenanforderungen zu entsprechen.<\/li>\n\n\n\n<li><strong>Komplettes Getr\u00e4nkeset<\/strong>\u00a0- Enth\u00e4lt eine Teekanne und erg\u00e4nzende Tassen\/Untertassen f\u00fcr ein stimmiges Teeservice.<\/li>\n\n\n\n<li><strong>Hochwertige keramische Konstruktion<\/strong>\u00a0- Hergestellt aus haltbarem, lebensmittelechtem Porzellan mit glatter Glasur f\u00fcr den t\u00e4glichen Gebrauch in gewerblichen Einrichtungen.<\/li>\n\n\n\n<li><strong>Vielseitige Einsatzszenarien<\/strong>\u00a0- Ideal f\u00fcr Hotels, Caf\u00e9s, Restaurants und Einzelhandelsgesch\u00e4fte sowie f\u00fcr Werbe- und Geschenksammlungen.<\/li>\n\n\n\n<li><strong>Verf\u00fcgbarkeit f\u00fcr Gro\u00dfhandel und Bulkware<\/strong>\u00a0- Konzipiert f\u00fcr Gro\u00dfauftr\u00e4ge mit konsequenter Qualit\u00e4tskontrolle und effizienten Produktionsprozessen.<\/li>\n<\/ul>\n<\/div>\n\n\n\n<div class=\"wp-block-column is-layout-flow wp-block-column-is-layout-flow\" style=\"flex-basis:50%\">\n<figure class=\"wp-block-image size-full\"><img decoding=\"async\" width=\"1600\" height=\"770\" src=\"https:\/\/www.linkceramics.com\/wp-content\/uploads\/2026\/03\/custom-white-ceramic-tea-pot-set-tea-cup-set-wholesale-4.webp\" alt=\"wei\u00dfes keramik-teekannen-set-tea-&amp;-tassen-set-gro\u00dfhandel-4\" class=\"wp-image-3037\" srcset=\"https:\/\/www.linkceramics.com\/wp-content\/uploads\/2026\/03\/custom-white-ceramic-tea-pot-set-tea-cup-set-wholesale-4.webp 1600w, https:\/\/www.linkceramics.com\/wp-content\/uploads\/2026\/03\/custom-white-ceramic-tea-pot-set-tea-cup-set-wholesale-4-300x144.webp 300w, https:\/\/www.linkceramics.com\/wp-content\/uploads\/2026\/03\/custom-white-ceramic-tea-pot-set-tea-cup-set-wholesale-4-768x370.webp 768w, https:\/\/www.linkceramics.com\/wp-content\/uploads\/2026\/03\/custom-white-ceramic-tea-pot-set-tea-cup-set-wholesale-4-18x9.webp 18w, https:\/\/www.linkceramics.com\/wp-content\/uploads\/2026\/03\/custom-white-ceramic-tea-pot-set-tea-cup-set-wholesale-4-1200x578.webp 1200w, https:\/\/www.linkceramics.com\/wp-content\/uploads\/2026\/03\/custom-white-ceramic-tea-pot-set-tea-cup-set-wholesale-4-600x289.webp 600w\" sizes=\"(max-width: 1600px) 100vw, 1600px\" \/><\/figure>\n<\/div>\n<\/div>\n\n\n\n<figure class=\"wp-block-gallery has-nested-images columns-default is-cropped wp-block-gallery-1 is-layout-flex wp-block-gallery-is-layout-flex\">\n<figure class=\"wp-block-image size-large\"><img decoding=\"async\" width=\"750\" height=\"624\" data-id=\"3038\" src=\"https:\/\/www.linkceramics.com\/wp-content\/uploads\/2026\/03\/custom-white-ceramic-tea-pot-set-tea-cup-set-wholesale-5.webp\" alt=\"wei\u00dfes keramik-teekannen-set-tea-&amp;-tassen-set-gro\u00dfhandel-5\" class=\"wp-image-3038\" srcset=\"https:\/\/www.linkceramics.com\/wp-content\/uploads\/2026\/03\/custom-white-ceramic-tea-pot-set-tea-cup-set-wholesale-5.webp 750w, https:\/\/www.linkceramics.com\/wp-content\/uploads\/2026\/03\/custom-white-ceramic-tea-pot-set-tea-cup-set-wholesale-5-300x250.webp 300w, https:\/\/www.linkceramics.com\/wp-content\/uploads\/2026\/03\/custom-white-ceramic-tea-pot-set-tea-cup-set-wholesale-5-14x12.webp 14w, https:\/\/www.linkceramics.com\/wp-content\/uploads\/2026\/03\/custom-white-ceramic-tea-pot-set-tea-cup-set-wholesale-5-600x499.webp 600w\" sizes=\"(max-width: 750px) 100vw, 750px\" \/><\/figure>\n\n\n\n<figure class=\"wp-block-image size-large\"><img decoding=\"async\" width=\"750\" height=\"708\" data-id=\"3039\" src=\"https:\/\/www.linkceramics.com\/wp-content\/uploads\/2026\/03\/custom-white-ceramic-tea-pot-set-tea-cup-set-wholesale-6.webp\" alt=\"wei\u00dfes keramik-teekannen-set-tea-&amp;-tassen-set-gro\u00dfhandel-6\" class=\"wp-image-3039\" srcset=\"https:\/\/www.linkceramics.com\/wp-content\/uploads\/2026\/03\/custom-white-ceramic-tea-pot-set-tea-cup-set-wholesale-6.webp 750w, https:\/\/www.linkceramics.com\/wp-content\/uploads\/2026\/03\/custom-white-ceramic-tea-pot-set-tea-cup-set-wholesale-6-300x283.webp 300w, https:\/\/www.linkceramics.com\/wp-content\/uploads\/2026\/03\/custom-white-ceramic-tea-pot-set-tea-cup-set-wholesale-6-13x12.webp 13w, https:\/\/www.linkceramics.com\/wp-content\/uploads\/2026\/03\/custom-white-ceramic-tea-pot-set-tea-cup-set-wholesale-6-600x566.webp 600w\" sizes=\"(max-width: 750px) 100vw, 750px\" \/><\/figure>\n\n\n\n<figure class=\"wp-block-image size-large\"><img decoding=\"async\" width=\"750\" height=\"828\" data-id=\"3040\" src=\"https:\/\/www.linkceramics.com\/wp-content\/uploads\/2026\/03\/custom-white-ceramic-tea-pot-set-tea-cup-set-wholesale-7.webp\" alt=\"wei\u00dfes keramik-teekannen-set-tea-&amp;-tassen-set-gro\u00dfhandel-7\" class=\"wp-image-3040\" srcset=\"https:\/\/www.linkceramics.com\/wp-content\/uploads\/2026\/03\/custom-white-ceramic-tea-pot-set-tea-cup-set-wholesale-7.webp 750w, https:\/\/www.linkceramics.com\/wp-content\/uploads\/2026\/03\/custom-white-ceramic-tea-pot-set-tea-cup-set-wholesale-7-272x300.webp 272w, https:\/\/www.linkceramics.com\/wp-content\/uploads\/2026\/03\/custom-white-ceramic-tea-pot-set-tea-cup-set-wholesale-7-11x12.webp 11w, https:\/\/www.linkceramics.com\/wp-content\/uploads\/2026\/03\/custom-white-ceramic-tea-pot-set-tea-cup-set-wholesale-7-600x662.webp 600w\" sizes=\"(max-width: 750px) 100vw, 750px\" \/><\/figure>\n<\/figure>","protected":false},"excerpt":{"rendered":"<div id=\"brxe-0ee1ca\" class=\"brxe-product-meta product_meta\">\n<p>Willkommen zum Kauf des Qingfa Teekannen-Sets aus wei\u00dfer Keramik, das elegantes wei\u00dfes Porzellan mit praktischem Design kombiniert. Dieses Set ist ideal f\u00fcr Caf\u00e9s, Hotels, Restaurants und den Einzelhandel. Es unterst\u00fctzt OEM\/ODM-Anpassungen und eignet sich daher perfekt f\u00fcr gro\u00dfe Teeservice- und Markengetr\u00e4nkekollektionen.<\/p>\n<h2>Benutzerdefinierte wei\u00dfe Keramik Teekanne Set Parameter<\/h2>\n<table>\n<thead>\n<tr>\n<th>Hersteller<\/th>\n<th>Qingfa Keramiken<\/th>\n<\/tr>\n<\/thead>\n<tbody>\n<tr>\n<td>Produktname<\/td>\n<td>Elegantes wei\u00dfes Porzellan-Teekannen-Set \/ Custom White Ceramic Tea Pot Set<\/td>\n<\/tr>\n<tr>\n<td>Material<\/td>\n<td>Hochwertige Keramik \/ wei\u00dfes Porzellan<\/td>\n<\/tr>\n<tr>\n<td>Komponenten<\/td>\n<td>Teekanne + passende Tassen und Untertassen (Set-Konfiguration)<\/td>\n<\/tr>\n<tr>\n<td>Design \/ Stil<\/td>\n<td>Klassisches Teeservice aus wei\u00dfem Porzellan mit eleganter Oberfl\u00e4che<\/td>\n<\/tr>\n<tr>\n<td>Oberfl\u00e4chenbehandlung<\/td>\n<td>Glatt glasierte Keramik, lebensmittelecht<\/td>\n<\/tr>\n<tr>\n<td>Farbe<\/td>\n<td>Reines Wei\u00df (kundenspezifische Akzentoptionen verf\u00fcgbar)<\/td>\n<\/tr>\n<tr>\n<td>Kapazit\u00e4t<\/td>\n<td>Individuelle Kannen- und Tassenkapazit\u00e4ten verf\u00fcgbar<\/td>\n<\/tr>\n<tr>\n<td>Personalisierung<\/td>\n<td>Logodruck, Aufklebervorlagen, Verpackung, OEM\/ODM<\/td>\n<\/tr>\n<tr>\n<td>Verwendung<\/td>\n<td>Tee- und Getr\u00e4nkeservice f\u00fcr Caf\u00e9s, Restaurants, Hotels, Einzelhandel<\/td>\n<\/tr>\n<tr>\n<td>Zertifizierungen<\/td>\n<td>FDA, LFGB, ISO (je nach Kundenanpassung)<\/td>\n<\/tr>\n<\/tbody>\n<\/table>\n<p>&nbsp;<\/p>\n<p>&nbsp;<\/p>\n<\/div>","protected":false},"featured_media":3034,"comment_status":"open","ping_status":"closed","template":"","meta":{"_acf_changed":true},"certification":[63,64,90,59,66,58,61,60,62,57,91],"product_brand":[],"product_cat":[34,19],"product_tag":[],"class_list":{"0":"post-3033","1":"product","2":"type-product","3":"status-publish","4":"has-post-thumbnail","6":"certification-amfori","7":"certification-bsci","8":"certification-ca-prop-65-compliant","9":"certification-ce","10":"certification-cnas","11":"certification-fda","12":"certification-iso-14001","13":"certification-iso-45001","14":"certification-iso-9001","15":"certification-lfgb","16":"certification-sedex","17":"product_cat-custom-household-ceramics","18":"product_cat-ceramic-tea-set-wholesale","20":"first","21":"instock","22":"shipping-taxable","23":"product-type-simple"},"acf":[],"_links":{"self":[{"href":"https:\/\/www.linkceramics.com\/de\/wp-json\/wp\/v2\/product\/3033","targetHints":{"allow":["GET"]}}],"collection":[{"href":"https:\/\/www.linkceramics.com\/de\/wp-json\/wp\/v2\/product"}],"about":[{"href":"https:\/\/www.linkceramics.com\/de\/wp-json\/wp\/v2\/types\/product"}],"replies":[{"embeddable":true,"href":"https:\/\/www.linkceramics.com\/de\/wp-json\/wp\/v2\/comments?post=3033"}],"wp:featuredmedia":[{"embeddable":true,"href":"https:\/\/www.linkceramics.com\/de\/wp-json\/wp\/v2\/media\/3034"}],"wp:attachment":[{"href":"https:\/\/www.linkceramics.com\/de\/wp-json\/wp\/v2\/media?parent=3033"}],"wp:term":[{"taxonomy":"certification","embeddable":true,"href":"https:\/\/www.linkceramics.com\/de\/wp-json\/wp\/v2\/certification?post=3033"},{"taxonomy":"product_brand","embeddable":true,"href":"https:\/\/www.linkceramics.com\/de\/wp-json\/wp\/v2\/product_brand?post=3033"},{"taxonomy":"product_cat","embeddable":true,"href":"https:\/\/www.linkceramics.com\/de\/wp-json\/wp\/v2\/product_cat?post=3033"},{"taxonomy":"product_tag","embeddable":true,"href":"https:\/\/www.linkceramics.com\/de\/wp-json\/wp\/v2\/product_tag?post=3033"}],"curies":[{"name":"wp","href":"https:\/\/api.w.org\/{rel}","templated":true}]}}