{"id":3041,"date":"2026-03-07T07:37:00","date_gmt":"2026-03-07T07:37:00","guid":{"rendered":"https:\/\/www.linkceramics.com\/?post_type=product&#038;p=3041"},"modified":"2026-03-07T07:37:01","modified_gmt":"2026-03-07T07:37:01","slug":"custom-ceramic-jars-in-bulk","status":"publish","type":"product","link":"https:\/\/www.linkceramics.com\/de\/product\/custom-ceramic-jars-in-bulk\/","title":{"rendered":"Kundenspezifische Keramikgef\u00e4\u00dfe in loser Sch\u00fcttung, Parf\u00fcmbeh\u00e4lter mit Deckel"},"content":{"rendered":"<div class=\"wp-block-columns is-layout-flex wp-container-core-columns-is-layout-9d6595d7 wp-block-columns-is-layout-flex\">\n<div class=\"wp-block-column is-layout-flow wp-block-column-is-layout-flow\" style=\"flex-basis:50%\">\n<h3 class=\"wp-block-heading\">Premium Custom Ceramic Jars in Bulk Eigenschaften:<\/h3>\n\n\n\n<ul class=\"wp-block-list\">\n<li><strong>\u00c4sthetische Anziehungskraft:<\/strong> Diese kundenspezifischen Keramikgl\u00e4ser in gro\u00dfen Mengen zeichnen sich durch einen trendigen Wabi-Sabi-Stil mit einer einzigartigen gesprenkelten Glasur aus, die Ihrer Kerzenmarke ein hochwertiges, handwerkliches Gef\u00fchl verleiht.<\/li>\n\n\n\n<li><strong>Funktioneller Deckel:<\/strong> Inklusive passendem Keramikdeckel, der den Duft bewahrt, Staub verhindert und Flammen sicher und rauchfrei l\u00f6scht.<\/li>\n\n\n\n<li><strong>Sicherheit geht vor:<\/strong> Hergestellt aus hochwertiger, bei hoher Temperatur gebrannter Keramik, die eine ausgezeichnete Hitzebest\u00e4ndigkeit und Haltbarkeit bei langen Brennzeiten gew\u00e4hrleistet.<\/li>\n\n\n\n<li><strong>Umweltfreundlich und wiederverwendbar:<\/strong> Das Glas ist auf Nachhaltigkeit ausgelegt und kann nach Beendigung der Kerze als stilvoller Aufbewahrungsbeh\u00e4lter oder Becher weiterverwendet werden.<\/li>\n\n\n\n<li><strong>B2B-Anpassung:<\/strong> Vollst\u00e4ndig anpassbar mit Ihrem Logo (Laser oder Aufkleber) und spezifischen Pantone-Farben, die zu Ihrer Markenidentit\u00e4t passen.<\/li>\n<\/ul>\n<\/div>\n\n\n\n<div class=\"wp-block-column is-layout-flow wp-block-column-is-layout-flow\" style=\"flex-basis:50%\">\n<figure class=\"wp-block-image size-full\"><img decoding=\"async\" width=\"800\" height=\"800\" src=\"https:\/\/www.linkceramics.com\/wp-content\/uploads\/2026\/03\/custom-ceramic-jars-in-bulk-fragrance-containers-with-lid-3.webp\" alt=\"kundenspezifische keramische Gl\u00e4ser-in-Bulk-Duft-Beh\u00e4lter-mit-Deckel-3\" class=\"wp-image-3044\" srcset=\"https:\/\/www.linkceramics.com\/wp-content\/uploads\/2026\/03\/custom-ceramic-jars-in-bulk-fragrance-containers-with-lid-3.webp 800w, https:\/\/www.linkceramics.com\/wp-content\/uploads\/2026\/03\/custom-ceramic-jars-in-bulk-fragrance-containers-with-lid-3-300x300.webp 300w, https:\/\/www.linkceramics.com\/wp-content\/uploads\/2026\/03\/custom-ceramic-jars-in-bulk-fragrance-containers-with-lid-3-150x150.webp 150w, https:\/\/www.linkceramics.com\/wp-content\/uploads\/2026\/03\/custom-ceramic-jars-in-bulk-fragrance-containers-with-lid-3-768x768.webp 768w, https:\/\/www.linkceramics.com\/wp-content\/uploads\/2026\/03\/custom-ceramic-jars-in-bulk-fragrance-containers-with-lid-3-12x12.webp 12w, https:\/\/www.linkceramics.com\/wp-content\/uploads\/2026\/03\/custom-ceramic-jars-in-bulk-fragrance-containers-with-lid-3-600x600.webp 600w, https:\/\/www.linkceramics.com\/wp-content\/uploads\/2026\/03\/custom-ceramic-jars-in-bulk-fragrance-containers-with-lid-3-100x100.webp 100w\" sizes=\"(max-width: 800px) 100vw, 800px\" \/><\/figure>\n<\/div>\n<\/div>","protected":false},"excerpt":{"rendered":"<div id=\"brxe-0ee1ca\" class=\"brxe-product-meta product_meta\">\n<p>Willkommen zum Kauf von Qingfa benutzerdefinierte Keramik-Gl\u00e4ser in loser Sch\u00fcttung, und heben Sie Ihre Marke. Als f\u00fchrender Hersteller von Keramikgl\u00e4sern bieten wir Gro\u00dfhandel kundenspezifische Duftbeh\u00e4lter mit einzigartigen gesprenkelten Glasuren und kundenspezifischem Logodruck. FDA\/LFGB zertifiziert Versorgung.<\/p>\n<h2>Kundenspezifische Keramikgef\u00e4\u00dfe in gro\u00dfen Mengen Parameter<\/h2>\n<table data-path-to-node=\"3\">\n<thead>\n<tr>\n<td>Artikel<\/td>\n<td>Spezifikationen<\/td>\n<\/tr>\n<\/thead>\n<tbody>\n<tr>\n<td>Hersteller<\/td>\n<td>Qingfa Keramiken<\/td>\n<\/tr>\n<tr>\n<td>Produktname<\/td>\n<td>Retro gesprenkelt Keramik Kerze Jar mit Deckel \/ Custom Fragrance Container<\/td>\n<\/tr>\n<tr>\n<td>Material<\/td>\n<td>Hochwertige hitzebest\u00e4ndige glasierte Keramik<\/td>\n<\/tr>\n<tr>\n<td>Abmessungen<\/td>\n<td>Oberseite: 9,4 cm<\/td>\n<\/tr>\n<tr>\n<td>Design \/ Stil<\/td>\n<td>Minimalistischer Wabi-sabi \/ Japanischer Retro-Stil mit gesprenkelter Oberfl\u00e4che<\/td>\n<\/tr>\n<tr>\n<td>Oberfl\u00e4chenbehandlung<\/td>\n<td>Glatte reaktive Glasur, hitzebest\u00e4ndig und langlebig<\/td>\n<\/tr>\n<tr>\n<td>Deckeltyp<\/td>\n<td>Passender staubdichter Keramikdeckel (rauchl\u00f6schf\u00e4hig)<\/td>\n<\/tr>\n<tr>\n<td>Farboptionen<\/td>\n<td>Nat\u00fcrliches Beige, gesprenkeltes Wei\u00df oder kundenspezifische Pantone-Farbglasuren<\/td>\n<\/tr>\n<tr>\n<td>Personalisierung<\/td>\n<td>Logo (Laser\/Decal), individuelle Glasurfarben, Musterdesign, ma\u00dfgeschneiderte Verpackungen<\/td>\n<\/tr>\n<tr>\n<td>Verwendung<\/td>\n<td>Herstellung von Duftkerzen, Aromatherapie, Aufbewahrung von Heimdekor und hochwertige Geschenke<\/td>\n<\/tr>\n<tr>\n<td>OEM \/ ODM<\/td>\n<td>Umfassende Unterst\u00fctzung (mehr als 30 F&amp;E-Spezialisten stehen f\u00fcr die Entwicklung neuer Formen zur Verf\u00fcgung)<\/td>\n<\/tr>\n<tr>\n<td>Zertifizierungen<\/td>\n<td>FDA, LFGB, ISO (je nach Anpassungsanforderungen)<\/td>\n<\/tr>\n<\/tbody>\n<\/table>\n<\/div>","protected":false},"featured_media":3043,"comment_status":"open","ping_status":"closed","template":"","meta":{"_acf_changed":true},"certification":[63,64,90,59,66,58,61,60,62,57,91],"product_brand":[],"product_cat":[37,16],"product_tag":[],"class_list":{"0":"post-3041","1":"product","2":"type-product","3":"status-publish","4":"has-post-thumbnail","6":"certification-amfori","7":"certification-bsci","8":"certification-ca-prop-65-compliant","9":"certification-ce","10":"certification-cnas","11":"certification-fda","12":"certification-iso-14001","13":"certification-iso-45001","14":"certification-iso-9001","15":"certification-lfgb","16":"certification-sedex","17":"product_cat-decorative-ceramic-wholesale","18":"product_cat-ceramic-candle-holder","20":"first","21":"instock","22":"shipping-taxable","23":"product-type-simple"},"acf":[],"_links":{"self":[{"href":"https:\/\/www.linkceramics.com\/de\/wp-json\/wp\/v2\/product\/3041","targetHints":{"allow":["GET"]}}],"collection":[{"href":"https:\/\/www.linkceramics.com\/de\/wp-json\/wp\/v2\/product"}],"about":[{"href":"https:\/\/www.linkceramics.com\/de\/wp-json\/wp\/v2\/types\/product"}],"replies":[{"embeddable":true,"href":"https:\/\/www.linkceramics.com\/de\/wp-json\/wp\/v2\/comments?post=3041"}],"wp:featuredmedia":[{"embeddable":true,"href":"https:\/\/www.linkceramics.com\/de\/wp-json\/wp\/v2\/media\/3043"}],"wp:attachment":[{"href":"https:\/\/www.linkceramics.com\/de\/wp-json\/wp\/v2\/media?parent=3041"}],"wp:term":[{"taxonomy":"certification","embeddable":true,"href":"https:\/\/www.linkceramics.com\/de\/wp-json\/wp\/v2\/certification?post=3041"},{"taxonomy":"product_brand","embeddable":true,"href":"https:\/\/www.linkceramics.com\/de\/wp-json\/wp\/v2\/product_brand?post=3041"},{"taxonomy":"product_cat","embeddable":true,"href":"https:\/\/www.linkceramics.com\/de\/wp-json\/wp\/v2\/product_cat?post=3041"},{"taxonomy":"product_tag","embeddable":true,"href":"https:\/\/www.linkceramics.com\/de\/wp-json\/wp\/v2\/product_tag?post=3041"}],"curies":[{"name":"wp","href":"https:\/\/api.w.org\/{rel}","templated":true}]}}