{"id":3050,"date":"2026-03-18T01:44:30","date_gmt":"2026-03-18T01:44:30","guid":{"rendered":"https:\/\/www.linkceramics.com\/?post_type=product&#038;p=3050"},"modified":"2026-03-18T02:01:31","modified_gmt":"2026-03-18T02:01:31","slug":"bulk-casserole-dishes-with-lid","status":"publish","type":"product","link":"https:\/\/www.linkceramics.com\/de\/product\/bulk-casserole-dishes-with-lid\/","title":{"rendered":"Bulk Auflaufformen mit Deckel, Backofen Keramik Stockpot"},"content":{"rendered":"<div class=\"wp-block-columns is-layout-flex wp-container-core-columns-is-layout-9d6595d7 wp-block-columns-is-layout-flex\">\n<div class=\"wp-block-column is-layout-flow wp-block-column-is-layout-flow\" style=\"flex-basis:50%\">\n<h3 class=\"wp-block-heading\">Premium Bulk Casserole Dishes mit Deckel Eigenschaften:<\/h3>\n\n\n\n<ul class=\"wp-block-list\">\n<li><strong>Exklusives handgemaltes Kunstdesign:\u00a0<\/strong>Diese gro\u00dfvolumigen Auflaufformen mit Deckel sind mit einem hellen und lebendigen Bienenmuster in einem frischen, handgemalten Stil verziert, der ein nat\u00fcrliches und fr\u00fchlingshaftes Gef\u00fchl vermittelt. Die Unterglasurdekoration ist resistent gegen Ausbleichen, was die \u00c4sthetik verbessert und einen einzigartigen Look f\u00fcr Themenrestaurants, Caf\u00e9s, Hotels, Brunchh\u00e4user usw. erm\u00f6glicht.<\/li>\n\n\n\n<li><strong>Komplettes Deckel-Slow Cooker Set:\u00a0<\/strong>Diese gro\u00dfen Auflaufformen werden im Set mit einem Deckel und einem Topf geliefert. Ein kr\u00e4ftiger, leuchtend gelber, kreisf\u00f6rmiger Knopf auf dem Deckel ist auf die Farbe des Topfes abgestimmt und erleichtert das Abheben des Deckels. Die Kasserolle hat zwei symmetrische Griffe an den beiden Seiten, um die Handhabung zu erleichtern. Insgesamt ist die Form rund und elegant, praktisch und sch\u00f6n.<\/li>\n\n\n\n<li><strong>Verdickter K\u00f6rper f\u00fcr gleichm\u00e4\u00dfige W\u00e4rmeableitung:<\/strong>\u00a0Diese gro\u00dfvolumigen Kasserollen mit Deckel, der genau auf den Topfrand passt. Der verdickte Topfk\u00f6rper speichert und leitet die W\u00e4rme gleichm\u00e4\u00dfig und eignet sich daher zum langsamen Garen, Schmoren und K\u00f6cheln, wodurch die Konsistenz des Endprodukts verbessert wird.<\/li>\n\n\n\n<li><strong>Hochwertiges keramisches Material in Handelsqualit\u00e4t:<\/strong>\u00a0Unsere gro\u00dfvolumigen Auflaufformen mit Deckel bestehen aus hochwertiger Keramik, die bei hohen Temperaturen gebrannt wird, was zu einer robusten Textur und einer hervorragenden Temperaturwechselbest\u00e4ndigkeit f\u00fchrt. Sie halten hohen Backofentemperaturen und der Erw\u00e4rmung in der Mikrowelle stand und erf\u00fcllen die Anforderungen an die Haltbarkeit bei h\u00e4ufigem Gebrauch in Gro\u00dfk\u00fcchen.<\/li>\n<\/ul>\n<\/div>\n\n\n\n<div class=\"wp-block-column is-layout-flow wp-block-column-is-layout-flow\" style=\"flex-basis:50%\">\n<figure class=\"wp-block-image size-full\"><img decoding=\"async\" width=\"1000\" height=\"1000\" src=\"https:\/\/www.linkceramics.com\/wp-content\/uploads\/2026\/03\/bulk-casserole-dishes-with-lid-supply-ceramic-stockpot-5.webp\" alt=\"Bulk-Auflaufformen-mit-Deckel-Vorrat-Keramik-Beh\u00e4lter-5\" class=\"wp-image-3053\" srcset=\"https:\/\/www.linkceramics.com\/wp-content\/uploads\/2026\/03\/bulk-casserole-dishes-with-lid-supply-ceramic-stockpot-5.webp 1000w, https:\/\/www.linkceramics.com\/wp-content\/uploads\/2026\/03\/bulk-casserole-dishes-with-lid-supply-ceramic-stockpot-5-300x300.webp 300w, https:\/\/www.linkceramics.com\/wp-content\/uploads\/2026\/03\/bulk-casserole-dishes-with-lid-supply-ceramic-stockpot-5-150x150.webp 150w, https:\/\/www.linkceramics.com\/wp-content\/uploads\/2026\/03\/bulk-casserole-dishes-with-lid-supply-ceramic-stockpot-5-768x768.webp 768w, https:\/\/www.linkceramics.com\/wp-content\/uploads\/2026\/03\/bulk-casserole-dishes-with-lid-supply-ceramic-stockpot-5-12x12.webp 12w, https:\/\/www.linkceramics.com\/wp-content\/uploads\/2026\/03\/bulk-casserole-dishes-with-lid-supply-ceramic-stockpot-5-600x600.webp 600w, https:\/\/www.linkceramics.com\/wp-content\/uploads\/2026\/03\/bulk-casserole-dishes-with-lid-supply-ceramic-stockpot-5-100x100.webp 100w\" sizes=\"(max-width: 1000px) 100vw, 1000px\" \/><\/figure>\n<\/div>\n<\/div>\n\n\n\n<p><\/p>","protected":false},"excerpt":{"rendered":"<div id=\"brxe-0ee1ca\" class=\"brxe-product-meta product_meta\">\n<p>Willkommen zum Kauf von Qunfa Keramik Fabrik Bulk Kasserolle Gerichte mit Deckel, handbemalte Bienen, f\u00fcr professionelle K\u00fcchen, Restaurants und Hotel Speisesaal Operationen konzipiert. Erh\u00e4ltlich f\u00fcr Gro\u00dfhandel Lieferung mit kundenspezifischen Optionen, einschlie\u00dflich Gr\u00f6\u00dfe, Dekoration, Logo und Verpackung, ideal f\u00fcr Gro\u00dfabnehmer, Foodservice-Marken und Gastfreundschaft Projekte.<\/p>\n<h2>Gro\u00dfe Auflaufformen mit Deckel Parameter<\/h2>\n<table width=\"328\">\n<tbody>\n<tr>\n<td width=\"116\">Hersteller<\/td>\n<td width=\"211\">QUNFA<\/td>\n<\/tr>\n<tr>\n<td width=\"116\">Produkttyp<\/td>\n<td>Kasserolle<\/td>\n<\/tr>\n<tr>\n<td width=\"116\">Modell Nr.<\/td>\n<td width=\"211\">T24-0427\u00a0<\/td>\n<\/tr>\n<tr>\n<td width=\"116\">Material<\/td>\n<td width=\"211\">Steingut<\/td>\n<\/tr>\n<tr>\n<td width=\"116\">Farbe<\/td>\n<td width=\"211\">Wei\u00df<\/td>\n<\/tr>\n<tr>\n<td width=\"116\">Dimension<\/td>\n<td width=\"211\">K\u00f6rper:16.3*11.9*5.5cm\u00a0<br \/>Deckel:12.7*12.7*3.8cm\u00a0<\/td>\n<\/tr>\n<tr>\n<td width=\"116\">MOQ<\/td>\n<td width=\"211\">1000St\u00fcck<\/td>\n<\/tr>\n<tr>\n<td width=\"116\">Benutzerdefiniert<\/td>\n<td width=\"211\">Farbe\/Gr\u00f6\u00dfe\/Logo\/Verpackung\/Form<\/td>\n<\/tr>\n<\/tbody>\n<\/table>\n<\/div>","protected":false},"featured_media":3054,"comment_status":"open","ping_status":"closed","template":"","meta":{"_acf_changed":true},"certification":[63,64,66,89,58,61,60,62,57,88],"product_brand":[],"product_cat":[34,20],"product_tag":[],"class_list":{"0":"post-3050","1":"product","2":"type-product","3":"status-publish","4":"has-post-thumbnail","6":"certification-amfori","7":"certification-bsci","8":"certification-cnas","9":"certification-fcca","10":"certification-fda","11":"certification-iso-14001","12":"certification-iso-45001","13":"certification-iso-9001","14":"certification-lfgb","15":"certification-sgs","16":"product_cat-custom-household-ceramics","17":"product_cat-ceramic-kitchenware-wholesale","19":"first","20":"instock","21":"shipping-taxable","22":"product-type-simple"},"acf":[],"_links":{"self":[{"href":"https:\/\/www.linkceramics.com\/de\/wp-json\/wp\/v2\/product\/3050","targetHints":{"allow":["GET"]}}],"collection":[{"href":"https:\/\/www.linkceramics.com\/de\/wp-json\/wp\/v2\/product"}],"about":[{"href":"https:\/\/www.linkceramics.com\/de\/wp-json\/wp\/v2\/types\/product"}],"replies":[{"embeddable":true,"href":"https:\/\/www.linkceramics.com\/de\/wp-json\/wp\/v2\/comments?post=3050"}],"wp:featuredmedia":[{"embeddable":true,"href":"https:\/\/www.linkceramics.com\/de\/wp-json\/wp\/v2\/media\/3054"}],"wp:attachment":[{"href":"https:\/\/www.linkceramics.com\/de\/wp-json\/wp\/v2\/media?parent=3050"}],"wp:term":[{"taxonomy":"certification","embeddable":true,"href":"https:\/\/www.linkceramics.com\/de\/wp-json\/wp\/v2\/certification?post=3050"},{"taxonomy":"product_brand","embeddable":true,"href":"https:\/\/www.linkceramics.com\/de\/wp-json\/wp\/v2\/product_brand?post=3050"},{"taxonomy":"product_cat","embeddable":true,"href":"https:\/\/www.linkceramics.com\/de\/wp-json\/wp\/v2\/product_cat?post=3050"},{"taxonomy":"product_tag","embeddable":true,"href":"https:\/\/www.linkceramics.com\/de\/wp-json\/wp\/v2\/product_tag?post=3050"}],"curies":[{"name":"wp","href":"https:\/\/api.w.org\/{rel}","templated":true}]}}