{"id":3055,"date":"2026-03-18T03:12:33","date_gmt":"2026-03-18T03:12:33","guid":{"rendered":"https:\/\/www.linkceramics.com\/?post_type=product&#038;p=3055"},"modified":"2026-03-18T03:12:34","modified_gmt":"2026-03-18T03:12:34","slug":"bell-flower-custom-dinnerware-sets","status":"publish","type":"product","link":"https:\/\/www.linkceramics.com\/de\/product\/bell-flower-custom-dinnerware-sets\/","title":{"rendered":"Glockenblumen-Geschirrsets, Hotelkeramik-Geschirr"},"content":{"rendered":"<div class=\"wp-block-columns is-layout-flex wp-container-core-columns-is-layout-9d6595d7 wp-block-columns-is-layout-flex\">\n<div class=\"wp-block-column is-layout-flow wp-block-column-is-layout-flow\" style=\"flex-basis:50%\">\n<h3 class=\"wp-block-heading\">Premium Custom Essgeschirr-Sets Merkmale:<\/h3>\n\n\n\n<ul class=\"wp-block-list\">\n<li><strong>Klassisches Glockenblumen-Design:\u00a0<\/strong>Unsere kundenspezifischen Geschirrsets sind mit einem klassischen Glockenblumenmuster gestaltet, einfach und klassisch im Design, perfekt f\u00fcr Restaurants, Partys, Einzelhandelskollektionen und den Geschenkmarkt, mit OEM\/ODM-Service.<\/li>\n\n\n\n<li><strong>Umweltfreundliches Steingut Material:<\/strong>\u00a0Diese ma\u00dfgefertigten Geschirrsets werden aus reinen, nat\u00fcrlichen, ungiftigen mineralischen Rohstoffen hergestellt und entsprechen den globalen Umwelttrends. Dies ist nicht nur f\u00fcr das Image der Marke f\u00f6rderlich, sondern erf\u00fcllt auch die Kaufanforderungen des Marktes f\u00fcr hochwertige gr\u00fcne Produkte.<\/li>\n\n\n\n<li><strong>Extrem pflegeleichte Oberfl\u00e4che:<\/strong>\u00a0Unser Gro\u00dfhandels-Keramikgeschirr ist f\u00fcr moderne K\u00fcchen und Cateringdienste konzipiert. Die Oberfl\u00e4che ist dicht und glatt, resistent gegen \u00d6lflecken und Ger\u00fcche und beh\u00e4lt lange Zeit ein sauberes und neues Aussehen. Das gesamte Geschirr ist sp\u00fclmaschinen-, mikrowellen- und ofenfest und tr\u00e4gt dazu bei, die Betriebs- und Wartungskosten zu senken.<\/li>\n\n\n\n<li><strong>Fabrikdirektverkauf &amp; MOQ (1000):<\/strong>\u00a0Wir bieten Gro\u00dfhandel Keramikgeschirr mit wettbewerbsf\u00e4higen Preisen durch die Beseitigung der Zwischenh\u00e4ndler. Die Anpassung an Kundenw\u00fcnsche ist mit einem MOQ von 1000 St\u00fcck m\u00f6glich und unterst\u00fctzt das schnelle Wachstum kleiner und mittlerer Marken.<\/li>\n\n\n\n<li><strong>Komplette Gr\u00f6\u00dfen f\u00fcr Gro\u00dfhandelssets:<\/strong>\u00a0Diese individuellen Geschirrsets sind in Schalen, Tassen und Tellern in verschiedenen Gr\u00f6\u00dfen erh\u00e4ltlich. Dieses Keramikgeschirrset eignet sich perfekt f\u00fcr Gro\u00dfverpackungen, Einzelhandelspakete und individuelle Geschirrl\u00f6sungen.<\/li>\n<\/ul>\n<\/div>\n\n\n\n<div class=\"wp-block-column is-layout-flow wp-block-column-is-layout-flow\" style=\"flex-basis:50%\">\n<figure class=\"wp-block-image size-full\"><img decoding=\"async\" width=\"800\" height=\"800\" src=\"https:\/\/www.linkceramics.com\/wp-content\/uploads\/2026\/03\/bell-flower-custom-dinnerware-sets-bulk-ceramic-tableware-5.webp\" alt=\"glockenblumen-geschirr-sets-massen-keramik-geschirr-5\" class=\"wp-image-3060\" srcset=\"https:\/\/www.linkceramics.com\/wp-content\/uploads\/2026\/03\/bell-flower-custom-dinnerware-sets-bulk-ceramic-tableware-5.webp 800w, https:\/\/www.linkceramics.com\/wp-content\/uploads\/2026\/03\/bell-flower-custom-dinnerware-sets-bulk-ceramic-tableware-5-300x300.webp 300w, https:\/\/www.linkceramics.com\/wp-content\/uploads\/2026\/03\/bell-flower-custom-dinnerware-sets-bulk-ceramic-tableware-5-150x150.webp 150w, https:\/\/www.linkceramics.com\/wp-content\/uploads\/2026\/03\/bell-flower-custom-dinnerware-sets-bulk-ceramic-tableware-5-768x768.webp 768w, https:\/\/www.linkceramics.com\/wp-content\/uploads\/2026\/03\/bell-flower-custom-dinnerware-sets-bulk-ceramic-tableware-5-12x12.webp 12w, https:\/\/www.linkceramics.com\/wp-content\/uploads\/2026\/03\/bell-flower-custom-dinnerware-sets-bulk-ceramic-tableware-5-600x600.webp 600w, https:\/\/www.linkceramics.com\/wp-content\/uploads\/2026\/03\/bell-flower-custom-dinnerware-sets-bulk-ceramic-tableware-5-100x100.webp 100w\" sizes=\"(max-width: 800px) 100vw, 800px\" \/><\/figure>\n<\/div>\n<\/div>\n\n\n\n<p><\/p>","protected":false},"excerpt":{"rendered":"<div id=\"brxe-0ee1ca\" class=\"brxe-product-meta product_meta\">\n<p>Willkommen zum Kauf von Qunfa Keramikfabrik benutzerdefinierte Geschirr-Sets mit einem klassischen Glockenblumenmuster, aus hochwertigem Steingut hergestellt. Dieses Gro\u00dfhandelskeramikgeschirr ist f\u00fcr gehobene Partys und moderne Restaurants konzipiert und gew\u00e4hrleistet Hitze- und K\u00e4ltebest\u00e4ndigkeit und volle \u00dcbereinstimmung mit den Sicherheitsstandards f\u00fcr Geschirrsp\u00fcler, Mikrowelle und Ofen. OEM\/ODM-Anpassungen sind m\u00f6glich.<\/p>\n<div id=\"brxe-f24e70\" class=\"brxe-product-short-description brxe-text-basic\">\n<div class=\"woocommerce-product-details__short-description\">\n<h2>Individuelle Geschirrsets Parameter<\/h2>\n<table width=\"328\">\n<tbody>\n<tr>\n<td width=\"116\">Hersteller<\/td>\n<td width=\"211\">QUNFA<\/td>\n<\/tr>\n<tr>\n<td width=\"116\">Produkttyp<\/td>\n<td width=\"211\">Geschirrset<\/td>\n<\/tr>\n<tr>\n<td width=\"116\">Modell Nr.<\/td>\n<td width=\"211\">2236-17\u00a0<\/td>\n<\/tr>\n<tr>\n<td width=\"116\">Material<\/td>\n<td width=\"211\">Steingut<\/td>\n<\/tr>\n<tr>\n<td width=\"116\">Farbe<\/td>\n<td width=\"211\">Benutzerdefiniert<\/td>\n<\/tr>\n<tr>\n<td width=\"116\">Dimension<\/td>\n<td width=\"211\">5.6\u2033 runde Schale:14.3*14.3*6.7cm<br \/>5.6\u2033 runder Becher:14.5*11*10.7cm<br \/>8\u201d Keramik-Teller:20.3*20.3*1.9cm<br \/>10,5\u201d Keramik-Teller:26,7*26,7*3,5cm<\/td>\n<\/tr>\n<tr>\n<td width=\"116\">Muster<\/td>\n<td width=\"211\">Glockenblume<\/td>\n<\/tr>\n<tr>\n<td width=\"116\">MOQ<\/td>\n<td width=\"211\">1000St\u00fcck<\/td>\n<\/tr>\n<tr>\n<td width=\"116\">Benutzerdefiniert<\/td>\n<td width=\"211\">Farbe\/Gr\u00f6\u00dfe\/Logo\/Verpackung\/Form<\/td>\n<\/tr>\n<\/tbody>\n<\/table>\n<\/div>\n<\/div>\n<div id=\"brxe-dcd6db\" class=\"brxe-block\">\u00a0<\/div>\n<\/div>","protected":false},"featured_media":3056,"comment_status":"open","ping_status":"closed","template":"","meta":{"_acf_changed":true},"certification":[63,64,66,89,58,61,60,62,57,88],"product_brand":[],"product_cat":[34,18],"product_tag":[],"class_list":{"0":"post-3055","1":"product","2":"type-product","3":"status-publish","4":"has-post-thumbnail","6":"certification-amfori","7":"certification-bsci","8":"certification-cnas","9":"certification-fcca","10":"certification-fda","11":"certification-iso-14001","12":"certification-iso-45001","13":"certification-iso-9001","14":"certification-lfgb","15":"certification-sgs","16":"product_cat-custom-household-ceramics","17":"product_cat-ceramic-tableware-wholesale","19":"first","20":"instock","21":"shipping-taxable","22":"product-type-simple"},"acf":[],"_links":{"self":[{"href":"https:\/\/www.linkceramics.com\/de\/wp-json\/wp\/v2\/product\/3055","targetHints":{"allow":["GET"]}}],"collection":[{"href":"https:\/\/www.linkceramics.com\/de\/wp-json\/wp\/v2\/product"}],"about":[{"href":"https:\/\/www.linkceramics.com\/de\/wp-json\/wp\/v2\/types\/product"}],"replies":[{"embeddable":true,"href":"https:\/\/www.linkceramics.com\/de\/wp-json\/wp\/v2\/comments?post=3055"}],"wp:featuredmedia":[{"embeddable":true,"href":"https:\/\/www.linkceramics.com\/de\/wp-json\/wp\/v2\/media\/3056"}],"wp:attachment":[{"href":"https:\/\/www.linkceramics.com\/de\/wp-json\/wp\/v2\/media?parent=3055"}],"wp:term":[{"taxonomy":"certification","embeddable":true,"href":"https:\/\/www.linkceramics.com\/de\/wp-json\/wp\/v2\/certification?post=3055"},{"taxonomy":"product_brand","embeddable":true,"href":"https:\/\/www.linkceramics.com\/de\/wp-json\/wp\/v2\/product_brand?post=3055"},{"taxonomy":"product_cat","embeddable":true,"href":"https:\/\/www.linkceramics.com\/de\/wp-json\/wp\/v2\/product_cat?post=3055"},{"taxonomy":"product_tag","embeddable":true,"href":"https:\/\/www.linkceramics.com\/de\/wp-json\/wp\/v2\/product_tag?post=3055"}],"curies":[{"name":"wp","href":"https:\/\/api.w.org\/{rel}","templated":true}]}}