{"id":316,"date":"2024-12-21T07:13:03","date_gmt":"2024-12-21T07:13:03","guid":{"rendered":"https:\/\/www.linkceramics.com\/?post_type=product&#038;p=316"},"modified":"2024-12-21T07:13:04","modified_gmt":"2024-12-21T07:13:04","slug":"ceramic-dishes-wholesale","status":"publish","type":"product","link":"https:\/\/www.linkceramics.com\/de\/product\/ceramic-dishes-wholesale\/","title":{"rendered":"Benutzerdefinierte Lotus geformt Sch\u00fcssel keramische Gerichte Gro\u00dfhandel"},"content":{"rendered":"<div class=\"wp-block-columns is-layout-flex wp-container-core-columns-is-layout-9d6595d7 wp-block-columns-is-layout-flex\">\n<div class=\"wp-block-column is-layout-flow wp-block-column-is-layout-flow\" style=\"flex-basis:50%\">\n<h3 class=\"wp-block-heading\">Premium-Keramikgeschirr Gro\u00dfhandel Merkmale:<\/h3>\n\n\n\n<ul class=\"wp-block-list\">\n<li><strong>Einzigartiges Design in Form eines Lotus:&nbsp;<\/strong>Diese Keramikgeschirre im Gro\u00dfhandel sind in einer sch\u00f6nen Lotusform gestaltet und zeugen von Eleganz und Kunstfertigkeit. Ob f\u00fcr das t\u00e4gliche Essen oder besondere Anl\u00e4sse, sie k\u00f6nnen Ihrem Tisch eine einzigartige Note verleihen und das gesamte Esserlebnis verbessern.<\/li>\n\n\n\n<li><strong>Mehrere Gr\u00f6\u00dfenoptionen:&nbsp;<\/strong>Wir bieten ma\u00dfgeschneiderte Keramiksch\u00fcsseln in verschiedenen Gr\u00f6\u00dfen an, um den unterschiedlichen Anforderungen der Gastronomie gerecht zu werden. Egal, ob es sich um eine kleine Beilage, ein gro\u00dfes Hauptgericht oder ein Dessert handelt, diese Gro\u00dfhandelsteller und -sch\u00fcsseln k\u00f6nnen flexibel den Servierbedarf verschiedener Gerichte erf\u00fcllen.<\/li>\n\n\n\n<li><strong>Individuelles Essgeschirr Service:&nbsp;<\/strong>Wir bieten Anpassungsservice f\u00fcr Keramikgeschirr im Gro\u00dfhandel. Sie k\u00f6nnen die Farbe, das Muster und die Gr\u00f6\u00dfe entsprechend Ihrem Markenstil oder Restaurantthema w\u00e4hlen. Unsere Gro\u00dfhandel Teller und Schalen sind einzigartig und erf\u00fcllen Ihre Bed\u00fcrfnisse.<\/li>\n\n\n\n<li><strong>Hochwertiges keramisches Material:&nbsp;<\/strong>Diese ma\u00dfgefertigten Keramiksch\u00fcsseln sind aus hochwertigem Keramikmaterial hergestellt, das langlebig und leicht zu reinigen ist. Ob warme oder kalte Speisen, sie k\u00f6nnen perfekt serviert werden, um sicherzustellen, dass sie im t\u00e4glichen Gebrauch in gutem Zustand bleiben.<\/li>\n<\/ul>\n<\/div>\n\n\n\n<div class=\"wp-block-column is-layout-flow wp-block-column-is-layout-flow\" style=\"flex-basis:50%\">\n<figure class=\"wp-block-image size-full\"><img decoding=\"async\" width=\"1500\" height=\"1396\" src=\"https:\/\/www.linkceramics.com\/wp-content\/uploads\/2024\/11\/curved-arc-shaped-bowls-ceramic-tableware-wholesale-lotus-shaped-bowl-6.webp\" alt=\"bogenf\u00f6rmige-schalen-keramik-geschirr-grosshandel-lotus-f\u00f6rmige-schalen-6\" class=\"wp-image-319\" srcset=\"https:\/\/www.linkceramics.com\/wp-content\/uploads\/2024\/11\/curved-arc-shaped-bowls-ceramic-tableware-wholesale-lotus-shaped-bowl-6.webp 1500w, https:\/\/www.linkceramics.com\/wp-content\/uploads\/2024\/11\/curved-arc-shaped-bowls-ceramic-tableware-wholesale-lotus-shaped-bowl-6-300x279.webp 300w, https:\/\/www.linkceramics.com\/wp-content\/uploads\/2024\/11\/curved-arc-shaped-bowls-ceramic-tableware-wholesale-lotus-shaped-bowl-6-768x715.webp 768w, https:\/\/www.linkceramics.com\/wp-content\/uploads\/2024\/11\/curved-arc-shaped-bowls-ceramic-tableware-wholesale-lotus-shaped-bowl-6-1200x1117.webp 1200w, https:\/\/www.linkceramics.com\/wp-content\/uploads\/2024\/11\/curved-arc-shaped-bowls-ceramic-tableware-wholesale-lotus-shaped-bowl-6-600x558.webp 600w\" sizes=\"(max-width: 1500px) 100vw, 1500px\" \/><\/figure>\n<\/div>\n<\/div>\n\n\n\n<p><\/p>","protected":false},"excerpt":{"rendered":"<p>Willkommen im Gro\u00dfhandel Teller und Sch\u00fcsseln zu kaufen. Dieser Gro\u00dfhandel Lotus Form Keramikgeschirr Gro\u00dfhandel perfekt kombiniert ein einzigartiges Design mit einer Vielzahl von Gr\u00f6\u00dfenoptionen, geeignet f\u00fcr verschiedene Catering-Anl\u00e4sse. Hochwertige Keramik-Materialien sorgen f\u00fcr Langlebigkeit und ma\u00dfgeschneiderte Geschirr Dienstleistungen erf\u00fcllen Ihre pers\u00f6nlichen Bed\u00fcrfnisse.<\/p>\n<h2>Premium-Keramikgeschirr Spezifikationen:<\/h2>\n<table border=\"0\" width=\"542\" cellspacing=\"0\" cellpadding=\"0\">\n<tbody>\n<tr>\n<td width=\"271\" height=\"24\">Hersteller<\/td>\n<td width=\"271\">JINHUA<\/td>\n<\/tr>\n<tr>\n<td height=\"24\">Modell Nr.<\/td>\n<td>JHD-03<\/td>\n<\/tr>\n<tr>\n<td height=\"24\">Gestaltung<\/td>\n<td>Lotusform<\/td>\n<\/tr>\n<tr>\n<td height=\"24\">Material<\/td>\n<td>Keramik<\/td>\n<\/tr>\n<tr>\n<td height=\"24\">Farbe<\/td>\n<td>Gr\u00fcn, Braun<\/td>\n<\/tr>\n<tr>\n<td height=\"24\">Benutzerdefiniert<\/td>\n<td>Farbe\/Gr\u00f6\u00dfe\/Logo\/Verpackung<\/td>\n<\/tr>\n<tr>\n<td height=\"24\">MOQ<\/td>\n<td>500 S\u00e4tze<\/td>\n<\/tr>\n<tr>\n<td rowspan=\"5\" height=\"120\">Dimension<\/td>\n<td>S:7.5*7.5*8.5<\/td>\n<\/tr>\n<tr>\n<td>M:9*8*8<\/td>\n<\/tr>\n<tr>\n<td>L:11*10.5*10<\/td>\n<\/tr>\n<tr>\n<td>XL:13*12*9<\/td>\n<\/tr>\n<tr>\n<td>XXL: 15*13*9<\/td>\n<\/tr>\n<tr>\n<td height=\"24\">N.W \/SET<\/td>\n<td>1,5\/Satz<\/td>\n<\/tr>\n<\/tbody>\n<\/table>","protected":false},"featured_media":323,"comment_status":"open","ping_status":"closed","template":"","meta":{"_acf_changed":true},"certification":[63,64,66,58,65,61,60,62,57],"product_brand":[],"product_cat":[34,20,18],"product_tag":[],"class_list":{"0":"post-316","1":"product","2":"type-product","3":"status-publish","4":"has-post-thumbnail","6":"certification-amfori","7":"certification-bsci","8":"certification-cnas","9":"certification-fda","10":"certification-iaf","11":"certification-iso-14001","12":"certification-iso-45001","13":"certification-iso-9001","14":"certification-lfgb","15":"product_cat-custom-household-ceramics","16":"product_cat-ceramic-kitchenware-wholesale","17":"product_cat-ceramic-tableware-wholesale","19":"first","20":"instock","21":"shipping-taxable","22":"product-type-simple"},"acf":[],"_links":{"self":[{"href":"https:\/\/www.linkceramics.com\/de\/wp-json\/wp\/v2\/product\/316","targetHints":{"allow":["GET"]}}],"collection":[{"href":"https:\/\/www.linkceramics.com\/de\/wp-json\/wp\/v2\/product"}],"about":[{"href":"https:\/\/www.linkceramics.com\/de\/wp-json\/wp\/v2\/types\/product"}],"replies":[{"embeddable":true,"href":"https:\/\/www.linkceramics.com\/de\/wp-json\/wp\/v2\/comments?post=316"}],"wp:featuredmedia":[{"embeddable":true,"href":"https:\/\/www.linkceramics.com\/de\/wp-json\/wp\/v2\/media\/323"}],"wp:attachment":[{"href":"https:\/\/www.linkceramics.com\/de\/wp-json\/wp\/v2\/media?parent=316"}],"wp:term":[{"taxonomy":"certification","embeddable":true,"href":"https:\/\/www.linkceramics.com\/de\/wp-json\/wp\/v2\/certification?post=316"},{"taxonomy":"product_brand","embeddable":true,"href":"https:\/\/www.linkceramics.com\/de\/wp-json\/wp\/v2\/product_brand?post=316"},{"taxonomy":"product_cat","embeddable":true,"href":"https:\/\/www.linkceramics.com\/de\/wp-json\/wp\/v2\/product_cat?post=316"},{"taxonomy":"product_tag","embeddable":true,"href":"https:\/\/www.linkceramics.com\/de\/wp-json\/wp\/v2\/product_tag?post=316"}],"curies":[{"name":"wp","href":"https:\/\/api.w.org\/{rel}","templated":true}]}}