{"id":3224,"date":"2026-03-28T10:09:07","date_gmt":"2026-03-28T10:09:07","guid":{"rendered":"https:\/\/www.linkceramics.com\/?post_type=product&#038;p=3224"},"modified":"2026-03-28T10:09:09","modified_gmt":"2026-03-28T10:09:09","slug":"custom-vintage-ceramic-vases","status":"publish","type":"product","link":"https:\/\/www.linkceramics.com\/de\/product\/custom-vintage-ceramic-vases\/","title":{"rendered":"Kundenspezifische Vintage-Keramik-Vasen, Blument\u00f6pfe im chinesischen Stil Bulk"},"content":{"rendered":"<div class=\"wp-block-columns is-layout-flex wp-container-core-columns-is-layout-9d6595d7 wp-block-columns-is-layout-flex\">\n<div class=\"wp-block-column is-layout-flow wp-block-column-is-layout-flow\" style=\"flex-basis:50%\">\n<h3 class=\"wp-block-heading\">Premium Chinese Style Blument\u00f6pfe Bulk Eigenschaften:<\/h3>\n\n\n\n<ul class=\"wp-block-list\">\n<li><strong>Authentische orientalische Retro-\u00c4sthetik:<\/strong> Inspiriert von klassischen chinesischen Formen, zeichnen sich diese ma\u00dfgefertigten Vintage-Keramikvasen durch eine unverwechselbare \u201cgerippte\u201d Textur und eine gealterte Glasur aus, die Vintage-Raffinesse ausstrahlt.<\/li>\n\n\n\n<li><strong>Handwerklich handglasierte Oberfl\u00e4che:<\/strong> Jede Vase wird von Hand mit einer raffinierten reaktiven Glasur bearbeitet, was zu subtilen Farbvariationen f\u00fchrt und jede Vase zu einem einzigartigen handgefertigten Meisterwerk macht.<\/li>\n\n\n\n<li><strong>Verschiedene Gr\u00f6\u00dfen und Silhouetten:<\/strong> In dieser Auswahl an individuell gestalteten Vintage-Keramikvasen finden Sie alle Formen, die Sie f\u00fcr Ihre Blumenarrangements ben\u00f6tigen, von weithalsigen Gl\u00e4sern bis hin zu schlanken Flaschen, mit denen Sie eine Vielzahl von Blumendekorationen gestalten k\u00f6nnen.<\/li>\n\n\n\n<li><strong>Starke, aber elegante und hochwertige Ausf\u00fchrung:<\/strong> Unsere ma\u00dfgefertigten Blumenvasen werden bei hohen Temperaturen gebrannt, um eine maximale Haltbarkeit zu erreichen. Dadurch werden diese Ziergegenst\u00e4nde ebenso robust wie exquisit, egal ob sie in Privathaushalten oder Unternehmen verwendet werden.<\/li>\n\n\n\n<li><strong>Elegantes Dekor Vielseitigkeit: <\/strong>Ihr dezentes und doch farbenfrohes Design macht sie perfekt f\u00fcr Hotellobbys, gehobene Restaurants oder als Herzst\u00fcck in modernen Wohnungen.<\/li>\n\n\n\n<li><strong>Skalierbare B2B-Anpassung: <\/strong>Wir bieten professionelle OEM\/ODM-Dienstleistungen an, die kundenspezifische Farbglasuren, Branding und ma\u00dfgeschneiderte Verpackungen erm\u00f6glichen, um spezifische Projektanforderungen zu erf\u00fcllen.<\/li>\n<\/ul>\n<\/div>\n\n\n\n<div class=\"wp-block-column is-layout-flow wp-block-column-is-layout-flow\" style=\"flex-basis:50%\">\n<figure class=\"wp-block-image size-full\"><img decoding=\"async\" width=\"3957\" height=\"3957\" src=\"https:\/\/www.linkceramics.com\/wp-content\/uploads\/2026\/03\/custom-vintage-ceramic-vases-chinese-style-flower-pots-bulk-3.webp\" alt=\"benutzerdefinierte-vintage-keramik-vasen-chinesischen-stil-blument\u00f6pfe-bulk-3\" class=\"wp-image-3227\" srcset=\"https:\/\/www.linkceramics.com\/wp-content\/uploads\/2026\/03\/custom-vintage-ceramic-vases-chinese-style-flower-pots-bulk-3.webp 3957w, https:\/\/www.linkceramics.com\/wp-content\/uploads\/2026\/03\/custom-vintage-ceramic-vases-chinese-style-flower-pots-bulk-3-300x300.webp 300w, https:\/\/www.linkceramics.com\/wp-content\/uploads\/2026\/03\/custom-vintage-ceramic-vases-chinese-style-flower-pots-bulk-3-150x150.webp 150w, https:\/\/www.linkceramics.com\/wp-content\/uploads\/2026\/03\/custom-vintage-ceramic-vases-chinese-style-flower-pots-bulk-3-768x768.webp 768w, https:\/\/www.linkceramics.com\/wp-content\/uploads\/2026\/03\/custom-vintage-ceramic-vases-chinese-style-flower-pots-bulk-3-12x12.webp 12w, https:\/\/www.linkceramics.com\/wp-content\/uploads\/2026\/03\/custom-vintage-ceramic-vases-chinese-style-flower-pots-bulk-3-1200x1200.webp 1200w, https:\/\/www.linkceramics.com\/wp-content\/uploads\/2026\/03\/custom-vintage-ceramic-vases-chinese-style-flower-pots-bulk-3-600x600.webp 600w, https:\/\/www.linkceramics.com\/wp-content\/uploads\/2026\/03\/custom-vintage-ceramic-vases-chinese-style-flower-pots-bulk-3-100x100.webp 100w\" sizes=\"(max-width: 3957px) 100vw, 3957px\" \/><\/figure>\n<\/div>\n<\/div>","protected":false},"excerpt":{"rendered":"<div id=\"brxe-0ee1ca\" class=\"brxe-product-meta product_meta\">\n<p>Willkommen beim Kauf von Qingfa-Keramikvasen im Vintage-Stil, die traditionelle chinesische Kunst mit einem modernen Retro-Finish verbinden. Diese wundersch\u00f6n von Hand glasierten Vasen verf\u00fcgen \u00fcber elegante gerippte Strukturen und eine Vielzahl von Farben und sind ideal f\u00fcr die Luxusgastronomie oder Boutique-Floristik-Einzelh\u00e4ndler auf der Suche nach immer relevanten orientalischen Charme. <\/p>\n<h2 data-start=\"428\" data-end=\"756\">Kundenspezifische Vintage-Keramikvasen Parameter<\/h2>\n<table data-path-to-node=\"11\">\n<thead>\n<tr>\n<td>Artikel<\/td>\n<td>Spezifikationen<\/td>\n<\/tr>\n<\/thead>\n<tbody>\n<tr>\n<td>Hersteller<\/td>\n<td>Qingfa Keramiken<\/td>\n<\/tr>\n<tr>\n<td>Produktname<\/td>\n<td>Handglasierte Vase im chinesischen Retro-Stil Serie<\/td>\n<\/tr>\n<tr>\n<td>Material<\/td>\n<td>Hochtemperatur-gebrannte Premium-Keramik<\/td>\n<\/tr>\n<tr>\n<td>Oberfl\u00e4chenbehandlung<\/td>\n<td>Reaktive Glasur mit gerippten\/strukturierten Details<\/td>\n<\/tr>\n<tr>\n<td>Design-Stil<\/td>\n<td>Vintage Chinesisch \/ Retro Orientalisch \/ Klassisch Zen<\/td>\n<\/tr>\n<tr>\n<td>Farboptionen<\/td>\n<td>Moosgr\u00fcn, Senfgelb, Zartrosa, Erdiges Beige (benutzerdefinierte Farben verf\u00fcgbar)<\/td>\n<\/tr>\n<tr>\n<td>Verwendung<\/td>\n<td>Blumenarrangements, luxuri\u00f6se Wohndekoration, Inneneinrichtung f\u00fcr Hotels und B\u00fcros<\/td>\n<\/tr>\n<tr>\n<td>Personalisierung<\/td>\n<td>\u00a0OEM\/ODM, kundenspezifische Farben, Logoplatzierung<\/td>\n<\/tr>\n<tr>\n<td>Eigenschaften<\/td>\n<td>Handgefertigte Haptik, lichtechte Glasur, dauerhafte Struktur<\/td>\n<\/tr>\n<tr>\n<td>Zertifizierungen<\/td>\n<td>ISO- und BSCI-konforme, lebensmittelechte Glasuren auf Anfrage erh\u00e4ltlich<\/td>\n<\/tr>\n<\/tbody>\n<\/table>\n<\/div>","protected":false},"featured_media":3225,"comment_status":"open","ping_status":"closed","template":"","meta":{"_acf_changed":true},"certification":[63,64,90,59,66,58,61,60,62,57,91],"product_brand":[],"product_cat":[37,17],"product_tag":[],"class_list":{"0":"post-3224","1":"product","2":"type-product","3":"status-publish","4":"has-post-thumbnail","6":"certification-amfori","7":"certification-bsci","8":"certification-ca-prop-65-compliant","9":"certification-ce","10":"certification-cnas","11":"certification-fda","12":"certification-iso-14001","13":"certification-iso-45001","14":"certification-iso-9001","15":"certification-lfgb","16":"certification-sedex","17":"product_cat-decorative-ceramic-wholesale","18":"product_cat-ceramic-vases-wholesale","20":"first","21":"instock","22":"shipping-taxable","23":"product-type-simple"},"acf":[],"_links":{"self":[{"href":"https:\/\/www.linkceramics.com\/de\/wp-json\/wp\/v2\/product\/3224","targetHints":{"allow":["GET"]}}],"collection":[{"href":"https:\/\/www.linkceramics.com\/de\/wp-json\/wp\/v2\/product"}],"about":[{"href":"https:\/\/www.linkceramics.com\/de\/wp-json\/wp\/v2\/types\/product"}],"replies":[{"embeddable":true,"href":"https:\/\/www.linkceramics.com\/de\/wp-json\/wp\/v2\/comments?post=3224"}],"wp:featuredmedia":[{"embeddable":true,"href":"https:\/\/www.linkceramics.com\/de\/wp-json\/wp\/v2\/media\/3225"}],"wp:attachment":[{"href":"https:\/\/www.linkceramics.com\/de\/wp-json\/wp\/v2\/media?parent=3224"}],"wp:term":[{"taxonomy":"certification","embeddable":true,"href":"https:\/\/www.linkceramics.com\/de\/wp-json\/wp\/v2\/certification?post=3224"},{"taxonomy":"product_brand","embeddable":true,"href":"https:\/\/www.linkceramics.com\/de\/wp-json\/wp\/v2\/product_brand?post=3224"},{"taxonomy":"product_cat","embeddable":true,"href":"https:\/\/www.linkceramics.com\/de\/wp-json\/wp\/v2\/product_cat?post=3224"},{"taxonomy":"product_tag","embeddable":true,"href":"https:\/\/www.linkceramics.com\/de\/wp-json\/wp\/v2\/product_tag?post=3224"}],"curies":[{"name":"wp","href":"https:\/\/api.w.org\/{rel}","templated":true}]}}