{"id":346,"date":"2024-12-21T06:47:42","date_gmt":"2024-12-21T06:47:42","guid":{"rendered":"https:\/\/www.linkceramics.com\/?post_type=product&#038;p=346"},"modified":"2024-12-21T06:48:07","modified_gmt":"2024-12-21T06:48:07","slug":"wholesale-ceramic-bathroom-set","status":"publish","type":"product","link":"https:\/\/www.linkceramics.com\/de\/product\/wholesale-ceramic-bathroom-set\/","title":{"rendered":"4-teiliges Keramik-Badezimmer-Set mit Bambus-Deckeln im Gro\u00dfhandel"},"content":{"rendered":"<div class=\"wp-block-columns is-layout-flex wp-container-core-columns-is-layout-9d6595d7 wp-block-columns-is-layout-flex\">\n<div class=\"wp-block-column is-layout-flow wp-block-column-is-layout-flow\">\n<h3 class=\"wp-block-heading\">Premium 4-St\u00fcck Gro\u00dfhandel keramischen Badezimmer Set Features:<\/h3>\n\n\n\n<ul class=\"wp-block-list\">\n<li><strong>Modernes Design:<\/strong>\u00a0Diese 4-teiligen Keramiksets f\u00fcr den Gro\u00dfhandel zeichnen sich durch ein minimalistisches, modernes Design aus. Die Keramik Tassen und Seifenflaschen sind beide klassische zylindrische Designs mit glatten Linien, einfach und doch anspruchsvoll. Dar\u00fcber hinaus f\u00fcgt das Bambustablett einen Hauch von nat\u00fcrlicher Textur zu dem modernen Set.<\/li>\n\n\n\n<li><strong>Vielseitige Farben:<\/strong>\u00a0Diese Gro\u00dfhandels-Badezimmer-Sets sind in drei Farben erh\u00e4ltlich: wei\u00df, schwarz und grau, die die Bed\u00fcrfnisse der Badezimmerdekoration in verschiedenen Stilen erf\u00fcllen k\u00f6nnen. Wei\u00df ist klassisch und vielseitig, schwarz ist einfach und stimmungsvoll, und grau ist modisch und elegant.<\/li>\n\n\n\n<li><strong>Hochwertiges Material:<\/strong>\u00a0Diese 4-teiligen Gro\u00dfhandels-Keramik-Badezimmer-Sets sind aus hochwertigem Keramikmaterial und Premium-Bambusholz gefertigt. Die Keramik ist glatt und zart, hat eine gute Wasserdichtigkeit und ist leicht zu reinigen.<\/li>\n\n\n\n<li><strong>Vollst\u00e4ndiger Satz:<\/strong>\u00a0Diese Badezimmer-Sets f\u00fcr den Gro\u00dfhandel umfassen zwei Keramikbecher und einen Keramikseifenspender mit Pumpe, in dem Zahnb\u00fcrsten, Zahnpasta, Handseife usw. aufbewahrt werden k\u00f6nnen. Das Bambus-Tablett unterst\u00fctzt nicht nur, sondern trennt auch verschiedene Gegenst\u00e4nde, so dass das Badezimmer Arbeitsplatte mehr aufger\u00e4umt und organisiert.<\/li>\n<\/ul>\n<\/div>\n\n\n\n<div class=\"wp-block-column is-layout-flow wp-block-column-is-layout-flow\">\n<figure class=\"wp-block-image size-full\"><img decoding=\"async\" width=\"800\" height=\"800\" src=\"https:\/\/www.linkceramics.com\/wp-content\/uploads\/2024\/11\/4-Piece-Wholesale-Ceramic-Bathroom-Set-With-Bamboo-Accents-4.jpg\" alt=\"4-Teiliges-Gro\u00dfhandels-Keramik-Badezimmer-Set-mit-Bambus-Akzenten-4\" class=\"wp-image-350\" srcset=\"https:\/\/www.linkceramics.com\/wp-content\/uploads\/2024\/11\/4-Piece-Wholesale-Ceramic-Bathroom-Set-With-Bamboo-Accents-4.jpg 800w, https:\/\/www.linkceramics.com\/wp-content\/uploads\/2024\/11\/4-Piece-Wholesale-Ceramic-Bathroom-Set-With-Bamboo-Accents-4-300x300.jpg 300w, https:\/\/www.linkceramics.com\/wp-content\/uploads\/2024\/11\/4-Piece-Wholesale-Ceramic-Bathroom-Set-With-Bamboo-Accents-4-150x150.jpg 150w, https:\/\/www.linkceramics.com\/wp-content\/uploads\/2024\/11\/4-Piece-Wholesale-Ceramic-Bathroom-Set-With-Bamboo-Accents-4-768x768.jpg 768w, https:\/\/www.linkceramics.com\/wp-content\/uploads\/2024\/11\/4-Piece-Wholesale-Ceramic-Bathroom-Set-With-Bamboo-Accents-4-600x600.jpg 600w, https:\/\/www.linkceramics.com\/wp-content\/uploads\/2024\/11\/4-Piece-Wholesale-Ceramic-Bathroom-Set-With-Bamboo-Accents-4-100x100.jpg 100w\" sizes=\"(max-width: 800px) 100vw, 800px\" \/><\/figure>\n<\/div>\n<\/div>","protected":false},"excerpt":{"rendered":"<div class=\"elementor-element elementor-element-12826c1 elementor-widget elementor-widget-text-editor\" data-id=\"12826c1\" data-element_type=\"widget\" data-widget_type=\"text-editor.default\">\n<div class=\"elementor-widget-container\">Willkommen zum Kauf von Bad-Accessoires. Diese 4-teiligen Gro\u00dfhandels-Keramik-Badezimmer-Sets haben aufgrund ihres modernen Designs, ihres hochwertigen Keramikmaterials und ihrer praktischen Funktionalit\u00e4t gro\u00dfen Anklang auf dem Markt gefunden. Die schwarze, wei\u00dfe und graue Keramik l\u00e4sst sich leicht in jeden Badezimmerdekorationsstil integrieren. Die Sets k\u00f6nnen im Gro\u00dfhandel gekauft werden, um den Bedarf von Gro\u00dfkunden zu decken.<\/p>\n<h2>Keramik-Badezimmer-Set Spezifikationen:<\/h2>\n<\/div>\n<\/div>\n<div class=\"elementor-element elementor-element-bef26dc elementor-widget elementor-widget-text-editor\" data-id=\"bef26dc\" data-element_type=\"widget\" data-widget_type=\"text-editor.default\">\n<div class=\"elementor-widget-container\">\n<table border=\"0\" width=\"476\" cellspacing=\"0\" cellpadding=\"0\">\n<tbody>\n<tr>\n<td class=\"et3\" width=\"187\" height=\"29\">Hersteller<\/td>\n<td class=\"et3\" width=\"289\">JINHUA<\/td>\n<\/tr>\n<tr>\n<td class=\"et3\" height=\"29\">Modell Nr.<\/td>\n<td class=\"et3\">JHB37<\/td>\n<\/tr>\n<tr>\n<td class=\"et3\" height=\"29\">Gestaltung<\/td>\n<td class=\"et3\">4-teiliges Set<\/td>\n<\/tr>\n<tr>\n<td class=\"et4\" height=\"29\">Material<\/td>\n<td class=\"et3\">Keramik<\/td>\n<\/tr>\n<tr>\n<td class=\"et4\" height=\"29\">Farbe<\/td>\n<td class=\"et5\" width=\"289\">Wei\u00df, Schwarz, Grau<\/td>\n<\/tr>\n<tr>\n<td class=\"et3\" height=\"29\">Benutzerdefiniert<\/td>\n<td class=\"et3\">Farbe\/Gr\u00f6\u00dfe\/Logo\/Verpackung<\/td>\n<\/tr>\n<tr>\n<td class=\"et3\" height=\"29\">MOQ<\/td>\n<td class=\"et3\">500 S\u00e4tze<\/td>\n<\/tr>\n<tr>\n<td class=\"et3\" height=\"87\">Dimension<\/td>\n<td class=\"et5\" width=\"289\">\n<p>Tasse: 6.8*6.8*12cm<\/p>\n<p>Seifenspender: 7*7*18cm Tablett: 28.5*9*1cm<\/p>\n<\/td>\n<\/tr>\n<\/tbody>\n<\/table>\n<\/div>\n<\/div>","protected":false},"featured_media":352,"comment_status":"open","ping_status":"closed","template":"","meta":{"_acf_changed":false},"certification":[63,64,66,58,65,61,60,62,57],"product_brand":[],"product_cat":[22,35],"product_tag":[],"class_list":{"0":"post-346","1":"product","2":"type-product","3":"status-publish","4":"has-post-thumbnail","6":"certification-amfori","7":"certification-bsci","8":"certification-cnas","9":"certification-fda","10":"certification-iaf","11":"certification-iso-14001","12":"certification-iso-45001","13":"certification-iso-9001","14":"certification-lfgb","15":"product_cat-ceramic-bathroom-set","16":"product_cat-bathroom-ceramics-supply","18":"first","19":"instock","20":"shipping-taxable","21":"product-type-simple"},"acf":[],"_links":{"self":[{"href":"https:\/\/www.linkceramics.com\/de\/wp-json\/wp\/v2\/product\/346","targetHints":{"allow":["GET"]}}],"collection":[{"href":"https:\/\/www.linkceramics.com\/de\/wp-json\/wp\/v2\/product"}],"about":[{"href":"https:\/\/www.linkceramics.com\/de\/wp-json\/wp\/v2\/types\/product"}],"replies":[{"embeddable":true,"href":"https:\/\/www.linkceramics.com\/de\/wp-json\/wp\/v2\/comments?post=346"}],"wp:featuredmedia":[{"embeddable":true,"href":"https:\/\/www.linkceramics.com\/de\/wp-json\/wp\/v2\/media\/352"}],"wp:attachment":[{"href":"https:\/\/www.linkceramics.com\/de\/wp-json\/wp\/v2\/media?parent=346"}],"wp:term":[{"taxonomy":"certification","embeddable":true,"href":"https:\/\/www.linkceramics.com\/de\/wp-json\/wp\/v2\/certification?post=346"},{"taxonomy":"product_brand","embeddable":true,"href":"https:\/\/www.linkceramics.com\/de\/wp-json\/wp\/v2\/product_brand?post=346"},{"taxonomy":"product_cat","embeddable":true,"href":"https:\/\/www.linkceramics.com\/de\/wp-json\/wp\/v2\/product_cat?post=346"},{"taxonomy":"product_tag","embeddable":true,"href":"https:\/\/www.linkceramics.com\/de\/wp-json\/wp\/v2\/product_tag?post=346"}],"curies":[{"name":"wp","href":"https:\/\/api.w.org\/{rel}","templated":true}]}}