{"id":354,"date":"2024-12-10T02:43:57","date_gmt":"2024-12-10T02:43:57","guid":{"rendered":"https:\/\/www.linkceramics.com\/?post_type=product&#038;p=354"},"modified":"2024-12-10T02:43:58","modified_gmt":"2024-12-10T02:43:58","slug":"custom-ceramic-bathroom-sets","status":"publish","type":"product","link":"https:\/\/www.linkceramics.com\/de\/product\/custom-ceramic-bathroom-sets\/","title":{"rendered":"6-teilige benutzerdefinierte keramische Bad-Sets in Bulk f\u00fcr Eitelkeit Dekor"},"content":{"rendered":"<div class=\"wp-block-columns is-layout-flex wp-container-core-columns-is-layout-9d6595d7 wp-block-columns-is-layout-flex\">\n<div class=\"wp-block-column is-layout-flow wp-block-column-is-layout-flow\">\n<h3 class=\"wp-block-heading\">Premium Custom Ceramic Bathroom Sets Eigenschaften:<\/h3>\n\n\n\n<ul class=\"wp-block-list\">\n<li><strong>Zeitloses Design:<\/strong>\u00a0Diese ma\u00dfgefertigten Keramiksets f\u00fcr das Badezimmer haben eine gl\u00e4nzend wei\u00dfe Oberfl\u00e4che mit subtilen vertikalen Rillen, die ihnen einen eleganten und zeitlosen, strukturierten Look verleihen. Dank der neutralen Farbe lassen sich diese Badaccessoires nahtlos in eine Vielzahl von Badstilen integrieren, von minimalistisch bis luxuri\u00f6s.<\/li>\n\n\n\n<li><strong>Komplettes 6-teiliges Set:<\/strong>\u00a0Diese Gro\u00dfhandelssets f\u00fcr das Badezimmer umfassen Seifenspender, Mundwasserbecher, Zahnb\u00fcrstenhalter, Aufbewahrungsgl\u00e4ser, Seifenschalen und Taschentuchboxen und sorgen daf\u00fcr, dass alle Ihre Badezimmeraccessoires im gleichen Stil und organisiert sind.<\/li>\n\n\n\n<li><strong>Hochwertiges Material:<\/strong>\u00a0Diese ma\u00dfgefertigten Badezimmersets sind aus hochwertigem keramischem Material hergestellt, langlebig f\u00fcr wiederholten Gebrauch und resistent gegen Korrosion und Kratzer.<\/li>\n\n\n\n<li><strong>Leicht zu reinigen:<\/strong>\u00a0Diese Keramiksets f\u00fcr den Gro\u00dfhandel haben eine glatte Oberfl\u00e4che und sind leicht zu reinigen, so dass Ihr Badezimmer lange sauber, keimfrei und hygienisch bleibt.<\/li>\n<\/ul>\n<\/div>\n\n\n\n<div class=\"wp-block-column is-layout-flow wp-block-column-is-layout-flow\">\n<figure class=\"wp-block-image size-full\"><img decoding=\"async\" width=\"1500\" height=\"1500\" src=\"https:\/\/www.linkceramics.com\/wp-content\/uploads\/2024\/11\/bathroom-accessory-set.webp\" alt=\"Bad-Accessoires-Set\" class=\"wp-image-355\" srcset=\"https:\/\/www.linkceramics.com\/wp-content\/uploads\/2024\/11\/bathroom-accessory-set.webp 1500w, https:\/\/www.linkceramics.com\/wp-content\/uploads\/2024\/11\/bathroom-accessory-set-300x300.webp 300w, https:\/\/www.linkceramics.com\/wp-content\/uploads\/2024\/11\/bathroom-accessory-set-150x150.webp 150w, https:\/\/www.linkceramics.com\/wp-content\/uploads\/2024\/11\/bathroom-accessory-set-768x768.webp 768w, https:\/\/www.linkceramics.com\/wp-content\/uploads\/2024\/11\/bathroom-accessory-set-1200x1200.webp 1200w, https:\/\/www.linkceramics.com\/wp-content\/uploads\/2024\/11\/bathroom-accessory-set-600x600.webp 600w, https:\/\/www.linkceramics.com\/wp-content\/uploads\/2024\/11\/bathroom-accessory-set-100x100.webp 100w\" sizes=\"(max-width: 1500px) 100vw, 1500px\" \/><\/figure>\n<\/div>\n<\/div>","protected":false},"excerpt":{"rendered":"<div class=\"elementor-element elementor-element-12826c1 elementor-widget elementor-widget-text-editor\" data-id=\"12826c1\" data-element_type=\"widget\" data-widget_type=\"text-editor.default\">\n<div class=\"elementor-widget-container\">Diese benutzerdefinierten Keramik Bad-Sets in loser Sch\u00fcttung sind beliebt wegen ihrer eleganten und einzigartigen Design, langlebige Keramik Konstruktion, einfache Reinigung und einfache Wartung. Jedes Accessoire dieser Bad-Sets hat seine Rolle bei der Verbesserung der Bad Dekor und macht es organisiert.<\/p>\n<h2>Keramik-Badezimmer-Sets Spezifikationen:<\/h2>\n<\/div>\n<\/div>\n<div data-id=\"bef26dc\" data-element_type=\"widget\" data-widget_type=\"text-editor.default\">\n<div>\n<table border=\"0\" width=\"582\" cellspacing=\"0\" cellpadding=\"0\">\n<tbody>\n<tr>\n<td width=\"229\" height=\"33\">Hersteller<\/td>\n<td width=\"353\">JINHUA<\/td>\n<\/tr>\n<tr>\n<td height=\"33\">Modell Nr.<\/td>\n<td>JHB20<\/td>\n<\/tr>\n<tr>\n<td height=\"33\">Gestaltung<\/td>\n<td>Sechsteiliges Set<\/td>\n<\/tr>\n<tr>\n<td height=\"33\">Material<\/td>\n<td>Keramik<\/td>\n<\/tr>\n<tr>\n<td height=\"33\">Farbe<\/td>\n<td width=\"353\">Wei\u00df<\/td>\n<\/tr>\n<tr>\n<td height=\"33\">Benutzerdefiniert<\/td>\n<td>Farbe\/Gr\u00f6\u00dfe\/Logo\/Verpackung<\/td>\n<\/tr>\n<tr>\n<td height=\"33\">MOQ<\/td>\n<td>500St\u00fcck<\/td>\n<\/tr>\n<tr>\n<td height=\"231\">Dimension<\/td>\n<td width=\"353\">Seifenflasche: 8.1*8.1*19.8cm Becher: 7.6*7.6*10.7cm Zahnb\u00fcrstenhalter: 10.7*6.5*10.7cm Seifenschale: 13.7*10.2*3cm Krug: 9.7*9.7*11.4cm Taschentuchbox: 15.2*15.2*14.7cm<\/td>\n<\/tr>\n<\/tbody>\n<\/table>\n<\/div>\n<\/div>","protected":false},"featured_media":356,"comment_status":"open","ping_status":"closed","template":"","meta":{"_acf_changed":true},"certification":[63,64,66,58,65,61,60,62,57],"product_brand":[],"product_cat":[35,22],"product_tag":[],"class_list":{"0":"post-354","1":"product","2":"type-product","3":"status-publish","4":"has-post-thumbnail","6":"certification-amfori","7":"certification-bsci","8":"certification-cnas","9":"certification-fda","10":"certification-iaf","11":"certification-iso-14001","12":"certification-iso-45001","13":"certification-iso-9001","14":"certification-lfgb","15":"product_cat-bathroom-ceramics-supply","16":"product_cat-ceramic-bathroom-set","18":"first","19":"instock","20":"shipping-taxable","21":"product-type-simple"},"acf":[],"_links":{"self":[{"href":"https:\/\/www.linkceramics.com\/de\/wp-json\/wp\/v2\/product\/354","targetHints":{"allow":["GET"]}}],"collection":[{"href":"https:\/\/www.linkceramics.com\/de\/wp-json\/wp\/v2\/product"}],"about":[{"href":"https:\/\/www.linkceramics.com\/de\/wp-json\/wp\/v2\/types\/product"}],"replies":[{"embeddable":true,"href":"https:\/\/www.linkceramics.com\/de\/wp-json\/wp\/v2\/comments?post=354"}],"wp:featuredmedia":[{"embeddable":true,"href":"https:\/\/www.linkceramics.com\/de\/wp-json\/wp\/v2\/media\/356"}],"wp:attachment":[{"href":"https:\/\/www.linkceramics.com\/de\/wp-json\/wp\/v2\/media?parent=354"}],"wp:term":[{"taxonomy":"certification","embeddable":true,"href":"https:\/\/www.linkceramics.com\/de\/wp-json\/wp\/v2\/certification?post=354"},{"taxonomy":"product_brand","embeddable":true,"href":"https:\/\/www.linkceramics.com\/de\/wp-json\/wp\/v2\/product_brand?post=354"},{"taxonomy":"product_cat","embeddable":true,"href":"https:\/\/www.linkceramics.com\/de\/wp-json\/wp\/v2\/product_cat?post=354"},{"taxonomy":"product_tag","embeddable":true,"href":"https:\/\/www.linkceramics.com\/de\/wp-json\/wp\/v2\/product_tag?post=354"}],"curies":[{"name":"wp","href":"https:\/\/api.w.org\/{rel}","templated":true}]}}