{"id":362,"date":"2024-12-10T02:43:32","date_gmt":"2024-12-10T02:43:32","guid":{"rendered":"https:\/\/www.linkceramics.com\/?post_type=product&#038;p=362"},"modified":"2025-03-08T07:27:07","modified_gmt":"2025-03-08T07:27:07","slug":"ceramic-candle-containers-wholesale","status":"publish","type":"product","link":"https:\/\/www.linkceramics.com\/de\/product\/ceramic-candle-containers-wholesale\/","title":{"rendered":"Keramik-Kerze-Container Gro\u00dfhandel, leere Kerze Jars Bulk"},"content":{"rendered":"<div class=\"wp-block-columns is-layout-flex wp-container-core-columns-is-layout-9d6595d7 wp-block-columns-is-layout-flex\">\n<div class=\"wp-block-column is-layout-flow wp-block-column-is-layout-flow\">\n<h3 class=\"wp-block-heading\">Premium-Keramik-Kerze-Container Gro\u00dfhandel Merkmale:<\/h3>\n\n\n\n<ul class=\"wp-block-list\">\n<li><strong>Unregelm\u00e4\u00dfige geometrische Formen: <\/strong>Diese beiden Keramik-Kerzenhalter im Gro\u00dfhandel unterscheiden sich von den \u00fcblichen zylindrischen Kerzengl\u00e4sern durch ihre unregelm\u00e4\u00dfigen geometrischen Formen. Der eine ist quadratisch mit sanft geschwungenen Linien, der andere hat die Form einer f\u00fcnfbl\u00e4ttrigen Blume mit glatten und variablen Linien. Diese unregelm\u00e4\u00dfige Form bricht die Form des gew\u00f6hnlichen Kerzenglases und f\u00fcgt Spa\u00df und ein Gef\u00fchl von Stil.<\/li>\n\n\n\n<li><strong>Mattes Wei\u00df Farbe: <\/strong>Diese leeren Kerzengl\u00e4ser werden auch in reinem, mattem Wei\u00df angeboten, was ihnen ein einfaches und sauberes Aussehen verleiht. Der Farbton ist recht vielseitig und passt gut zu einigen Wohnthemen. Au\u00dferdem ist das matte Keramik-Kerzenglas noch ber\u00fchrungsempfindlicher als das gl\u00e4nzende Kerzenglas.<\/li>\n\n\n\n<li><strong>Hochwertiges keramisches Material: <\/strong>Diese einzigartigen keramischen Kerzengef\u00e4\u00dfe f\u00fcr den Gro\u00dfhandel werden aus hochwertigem keramischem Ton hergestellt, der eine hohe Hitzetoleranz und Festigkeit aufweist. Dies verhindert, dass die Gl\u00e4ser durch die Hitze einer Kerzenflamme brechen oder zerspringen und schafft so ein sicheres Gef\u00e4\u00df f\u00fcr Ihre Kerzen.<\/li>\n\n\n\n<li><strong>Wiederverwendbar und umweltfreundlich:<\/strong> Sobald die Kerze fertig ist, k\u00f6nnen diese einzigartigen leeren Kerzengl\u00e4ser als Dekorationsartikel in Ihrem Zuhause weiter verwendet werden. Die wiederverwendbare Natur dieser Gl\u00e4ser f\u00f6rdert die Nachhaltigkeit. Durch die Wiederverwendung der Gl\u00e4ser wird Abfall reduziert, was sie zu einer umweltfreundlichen Wahl f\u00fcr bewusste Verbraucher macht.<\/li>\n<\/ul>\n<\/div>\n\n\n\n<div class=\"wp-block-column is-layout-flow wp-block-column-is-layout-flow\">\n<figure class=\"wp-block-image size-full\"><img decoding=\"async\" width=\"736\" height=\"736\" src=\"https:\/\/www.linkceramics.com\/wp-content\/uploads\/2024\/11\/Custom-Unique-White-Ceramic-Candle-Jar-Empty-Ceramic-Vessel-Wholesale-3.webp\" alt=\"Custom-Unique-Wei\u00df-Keramik-Kerze-Glas-Leer-Keramik-Gef\u00e4\u00df-Gro\u00dfhandel-3\" class=\"wp-image-364\" srcset=\"https:\/\/www.linkceramics.com\/wp-content\/uploads\/2024\/11\/Custom-Unique-White-Ceramic-Candle-Jar-Empty-Ceramic-Vessel-Wholesale-3.webp 736w, https:\/\/www.linkceramics.com\/wp-content\/uploads\/2024\/11\/Custom-Unique-White-Ceramic-Candle-Jar-Empty-Ceramic-Vessel-Wholesale-3-300x300.webp 300w, https:\/\/www.linkceramics.com\/wp-content\/uploads\/2024\/11\/Custom-Unique-White-Ceramic-Candle-Jar-Empty-Ceramic-Vessel-Wholesale-3-150x150.webp 150w, https:\/\/www.linkceramics.com\/wp-content\/uploads\/2024\/11\/Custom-Unique-White-Ceramic-Candle-Jar-Empty-Ceramic-Vessel-Wholesale-3-600x600.webp 600w, https:\/\/www.linkceramics.com\/wp-content\/uploads\/2024\/11\/Custom-Unique-White-Ceramic-Candle-Jar-Empty-Ceramic-Vessel-Wholesale-3-100x100.webp 100w\" sizes=\"(max-width: 736px) 100vw, 736px\" \/><\/figure>\n<\/div>\n<\/div>\n\n\n\n<p><\/p>","protected":false},"excerpt":{"rendered":"<div class=\"elementor-element elementor-element-12826c1 elementor-widget elementor-widget-text-editor\" data-id=\"12826c1\" data-element_type=\"widget\" data-widget_type=\"text-editor.default\">\n<div class=\"elementor-widget-container\">Willkommen bei leeren Kerzengl\u00e4sern in gro\u00dfen Mengen zu kaufen. Unsere Keramik-Kerzen-Container Gro\u00dfhandel sind gut aufgenommen. Aufgrund der Vorteile der unregelm\u00e4\u00dfigen geometrischen Formen, reines Wei\u00df, hochwertige Materialien und Wiederverwendbarkeit, sind diese Gro\u00dfhandel Keramik Kerzengl\u00e4ser eine gute Produktwahl f\u00fcr Kerzenhersteller und H\u00e4ndler, mit mehr M\u00f6glichkeiten f\u00fcr die Dekoration bei verschiedenen Gelegenheiten.<\/p>\n<h2>Keramik-Kerzengef\u00e4\u00dfe Spezifikationen:<\/h2>\n<\/div>\n<\/div>\n<div data-id=\"bef26dc\" data-element_type=\"widget\" data-widget_type=\"text-editor.default\">\n<table border=\"0\" width=\"476\" cellspacing=\"0\" cellpadding=\"0\">\n<tbody>\n<tr>\n<td width=\"187\" height=\"29\">Hersteller<\/td>\n<td width=\"289\">JINHUA<\/td>\n<\/tr>\n<tr>\n<td height=\"29\">Modell Nr.<\/td>\n<td>JHC40<\/td>\n<\/tr>\n<tr>\n<td height=\"29\">Gestaltung<\/td>\n<td>Quadratische Form, Blumenform<\/td>\n<\/tr>\n<tr>\n<td height=\"29\">Material<\/td>\n<td>Keramik<\/td>\n<\/tr>\n<tr>\n<td height=\"29\">Farbe<\/td>\n<td width=\"289\">Wei\u00df<\/td>\n<\/tr>\n<tr>\n<td height=\"29\">Benutzerdefiniert<\/td>\n<td>Farbe\/Gr\u00f6\u00dfe\/Logo\/Verpackung<\/td>\n<\/tr>\n<tr>\n<td height=\"29\">MOQ<\/td>\n<td>500St\u00fcck<\/td>\n<\/tr>\n<tr>\n<td height=\"58\">Dimension<\/td>\n<td width=\"289\">7*7*8,5cm 7*7*8cm<\/td>\n<\/tr>\n<\/tbody>\n<\/table>\n<\/div>","protected":false},"featured_media":363,"comment_status":"open","ping_status":"closed","template":"","meta":{"_acf_changed":false},"certification":[63,64,66,58,65,61,60,62,57],"product_brand":[],"product_cat":[37,16],"product_tag":[],"class_list":{"0":"post-362","1":"product","2":"type-product","3":"status-publish","4":"has-post-thumbnail","6":"certification-amfori","7":"certification-bsci","8":"certification-cnas","9":"certification-fda","10":"certification-iaf","11":"certification-iso-14001","12":"certification-iso-45001","13":"certification-iso-9001","14":"certification-lfgb","15":"product_cat-decorative-ceramic-wholesale","16":"product_cat-ceramic-candle-holder","18":"first","19":"instock","20":"shipping-taxable","21":"product-type-simple"},"acf":[],"_links":{"self":[{"href":"https:\/\/www.linkceramics.com\/de\/wp-json\/wp\/v2\/product\/362","targetHints":{"allow":["GET"]}}],"collection":[{"href":"https:\/\/www.linkceramics.com\/de\/wp-json\/wp\/v2\/product"}],"about":[{"href":"https:\/\/www.linkceramics.com\/de\/wp-json\/wp\/v2\/types\/product"}],"replies":[{"embeddable":true,"href":"https:\/\/www.linkceramics.com\/de\/wp-json\/wp\/v2\/comments?post=362"}],"wp:featuredmedia":[{"embeddable":true,"href":"https:\/\/www.linkceramics.com\/de\/wp-json\/wp\/v2\/media\/363"}],"wp:attachment":[{"href":"https:\/\/www.linkceramics.com\/de\/wp-json\/wp\/v2\/media?parent=362"}],"wp:term":[{"taxonomy":"certification","embeddable":true,"href":"https:\/\/www.linkceramics.com\/de\/wp-json\/wp\/v2\/certification?post=362"},{"taxonomy":"product_brand","embeddable":true,"href":"https:\/\/www.linkceramics.com\/de\/wp-json\/wp\/v2\/product_brand?post=362"},{"taxonomy":"product_cat","embeddable":true,"href":"https:\/\/www.linkceramics.com\/de\/wp-json\/wp\/v2\/product_cat?post=362"},{"taxonomy":"product_tag","embeddable":true,"href":"https:\/\/www.linkceramics.com\/de\/wp-json\/wp\/v2\/product_tag?post=362"}],"curies":[{"name":"wp","href":"https:\/\/api.w.org\/{rel}","templated":true}]}}