{"id":377,"date":"2024-12-10T02:41:42","date_gmt":"2024-12-10T02:41:42","guid":{"rendered":"https:\/\/www.linkceramics.com\/?post_type=product&#038;p=377"},"modified":"2024-12-10T02:42:03","modified_gmt":"2024-12-10T02:42:03","slug":"creme-brulee-ramekins-bulk","status":"publish","type":"product","link":"https:\/\/www.linkceramics.com\/de\/product\/creme-brulee-ramekins-bulk\/","title":{"rendered":"Keramik Creme Brulee Ramekins Bulk, Restaurant Versorgung Ramekins"},"content":{"rendered":"<div class=\"wp-block-columns is-layout-flex wp-container-core-columns-is-layout-9d6595d7 wp-block-columns-is-layout-flex\">\n<div class=\"wp-block-column is-layout-flow wp-block-column-is-layout-flow\">\n<h3 class=\"wp-block-heading\">Premium Creme Brulee Ramekins Bulk Eigenschaften:<\/h3>\n\n\n\n<ul class=\"wp-block-list\">\n<li><strong>Stilvolles Design:\u00a0<\/strong>Die Au\u00dfenseite der keramischen Creme Brulee Auflaufformen hat ein Streifendesign, das vertikal und klassisch im Stil ist. Es macht sie sch\u00f6ner und erh\u00f6ht gleichzeitig die Reibung, damit sie bequem in die Hand genommen werden k\u00f6nnen. Weiche Farbserie einschlie\u00dflich, aber nicht beschr\u00e4nkt auf, himmelblau, mintgr\u00fcn, lila, rosa, etc. Sie k\u00f6nnen nicht nur zum Backen verwendet werden, sondern auch zur Dekoration auf dem Esstisch, um das Esserlebnis zu verbessern.<\/li>\n\n\n\n<li><strong>Hochwertiges keramisches Material:\u00a0<\/strong>Unsere Restaurant Versorgung Auflaufformen Gro\u00dfhandel mit Deckel sind aus hochwertigem Keramik-Ton bei hoher Temperatur gebrannt, die hitzebest\u00e4ndig, langlebig, ungiftig und harmlos, sicher f\u00fcr Lebensmittelkontakt ist. Die glatte Oberfl\u00e4che der Keramik wird nicht an Lebensmitteln haften und ist leicht zu reinigen.<\/li>\n\n\n\n<li><strong>Vielseitigkeit:\u00a0<\/strong>Unsere keramischen Creme-Brulee-F\u00f6rmchen mit Deckel k\u00f6nnen zum Backen vieler Arten von Desserts wie Creme Brulee, Souffle, K\u00e4sekuchen usw. verwendet werden, aber auch als Eisbecher, Puddingbecher oder zum Dippen von So\u00dfen.<\/li>\n\n\n\n<li><strong>Praktischer Deckel:\u00a0<\/strong>Diese Restaurant Versorgung Gro\u00dfhandel Auflauff\u00f6rmchen kommen mit dicht schlie\u00dfenden Deckeln, die effektiv verhindern, dass der Geschmack von Lebensmitteln aus undicht und kann auch k\u00fchlen oder W\u00e4rme Lebensmittel.<\/li>\n<\/ul>\n<\/div>\n\n\n\n<div class=\"wp-block-column is-layout-flow wp-block-column-is-layout-flow\">\n<figure class=\"wp-block-image size-full\"><img decoding=\"async\" width=\"800\" height=\"800\" src=\"https:\/\/www.linkceramics.com\/wp-content\/uploads\/2024\/11\/Bulk-Ceramic-Creme-Brulee-Ramekin-With-Lid-Wholesale-Souffle-Baking-Cup-6.webp\" alt=\"Bulk-Keramik-Creme-Brulee-Ramekin-mit-Deckel-Gro\u00dfhandel-Souffle-Backform-6\" class=\"wp-image-382\" srcset=\"https:\/\/www.linkceramics.com\/wp-content\/uploads\/2024\/11\/Bulk-Ceramic-Creme-Brulee-Ramekin-With-Lid-Wholesale-Souffle-Baking-Cup-6.webp 800w, https:\/\/www.linkceramics.com\/wp-content\/uploads\/2024\/11\/Bulk-Ceramic-Creme-Brulee-Ramekin-With-Lid-Wholesale-Souffle-Baking-Cup-6-300x300.webp 300w, https:\/\/www.linkceramics.com\/wp-content\/uploads\/2024\/11\/Bulk-Ceramic-Creme-Brulee-Ramekin-With-Lid-Wholesale-Souffle-Baking-Cup-6-150x150.webp 150w, https:\/\/www.linkceramics.com\/wp-content\/uploads\/2024\/11\/Bulk-Ceramic-Creme-Brulee-Ramekin-With-Lid-Wholesale-Souffle-Baking-Cup-6-768x768.webp 768w, https:\/\/www.linkceramics.com\/wp-content\/uploads\/2024\/11\/Bulk-Ceramic-Creme-Brulee-Ramekin-With-Lid-Wholesale-Souffle-Baking-Cup-6-600x600.webp 600w, https:\/\/www.linkceramics.com\/wp-content\/uploads\/2024\/11\/Bulk-Ceramic-Creme-Brulee-Ramekin-With-Lid-Wholesale-Souffle-Baking-Cup-6-100x100.webp 100w\" sizes=\"(max-width: 800px) 100vw, 800px\" \/><\/figure>\n<\/div>\n<\/div>","protected":false},"excerpt":{"rendered":"<div class=\"elementor-element elementor-element-12826c1 elementor-widget elementor-widget-text-editor\" data-id=\"12826c1\" data-element_type=\"widget\" data-widget_type=\"text-editor.default\">\n<div class=\"elementor-widget-container\">Willkommen im Restaurant Versorgung Auflaufformen Gro\u00dfhandel zu kaufen. Diese keramischen Creme Brulee Auflauff\u00f6rmchen Masse mit Deckel Rang erste auf dem Markt durch verschiedene Farben, modisches Aussehen, langlebiges Material aus Keramik und Vielseitigkeit. Diese Auflaufformen sind praktisch und sch\u00f6n, so dass ein unverzichtbares Werkzeug beim Backen in einer K\u00fcche zu werden.<\/p>\n<h2>Creme Brulee F\u00f6rmchen Spezifikationen:<\/h2>\n<\/div>\n<\/div>\n<table border=\"0\" width=\"531\" cellspacing=\"0\" cellpadding=\"0\">\n<tbody>\n<tr>\n<td width=\"271\" height=\"24\">Hersteller<\/td>\n<td width=\"260\">JINHUA<\/td>\n<\/tr>\n<tr>\n<td width=\"271\" height=\"25\">Modell Nr.<\/td>\n<td width=\"260\">JHB37<\/td>\n<\/tr>\n<tr>\n<td width=\"271\" height=\"24\">Gestaltung<\/td>\n<td width=\"260\">Runde Form<\/td>\n<\/tr>\n<tr>\n<td width=\"271\" height=\"24\">Material<\/td>\n<td width=\"260\">Keramik<\/td>\n<\/tr>\n<tr>\n<td width=\"271\" height=\"48\">Farbe<\/td>\n<td width=\"260\">Himmelblau, Mintgr\u00fcn, Rosa, Lila, Gelb<\/td>\n<\/tr>\n<tr>\n<td width=\"271\" height=\"24\">Benutzerdefiniert<\/td>\n<td width=\"260\">Farbe\/Gr\u00f6\u00dfe\/Logo\/Verpackung<\/td>\n<\/tr>\n<tr>\n<td width=\"271\" height=\"24\">MOQ<\/td>\n<td width=\"260\">500 S\u00e4tze<\/td>\n<\/tr>\n<tr>\n<td width=\"271\" height=\"24\">Dimension<\/td>\n<td width=\"260\">8,5*8,5*6cm<\/td>\n<\/tr>\n<\/tbody>\n<\/table>","protected":false},"featured_media":380,"comment_status":"open","ping_status":"closed","template":"","meta":{"_acf_changed":true},"certification":[63,64,66,58,65,61,60,62,57],"product_brand":[],"product_cat":[34,20],"product_tag":[],"class_list":{"0":"post-377","1":"product","2":"type-product","3":"status-publish","4":"has-post-thumbnail","6":"certification-amfori","7":"certification-bsci","8":"certification-cnas","9":"certification-fda","10":"certification-iaf","11":"certification-iso-14001","12":"certification-iso-45001","13":"certification-iso-9001","14":"certification-lfgb","15":"product_cat-custom-household-ceramics","16":"product_cat-ceramic-kitchenware-wholesale","18":"first","19":"instock","20":"shipping-taxable","21":"product-type-simple"},"acf":[],"_links":{"self":[{"href":"https:\/\/www.linkceramics.com\/de\/wp-json\/wp\/v2\/product\/377","targetHints":{"allow":["GET"]}}],"collection":[{"href":"https:\/\/www.linkceramics.com\/de\/wp-json\/wp\/v2\/product"}],"about":[{"href":"https:\/\/www.linkceramics.com\/de\/wp-json\/wp\/v2\/types\/product"}],"replies":[{"embeddable":true,"href":"https:\/\/www.linkceramics.com\/de\/wp-json\/wp\/v2\/comments?post=377"}],"wp:featuredmedia":[{"embeddable":true,"href":"https:\/\/www.linkceramics.com\/de\/wp-json\/wp\/v2\/media\/380"}],"wp:attachment":[{"href":"https:\/\/www.linkceramics.com\/de\/wp-json\/wp\/v2\/media?parent=377"}],"wp:term":[{"taxonomy":"certification","embeddable":true,"href":"https:\/\/www.linkceramics.com\/de\/wp-json\/wp\/v2\/certification?post=377"},{"taxonomy":"product_brand","embeddable":true,"href":"https:\/\/www.linkceramics.com\/de\/wp-json\/wp\/v2\/product_brand?post=377"},{"taxonomy":"product_cat","embeddable":true,"href":"https:\/\/www.linkceramics.com\/de\/wp-json\/wp\/v2\/product_cat?post=377"},{"taxonomy":"product_tag","embeddable":true,"href":"https:\/\/www.linkceramics.com\/de\/wp-json\/wp\/v2\/product_tag?post=377"}],"curies":[{"name":"wp","href":"https:\/\/api.w.org\/{rel}","templated":true}]}}