{"id":385,"date":"2024-12-10T02:40:28","date_gmt":"2024-12-10T02:40:28","guid":{"rendered":"https:\/\/www.linkceramics.com\/?post_type=product&#038;p=385"},"modified":"2024-12-10T02:40:29","modified_gmt":"2024-12-10T02:40:29","slug":"bulk-ceramic-plates","status":"publish","type":"product","link":"https:\/\/www.linkceramics.com\/de\/product\/bulk-ceramic-plates\/","title":{"rendered":"Exquisite Bulk-Keramik-Platten, Gro\u00dfhandel Abendessen Teller mit Relief-Muster"},"content":{"rendered":"<div class=\"wp-block-columns is-layout-flex wp-container-core-columns-is-layout-9d6595d7 wp-block-columns-is-layout-flex\">\n<div class=\"wp-block-column is-layout-flow wp-block-column-is-layout-flow\">\n<h3 class=\"wp-block-heading\">Premium Bulk-Keramik-Platten Merkmale:<\/h3>\n\n\n\n<ul class=\"wp-block-list\">\n<li><strong>Visuelle Pr\u00e4sentation:\u00a0<\/strong>Auf unseren gro\u00dfen Keramiktellern sind Pr\u00e4gemuster aufgedruckt. Es ist voll von k\u00fcnstlerischen Gef\u00fchl, und die stereoskopische Sinn des Geschirrs Textur ist etwas Besonderes, kann nicht nur den Genuss der Mahlzeiten zu verbessern, sondern auch Farben auf den Tisch zu setzen, und damit f\u00fcr eine Vielzahl von formellen und informellen Situationen geeignet.<\/li>\n\n\n\n<li><strong>Eine Vielzahl von gepr\u00e4gten Mustern zur Auswahl:\u00a0<\/strong>Ob klassische Muster oder moderne geometrische Designs, wir bieten Ihnen eine Vielzahl von Mustern f\u00fcr diese Gro\u00dfhandels-Essteller. Sie k\u00f6nnen sie nach Ihren Vorlieben und dem Stil Ihres Tisches personalisieren, um unterschiedliche \u00e4sthetische Anforderungen zu erf\u00fcllen.<\/li>\n\n\n\n<li><strong>Langlebig und leicht zu reinigen: <\/strong>Unsere gro\u00dfen Keramikplatten sind aus hochwertiger Keramik gefertigt, die hohen Temperaturen, Kratzern und Abnutzungserscheinungen standh\u00e4lt. Die Oberfl\u00e4che der Platte ist glatt und hinterl\u00e4sst keine Flecken. Die Reinigung ist einfach und sicher in der Sp\u00fclmaschine.<\/li>\n\n\n\n<li><strong>Geeignet f\u00fcr verschiedene K\u00fcchenger\u00e4te: <\/strong>Diese Gro\u00dfhandels-Essteller werden aus umweltfreundlichem, ungiftigem und gesundem keramischem Rohmaterial hergestellt. Au\u00dferdem k\u00f6nnen sie unter einem Mikrowellenherd, Ofen, K\u00fchlschrank und anderen verwendet werden. Sie k\u00f6nnen Ihre Kochbed\u00fcrfnisse in vielerlei Hinsicht erf\u00fcllen.<\/li>\n<\/ul>\n<\/div>\n\n\n\n<div class=\"wp-block-column is-layout-flow wp-block-column-is-layout-flow\">\n<figure class=\"wp-block-image size-full\"><img decoding=\"async\" width=\"1500\" height=\"1144\" src=\"https:\/\/www.linkceramics.com\/wp-content\/uploads\/2024\/11\/bulk-ceramic-plates-with-pattens-wholesale-tableware-6.webp\" alt=\"bulk-keramik-platten-mit-schablonen-gro\u00dfhandel-geschirr-6\" class=\"wp-image-391\" srcset=\"https:\/\/www.linkceramics.com\/wp-content\/uploads\/2024\/11\/bulk-ceramic-plates-with-pattens-wholesale-tableware-6.webp 1500w, https:\/\/www.linkceramics.com\/wp-content\/uploads\/2024\/11\/bulk-ceramic-plates-with-pattens-wholesale-tableware-6-300x229.webp 300w, https:\/\/www.linkceramics.com\/wp-content\/uploads\/2024\/11\/bulk-ceramic-plates-with-pattens-wholesale-tableware-6-768x586.webp 768w, https:\/\/www.linkceramics.com\/wp-content\/uploads\/2024\/11\/bulk-ceramic-plates-with-pattens-wholesale-tableware-6-1200x915.webp 1200w, https:\/\/www.linkceramics.com\/wp-content\/uploads\/2024\/11\/bulk-ceramic-plates-with-pattens-wholesale-tableware-6-600x458.webp 600w\" sizes=\"(max-width: 1500px) 100vw, 1500px\" \/><\/figure>\n<\/div>\n<\/div>","protected":false},"excerpt":{"rendered":"<div class=\"elementor-element elementor-element-12826c1 elementor-widget elementor-widget-text-editor\" data-id=\"12826c1\" data-element_type=\"widget\" data-widget_type=\"text-editor.default\">\n<div class=\"elementor-widget-container\">Willkommen im Gro\u00dfhandel Essteller zu kaufen. Mit gepr\u00e4gten Mustern von exzellentem Geschmack, verwenden unsere gro\u00dfen Keramikteller erstklassiges bleifreies Keramikmaterial und sind somit ein pragmatisches Geschirrprodukt, das den modischen Geschmack unterstreicht. Diese Teller haben eine lange Lebensdauer und k\u00f6nnen problemlos in der Mikrowelle oder in der Sp\u00fclmaschine gereinigt werden.<\/p>\n<h2>Keramische Platten Spezifikationen:<\/h2>\n<\/div>\n<\/div>\n<table border=\"0\" width=\"531\" cellspacing=\"0\" cellpadding=\"0\">\n<tbody>\n<tr>\n<td width=\"271\" height=\"24\">Hersteller<\/td>\n<td width=\"260\">JINHUA<\/td>\n<\/tr>\n<tr>\n<td width=\"271\" height=\"25\">Modell Nr.<\/td>\n<td width=\"260\">JHD-15<\/td>\n<\/tr>\n<tr>\n<td width=\"271\" height=\"24\">Gestaltung<\/td>\n<td width=\"260\">Runde Form<\/td>\n<\/tr>\n<tr>\n<td width=\"271\" height=\"24\">Material<\/td>\n<td width=\"260\">Keramik<\/td>\n<\/tr>\n<tr>\n<td width=\"271\" height=\"24\">Farbe<\/td>\n<td width=\"260\">Wei\u00df<\/td>\n<\/tr>\n<tr>\n<td width=\"271\" height=\"24\">Benutzerdefiniert<\/td>\n<td width=\"260\">Farbe\/Gr\u00f6\u00dfe\/Logo\/Verpackung<\/td>\n<\/tr>\n<tr>\n<td width=\"271\" height=\"24\">MOQ<\/td>\n<td width=\"260\">500 S\u00e4tze<\/td>\n<\/tr>\n<tr>\n<td width=\"271\" height=\"24\">Dimension<\/td>\n<td width=\"260\">20*20*3<\/td>\n<\/tr>\n<tr>\n<td width=\"271\" height=\"24\">N.W \/SET<\/td>\n<td width=\"260\">0,8\/PC<\/td>\n<\/tr>\n<\/tbody>\n<\/table>","protected":false},"featured_media":392,"comment_status":"open","ping_status":"closed","template":"","meta":{"_acf_changed":true},"certification":[63,64,66,58,65,61,60,62,57],"product_brand":[],"product_cat":[34,18],"product_tag":[],"class_list":{"0":"post-385","1":"product","2":"type-product","3":"status-publish","4":"has-post-thumbnail","6":"certification-amfori","7":"certification-bsci","8":"certification-cnas","9":"certification-fda","10":"certification-iaf","11":"certification-iso-14001","12":"certification-iso-45001","13":"certification-iso-9001","14":"certification-lfgb","15":"product_cat-custom-household-ceramics","16":"product_cat-ceramic-tableware-wholesale","18":"first","19":"instock","20":"shipping-taxable","21":"product-type-simple"},"acf":[],"_links":{"self":[{"href":"https:\/\/www.linkceramics.com\/de\/wp-json\/wp\/v2\/product\/385","targetHints":{"allow":["GET"]}}],"collection":[{"href":"https:\/\/www.linkceramics.com\/de\/wp-json\/wp\/v2\/product"}],"about":[{"href":"https:\/\/www.linkceramics.com\/de\/wp-json\/wp\/v2\/types\/product"}],"replies":[{"embeddable":true,"href":"https:\/\/www.linkceramics.com\/de\/wp-json\/wp\/v2\/comments?post=385"}],"wp:featuredmedia":[{"embeddable":true,"href":"https:\/\/www.linkceramics.com\/de\/wp-json\/wp\/v2\/media\/392"}],"wp:attachment":[{"href":"https:\/\/www.linkceramics.com\/de\/wp-json\/wp\/v2\/media?parent=385"}],"wp:term":[{"taxonomy":"certification","embeddable":true,"href":"https:\/\/www.linkceramics.com\/de\/wp-json\/wp\/v2\/certification?post=385"},{"taxonomy":"product_brand","embeddable":true,"href":"https:\/\/www.linkceramics.com\/de\/wp-json\/wp\/v2\/product_brand?post=385"},{"taxonomy":"product_cat","embeddable":true,"href":"https:\/\/www.linkceramics.com\/de\/wp-json\/wp\/v2\/product_cat?post=385"},{"taxonomy":"product_tag","embeddable":true,"href":"https:\/\/www.linkceramics.com\/de\/wp-json\/wp\/v2\/product_tag?post=385"}],"curies":[{"name":"wp","href":"https:\/\/api.w.org\/{rel}","templated":true}]}}