{"id":395,"date":"2024-12-10T02:39:52","date_gmt":"2024-12-10T02:39:52","guid":{"rendered":"https:\/\/www.linkceramics.com\/?post_type=product&#038;p=395"},"modified":"2024-12-10T02:39:53","modified_gmt":"2024-12-10T02:39:53","slug":"bathroom-accessories-set-wholesale","status":"publish","type":"product","link":"https:\/\/www.linkceramics.com\/de\/product\/bathroom-accessories-set-wholesale\/","title":{"rendered":"Bad-Accessoires Set Gro\u00dfhandel In Elegant Diamond Black"},"content":{"rendered":"<div class=\"wp-block-columns is-layout-flex wp-container-core-columns-is-layout-9d6595d7 wp-block-columns-is-layout-flex\">\n<div class=\"wp-block-column is-layout-flow wp-block-column-is-layout-flow\">\n<h3 class=\"wp-block-heading\">Premium-Keramik-Badezimmer-Accessoires Set Gro\u00dfhandel Eigenschaften:<\/h3>\n\n\n\n<ul class=\"wp-block-list\">\n<li><strong>Diamantschliff Textur:<\/strong>\u00a0Diese keramischen Bad-Accessoires Set Gro\u00dfhandel sind mit Diamantschliff Textur, die nicht nur die visuelle Wirkung des Produkts erh\u00f6ht, sondern macht auch das Produkt aussehen fortschrittlich und modisch. Der Diamantschliff Textur wird einen Brechungseffekt unter der Bestrahlung von Licht zu produzieren, so dass das Bad Raum mehr gl\u00e4nzend.<\/li>\n\n\n\n<li><strong>Einheitlicher schwarzer Farbton:<\/strong>\u00a0Diese Gro\u00dfhandels-Keramik-Badezimmer-Sets sind in reinem Schwarz gehalten, einer klassischen und vielseitigen Farbe, die sich leicht in B\u00e4der verschiedener Stilrichtungen integrieren l\u00e4sst.<\/li>\n\n\n\n<li><strong>Hochwertige keramische Materialien:<\/strong>\u00a0Diese keramischen Bad-Accessoires Set Gro\u00dfhandel sind aus hochwertigen keramischen Ton bei hohen Temperaturen gebrannt, so dass sie sehr stark und haltbar, nicht leicht zu kratzen oder zu brechen sind.<\/li>\n\n\n\n<li><strong>Funktionsweise:<\/strong>\u00a0Sorgen Sie f\u00fcr Ordnung im Badezimmer mit diesen Gro\u00dfhandels-Keramik-Badezimmer-Sets, die eine Seifenflasche, eine rutschfeste Seifenschale, einen Zahnb\u00fcrstenhalter mit mehreren F\u00e4chern und einen Mehrzweck-Keramikbecher umfassen, der zum Sp\u00fclen oder zur Aufbewahrung verwendet werden kann.<\/li>\n<\/ul>\n<\/div>\n\n\n\n<div class=\"wp-block-column is-layout-flow wp-block-column-is-layout-flow\">\n<figure class=\"wp-block-image size-full\"><img decoding=\"async\" width=\"1500\" height=\"1500\" src=\"https:\/\/www.linkceramics.com\/wp-content\/uploads\/2024\/11\/wholesale-4-piece-ceramic-bathroom-set-custom-bathroom-supplies-2.webp\" alt=\"Gro\u00dfhandel-4-teiliges-Keramik-Badezimmer-Set-individuelles-Badezimmer-Bedarf-2\" class=\"wp-image-396\" srcset=\"https:\/\/www.linkceramics.com\/wp-content\/uploads\/2024\/11\/wholesale-4-piece-ceramic-bathroom-set-custom-bathroom-supplies-2.webp 1500w, https:\/\/www.linkceramics.com\/wp-content\/uploads\/2024\/11\/wholesale-4-piece-ceramic-bathroom-set-custom-bathroom-supplies-2-300x300.webp 300w, https:\/\/www.linkceramics.com\/wp-content\/uploads\/2024\/11\/wholesale-4-piece-ceramic-bathroom-set-custom-bathroom-supplies-2-150x150.webp 150w, https:\/\/www.linkceramics.com\/wp-content\/uploads\/2024\/11\/wholesale-4-piece-ceramic-bathroom-set-custom-bathroom-supplies-2-768x768.webp 768w, https:\/\/www.linkceramics.com\/wp-content\/uploads\/2024\/11\/wholesale-4-piece-ceramic-bathroom-set-custom-bathroom-supplies-2-1200x1200.webp 1200w, https:\/\/www.linkceramics.com\/wp-content\/uploads\/2024\/11\/wholesale-4-piece-ceramic-bathroom-set-custom-bathroom-supplies-2-600x600.webp 600w, https:\/\/www.linkceramics.com\/wp-content\/uploads\/2024\/11\/wholesale-4-piece-ceramic-bathroom-set-custom-bathroom-supplies-2-100x100.webp 100w\" sizes=\"(max-width: 1500px) 100vw, 1500px\" \/><\/figure>\n<\/div>\n<\/div>\n\n\n\n<p><\/p>","protected":false},"excerpt":{"rendered":"<div class=\"elementor-element elementor-element-12826c1 elementor-widget elementor-widget-text-editor\" data-id=\"12826c1\" data-element_type=\"widget\" data-widget_type=\"text-editor.default\">\n<div class=\"elementor-widget-container\">Diese keramischen Bad-Accessoires Set Gro\u00dfhandel sind beliebt f\u00fcr ihre einzigartige und stilvolle Diamant-Schliff Textur Design, klassische schwarze Farbe, und solide Keramik-Struktur. Sie sind sowohl \u00e4sthetisch ansprechend als auch praktisch und verleihen dem Badezimmer ein modernes und hochwertiges Gef\u00fchl.<\/p>\n<h2>Bad-Accessoires-Set Spezifikationen:<\/h2>\n<\/div>\n<\/div>\n<table border=\"0\" width=\"531\" cellspacing=\"0\" cellpadding=\"0\">\n<tbody>\n<tr>\n<td width=\"271\" height=\"24\">Hersteller<\/td>\n<td width=\"260\">JINHUA<\/td>\n<\/tr>\n<tr>\n<td width=\"271\" height=\"25\">Modell Nr.<\/td>\n<td width=\"260\">JHB31<\/td>\n<\/tr>\n<tr>\n<td width=\"271\" height=\"24\">Gestaltung<\/td>\n<td width=\"260\">4-teiliges Set<\/td>\n<\/tr>\n<tr>\n<td width=\"271\" height=\"24\">Material<\/td>\n<td width=\"260\">Keramik<\/td>\n<\/tr>\n<tr>\n<td width=\"271\" height=\"24\">Farbe<\/td>\n<td width=\"260\">Schwarz<\/td>\n<\/tr>\n<tr>\n<td width=\"271\" height=\"24\">Benutzerdefiniert<\/td>\n<td width=\"260\">Farbe\/Gr\u00f6\u00dfe\/Logo\/Verpackung<\/td>\n<\/tr>\n<tr>\n<td width=\"271\" height=\"24\">MOQ<\/td>\n<td width=\"260\">500 S\u00e4tze<\/td>\n<\/tr>\n<tr>\n<td rowspan=\"4\" width=\"271\" height=\"120\">Dimension<\/td>\n<td width=\"260\">Seifenflasche: 5,6*5,6*17,5cm<\/td>\n<\/tr>\n<tr>\n<td width=\"260\">Tasse: 5.6*5.6*11.4cm<\/td>\n<\/tr>\n<tr>\n<td width=\"260\">Zahnb\u00fcrstenhalter: 5.6*5.6*11.4cm<\/td>\n<\/tr>\n<tr>\n<td width=\"260\">Seifenschale: 9.1*9.1*2.3cm<\/td>\n<\/tr>\n<\/tbody>\n<\/table>","protected":false},"featured_media":401,"comment_status":"open","ping_status":"closed","template":"","meta":{"_acf_changed":true},"certification":[63,64,66,58,65,61,60,62,57],"product_brand":[],"product_cat":[35],"product_tag":[],"class_list":{"0":"post-395","1":"product","2":"type-product","3":"status-publish","4":"has-post-thumbnail","6":"certification-amfori","7":"certification-bsci","8":"certification-cnas","9":"certification-fda","10":"certification-iaf","11":"certification-iso-14001","12":"certification-iso-45001","13":"certification-iso-9001","14":"certification-lfgb","15":"product_cat-bathroom-ceramics-supply","17":"first","18":"instock","19":"shipping-taxable","20":"product-type-simple"},"acf":[],"_links":{"self":[{"href":"https:\/\/www.linkceramics.com\/de\/wp-json\/wp\/v2\/product\/395","targetHints":{"allow":["GET"]}}],"collection":[{"href":"https:\/\/www.linkceramics.com\/de\/wp-json\/wp\/v2\/product"}],"about":[{"href":"https:\/\/www.linkceramics.com\/de\/wp-json\/wp\/v2\/types\/product"}],"replies":[{"embeddable":true,"href":"https:\/\/www.linkceramics.com\/de\/wp-json\/wp\/v2\/comments?post=395"}],"wp:featuredmedia":[{"embeddable":true,"href":"https:\/\/www.linkceramics.com\/de\/wp-json\/wp\/v2\/media\/401"}],"wp:attachment":[{"href":"https:\/\/www.linkceramics.com\/de\/wp-json\/wp\/v2\/media?parent=395"}],"wp:term":[{"taxonomy":"certification","embeddable":true,"href":"https:\/\/www.linkceramics.com\/de\/wp-json\/wp\/v2\/certification?post=395"},{"taxonomy":"product_brand","embeddable":true,"href":"https:\/\/www.linkceramics.com\/de\/wp-json\/wp\/v2\/product_brand?post=395"},{"taxonomy":"product_cat","embeddable":true,"href":"https:\/\/www.linkceramics.com\/de\/wp-json\/wp\/v2\/product_cat?post=395"},{"taxonomy":"product_tag","embeddable":true,"href":"https:\/\/www.linkceramics.com\/de\/wp-json\/wp\/v2\/product_tag?post=395"}],"curies":[{"name":"wp","href":"https:\/\/api.w.org\/{rel}","templated":true}]}}