{"id":404,"date":"2024-12-10T02:37:50","date_gmt":"2024-12-10T02:37:50","guid":{"rendered":"https:\/\/www.linkceramics.com\/?post_type=product&#038;p=404"},"modified":"2024-12-10T02:37:51","modified_gmt":"2024-12-10T02:37:51","slug":"candle-holders-in-bulk","status":"publish","type":"product","link":"https:\/\/www.linkceramics.com\/de\/product\/candle-holders-in-bulk\/","title":{"rendered":"Keramik-Kerzenhalter in Bulk, Chic Kerzenst\u00e4nder Gro\u00dfhandel mit gesprenkelten Muster"},"content":{"rendered":"<div class=\"wp-block-columns is-layout-flex wp-container-core-columns-is-layout-9d6595d7 wp-block-columns-is-layout-flex\">\n<div class=\"wp-block-column is-layout-flow wp-block-column-is-layout-flow\">\n<h3 class=\"wp-block-heading\">Premium-Kerzenst\u00e4nder in Bulk Eigenschaften:<\/h3>\n\n\n\n<ul class=\"wp-block-list\">\n<li><strong>Modisches Spotdesign, das einen Hauch von moderner Kunst vermittelt:\u00a0<\/strong>Diese Keramikkerzenhalter in gro\u00dfen Mengen haben ein modisches Punktmuster, das eine einzigartige Pers\u00f6nlichkeit und einen modernen Sinn f\u00fcr Einfachheit zeigt. Sie eignen sich f\u00fcr alle Arten von Heimdekoration, Tischdekorationen oder besondere Anl\u00e4sse und schaffen eine raffinierte und elegante Atmosph\u00e4re.<\/li>\n\n\n\n<li><strong>Hochwertiges Keramikmaterial, umweltfreundlich und langlebig:<\/strong>\u00a0Unsere Kerzenst\u00e4nder im Gro\u00dfhandel sind aus hochwertiger Keramik gefertigt, die bei hoher Temperatur gebrannt wird und eine ausgezeichnete Hitzebest\u00e4ndigkeit und Haltbarkeit aufweist. Das keramische Material ist nicht nur umweltfreundlich und ungiftig, sondern hat auch eine gute Feuchtigkeitsbest\u00e4ndigkeit, so dass das Produkt sicher und zuverl\u00e4ssig f\u00fcr den langfristigen Einsatz ist.<\/li>\n\n\n\n<li><strong>Mehrere Gr\u00f6\u00dfenoptionen, geeignet f\u00fcr verschiedene Kerzen:\u00a0<\/strong>Unsere Keramik-Kerzenhalter in gro\u00dfen Mengen bieten eine Vielzahl von Farboptionen, und die Kunden k\u00f6nnen sie flexibel an die Bed\u00fcrfnisse der verschiedenen Szenen anpassen.<\/li>\n\n\n\n<li><strong>Lieferung in gro\u00dfen Mengen, Unterst\u00fctzung der individuellen Anpassung:\u00a0<\/strong>Wir bieten einen umfangreichen Lieferservice f\u00fcr Kerzenst\u00e4nder im Gro\u00dfhandel, um den langfristigen Bedarf gewerblicher Kunden zu decken. Zur gleichen Zeit, Unterst\u00fctzung Anpassungsdienste, k\u00f6nnen Kunden die Spot-Muster Farbe und Logo nach ihrer eigenen Marke oder Projektanforderungen anpassen, um exklusive Pers\u00f6nlichkeit zu ihm hinzuzuf\u00fcgen.<\/li>\n<\/ul>\n<\/div>\n\n\n\n<div class=\"wp-block-column is-layout-flow wp-block-column-is-layout-flow\">\n<figure class=\"wp-block-image size-full\"><img decoding=\"async\" width=\"1200\" height=\"1200\" src=\"https:\/\/www.linkceramics.com\/wp-content\/uploads\/2024\/11\/candle-holder-2.webp\" alt=\"Kerzenhalter-2\" class=\"wp-image-406\" srcset=\"https:\/\/www.linkceramics.com\/wp-content\/uploads\/2024\/11\/candle-holder-2.webp 1200w, https:\/\/www.linkceramics.com\/wp-content\/uploads\/2024\/11\/candle-holder-2-300x300.webp 300w, https:\/\/www.linkceramics.com\/wp-content\/uploads\/2024\/11\/candle-holder-2-150x150.webp 150w, https:\/\/www.linkceramics.com\/wp-content\/uploads\/2024\/11\/candle-holder-2-768x768.webp 768w, https:\/\/www.linkceramics.com\/wp-content\/uploads\/2024\/11\/candle-holder-2-600x600.webp 600w, https:\/\/www.linkceramics.com\/wp-content\/uploads\/2024\/11\/candle-holder-2-100x100.webp 100w\" sizes=\"(max-width: 1200px) 100vw, 1200px\" \/><\/figure>\n<\/div>\n<\/div>","protected":false},"excerpt":{"rendered":"<div class=\"elementor-element elementor-element-12826c1 elementor-widget elementor-widget-text-editor\" data-id=\"12826c1\" data-element_type=\"widget\" data-widget_type=\"text-editor.default\">\n<div class=\"elementor-widget-container\">Willkommen zum Kauf von Kerzenhaltern im Gro\u00dfhandel. Unsere stilvollen Keramik-Kerzenhalter in loser Sch\u00fcttung verf\u00fcgen \u00fcber ein einzigartiges Punktmuster-Design, das sowohl modern als auch elegant ist und sich f\u00fcr die Dekoration bei verschiedenen Anl\u00e4ssen eignet. Hochwertiges keramisches Material sorgt f\u00fcr seine Haltbarkeit und Umweltschutz, und es ist in einer Vielzahl von Farben erh\u00e4ltlich, so dass es eine ideale Wahl f\u00fcr kommerzielle und private Nutzung.<\/p>\n<h2>Keramik-Kerzenst\u00e4nder Spezifikationen:<\/h2>\n<\/div>\n<\/div>\n<table border=\"0\" width=\"531\" cellspacing=\"0\" cellpadding=\"0\">\n<tbody>\n<tr>\n<td width=\"271\" height=\"24\">Hersteller<\/td>\n<td width=\"260\">JINHUA<\/td>\n<\/tr>\n<tr>\n<td width=\"271\" height=\"25\">Modell Nr.<\/td>\n<td width=\"260\">JHB31<\/td>\n<\/tr>\n<tr>\n<td width=\"271\" height=\"24\">Gestaltung<\/td>\n<td width=\"260\">4-teiliges Set<\/td>\n<\/tr>\n<tr>\n<td width=\"271\" height=\"24\">Material<\/td>\n<td width=\"260\">Keramik<\/td>\n<\/tr>\n<tr>\n<td width=\"271\" height=\"24\">Farbe<\/td>\n<td width=\"260\">Schwarz<\/td>\n<\/tr>\n<tr>\n<td width=\"271\" height=\"24\">Benutzerdefiniert<\/td>\n<td width=\"260\">Farbe\/Gr\u00f6\u00dfe\/Logo\/Verpackung<\/td>\n<\/tr>\n<tr>\n<td width=\"271\" height=\"24\">MOQ<\/td>\n<td width=\"260\">500 S\u00e4tze<\/td>\n<\/tr>\n<tr>\n<td rowspan=\"4\" width=\"271\" height=\"120\">Dimension<\/td>\n<td width=\"260\">Seifenflasche: 5,6*5,6*17,5cm<\/td>\n<\/tr>\n<tr>\n<td width=\"260\">Tasse: 5.6*5.6*11.4cm<\/td>\n<\/tr>\n<tr>\n<td width=\"260\">Zahnb\u00fcrstenhalter: 5.6*5.6*11.4cm<\/td>\n<\/tr>\n<tr>\n<td width=\"260\">Seifenschale: 9.1*9.1*2.3cm<\/td>\n<\/tr>\n<\/tbody>\n<\/table>","protected":false},"featured_media":405,"comment_status":"open","ping_status":"closed","template":"","meta":{"_acf_changed":true},"certification":[63,64,66,58,65,61,60,62,57],"product_brand":[],"product_cat":[37,16],"product_tag":[],"class_list":{"0":"post-404","1":"product","2":"type-product","3":"status-publish","4":"has-post-thumbnail","6":"certification-amfori","7":"certification-bsci","8":"certification-cnas","9":"certification-fda","10":"certification-iaf","11":"certification-iso-14001","12":"certification-iso-45001","13":"certification-iso-9001","14":"certification-lfgb","15":"product_cat-decorative-ceramic-wholesale","16":"product_cat-ceramic-candle-holder","18":"first","19":"instock","20":"shipping-taxable","21":"product-type-simple"},"acf":[],"_links":{"self":[{"href":"https:\/\/www.linkceramics.com\/de\/wp-json\/wp\/v2\/product\/404","targetHints":{"allow":["GET"]}}],"collection":[{"href":"https:\/\/www.linkceramics.com\/de\/wp-json\/wp\/v2\/product"}],"about":[{"href":"https:\/\/www.linkceramics.com\/de\/wp-json\/wp\/v2\/types\/product"}],"replies":[{"embeddable":true,"href":"https:\/\/www.linkceramics.com\/de\/wp-json\/wp\/v2\/comments?post=404"}],"wp:featuredmedia":[{"embeddable":true,"href":"https:\/\/www.linkceramics.com\/de\/wp-json\/wp\/v2\/media\/405"}],"wp:attachment":[{"href":"https:\/\/www.linkceramics.com\/de\/wp-json\/wp\/v2\/media?parent=404"}],"wp:term":[{"taxonomy":"certification","embeddable":true,"href":"https:\/\/www.linkceramics.com\/de\/wp-json\/wp\/v2\/certification?post=404"},{"taxonomy":"product_brand","embeddable":true,"href":"https:\/\/www.linkceramics.com\/de\/wp-json\/wp\/v2\/product_brand?post=404"},{"taxonomy":"product_cat","embeddable":true,"href":"https:\/\/www.linkceramics.com\/de\/wp-json\/wp\/v2\/product_cat?post=404"},{"taxonomy":"product_tag","embeddable":true,"href":"https:\/\/www.linkceramics.com\/de\/wp-json\/wp\/v2\/product_tag?post=404"}],"curies":[{"name":"wp","href":"https:\/\/api.w.org\/{rel}","templated":true}]}}