{"id":412,"date":"2024-12-05T09:50:19","date_gmt":"2024-12-05T09:50:19","guid":{"rendered":"https:\/\/www.linkceramics.com\/?post_type=product&#038;p=412"},"modified":"2024-12-05T09:50:20","modified_gmt":"2024-12-05T09:50:20","slug":"clay-cutting-machine","status":"publish","type":"product","link":"https:\/\/www.linkceramics.com\/de\/product\/clay-cutting-machine\/","title":{"rendered":"Automatische Lehmschneidemaschine f\u00fcr Pug Mill"},"content":{"rendered":"<h3 class=\"wp-block-heading\"><strong>Lehmschneidemaschine Parameter:<\/strong><\/h3>\n\n\n\n<figure class=\"wp-block-table\"><table class=\"has-fixed-layout\"><tbody><tr><td>Modell<\/td><td>Max. Lehmdurchmesser(cm)<\/td><td>Abmessung (lxbxh)<\/td><td>Gewicht (kg)<\/td><\/tr><tr><td>250<\/td><td>25cm<\/td><td>190x70x140cm(h)<\/td><td>300<\/td><\/tr><tr><td>350<\/td><td>35cm<\/td><td>190x80x145cm(h)<\/td><td>400<\/td><\/tr><tr><td>500<\/td><td>50cm<\/td><td>190x100x150cm(h)<\/td><td>500<\/td><\/tr><\/tbody><\/table><\/figure>","protected":false},"excerpt":{"rendered":"<div class=\"elementor-element elementor-element-e8e3df8 elementor-widget elementor-widget-woocommerce-product-short-description\" data-id=\"e8e3df8\" data-element_type=\"widget\" data-widget_type=\"woocommerce-product-short-description.default\">\n<div class=\"elementor-widget-container\">\n<div class=\"woocommerce-product-details__short-description\">Die automatische Tonschneidemaschine der Yutai Factory, die mit einer Tonschneidem\u00fchle kombiniert werden kann, ist eine effiziente Produktionslinie f\u00fcr keramischen Schlamm. Die Tonschneidemaschine stellt die Tonl\u00e4nge entsprechend dem Bedarf ein, und die Maschine schneidet automatisch, um Effizienz zu gew\u00e4hrleisten.<\/p>\n<h2>Alles aus einer Hand f\u00fcr den Tonschnitt\u00a0<strong>Maschine<\/strong>:<\/h2>\n<ol>\n<li>Fabrikpreis: Wir sind ein Hersteller von keramischen Maschinen und bieten kosteng\u00fcnstige Maschinen zur Herstellung von keramischem Ton an. Bitte kontaktieren Sie uns, um den Fabrikpreis zu erhalten.<\/li>\n<li>Technische Unterst\u00fctzung: Professionelle technische Anleitung und mechanische Installation, mit Videoanleitungen f\u00fcr eine schnelle Nutzung des Produkts<\/li>\n<li>Ersatzteile: Eine Reihe von Original-Ersatzteilen liefern.<\/li>\n<li>Unterst\u00fctzung nach dem Kauf: 24-Stunden-Online-Hilfe, um sicherzustellen, dass Sie mit der Tonschneidem\u00fchle zufrieden sind und dass sie reibungslos in Ihrer Produktionslinie eingesetzt wird.<\/li>\n<\/ol>\n<\/div>\n<\/div>\n<\/div>\n<div class=\"elementor-element elementor-element-713ad46 elementor-widget elementor-widget-text-editor\" data-id=\"713ad46\" data-element_type=\"widget\" data-widget_type=\"text-editor.default\">\n<div class=\"elementor-widget-container\">Als f\u00fchrender Hersteller von Keramikmaschinen widmet sich Yutai der Bereitstellung ausgezeichneter Keramikgeschirrmaschinen und Dienstleistungen, um den Erfolg seiner Kunden zu f\u00f6rdern.<\/div>\n<\/div>","protected":false},"featured_media":414,"comment_status":"open","ping_status":"closed","template":"","meta":{"_acf_changed":true},"certification":[59,61,60,62],"product_brand":[],"product_cat":[39,40],"product_tag":[],"class_list":{"0":"post-412","1":"product","2":"type-product","3":"status-publish","4":"has-post-thumbnail","6":"certification-ce","7":"certification-iso-14001","8":"certification-iso-45001","9":"certification-iso-9001","10":"product_cat-ceramic-machinery","11":"product_cat-ceramic-machines","13":"first","14":"instock","15":"shipping-taxable","16":"product-type-simple"},"acf":[],"_links":{"self":[{"href":"https:\/\/www.linkceramics.com\/de\/wp-json\/wp\/v2\/product\/412","targetHints":{"allow":["GET"]}}],"collection":[{"href":"https:\/\/www.linkceramics.com\/de\/wp-json\/wp\/v2\/product"}],"about":[{"href":"https:\/\/www.linkceramics.com\/de\/wp-json\/wp\/v2\/types\/product"}],"replies":[{"embeddable":true,"href":"https:\/\/www.linkceramics.com\/de\/wp-json\/wp\/v2\/comments?post=412"}],"wp:featuredmedia":[{"embeddable":true,"href":"https:\/\/www.linkceramics.com\/de\/wp-json\/wp\/v2\/media\/414"}],"wp:attachment":[{"href":"https:\/\/www.linkceramics.com\/de\/wp-json\/wp\/v2\/media?parent=412"}],"wp:term":[{"taxonomy":"certification","embeddable":true,"href":"https:\/\/www.linkceramics.com\/de\/wp-json\/wp\/v2\/certification?post=412"},{"taxonomy":"product_brand","embeddable":true,"href":"https:\/\/www.linkceramics.com\/de\/wp-json\/wp\/v2\/product_brand?post=412"},{"taxonomy":"product_cat","embeddable":true,"href":"https:\/\/www.linkceramics.com\/de\/wp-json\/wp\/v2\/product_cat?post=412"},{"taxonomy":"product_tag","embeddable":true,"href":"https:\/\/www.linkceramics.com\/de\/wp-json\/wp\/v2\/product_tag?post=412"}],"curies":[{"name":"wp","href":"https:\/\/api.w.org\/{rel}","templated":true}]}}