{"id":415,"date":"2024-12-10T02:34:22","date_gmt":"2024-12-10T02:34:22","guid":{"rendered":"https:\/\/www.linkceramics.com\/?post_type=product&#038;p=415"},"modified":"2024-12-10T02:34:24","modified_gmt":"2024-12-10T02:34:24","slug":"auto-grinding-and-polish-machine","status":"publish","type":"product","link":"https:\/\/www.linkceramics.com\/de\/product\/auto-grinding-and-polish-machine\/","title":{"rendered":"Automatische Schleif- und Poliermaschine f\u00fcr Keramikgeschirr"},"content":{"rendered":"<div class=\"wp-block-columns is-layout-flex wp-container-core-columns-is-layout-9d6595d7 wp-block-columns-is-layout-flex\">\n<div class=\"wp-block-column is-layout-flow wp-block-column-is-layout-flow\">\n<h3 class=\"wp-block-heading\"><strong>Auto-Schleif- und Poliermaschine Parameter:<\/strong><\/h3>\n\n\n\n<figure class=\"wp-block-table\"><table class=\"has-fixed-layout\"><tbody><tr><td>Modell<\/td><td>130<\/td><td>105<\/td><\/tr><tr><td>Max. Formgr\u00f6\u00dfe<\/td><td>0305mm<\/td><td>0270mm<\/td><\/tr><tr><td>Kapazit\u00e4t<\/td><td>20St\u00fcck\/m<\/td><td>20St\u00fcck\/m<\/td><\/tr><tr><td>Leistung(kw)<\/td><td>3,48kw\/380v<\/td><td>1,83 kW\/380 V<\/td><\/tr><tr><td>Abmessung (lxbxh)<\/td><td>158x130x130(h)<\/td><td>130x105x130(h)<\/td><\/tr><tr><td>Bahnh\u00f6fe<\/td><td>10<\/td><td>10<\/td><\/tr><\/tbody><\/table><\/figure>\n<\/div>\n\n\n\n<div class=\"wp-block-column is-layout-flow wp-block-column-is-layout-flow\">\n<figure class=\"wp-block-embed is-type-video is-provider-youtube wp-block-embed-youtube wp-embed-aspect-16-9 wp-has-aspect-ratio\"><div class=\"wp-block-embed__wrapper\">\n<iframe title=\"Automatische Schleif- und Poliermaschine f\u00fcr Keramikgeschirr\" width=\"500\" height=\"281\" src=\"https:\/\/www.youtube.com\/embed\/4vGomwSVayg?start=4&#038;feature=oembed\" frameborder=\"0\" allow=\"accelerometer; autoplay; clipboard-write; encrypted-media; gyroscope; picture-in-picture; web-share\" referrerpolicy=\"strict-origin-when-cross-origin\" allowfullscreen><\/iframe>\n<\/div><\/figure>\n<\/div>\n<\/div>\n\n\n\n<h3 class=\"wp-block-heading\"><strong>Automatische Schleif- und Poliermaschine Merkmale:<\/strong><\/h3>\n\n\n\n<p><strong>Verbesserte Produktqualit\u00e4t<\/strong>: Erzielt eine hohe Qualit\u00e4t durch das Schleifen und Polieren der Kanten und B\u00f6den von Keramikgeschirr.<\/p>\n\n\n\n<p><strong>Hoher Wirkungsgrad<\/strong>: Ausgestattet mit zwei Arbeitsk\u00f6pfen, die gleichzeitig an den Innen- und Au\u00dfenfl\u00e4chen arbeiten.<\/p>\n\n\n\n<p><strong>Automatisierung<\/strong>: Das vollautomatische System rationalisiert den Endbearbeitungsprozess, verf\u00fcgt \u00fcber einfache Bedienelemente und automatische Einstellungen, die die Bedienung erleichtern.<\/p>\n\n\n\n<p><strong>Senkung der Arbeitskosten<\/strong>: Durch die Automatisierung des Schleif- und Polierprozesses reduziert diese Maschine den Bedarf an manueller Arbeit.<\/p>","protected":false},"excerpt":{"rendered":"<div class=\"elementor-element elementor-element-e8e3df8 elementor-widget elementor-widget-woocommerce-product-short-description\" data-id=\"e8e3df8\" data-element_type=\"widget\" data-widget_type=\"woocommerce-product-short-description.default\">\n<div class=\"elementor-widget-container\">\n<div class=\"woocommerce-product-details__short-description\">Fabrik Direktvertrieb, bieten Fabrik Preis kundenspezifische L\u00f6sung. Diese automatische Schleif- und Poliermaschine wird verwendet, um die Kanten von Schlamm auf Tassen, Schalen, Teller, Tassen und Untertassen zu trimmen.<\/p>\n<h2>Alles aus einer Hand f\u00fcr automatische Schleif- und Poliermaschinen:<\/h2>\n<ol>\n<li>Fabrikpreis: Als Hersteller von keramischen Maschinen bieten wir kosteng\u00fcnstige Tonschneidemaschinen an. Bitte kontaktieren Sie uns, um den Fabrikpreis zu erhalten.<\/li>\n<li>Technische Unterst\u00fctzung: Professionelle technische Anleitung und mechanische Installation, mit Videoanleitungen f\u00fcr eine schnelle Nutzung des Produkts<\/li>\n<li>Ersatzteile: Eine Reihe von Original-Ersatzteilen liefern.<\/li>\n<li>Unterst\u00fctzung nach dem Kauf: 24-Stunden-Online-Hilfe, um sicherzustellen, dass Sie mit der automatischen Schleif- und Poliermaschine zufrieden sind und dass sie reibungslos in Ihrer Produktionslinie eingesetzt wird.<\/li>\n<\/ol>\n<\/div>\n<\/div>\n<\/div>\n<div class=\"elementor-element elementor-element-713ad46 elementor-widget elementor-widget-text-editor\" data-id=\"713ad46\" data-element_type=\"widget\" data-widget_type=\"text-editor.default\">\n<div class=\"elementor-widget-container\">Als f\u00fchrender Hersteller von Keramikmaschinen widmet sich Yutai der Bereitstellung ausgezeichneter Keramikgeschirrmaschinen und Dienstleistungen, um den Erfolg seiner Kunden zu f\u00f6rdern.<\/div>\n<\/div>","protected":false},"featured_media":417,"comment_status":"open","ping_status":"closed","template":"","meta":{"_acf_changed":true},"certification":[59,61,60,62],"product_brand":[],"product_cat":[39,40],"product_tag":[],"class_list":{"0":"post-415","1":"product","2":"type-product","3":"status-publish","4":"has-post-thumbnail","6":"certification-ce","7":"certification-iso-14001","8":"certification-iso-45001","9":"certification-iso-9001","10":"product_cat-ceramic-machinery","11":"product_cat-ceramic-machines","13":"first","14":"instock","15":"shipping-taxable","16":"product-type-simple"},"acf":[],"_links":{"self":[{"href":"https:\/\/www.linkceramics.com\/de\/wp-json\/wp\/v2\/product\/415","targetHints":{"allow":["GET"]}}],"collection":[{"href":"https:\/\/www.linkceramics.com\/de\/wp-json\/wp\/v2\/product"}],"about":[{"href":"https:\/\/www.linkceramics.com\/de\/wp-json\/wp\/v2\/types\/product"}],"replies":[{"embeddable":true,"href":"https:\/\/www.linkceramics.com\/de\/wp-json\/wp\/v2\/comments?post=415"}],"wp:featuredmedia":[{"embeddable":true,"href":"https:\/\/www.linkceramics.com\/de\/wp-json\/wp\/v2\/media\/417"}],"wp:attachment":[{"href":"https:\/\/www.linkceramics.com\/de\/wp-json\/wp\/v2\/media?parent=415"}],"wp:term":[{"taxonomy":"certification","embeddable":true,"href":"https:\/\/www.linkceramics.com\/de\/wp-json\/wp\/v2\/certification?post=415"},{"taxonomy":"product_brand","embeddable":true,"href":"https:\/\/www.linkceramics.com\/de\/wp-json\/wp\/v2\/product_brand?post=415"},{"taxonomy":"product_cat","embeddable":true,"href":"https:\/\/www.linkceramics.com\/de\/wp-json\/wp\/v2\/product_cat?post=415"},{"taxonomy":"product_tag","embeddable":true,"href":"https:\/\/www.linkceramics.com\/de\/wp-json\/wp\/v2\/product_tag?post=415"}],"curies":[{"name":"wp","href":"https:\/\/api.w.org\/{rel}","templated":true}]}}