{"id":426,"date":"2024-12-09T10:43:56","date_gmt":"2024-12-09T10:43:56","guid":{"rendered":"https:\/\/www.linkceramics.com\/?post_type=product&#038;p=426"},"modified":"2024-12-09T10:43:57","modified_gmt":"2024-12-09T10:43:57","slug":"glaze-line","status":"publish","type":"product","link":"https:\/\/www.linkceramics.com\/de\/product\/glaze-line\/","title":{"rendered":"Automatische Glasuranlage f\u00fcr keramische Spritzglasuren"},"content":{"rendered":"<div class=\"wp-block-columns is-layout-flex wp-container-core-columns-is-layout-9d6595d7 wp-block-columns-is-layout-flex\">\n<div class=\"wp-block-column is-layout-flow wp-block-column-is-layout-flow\">\n<h3 class=\"wp-block-heading\"><strong>Glasur-Linie<\/strong>\u00a0<strong>Merkmale:<\/strong><\/h3>\n\n\n\n<p>Durch Vorheizen des Produkts und Rotation im Arbeitsprozess wird die Auto-Glasur-Linie verwendet, um die Glasur in allen Winkeln des Produkts zu spr\u00fchen, die f\u00fcr alle Porzellan und Knochen China und sekund\u00e4ren gebrannten keramischen Sch\u00e4den, sowie die erste gebrannte Schlamm Sch\u00e4den geeignet ist. Spray Glasur ist einheitlich, hohe Effizienz, und reduziert die Arbeitskosten.<\/p>\n<\/div>\n\n\n\n<div class=\"wp-block-column is-layout-flow wp-block-column-is-layout-flow\">\n<figure class=\"wp-block-image size-full\"><img decoding=\"async\" width=\"1014\" height=\"1014\" src=\"https:\/\/www.linkceramics.com\/wp-content\/uploads\/2024\/11\/auto-glaze-line3.webp\" alt=\"auto-glaze-line3\" class=\"wp-image-430\" srcset=\"https:\/\/www.linkceramics.com\/wp-content\/uploads\/2024\/11\/auto-glaze-line3.webp 1014w, https:\/\/www.linkceramics.com\/wp-content\/uploads\/2024\/11\/auto-glaze-line3-300x300.webp 300w, https:\/\/www.linkceramics.com\/wp-content\/uploads\/2024\/11\/auto-glaze-line3-150x150.webp 150w, https:\/\/www.linkceramics.com\/wp-content\/uploads\/2024\/11\/auto-glaze-line3-768x768.webp 768w, https:\/\/www.linkceramics.com\/wp-content\/uploads\/2024\/11\/auto-glaze-line3-600x600.webp 600w, https:\/\/www.linkceramics.com\/wp-content\/uploads\/2024\/11\/auto-glaze-line3-100x100.webp 100w\" sizes=\"(max-width: 1014px) 100vw, 1014px\" \/><\/figure>\n<\/div>\n<\/div>\n\n\n\n<div class=\"wp-block-columns is-layout-flex wp-container-core-columns-is-layout-9d6595d7 wp-block-columns-is-layout-flex\">\n<div class=\"wp-block-column is-layout-flow wp-block-column-is-layout-flow\">\n<h3 class=\"wp-block-heading\"><strong>Parameter der Glasurlinie<\/strong><\/h3>\n\n\n\n<figure class=\"wp-block-table\"><table class=\"has-fixed-layout\"><tbody><tr><td>Modell<\/td><td>12<\/td><\/tr><tr><td>Max. Umformung Gr\u00f6\u00dfe (cm)<\/td><td>Durchmesser 35 x 20 cm (H)<\/td><\/tr><tr><td>Kapazit\u00e4t<\/td><td>900-1800 St\u00fcck\/h<\/td><\/tr><tr><td>Leistung(kw)<\/td><td>15kw<\/td><\/tr><tr><td>Abmessung (lxbxh)<\/td><td>11,5\u00d74,5\u00d73 m(h)<\/td><\/tr><tr><td>Gewicht (kg)<\/td><td>5000<\/td><\/tr><\/tbody><\/table><\/figure>\n<\/div>\n\n\n\n<div class=\"wp-block-column is-layout-flow wp-block-column-is-layout-flow\">\n<figure class=\"wp-block-image size-full\"><img decoding=\"async\" width=\"730\" height=\"732\" src=\"https:\/\/www.linkceramics.com\/wp-content\/uploads\/2024\/11\/auto-glaze-line.webp\" alt=\"Auto-Glasur-Linie\" class=\"wp-image-429\" srcset=\"https:\/\/www.linkceramics.com\/wp-content\/uploads\/2024\/11\/auto-glaze-line.webp 730w, https:\/\/www.linkceramics.com\/wp-content\/uploads\/2024\/11\/auto-glaze-line-300x300.webp 300w, https:\/\/www.linkceramics.com\/wp-content\/uploads\/2024\/11\/auto-glaze-line-150x150.webp 150w, https:\/\/www.linkceramics.com\/wp-content\/uploads\/2024\/11\/auto-glaze-line-600x602.webp 600w, https:\/\/www.linkceramics.com\/wp-content\/uploads\/2024\/11\/auto-glaze-line-100x100.webp 100w\" sizes=\"(max-width: 730px) 100vw, 730px\" \/><\/figure>\n<\/div>\n<\/div>","protected":false},"excerpt":{"rendered":"<div class=\"elementor-element elementor-element-e8e3df8 elementor-widget elementor-widget-woocommerce-product-short-description\" data-id=\"e8e3df8\" data-element_type=\"widget\" data-widget_type=\"woocommerce-product-short-description.default\">\n<div class=\"elementor-widget-container\">\n<div class=\"woocommerce-product-details__short-description\">Automatische Glasurlinie, die das Vorw\u00e4rmen, das Aufspr\u00fchen der Glasur und den Trocknungsprozess von Keramikprodukten erm\u00f6glicht. Yutai Ceramic Machine Factory bietet jedem Kunden Anpassungs- und Installationsdienste zu Vorzugspreisen.<\/p>\n<h2>One-Stop-L\u00f6sung f\u00fcr die Glasurlinie:<\/h2>\n<ol>\n<li>Fabrikpreis: Als Hersteller von keramischen Maschinen bieten wir eine kosteneffektive Glasurlinie an. Bitte kontaktieren Sie uns, um den Fabrikpreis zu erfahren.<\/li>\n<li>Technische Unterst\u00fctzung: Professionelle technische Anleitung und mechanische Installation, mit Videoanleitungen f\u00fcr eine schnelle Nutzung des Produkts<\/li>\n<li>Ersatzteile: Eine Reihe von Original-Ersatzteilen liefern.<\/li>\n<li>Unterst\u00fctzung nach dem Kauf: 24-Stunden-Online-Hilfe, um sicherzustellen, dass Sie mit der Glasuranlage zufrieden sind und dass sie reibungslos in Ihrer Produktionslinie eingesetzt wird.<\/li>\n<\/ol>\n<\/div>\n<\/div>\n<\/div>\n<div class=\"elementor-element elementor-element-713ad46 elementor-widget elementor-widget-text-editor\" data-id=\"713ad46\" data-element_type=\"widget\" data-widget_type=\"text-editor.default\">\n<div class=\"elementor-widget-container\">Als f\u00fchrender Hersteller von Keramikmaschinen widmet sich Yutai der Bereitstellung ausgezeichneter Keramikgeschirrmaschinen und Dienstleistungen, um den Erfolg seiner Kunden zu f\u00f6rdern.<\/div>\n<\/div>","protected":false},"featured_media":430,"comment_status":"open","ping_status":"closed","template":"","meta":{"_acf_changed":true},"certification":[59,61,60,62],"product_brand":[],"product_cat":[39,40],"product_tag":[],"class_list":{"0":"post-426","1":"product","2":"type-product","3":"status-publish","4":"has-post-thumbnail","6":"certification-ce","7":"certification-iso-14001","8":"certification-iso-45001","9":"certification-iso-9001","10":"product_cat-ceramic-machinery","11":"product_cat-ceramic-machines","13":"first","14":"instock","15":"shipping-taxable","16":"product-type-simple"},"acf":[],"_links":{"self":[{"href":"https:\/\/www.linkceramics.com\/de\/wp-json\/wp\/v2\/product\/426","targetHints":{"allow":["GET"]}}],"collection":[{"href":"https:\/\/www.linkceramics.com\/de\/wp-json\/wp\/v2\/product"}],"about":[{"href":"https:\/\/www.linkceramics.com\/de\/wp-json\/wp\/v2\/types\/product"}],"replies":[{"embeddable":true,"href":"https:\/\/www.linkceramics.com\/de\/wp-json\/wp\/v2\/comments?post=426"}],"wp:featuredmedia":[{"embeddable":true,"href":"https:\/\/www.linkceramics.com\/de\/wp-json\/wp\/v2\/media\/430"}],"wp:attachment":[{"href":"https:\/\/www.linkceramics.com\/de\/wp-json\/wp\/v2\/media?parent=426"}],"wp:term":[{"taxonomy":"certification","embeddable":true,"href":"https:\/\/www.linkceramics.com\/de\/wp-json\/wp\/v2\/certification?post=426"},{"taxonomy":"product_brand","embeddable":true,"href":"https:\/\/www.linkceramics.com\/de\/wp-json\/wp\/v2\/product_brand?post=426"},{"taxonomy":"product_cat","embeddable":true,"href":"https:\/\/www.linkceramics.com\/de\/wp-json\/wp\/v2\/product_cat?post=426"},{"taxonomy":"product_tag","embeddable":true,"href":"https:\/\/www.linkceramics.com\/de\/wp-json\/wp\/v2\/product_tag?post=426"}],"curies":[{"name":"wp","href":"https:\/\/api.w.org\/{rel}","templated":true}]}}