{"id":431,"date":"2024-12-09T10:25:44","date_gmt":"2024-12-09T10:25:44","guid":{"rendered":"https:\/\/www.linkceramics.com\/?post_type=product&#038;p=431"},"modified":"2024-12-09T10:25:45","modified_gmt":"2024-12-09T10:25:45","slug":"roller-kiln","status":"publish","type":"product","link":"https:\/\/www.linkceramics.com\/de\/product\/roller-kiln\/","title":{"rendered":"Automatischer keramischer Rollenofen Maschine Fabrikpreis"},"content":{"rendered":"<div class=\"wp-block-columns is-layout-flex wp-container-core-columns-is-layout-9d6595d7 wp-block-columns-is-layout-flex\">\n<div class=\"wp-block-column is-layout-flow wp-block-column-is-layout-flow\">\n<h3 class=\"wp-block-heading\"><strong>Merkmale des Rollenofens<\/strong><\/h3>\n\n\n\n<p>Pr\u00e4zise Temperaturregelung: Die integrierte Mikrocomputer-PID (Proportional-Integral-Derivativ)-Temperaturregelung gew\u00e4hrleistet eine pr\u00e4zise und stabile Temperaturregelung w\u00e4hrend des gesamten Brennvorgangs.<\/p>\n\n\n\n<p>Hohe Effizienz: Durch den kontinuierlichen Betrieb und die kontrollierten Brennzyklen bieten Rollen\u00f6fen einen hohen Durchsatz und eine hohe Produktivit\u00e4t und erm\u00f6glichen so eine Produktion in gro\u00dfem Ma\u00dfstab mit minimalen Ausfallzeiten.<\/p>\n<\/div>\n\n\n\n<div class=\"wp-block-column is-layout-flow wp-block-column-is-layout-flow\">\n<figure class=\"wp-block-image size-full\"><img decoding=\"async\" width=\"1280\" height=\"1280\" src=\"https:\/\/www.linkceramics.com\/wp-content\/uploads\/2024\/11\/roller-kiln3.webp\" alt=\"Walzen-Kiln3\" class=\"wp-image-434\" srcset=\"https:\/\/www.linkceramics.com\/wp-content\/uploads\/2024\/11\/roller-kiln3.webp 1280w, https:\/\/www.linkceramics.com\/wp-content\/uploads\/2024\/11\/roller-kiln3-300x300.webp 300w, https:\/\/www.linkceramics.com\/wp-content\/uploads\/2024\/11\/roller-kiln3-150x150.webp 150w, https:\/\/www.linkceramics.com\/wp-content\/uploads\/2024\/11\/roller-kiln3-768x768.webp 768w, https:\/\/www.linkceramics.com\/wp-content\/uploads\/2024\/11\/roller-kiln3-1200x1200.webp 1200w, https:\/\/www.linkceramics.com\/wp-content\/uploads\/2024\/11\/roller-kiln3-600x600.webp 600w, https:\/\/www.linkceramics.com\/wp-content\/uploads\/2024\/11\/roller-kiln3-100x100.webp 100w\" sizes=\"(max-width: 1280px) 100vw, 1280px\" \/><\/figure>\n<\/div>\n<\/div>","protected":false},"excerpt":{"rendered":"<div class=\"elementor-element elementor-element-e8e3df8 elementor-widget elementor-widget-woocommerce-product-short-description\" data-id=\"e8e3df8\" data-element_type=\"widget\" data-widget_type=\"woocommerce-product-short-description.default\">\n<div class=\"elementor-widget-container\">\n<div class=\"woocommerce-product-details__short-description\">Als Hersteller von Rollen\u00f6fen bietet Yutai technische Unterst\u00fctzung und ma\u00dfgeschneiderte L\u00f6sungen an. Hochwertige, langlebige Maschinen und eine PID-Programmautomatisierung gew\u00e4hrleisten eine pr\u00e4zise Temperaturregelung und eine effiziente Produktion.<\/p>\n<h2>Alles aus einer Hand f\u00fcr Rollen\u00f6fen :<\/h2>\n<ol>\n<li>Individuell angepasst: Unterst\u00fctzung f\u00fcr kundenspezifische Ausr\u00fcstungsteile, kundenspezifisches Zubeh\u00f6r und kundenspezifische Anwendungen<\/li>\n<li>Unterst\u00fctzung des Layout-Designs:  Entsprechend dem Fabrikbereich, dem Produktionsplan und der Kapitalinvestition, bieten wir professionelle Design- und Layoutdienstleistungen an.<\/li>\n<li>Technische Unterst\u00fctzung und Service: Hochqualifizierte Techniker montieren Ihre Maschinen und bieten Videoschulungen und technischen Support.<\/li>\n<\/ol>\n<\/div>\n<\/div>\n<\/div>\n<div class=\"elementor-element elementor-element-713ad46 elementor-widget elementor-widget-text-editor\" data-id=\"713ad46\" data-element_type=\"widget\" data-widget_type=\"text-editor.default\">\n<div class=\"elementor-widget-container\">Als f\u00fchrender Hersteller von Keramikmaschinen widmet sich Yutai der Bereitstellung ausgezeichneter Keramikgeschirrmaschinen und Dienstleistungen, um den Erfolg seiner Kunden zu f\u00f6rdern.<\/div>\n<\/div>","protected":false},"featured_media":434,"comment_status":"open","ping_status":"closed","template":"","meta":{"_acf_changed":true},"certification":[59,61,60,62],"product_brand":[],"product_cat":[39,40],"product_tag":[],"class_list":{"0":"post-431","1":"product","2":"type-product","3":"status-publish","4":"has-post-thumbnail","6":"certification-ce","7":"certification-iso-14001","8":"certification-iso-45001","9":"certification-iso-9001","10":"product_cat-ceramic-machinery","11":"product_cat-ceramic-machines","13":"first","14":"instock","15":"shipping-taxable","16":"product-type-simple"},"acf":[],"_links":{"self":[{"href":"https:\/\/www.linkceramics.com\/de\/wp-json\/wp\/v2\/product\/431","targetHints":{"allow":["GET"]}}],"collection":[{"href":"https:\/\/www.linkceramics.com\/de\/wp-json\/wp\/v2\/product"}],"about":[{"href":"https:\/\/www.linkceramics.com\/de\/wp-json\/wp\/v2\/types\/product"}],"replies":[{"embeddable":true,"href":"https:\/\/www.linkceramics.com\/de\/wp-json\/wp\/v2\/comments?post=431"}],"wp:featuredmedia":[{"embeddable":true,"href":"https:\/\/www.linkceramics.com\/de\/wp-json\/wp\/v2\/media\/434"}],"wp:attachment":[{"href":"https:\/\/www.linkceramics.com\/de\/wp-json\/wp\/v2\/media?parent=431"}],"wp:term":[{"taxonomy":"certification","embeddable":true,"href":"https:\/\/www.linkceramics.com\/de\/wp-json\/wp\/v2\/certification?post=431"},{"taxonomy":"product_brand","embeddable":true,"href":"https:\/\/www.linkceramics.com\/de\/wp-json\/wp\/v2\/product_brand?post=431"},{"taxonomy":"product_cat","embeddable":true,"href":"https:\/\/www.linkceramics.com\/de\/wp-json\/wp\/v2\/product_cat?post=431"},{"taxonomy":"product_tag","embeddable":true,"href":"https:\/\/www.linkceramics.com\/de\/wp-json\/wp\/v2\/product_tag?post=431"}],"curies":[{"name":"wp","href":"https:\/\/api.w.org\/{rel}","templated":true}]}}