{"id":436,"date":"2024-12-09T10:14:55","date_gmt":"2024-12-09T10:14:55","guid":{"rendered":"https:\/\/www.linkceramics.com\/?post_type=product&#038;p=436"},"modified":"2024-12-09T10:24:38","modified_gmt":"2024-12-09T10:24:38","slug":"ceramic-pad-printer","status":"publish","type":"product","link":"https:\/\/www.linkceramics.com\/de\/product\/ceramic-pad-printer\/","title":{"rendered":"2-4farbiger automatischer Keramik-Tampondrucker f\u00fcr den Keramikdruck"},"content":{"rendered":"<div class=\"wp-block-columns is-layout-flex wp-container-core-columns-is-layout-9d6595d7 wp-block-columns-is-layout-flex\">\n<div class=\"wp-block-column is-layout-flow wp-block-column-is-layout-flow\">\n<h3 class=\"wp-block-heading\"><strong>Merkmale des Tampondruckers<\/strong><\/h3>\n\n\n\n<p>Vielseitigkeit: Geeignet f\u00fcr den Druck auf einer Vielzahl von keramischen Oberfl\u00e4chen, einschlie\u00dflich flacher, gekr\u00fcmmter und unregelm\u00e4\u00dfiger Formen, innen und au\u00dfen Keramik. Und kann auf gedruckte Keramik Tassen, Teller, Schl\u00e4ge, und alle Gerichte angewendet werden.<\/p>\n\n\n\n<p>Mehrfarbiger Druck und anpassbar: Es unterst\u00fctzt den Mehrfarbendruck, einschlie\u00dflich 2- und 4-Farben-Optionen. Au\u00dferdem lassen sich Druckdesigns und -muster individuell anpassen, um den Kundenanforderungen und Markttrends gerecht zu werden.<\/p>\n<\/div>\n\n\n\n<div class=\"wp-block-column is-layout-flow wp-block-column-is-layout-flow\">\n<figure class=\"wp-block-embed is-type-video is-provider-youtube wp-block-embed-youtube wp-embed-aspect-16-9 wp-has-aspect-ratio\"><div class=\"wp-block-embed__wrapper\">\n<iframe title=\"Tampondruck\" width=\"500\" height=\"281\" src=\"https:\/\/www.youtube.com\/embed\/TkmTveFmIrY?feature=oembed\" frameborder=\"0\" allow=\"accelerometer; autoplay; clipboard-write; encrypted-media; gyroscope; picture-in-picture; web-share\" referrerpolicy=\"strict-origin-when-cross-origin\" allowfullscreen><\/iframe>\n<\/div><\/figure>\n<\/div>\n<\/div>\n\n\n\n<div class=\"wp-block-columns is-layout-flex wp-container-core-columns-is-layout-9d6595d7 wp-block-columns-is-layout-flex\">\n<div class=\"wp-block-column is-layout-flow wp-block-column-is-layout-flow\">\n<h3 class=\"wp-block-heading\"><strong>Parameter des Tampondruckers<\/strong><\/h3>\n\n\n\n<figure class=\"wp-block-table\"><table class=\"has-fixed-layout\"><tbody><tr><td>Modell<\/td><td>2 Farben<\/td><td>4Farben<\/td><\/tr><tr><td>Druckh\u00f6he<\/td><td>25-35cm<\/td><td>25-35cm<\/td><\/tr><tr><td>Max. Druckfl\u00e4che<\/td><td>40x40cm<\/td><td>40x40cm<\/td><\/tr><tr><td>Gr\u00f6\u00dfe der Farbplatte<\/td><td>75\u00d755 cm<\/td><td>75\u00d755 cm<\/td><\/tr><tr><td>Leistung(kw)<\/td><td>1,5kw\/22ov<\/td><td>1,5 kW<\/td><\/tr><tr><td>Abmessung (lxbxh)<\/td><td>200x65x220cm(h)<\/td><td>220x130x220cm(h)<\/td><\/tr><tr><td>Geschwindigkeit<\/td><td>600-800 St\u00fcck\/Std.<\/td><td>600-800 St\u00fcck\/Std.<\/td><\/tr><tr><td>Gewicht (kg)<\/td><td>500kgs<\/td><td>1200kgs<\/td><\/tr><\/tbody><\/table><\/figure>\n<\/div>\n\n\n\n<div class=\"wp-block-column is-layout-flow wp-block-column-is-layout-flow\">\n<figure class=\"wp-block-image size-full\"><img decoding=\"async\" width=\"1276\" height=\"1276\" src=\"https:\/\/www.linkceramics.com\/wp-content\/uploads\/2024\/11\/pad-printer5.webp\" alt=\"Tampondrucker5\" class=\"wp-image-445\" srcset=\"https:\/\/www.linkceramics.com\/wp-content\/uploads\/2024\/11\/pad-printer5.webp 1276w, https:\/\/www.linkceramics.com\/wp-content\/uploads\/2024\/11\/pad-printer5-300x300.webp 300w, https:\/\/www.linkceramics.com\/wp-content\/uploads\/2024\/11\/pad-printer5-150x150.webp 150w, https:\/\/www.linkceramics.com\/wp-content\/uploads\/2024\/11\/pad-printer5-768x768.webp 768w, https:\/\/www.linkceramics.com\/wp-content\/uploads\/2024\/11\/pad-printer5-1200x1200.webp 1200w, https:\/\/www.linkceramics.com\/wp-content\/uploads\/2024\/11\/pad-printer5-600x600.webp 600w, https:\/\/www.linkceramics.com\/wp-content\/uploads\/2024\/11\/pad-printer5-100x100.webp 100w\" sizes=\"(max-width: 1276px) 100vw, 1276px\" \/><\/figure>\n<\/div>\n<\/div>\n\n\n\n<p><\/p>","protected":false},"excerpt":{"rendered":"<div class=\"elementor-element elementor-element-e8e3df8 elementor-widget elementor-widget-woocommerce-product-short-description\" data-id=\"e8e3df8\" data-element_type=\"widget\" data-widget_type=\"woocommerce-product-short-description.default\">\n<div class=\"elementor-widget-container\">\n<div class=\"woocommerce-product-details__short-description\">Keramische Tampondruckmaschine mit 2-4 Farben, geeignet f\u00fcr keramische Tassen, Schalen und Tellerdruck. Wir bieten Fabrikpreise und kundenspezifische technische Dienstleistungen f\u00fcr Sie.<\/p>\n<h2>Alles aus einer Hand f\u00fcr Tampondrucker :<\/h2>\n<ol>\n<li>Anpassung: Unterst\u00fctzung von kundenspezifischen Ger\u00e4teteilen, kundenspezifischem Zubeh\u00f6r und kundenspezifischen Anwendungen<\/li>\n<li>Unterst\u00fctzung Layout-Beratung:  Nach der Fabrik Bereich, Produktionsplan, und Kapitalanlage, bieten professionelle Druckger\u00e4te Layout Beratung.<\/li>\n<li>Technische Unterst\u00fctzung: Wir bieten kontinuierlichen technischen Support, um alle Probleme oder Fragen zu kl\u00e4ren, die w\u00e4hrend des Betriebs der Maschine auftreten k\u00f6nnen.<\/li>\n<\/ol>\n<\/div>\n<\/div>\n<\/div>\n<div class=\"elementor-element elementor-element-713ad46 elementor-widget elementor-widget-text-editor\" data-id=\"713ad46\" data-element_type=\"widget\" data-widget_type=\"text-editor.default\">\n<div class=\"elementor-widget-container\">Als f\u00fchrender Hersteller von Keramikmaschinen widmet sich Yutai der Bereitstellung ausgezeichneter Keramikgeschirrmaschinen und Dienstleistungen, um den Erfolg seiner Kunden zu f\u00f6rdern.<\/div>\n<\/div>","protected":false},"featured_media":445,"comment_status":"open","ping_status":"closed","template":"","meta":{"_acf_changed":true},"certification":[59,61,60,62],"product_brand":[],"product_cat":[39,40],"product_tag":[],"class_list":{"0":"post-436","1":"product","2":"type-product","3":"status-publish","4":"has-post-thumbnail","6":"certification-ce","7":"certification-iso-14001","8":"certification-iso-45001","9":"certification-iso-9001","10":"product_cat-ceramic-machinery","11":"product_cat-ceramic-machines","13":"first","14":"instock","15":"shipping-taxable","16":"product-type-simple"},"acf":[],"_links":{"self":[{"href":"https:\/\/www.linkceramics.com\/de\/wp-json\/wp\/v2\/product\/436","targetHints":{"allow":["GET"]}}],"collection":[{"href":"https:\/\/www.linkceramics.com\/de\/wp-json\/wp\/v2\/product"}],"about":[{"href":"https:\/\/www.linkceramics.com\/de\/wp-json\/wp\/v2\/types\/product"}],"replies":[{"embeddable":true,"href":"https:\/\/www.linkceramics.com\/de\/wp-json\/wp\/v2\/comments?post=436"}],"wp:featuredmedia":[{"embeddable":true,"href":"https:\/\/www.linkceramics.com\/de\/wp-json\/wp\/v2\/media\/445"}],"wp:attachment":[{"href":"https:\/\/www.linkceramics.com\/de\/wp-json\/wp\/v2\/media?parent=436"}],"wp:term":[{"taxonomy":"certification","embeddable":true,"href":"https:\/\/www.linkceramics.com\/de\/wp-json\/wp\/v2\/certification?post=436"},{"taxonomy":"product_brand","embeddable":true,"href":"https:\/\/www.linkceramics.com\/de\/wp-json\/wp\/v2\/product_brand?post=436"},{"taxonomy":"product_cat","embeddable":true,"href":"https:\/\/www.linkceramics.com\/de\/wp-json\/wp\/v2\/product_cat?post=436"},{"taxonomy":"product_tag","embeddable":true,"href":"https:\/\/www.linkceramics.com\/de\/wp-json\/wp\/v2\/product_tag?post=436"}],"curies":[{"name":"wp","href":"https:\/\/api.w.org\/{rel}","templated":true}]}}