{"id":447,"date":"2024-12-09T09:54:39","date_gmt":"2024-12-09T09:54:39","guid":{"rendered":"https:\/\/www.linkceramics.com\/?post_type=product&#038;p=447"},"modified":"2024-12-09T09:54:40","modified_gmt":"2024-12-09T09:54:40","slug":"ceramic-bottom-grinder","status":"publish","type":"product","link":"https:\/\/www.linkceramics.com\/de\/product\/ceramic-bottom-grinder\/","title":{"rendered":"Factory-Direct Keramik Bodenschleifer Tassen Schalen Glatt Polierer"},"content":{"rendered":"<div class=\"wp-block-columns is-layout-flex wp-container-core-columns-is-layout-9d6595d7 wp-block-columns-is-layout-flex\">\n<div class=\"wp-block-column is-layout-flow wp-block-column-is-layout-flow\">\n<h3 class=\"wp-block-heading\"><strong>Eigenschaften von Keramik-Bodenschleifern<\/strong><\/h3>\n\n\n\n<p>Pr\u00e4zisionsschleifen: Speziell f\u00fcr Keramikb\u00f6den entwickelt, um glatte und gleichm\u00e4\u00dfige Oberfl\u00e4chen zu gew\u00e4hrleisten und die Produktqualit\u00e4t und das Aussehen zu verbessern.<\/p>\n\n\n\n<p>Hohe Produktionseffizienz: Der automatisierte Schleifprozess verbessert die Produktionseffizienz und reduziert manuelle Eingriffe und Zeitkosten.<\/p>\n\n\n\n<p>Einstellbarkeit: Einstellbare Schleiftiefe und -geschwindigkeit zur Erf\u00fcllung individueller Kundenanforderungen f\u00fcr unterschiedliche Produkte.<\/p>\n<\/div>\n\n\n\n<div class=\"wp-block-column is-layout-flow wp-block-column-is-layout-flow\">\n<figure class=\"wp-block-embed is-type-video is-provider-youtube wp-block-embed-youtube wp-embed-aspect-16-9 wp-has-aspect-ratio\"><div class=\"wp-block-embed__wrapper\">\n<iframe title=\"Wie macht man einen Keramikboden glatt?\" width=\"500\" height=\"281\" src=\"https:\/\/www.youtube.com\/embed\/W_4sH7umxI0?feature=oembed\" frameborder=\"0\" allow=\"accelerometer; autoplay; clipboard-write; encrypted-media; gyroscope; picture-in-picture; web-share\" referrerpolicy=\"strict-origin-when-cross-origin\" allowfullscreen><\/iframe>\n<\/div><\/figure>\n<\/div>\n<\/div>\n\n\n\n<div class=\"wp-block-columns is-layout-flex wp-container-core-columns-is-layout-9d6595d7 wp-block-columns-is-layout-flex\">\n<div class=\"wp-block-column is-layout-flow wp-block-column-is-layout-flow\">\n<h3 class=\"wp-block-heading\"><strong>Parameter der keramischen Bodenschleifmaschine<\/strong><\/h3>\n\n\n\n<figure class=\"wp-block-table\"><table class=\"has-fixed-layout\"><tbody><tr><td colspan=\"2\">Modell<\/td><td>400<\/td><\/tr><tr><td colspan=\"2\">Durchmesser der Maschen (cm)<\/td><td>75x90x80cm(h)<\/td><\/tr><tr><td colspan=\"2\">Leistung(kw)<\/td><td>200W<\/td><\/tr><tr><td colspan=\"2\">Gewicht (kg)<\/td><td>50kgs<\/td><\/tr><\/tbody><\/table><\/figure>\n<\/div>\n\n\n\n<div class=\"wp-block-column is-layout-flow wp-block-column-is-layout-flow\">\n<figure class=\"wp-block-image size-full\"><img decoding=\"async\" width=\"640\" height=\"640\" src=\"https:\/\/www.linkceramics.com\/wp-content\/uploads\/2024\/11\/ceramic-bottom-grinder7.webp\" alt=\"Keramik-Boden-Mahlwerk7\" class=\"wp-image-453\" srcset=\"https:\/\/www.linkceramics.com\/wp-content\/uploads\/2024\/11\/ceramic-bottom-grinder7.webp 640w, https:\/\/www.linkceramics.com\/wp-content\/uploads\/2024\/11\/ceramic-bottom-grinder7-300x300.webp 300w, https:\/\/www.linkceramics.com\/wp-content\/uploads\/2024\/11\/ceramic-bottom-grinder7-150x150.webp 150w, https:\/\/www.linkceramics.com\/wp-content\/uploads\/2024\/11\/ceramic-bottom-grinder7-600x600.webp 600w, https:\/\/www.linkceramics.com\/wp-content\/uploads\/2024\/11\/ceramic-bottom-grinder7-100x100.webp 100w\" sizes=\"(max-width: 640px) 100vw, 640px\" \/><\/figure>\n<\/div>\n<\/div>","protected":false},"excerpt":{"rendered":"<div class=\"elementor-element elementor-element-e8e3df8 elementor-widget elementor-widget-woocommerce-product-short-description\" data-id=\"e8e3df8\" data-element_type=\"widget\" data-widget_type=\"woocommerce-product-short-description.default\">\n<div class=\"elementor-widget-container\">\n<div class=\"woocommerce-product-details__short-description\">Die manuelle Bodenschleifmaschine f\u00fcr Keramik wird zum Schleifen und Entgraten des Bodens von gebrannten Keramiktellern, Sch\u00fcsseln, Bechern, Tassen und Untertassen usw. mit einer Wasserzirkulationsvorrichtung verwendet, um Staub zu vermeiden.<\/p>\n<h2>Alles aus einer Hand f\u00fcr keramische Bodenschleifer :<\/h2>\n<ol>\n<li>Individuell angepasst: Unterst\u00fctzung f\u00fcr kundenspezifische Ausr\u00fcstungsteile, kundenspezifisches Zubeh\u00f6r und kundenspezifische Anwendungen<\/li>\n<li>Schulungsunterst\u00fctzung: Wir bieten Schulungen und technische Unterst\u00fctzung an, um sicherzustellen, dass die Kunden die Ger\u00e4te sachkundig bedienen und warten k\u00f6nnen.<\/li>\n<li>Ersatzteilversorgung: Bereitstellung von Original-Ersatzteilen, um sicherzustellen, dass die Kunden jederzeit Zugang zu hochwertigen Ersatzteilen und Verbrauchsmaterialien haben.<\/li>\n<\/ol>\n<\/div>\n<\/div>\n<\/div>\n<div class=\"elementor-element elementor-element-713ad46 elementor-widget elementor-widget-text-editor\" data-id=\"713ad46\" data-element_type=\"widget\" data-widget_type=\"text-editor.default\">\n<div class=\"elementor-widget-container\">Als f\u00fchrender Hersteller von Keramikmaschinen widmet sich Yutai der Bereitstellung ausgezeichneter Keramikgeschirrmaschinen und Dienstleistungen, um den Erfolg seiner Kunden zu f\u00f6rdern.<\/div>\n<\/div>","protected":false},"featured_media":453,"comment_status":"open","ping_status":"closed","template":"","meta":{"_acf_changed":true},"certification":[59,61,60,62],"product_brand":[],"product_cat":[39,40],"product_tag":[],"class_list":{"0":"post-447","1":"product","2":"type-product","3":"status-publish","4":"has-post-thumbnail","6":"certification-ce","7":"certification-iso-14001","8":"certification-iso-45001","9":"certification-iso-9001","10":"product_cat-ceramic-machinery","11":"product_cat-ceramic-machines","13":"first","14":"instock","15":"shipping-taxable","16":"product-type-simple"},"acf":[],"_links":{"self":[{"href":"https:\/\/www.linkceramics.com\/de\/wp-json\/wp\/v2\/product\/447","targetHints":{"allow":["GET"]}}],"collection":[{"href":"https:\/\/www.linkceramics.com\/de\/wp-json\/wp\/v2\/product"}],"about":[{"href":"https:\/\/www.linkceramics.com\/de\/wp-json\/wp\/v2\/types\/product"}],"replies":[{"embeddable":true,"href":"https:\/\/www.linkceramics.com\/de\/wp-json\/wp\/v2\/comments?post=447"}],"wp:featuredmedia":[{"embeddable":true,"href":"https:\/\/www.linkceramics.com\/de\/wp-json\/wp\/v2\/media\/453"}],"wp:attachment":[{"href":"https:\/\/www.linkceramics.com\/de\/wp-json\/wp\/v2\/media?parent=447"}],"wp:term":[{"taxonomy":"certification","embeddable":true,"href":"https:\/\/www.linkceramics.com\/de\/wp-json\/wp\/v2\/certification?post=447"},{"taxonomy":"product_brand","embeddable":true,"href":"https:\/\/www.linkceramics.com\/de\/wp-json\/wp\/v2\/product_brand?post=447"},{"taxonomy":"product_cat","embeddable":true,"href":"https:\/\/www.linkceramics.com\/de\/wp-json\/wp\/v2\/product_cat?post=447"},{"taxonomy":"product_tag","embeddable":true,"href":"https:\/\/www.linkceramics.com\/de\/wp-json\/wp\/v2\/product_tag?post=447"}],"curies":[{"name":"wp","href":"https:\/\/api.w.org\/{rel}","templated":true}]}}