{"id":460,"date":"2024-12-09T09:45:33","date_gmt":"2024-12-09T09:45:33","guid":{"rendered":"https:\/\/www.linkceramics.com\/?post_type=product&#038;p=460"},"modified":"2024-12-09T09:46:23","modified_gmt":"2024-12-09T09:46:23","slug":"wholesale-decorative-ceramic-birds","status":"publish","type":"product","link":"https:\/\/www.linkceramics.com\/de\/product\/wholesale-decorative-ceramic-birds\/","title":{"rendered":"Gro\u00dfhandel dekorative keramische V\u00f6gel, exquisite keramische V\u00f6gel Dekor zu verkaufen"},"content":{"rendered":"<h3 class=\"wp-block-heading\">Parameter der dekorativen keramischen V\u00f6gel<\/h3>\n\n\n\n<figure class=\"wp-block-table\"><table class=\"has-fixed-layout\"><tbody><tr><td>Modell<\/td><td>Produktname<\/td><td>Farbe<\/td><td>Material<\/td><td>Verwendet<\/td><td>Abmessungen<\/td><td>Gewicht<\/td><\/tr><tr><td>A29051-LB24-A01<\/td><td>Stehender Vogel aus Keramik<\/td><td>Leuchtendes Gelb<\/td><td>Keramik<\/td><td>Wohnkultur, Wohnzimmer<\/td><td>T:12,5X24 cm<\/td><td>0,6kg\/PC<\/td><\/tr><tr><td>A29052-LB24-A01<\/td><td>Kauernder Vogel aus Keramik<\/td><td>Leuchtendes Gelb<\/td><td>Keramik<\/td><td>Wohnkultur, Wohnzimmer<\/td><td>14,5X12X16,5 cm<\/td><td>0,6kg\/PC<\/td><\/tr><tr><td>A29053-LB24-A01<\/td><td>Keramischer Nistvogel<\/td><td>Leuchtendes Gelb<\/td><td>Keramik<\/td><td>Wohnkultur, Wohnzimmer<\/td><td>14X9,5X10 cm<\/td><td>0,3kg\/PC<\/td><\/tr><\/tbody><\/table><\/figure>\n\n\n\n<div class=\"wp-block-columns is-layout-flex wp-container-core-columns-is-layout-9d6595d7 wp-block-columns-is-layout-flex\">\n<div class=\"wp-block-column is-layout-flow wp-block-column-is-layout-flow\">\n<figure class=\"wp-block-image size-full\"><img decoding=\"async\" width=\"768\" height=\"640\" src=\"https:\/\/www.linkceramics.com\/wp-content\/uploads\/2024\/11\/Wholesale-Decorative-Ceramic-Birds-2-768x640.jpg.webp\" alt=\"Gro\u00dfhandel-Dekorative-Keramik-V\u00f6gel-2-768x640.jpg\" class=\"wp-image-466\" srcset=\"https:\/\/www.linkceramics.com\/wp-content\/uploads\/2024\/11\/Wholesale-Decorative-Ceramic-Birds-2-768x640.jpg.webp 768w, https:\/\/www.linkceramics.com\/wp-content\/uploads\/2024\/11\/Wholesale-Decorative-Ceramic-Birds-2-768x640.jpg-300x250.webp 300w, https:\/\/www.linkceramics.com\/wp-content\/uploads\/2024\/11\/Wholesale-Decorative-Ceramic-Birds-2-768x640.jpg-600x500.webp 600w\" sizes=\"(max-width: 768px) 100vw, 768px\" \/><\/figure>\n<\/div>\n\n\n\n<div class=\"wp-block-column is-layout-flow wp-block-column-is-layout-flow\">\n<figure class=\"wp-block-image size-full\"><img decoding=\"async\" width=\"768\" height=\"639\" src=\"https:\/\/www.linkceramics.com\/wp-content\/uploads\/2024\/11\/Wholesale-Decorative-Ceramic-Birds-1-768x639.jpg.webp\" alt=\"Gro\u00dfhandel-Dekorative-Keramik-V\u00f6gel-1-768x639.jpg\" class=\"wp-image-465\" srcset=\"https:\/\/www.linkceramics.com\/wp-content\/uploads\/2024\/11\/Wholesale-Decorative-Ceramic-Birds-1-768x639.jpg.webp 768w, https:\/\/www.linkceramics.com\/wp-content\/uploads\/2024\/11\/Wholesale-Decorative-Ceramic-Birds-1-768x639.jpg-300x250.webp 300w, https:\/\/www.linkceramics.com\/wp-content\/uploads\/2024\/11\/Wholesale-Decorative-Ceramic-Birds-1-768x639.jpg-600x499.webp 600w\" sizes=\"(max-width: 768px) 100vw, 768px\" \/><\/figure>\n<\/div>\n<\/div>","protected":false},"excerpt":{"rendered":"<div id=\"brxe-raacbk\" class=\"brxe-product-meta product_meta\"><span class=\"item\"><span class=\"prefix\">Tags:\u00a0<\/span><span class=\"text\"><a href=\"https:\/\/www.santai-ceramics.com\/product-tag\/ceramic-animal-figurines\/\">Keramische Tierfiguren<\/a>,\u00a0<a href=\"https:\/\/www.santai-ceramics.com\/product-tag\/ceramice-decor\/\">Keramisches Dekor<\/a><\/span><\/span><\/div>\n<div id=\"brxe-wvqoix\" class=\"brxe-product-short-description brxe-text-basic\">\n<div class=\"woocommerce-product-details__short-description\">\n<p data-pm-slice=\"0 0 []\">Wir bieten exquisite Vogeldekoration aus Keramik an. Alle dekorativen Keramikv\u00f6gel sind aus hochwertiger Keramik mit einer glatten und zarten Oberfl\u00e4che hergestellt und eignen sich f\u00fcr die Pr\u00e4sentation zu Hause, in Restaurants, Caf\u00e9s usw. Als <a href=\"https:\/\/www.santai-ceramics.com\/\" target=\"_blank\" rel=\"noopener\"><strong>Hersteller von Dekorationskeramik<\/strong><\/a>Wir bieten sehr wettbewerbsf\u00e4hige Gro\u00dfhandelspreise an, die f\u00fcr gro\u00dfe Bestellungen geeignet sind und Ihnen helfen, mehr Gewinn zu erzielen. Wir freuen uns, wenn B2B-K\u00e4ufer mit uns Kontakt aufnehmen.<\/p>\n<h2>Eigenschaften von dekorativen Keramikv\u00f6geln<\/h2>\n<p><strong>Lebendiger Ausdruck:<\/strong> Diese Serie von keramischen Vogeldekorationen hat drei Formen, und die Kombination der verschiedenen Formen erh\u00f6ht die visuelle Schichtung und das Interesse.<br \/><strong>Gelbes Keramikmaterial:<\/strong> Dieser dekorative Keramikvogel besteht aus leuchtend gelber Keramik, die nicht nur W\u00e4rme und Lebendigkeit in die h\u00e4usliche Umgebung bringt, sondern auch seine Haltbarkeit und Textur gew\u00e4hrleistet und sein exquisites Aussehen f\u00fcr eine lange Zeit beibeh\u00e4lt.<br \/><strong>Leicht zu kombinieren und an eine Vielzahl von Stilen anzupassen:<\/strong> Dieser dekorative Keramikvogel hat ein einfaches und pers\u00f6nliches Design. Ob es moderne Einfachheit oder retro pastoralen Stil ist, kann es perfekt in Ihr Zuhause Stil zu integrieren.<br \/><strong>Personalisierte Anpassung:<\/strong> Als professioneller Hersteller von Keramikdekoration bieten wir Ihnen die M\u00f6glichkeit der Personalisierung und unterst\u00fctzen Sie bei der Anpassung von verschiedenen Farben, Stilen und Gr\u00f6\u00dfen, um Ihre unterschiedlichen Bed\u00fcrfnisse zu erf\u00fcllen und Ihre Marke zu st\u00e4rken.<\/div>\n<\/div>","protected":false},"featured_media":466,"comment_status":"open","ping_status":"closed","template":"","meta":{"_acf_changed":true},"certification":[63,64,66,65,61,60,62],"product_brand":[],"product_cat":[37,38],"product_tag":[],"class_list":{"0":"post-460","1":"product","2":"type-product","3":"status-publish","4":"has-post-thumbnail","6":"certification-amfori","7":"certification-bsci","8":"certification-cnas","9":"certification-iaf","10":"certification-iso-14001","11":"certification-iso-45001","12":"certification-iso-9001","13":"product_cat-decorative-ceramic-wholesale","14":"product_cat-custom-ceramic-ornament","16":"first","17":"instock","18":"shipping-taxable","19":"product-type-simple"},"acf":[],"_links":{"self":[{"href":"https:\/\/www.linkceramics.com\/de\/wp-json\/wp\/v2\/product\/460","targetHints":{"allow":["GET"]}}],"collection":[{"href":"https:\/\/www.linkceramics.com\/de\/wp-json\/wp\/v2\/product"}],"about":[{"href":"https:\/\/www.linkceramics.com\/de\/wp-json\/wp\/v2\/types\/product"}],"replies":[{"embeddable":true,"href":"https:\/\/www.linkceramics.com\/de\/wp-json\/wp\/v2\/comments?post=460"}],"wp:featuredmedia":[{"embeddable":true,"href":"https:\/\/www.linkceramics.com\/de\/wp-json\/wp\/v2\/media\/466"}],"wp:attachment":[{"href":"https:\/\/www.linkceramics.com\/de\/wp-json\/wp\/v2\/media?parent=460"}],"wp:term":[{"taxonomy":"certification","embeddable":true,"href":"https:\/\/www.linkceramics.com\/de\/wp-json\/wp\/v2\/certification?post=460"},{"taxonomy":"product_brand","embeddable":true,"href":"https:\/\/www.linkceramics.com\/de\/wp-json\/wp\/v2\/product_brand?post=460"},{"taxonomy":"product_cat","embeddable":true,"href":"https:\/\/www.linkceramics.com\/de\/wp-json\/wp\/v2\/product_cat?post=460"},{"taxonomy":"product_tag","embeddable":true,"href":"https:\/\/www.linkceramics.com\/de\/wp-json\/wp\/v2\/product_tag?post=460"}],"curies":[{"name":"wp","href":"https:\/\/api.w.org\/{rel}","templated":true}]}}