{"id":467,"date":"2024-12-09T09:42:58","date_gmt":"2024-12-09T09:42:58","guid":{"rendered":"https:\/\/www.linkceramics.com\/?post_type=product&#038;p=467"},"modified":"2024-12-09T09:42:59","modified_gmt":"2024-12-09T09:42:59","slug":"custom-art-deco-plant-pot","status":"publish","type":"product","link":"https:\/\/www.linkceramics.com\/de\/product\/custom-art-deco-plant-pot\/","title":{"rendered":"Custom Large Vintage Art Deco Plant Pot: Einzigartige Designs f\u00fcr stilvolle Innen- und Au\u00dfendekoration"},"content":{"rendered":"<h3 class=\"wp-block-heading\">Parameter von Art Deco Pflanzentopf<\/h3>\n\n\n\n<figure class=\"wp-block-table\"><table class=\"has-fixed-layout\"><tbody><tr><td>Modell<\/td><td>Produktname<\/td><td>Farbe<\/td><td>Material<\/td><td>Verwendet<\/td><td>Abmessungen<\/td><td>Gewicht<\/td><\/tr><tr><td>J37579-H911-A01<\/td><td>Pflanzer aus Faserzement&nbsp;<\/td><td>Antikes Dunkelviolett<\/td><td>Faserzement<\/td><td>Wohnkultur, Wohnzimmer, Garten<\/td><td>T:32,5X47,5cm<\/td><td>6.9kg\/PC<\/td><\/tr><tr><td>J37579-H911-A02<\/td><td>Pflanzer aus Faserzement&nbsp;<\/td><td>Antikes Dunkelviolett<\/td><td>Faserzement<\/td><td>Wohnkultur, Wohnzimmer, Garten<\/td><td>T:29X39cm<\/td><td>5,6kg\/PC<\/td><\/tr><\/tbody><\/table><\/figure>\n\n\n\n<div class=\"wp-block-columns is-layout-flex wp-container-core-columns-is-layout-9d6595d7 wp-block-columns-is-layout-flex\">\n<div class=\"wp-block-column is-layout-flow wp-block-column-is-layout-flow\">\n<figure class=\"wp-block-image size-full\"><img decoding=\"async\" width=\"1500\" height=\"1249\" src=\"https:\/\/www.linkceramics.com\/wp-content\/uploads\/2024\/11\/art-deco-plant-pot-1.jpg\" alt=\"Kunst-Deko-Pflanzen-Topf-1\" class=\"wp-image-468\" srcset=\"https:\/\/www.linkceramics.com\/wp-content\/uploads\/2024\/11\/art-deco-plant-pot-1.jpg 1500w, https:\/\/www.linkceramics.com\/wp-content\/uploads\/2024\/11\/art-deco-plant-pot-1-300x250.jpg 300w, https:\/\/www.linkceramics.com\/wp-content\/uploads\/2024\/11\/art-deco-plant-pot-1-768x639.jpg 768w, https:\/\/www.linkceramics.com\/wp-content\/uploads\/2024\/11\/art-deco-plant-pot-1-1200x999.jpg 1200w, https:\/\/www.linkceramics.com\/wp-content\/uploads\/2024\/11\/art-deco-plant-pot-1-600x500.jpg 600w\" sizes=\"(max-width: 1500px) 100vw, 1500px\" \/><\/figure>\n<\/div>\n\n\n\n<div class=\"wp-block-column is-layout-flow wp-block-column-is-layout-flow\">\n<figure class=\"wp-block-image size-full\"><img decoding=\"async\" width=\"768\" height=\"639\" src=\"https:\/\/www.linkceramics.com\/wp-content\/uploads\/2024\/11\/art-deco-plant-pot-3-768x639-1.jpg\" alt=\"art-deco-plant-pot-3-768x639\" class=\"wp-image-469\" srcset=\"https:\/\/www.linkceramics.com\/wp-content\/uploads\/2024\/11\/art-deco-plant-pot-3-768x639-1.jpg 768w, https:\/\/www.linkceramics.com\/wp-content\/uploads\/2024\/11\/art-deco-plant-pot-3-768x639-1-300x250.jpg 300w, https:\/\/www.linkceramics.com\/wp-content\/uploads\/2024\/11\/art-deco-plant-pot-3-768x639-1-600x499.jpg 600w\" sizes=\"(max-width: 768px) 100vw, 768px\" \/><\/figure>\n<\/div>\n<\/div>","protected":false},"excerpt":{"rendered":"<p data-pm-slice=\"0 0 []\">Art Deco Plant Pot factory direct sales, dieser anpassbare Pflanzk\u00fcbel verf\u00fcgt \u00fcber ein Retro-Design, das Eleganz und Zweckm\u00e4\u00dfigkeit perfekt verbindet. Hergestellt aus hochwertigem Faserzement Materialien, gew\u00e4hrleistet es Haltbarkeit und Funktionalit\u00e4t, so dass es eine ideale Wahl f\u00fcr Gartenliebhaber und kommerzielle Kunden.<\/p>\n<h2>Eigenschaften von Art Deco Plant Pot<\/h2>\n<p><strong>Nachahmung der Textur von Naturstein:<\/strong> Die Oberfl\u00e4che dieses Art-D\u00e9co-Pflanzgef\u00e4\u00dfes hat eine einzigartige raue Struktur, die die Einfachheit und Beschaffenheit von Naturstein zeigt. Diese nat\u00fcrliche Textur und Haptik tr\u00e4gt nicht nur zur Authentizit\u00e4t des Produkts bei, sondern ist auch perfekt f\u00fcr Gartenliebhaber, die nat\u00fcrliche Sch\u00f6nheit suchen.<br \/><strong>Retro-Stil:<\/strong> Das einzigartige Design beinhaltet einen starken Retro-Stil und zeigt eine klassische Sch\u00f6nheit. Ob in modernen H\u00e4usern oder klassischen Dekorationen, es kann leicht integriert werden, um den Stil und die Atmosph\u00e4re des Raumes zu verbessern.<br \/><strong>Ausgepr\u00e4gter Sinn f\u00fcr Kunst:<\/strong> Die unregelm\u00e4\u00dfige Struktur und die gesprenkelte Oberfl\u00e4che verleihen dem Vintage-Pflanztopf eine starke k\u00fcnstlerische Atmosph\u00e4re und verleihen ihm einen einzigartigen Charme wie ein Kunstwerk, das sich f\u00fcr G\u00e4rten, H\u00f6fe und die Inneneinrichtung eignet.<br \/><strong>Stabile Struktur:<\/strong> Unser Pflanzentopf hat eine schwere und solide Form, und seine Stabilit\u00e4t gew\u00e4hrleistet eine sichere Wachstumsumgebung f\u00fcr Pflanzen. Gute Haltbarkeit erm\u00f6glicht es, einen guten Zustand f\u00fcr eine lange Zeit im Freien, Wind und Sonne Widerstand, sicherzustellen, dass Ihre Pflanzen in verschiedenen Wetterbedingungen gedeihen.<br \/><strong>OEM- und ODM-Service f\u00fcr kundenspezifische Pflanzgef\u00e4\u00dfe:<\/strong> Wir bieten flexible OEM- und ODM-Dienstleistungen f\u00fcr kundenspezifische Pflanzgef\u00e4\u00dfe. Wir bieten eine breite Palette von Materialien und Verfahren, darunter Gusszement, Faserzement und Ton. Ganz gleich, ob Sie eine bestimmte Gr\u00f6\u00dfe, Farbe oder einzigartige Textur ben\u00f6tigen, unser Team kann Ihnen helfen, einen einzigartigen individuellen Pflanztopf zu entwerfen.<\/p>","protected":false},"featured_media":470,"comment_status":"open","ping_status":"closed","template":"","meta":{"_acf_changed":true},"certification":[63,64,66,65,61,60,62],"product_brand":[],"product_cat":[37,38,17],"product_tag":[],"class_list":{"0":"post-467","1":"product","2":"type-product","3":"status-publish","4":"has-post-thumbnail","6":"certification-amfori","7":"certification-bsci","8":"certification-cnas","9":"certification-iaf","10":"certification-iso-14001","11":"certification-iso-45001","12":"certification-iso-9001","13":"product_cat-decorative-ceramic-wholesale","14":"product_cat-custom-ceramic-ornament","15":"product_cat-ceramic-vases-wholesale","17":"first","18":"instock","19":"shipping-taxable","20":"product-type-simple"},"acf":[],"_links":{"self":[{"href":"https:\/\/www.linkceramics.com\/de\/wp-json\/wp\/v2\/product\/467","targetHints":{"allow":["GET"]}}],"collection":[{"href":"https:\/\/www.linkceramics.com\/de\/wp-json\/wp\/v2\/product"}],"about":[{"href":"https:\/\/www.linkceramics.com\/de\/wp-json\/wp\/v2\/types\/product"}],"replies":[{"embeddable":true,"href":"https:\/\/www.linkceramics.com\/de\/wp-json\/wp\/v2\/comments?post=467"}],"wp:featuredmedia":[{"embeddable":true,"href":"https:\/\/www.linkceramics.com\/de\/wp-json\/wp\/v2\/media\/470"}],"wp:attachment":[{"href":"https:\/\/www.linkceramics.com\/de\/wp-json\/wp\/v2\/media?parent=467"}],"wp:term":[{"taxonomy":"certification","embeddable":true,"href":"https:\/\/www.linkceramics.com\/de\/wp-json\/wp\/v2\/certification?post=467"},{"taxonomy":"product_brand","embeddable":true,"href":"https:\/\/www.linkceramics.com\/de\/wp-json\/wp\/v2\/product_brand?post=467"},{"taxonomy":"product_cat","embeddable":true,"href":"https:\/\/www.linkceramics.com\/de\/wp-json\/wp\/v2\/product_cat?post=467"},{"taxonomy":"product_tag","embeddable":true,"href":"https:\/\/www.linkceramics.com\/de\/wp-json\/wp\/v2\/product_tag?post=467"}],"curies":[{"name":"wp","href":"https:\/\/api.w.org\/{rel}","templated":true}]}}