{"id":473,"date":"2024-12-09T09:31:17","date_gmt":"2024-12-09T09:31:17","guid":{"rendered":"https:\/\/www.linkceramics.com\/?post_type=product&#038;p=473"},"modified":"2024-12-09T09:31:18","modified_gmt":"2024-12-09T09:31:18","slug":"wholesale-customizable-plant-pot","status":"publish","type":"product","link":"https:\/\/www.linkceramics.com\/de\/product\/wholesale-customizable-plant-pot\/","title":{"rendered":"Gro\u00dfhandel Terrakotta anpassbare Pflanze T\u00f6pfe f\u00fcr elegante Garten Dekor"},"content":{"rendered":"<h3 class=\"wp-block-heading\">Parameter des anpassbaren Flanschtopfes<\/h3>\n\n\n\n<figure class=\"wp-block-table\"><table class=\"has-fixed-layout\"><tbody><tr><td>Modell<\/td><td>Produktname<\/td><td>Farbe<\/td><td>Material<\/td><td>Verwendet<\/td><td>Abmessungen<\/td><td>Gewicht<\/td><\/tr><tr><td>G33514-H910-A01<\/td><td>Antiker anpassbarer Blumentopf<\/td><td>Antike Dunkelheit<\/td><td>Terrakotta<\/td><td>Wohnkultur, Wohnzimmer, Garten<\/td><td>T:21X17cm<\/td><td>2.2kg\/PC<\/td><\/tr><tr><td>G33514-H910-A02<\/td><td>Antiker anpassbarer Blumentopf<\/td><td>Antike Dunkelheit<\/td><td>Terrakotta<\/td><td>Wohnkultur, Wohnzimmer, Garten<\/td><td>T:17X13.5cm<\/td><td>1.4kg\/PC<\/td><\/tr><tr><td>G33514-H910-A03<\/td><td>Antiker anpassbarer Blumentopf<\/td><td>Antike Dunkelheit<\/td><td>Terrakotta<\/td><td>Wohnkultur, Wohnzimmer, Garten<\/td><td>T:13.5X11cm<\/td><td>0,9kg\/PC<\/td><\/tr><\/tbody><\/table><\/figure>\n\n\n\n<div class=\"wp-block-columns is-layout-flex wp-container-core-columns-is-layout-9d6595d7 wp-block-columns-is-layout-flex\">\n<div class=\"wp-block-column is-layout-flow wp-block-column-is-layout-flow\">\n<figure class=\"wp-block-image size-full\"><img decoding=\"async\" width=\"1560\" height=\"1300\" src=\"https:\/\/www.linkceramics.com\/wp-content\/uploads\/2024\/11\/Wholesale-Customizable-Flower-Pots-1.webp\" alt=\"Gro\u00dfhandel-Customizable-Blument\u00f6pfe-1\" class=\"wp-image-474\" srcset=\"https:\/\/www.linkceramics.com\/wp-content\/uploads\/2024\/11\/Wholesale-Customizable-Flower-Pots-1.webp 1560w, https:\/\/www.linkceramics.com\/wp-content\/uploads\/2024\/11\/Wholesale-Customizable-Flower-Pots-1-300x250.webp 300w, https:\/\/www.linkceramics.com\/wp-content\/uploads\/2024\/11\/Wholesale-Customizable-Flower-Pots-1-768x640.webp 768w, https:\/\/www.linkceramics.com\/wp-content\/uploads\/2024\/11\/Wholesale-Customizable-Flower-Pots-1-1200x1000.webp 1200w, https:\/\/www.linkceramics.com\/wp-content\/uploads\/2024\/11\/Wholesale-Customizable-Flower-Pots-1-600x500.webp 600w\" sizes=\"(max-width: 1560px) 100vw, 1560px\" \/><\/figure>\n<\/div>\n\n\n\n<div class=\"wp-block-column is-layout-flow wp-block-column-is-layout-flow\">\n<figure class=\"wp-block-image size-full\"><img decoding=\"async\" width=\"768\" height=\"640\" src=\"https:\/\/www.linkceramics.com\/wp-content\/uploads\/2024\/11\/Wholesale-Customizable-Flower-Pots-5-768x640-1.webp\" alt=\"Gro\u00dfhandel-anpassbare-Blument\u00f6pfe-5-768x640\" class=\"wp-image-478\" srcset=\"https:\/\/www.linkceramics.com\/wp-content\/uploads\/2024\/11\/Wholesale-Customizable-Flower-Pots-5-768x640-1.webp 768w, https:\/\/www.linkceramics.com\/wp-content\/uploads\/2024\/11\/Wholesale-Customizable-Flower-Pots-5-768x640-1-300x250.webp 300w, https:\/\/www.linkceramics.com\/wp-content\/uploads\/2024\/11\/Wholesale-Customizable-Flower-Pots-5-768x640-1-600x500.webp 600w\" sizes=\"(max-width: 768px) 100vw, 768px\" \/><\/figure>\n<\/div>\n<\/div>","protected":false},"excerpt":{"rendered":"<p data-pm-slice=\"0 0 []\">Gro\u00dfhandel anpassbare Pflanzgef\u00e4\u00dfe, nicht nur die Bed\u00fcrfnisse von Gro\u00dfeink\u00e4ufen zu erf\u00fcllen, sondern auch gewinnen breite Gunst mit unseren einzigartigen Anpassungsservice. Das graue Holzmaserungsdesign dieses Retro-Pflanzk\u00fcbels kann gut in die Gesamtatmosph\u00e4re des Gartens integriert werden. Durch die Platzierung von Pflanzgef\u00e4\u00dfen unterschiedlicher Gr\u00f6\u00dfe in verschiedenen Positionen kann ein reiches Gef\u00fchl der Hierarchie geschaffen werden. Er eignet sich f\u00fcr den pers\u00f6nlichen Gebrauch in der Familie und ist perfekt f\u00fcr Hotels und G\u00e4rten geeignet. Bitte kontaktieren Sie uns f\u00fcr den Kauf.<\/p>\n<h2>Eigenschaften von Customizable Plant Pot<\/h2>\n<p><strong>Nat\u00fcrliches Aussehen:<\/strong> Die Oberfl\u00e4che des Terrakotta-Pflanzgef\u00e4\u00dfes weist eine holz\u00e4hnliche Struktur auf, und die Kombination verschiedener Graut\u00f6ne verleiht ihm ein nat\u00fcrliches und rustikales Aussehen, das sich sehr gut mit verschiedenen Dekorationsstilen im Innen- und Au\u00dfenbereich kombinieren l\u00e4sst.<br \/><strong>Verbessern Sie die Wirkung der Gartendekoration:<\/strong> Das graue Holzmaserungsdesign dieses Terrakotta-Pflanzgef\u00e4\u00dfes l\u00e4sst sich leicht mit anderen Elementen im Garten (wie Stein, Holz, Metall usw.) kombinieren. In Kombination mit Dekorationen wie Gartensitzpl\u00e4tzen, Z\u00e4unen oder Skulpturen kann ein harmonischer und einheitlicher visueller Effekt erzielt werden.<br \/>Langlebigkeit: Diese individuell gestaltbaren Pflanzgef\u00e4\u00dfe sind aus hochwertigem Terrakotta gefertigt, das eine gute Haltbarkeit und Anti-Aging-Eigenschaften aufweist.<br \/><strong>Mehrere Gr\u00f6\u00dfenoptionen:<\/strong> Das Produkt bietet drei verschiedene Gr\u00f6\u00dfen von Pflanzgef\u00e4\u00dfen, um den Bed\u00fcrfnissen unterschiedlicher Bepflanzung und Dekoration gerecht zu werden. Egal, ob es sich um gro\u00dfe Pflanzen oder kleine Sukkulenten handelt, Sie k\u00f6nnen einen Pflanzentopf in der passenden Gr\u00f6\u00dfe finden.<br \/><strong>Kundenspezifische Optionen:<\/strong> Wir bieten ma\u00dfgeschneiderte Pflanzgef\u00e4\u00dfe an. Kunden k\u00f6nnen verschiedene Gr\u00f6\u00dfen, Farben, Texturen usw. nach ihren Bed\u00fcrfnissen und Vorlieben w\u00e4hlen, um einen einzigartigen Blumentopf zu schaffen.<\/p>","protected":false},"featured_media":475,"comment_status":"open","ping_status":"closed","template":"","meta":{"_acf_changed":true},"certification":[63,64,66,65,61,60,62],"product_brand":[],"product_cat":[37,38,17],"product_tag":[],"class_list":{"0":"post-473","1":"product","2":"type-product","3":"status-publish","4":"has-post-thumbnail","6":"certification-amfori","7":"certification-bsci","8":"certification-cnas","9":"certification-iaf","10":"certification-iso-14001","11":"certification-iso-45001","12":"certification-iso-9001","13":"product_cat-decorative-ceramic-wholesale","14":"product_cat-custom-ceramic-ornament","15":"product_cat-ceramic-vases-wholesale","17":"first","18":"instock","19":"shipping-taxable","20":"product-type-simple"},"acf":[],"_links":{"self":[{"href":"https:\/\/www.linkceramics.com\/de\/wp-json\/wp\/v2\/product\/473","targetHints":{"allow":["GET"]}}],"collection":[{"href":"https:\/\/www.linkceramics.com\/de\/wp-json\/wp\/v2\/product"}],"about":[{"href":"https:\/\/www.linkceramics.com\/de\/wp-json\/wp\/v2\/types\/product"}],"replies":[{"embeddable":true,"href":"https:\/\/www.linkceramics.com\/de\/wp-json\/wp\/v2\/comments?post=473"}],"wp:featuredmedia":[{"embeddable":true,"href":"https:\/\/www.linkceramics.com\/de\/wp-json\/wp\/v2\/media\/475"}],"wp:attachment":[{"href":"https:\/\/www.linkceramics.com\/de\/wp-json\/wp\/v2\/media?parent=473"}],"wp:term":[{"taxonomy":"certification","embeddable":true,"href":"https:\/\/www.linkceramics.com\/de\/wp-json\/wp\/v2\/certification?post=473"},{"taxonomy":"product_brand","embeddable":true,"href":"https:\/\/www.linkceramics.com\/de\/wp-json\/wp\/v2\/product_brand?post=473"},{"taxonomy":"product_cat","embeddable":true,"href":"https:\/\/www.linkceramics.com\/de\/wp-json\/wp\/v2\/product_cat?post=473"},{"taxonomy":"product_tag","embeddable":true,"href":"https:\/\/www.linkceramics.com\/de\/wp-json\/wp\/v2\/product_tag?post=473"}],"curies":[{"name":"wp","href":"https:\/\/api.w.org\/{rel}","templated":true}]}}