{"id":480,"date":"2024-12-09T09:36:11","date_gmt":"2024-12-09T09:36:11","guid":{"rendered":"https:\/\/www.linkceramics.com\/?post_type=product&#038;p=480"},"modified":"2024-12-09T09:36:12","modified_gmt":"2024-12-09T09:36:12","slug":"wholesale-modern-ceramic-vases","status":"publish","type":"product","link":"https:\/\/www.linkceramics.com\/de\/product\/wholesale-modern-ceramic-vases\/","title":{"rendered":"Gro\u00dfhandel Moderne Keramik Vasen Minimalistisches Design Perfekte Keramik Home Decor"},"content":{"rendered":"<h3 class=\"wp-block-heading\">Parameter der modernen keramischen Vase<\/h3>\n\n\n\n<figure class=\"wp-block-table\"><table class=\"has-fixed-layout\"><tbody><tr><td>Modell<\/td><td>Produktname<\/td><td>Farbe<\/td><td>Material<\/td><td>Verwendet<\/td><td>Abmessungen<\/td><td>Gewicht<\/td><\/tr><tr><td>A35935-LC21-A01<\/td><td>Keramische Blumenvase<\/td><td>gr\u00fcn<\/td><td>Keramik<\/td><td>Heimdekoration, Wohnzimmer<\/td><td>D:18X32<\/td><td>1,7 kg\/St\u00fcck<\/td><\/tr><tr><td>A30522-MX68-A03<\/td><td>Keramische Blumenvase<\/td><td>Blau &amp; Wei\u00df<\/td><td>Keramik<\/td><td>Heimdekoration, Wohnzimmer<\/td><td>T:8X16.5<\/td><td>0,38 kg\/St\u00fcck<\/td><\/tr><\/tbody><\/table><\/figure>\n\n\n\n<div class=\"wp-block-columns is-layout-flex wp-container-core-columns-is-layout-9d6595d7 wp-block-columns-is-layout-flex\">\n<div class=\"wp-block-column is-layout-flow wp-block-column-is-layout-flow\">\n<figure class=\"wp-block-image size-full\"><img decoding=\"async\" width=\"554\" height=\"554\" src=\"https:\/\/www.linkceramics.com\/wp-content\/uploads\/2024\/11\/wholesale-modern-ceramic-vases.webp\" alt=\"gro\u00dfhandel-moderne-keramik-vasen\" class=\"wp-image-481\" srcset=\"https:\/\/www.linkceramics.com\/wp-content\/uploads\/2024\/11\/wholesale-modern-ceramic-vases.webp 554w, https:\/\/www.linkceramics.com\/wp-content\/uploads\/2024\/11\/wholesale-modern-ceramic-vases-300x300.webp 300w, https:\/\/www.linkceramics.com\/wp-content\/uploads\/2024\/11\/wholesale-modern-ceramic-vases-150x150.webp 150w, https:\/\/www.linkceramics.com\/wp-content\/uploads\/2024\/11\/wholesale-modern-ceramic-vases-100x100.webp 100w\" sizes=\"(max-width: 554px) 100vw, 554px\" \/><\/figure>\n<\/div>\n\n\n\n<div class=\"wp-block-column is-layout-flow wp-block-column-is-layout-flow\">\n<figure class=\"wp-block-image size-full\"><img decoding=\"async\" width=\"554\" height=\"554\" src=\"https:\/\/www.linkceramics.com\/wp-content\/uploads\/2024\/11\/wholesale-modern-ceramic-vases-2-2.webp\" alt=\"gro\u00dfhandel-moderne-keramik-vasen-2-2\" class=\"wp-image-483\" srcset=\"https:\/\/www.linkceramics.com\/wp-content\/uploads\/2024\/11\/wholesale-modern-ceramic-vases-2-2.webp 554w, https:\/\/www.linkceramics.com\/wp-content\/uploads\/2024\/11\/wholesale-modern-ceramic-vases-2-2-300x300.webp 300w, https:\/\/www.linkceramics.com\/wp-content\/uploads\/2024\/11\/wholesale-modern-ceramic-vases-2-2-150x150.webp 150w, https:\/\/www.linkceramics.com\/wp-content\/uploads\/2024\/11\/wholesale-modern-ceramic-vases-2-2-100x100.webp 100w\" sizes=\"(max-width: 554px) 100vw, 554px\" \/><\/figure>\n<\/div>\n<\/div>","protected":false},"excerpt":{"rendered":"<div id=\"brxe-raacbk\" class=\"brxe-product-meta product_meta\"><span class=\"item\"><span class=\"prefix\">Tags:\u00a0<\/span><span class=\"text\"><a href=\"https:\/\/www.santai-ceramics.com\/product-tag\/ceramice-decor\/\">Keramisches Dekor<\/a>,\u00a0<a href=\"https:\/\/www.santai-ceramics.com\/product-tag\/ceramic-vase\/\">Keramik-Vase<\/a><\/span><\/span><\/div>\n<div id=\"brxe-wvqoix\" class=\"brxe-product-short-description brxe-text-basic\">\n<div class=\"woocommerce-product-details__short-description\">Gro\u00dfhandel moderne Keramik-Vasen. Diese Vase hat einfache und glatte Linien, die Oberfl\u00e4che ist aus hochwertigem Glasur, die Textur ist weich, es ist sowohl sch\u00f6n und praktisch, geeignet f\u00fcr Haus, B\u00fcro, Hotel und andere Szenen. SANTAI Hersteller bietet Ihnen One-Stop-Gro\u00dfhandel und kundenspezifische Vase L\u00f6sungen. Willkommen B2B K\u00e4ufer, Hotels, um uns f\u00fcr die Beschaffung zu kontaktieren.<\/p>\n<h2>Eigenschaften von Modern Ceramic Vase<\/h2>\n<p><strong>Einzigartiges Texturdesign:<\/strong> Die Oberfl\u00e4che dieser modernen Keramikvase weist eine konkave und konvexe geometrische Textur auf, die einen visuellen Eindruck von Schichtung vermittelt.<br \/><strong>Verschmelzung von Textur und Farbe:<\/strong> Die wei\u00dfe Hauptglasur wird mit hellblauen Verzierungen kombiniert, wodurch die gesamte Vase frisch und nat\u00fcrlich wirkt, als h\u00e4tte sich die Farbe der handgefertigten Glasur leicht ver\u00e4ndert, was den einzigartigen Charme der handgefertigten Produkte unterstreicht.<br \/><strong>Multifunktionales Mobiliar:<\/strong> Das Kombinationsdesign umfasst eine hohe und zwei niedrige Vasen, die f\u00fcr Blumenarrangements, Ornamente oder separate Displays verwendet werden k\u00f6nnen und dem Raum mehr Dekorationsm\u00f6glichkeiten bieten.<br \/><strong>Umweltfreundliche Materialien:<\/strong> Die Verwendung von keramischen Materialien, die bei hohen Temperaturen gebrannt werden, gew\u00e4hrleisten, dass das Produkt nicht nur sch\u00f6n ist, sondern auch im Einklang mit modernen Umweltschutzkonzepten steht.<br \/><strong>OEM- und ODM-Unterst\u00fctzung f\u00fcr kundenspezifische Vasen:<\/strong> Wir bieten umfassende OEM- und ODM-Unterst\u00fctzung, um Ihnen bei der Anpassung einzigartiger Vasen zu helfen, von der Materialauswahl bis zur Endproduktion, um Ihr Designkonzept vollst\u00e4ndig zu verwirklichen.<\/div>\n<\/div>","protected":false},"featured_media":482,"comment_status":"open","ping_status":"closed","template":"","meta":{"_acf_changed":true},"certification":[63,64,66,65,61,60,62],"product_brand":[],"product_cat":[37,17],"product_tag":[],"class_list":{"0":"post-480","1":"product","2":"type-product","3":"status-publish","4":"has-post-thumbnail","6":"certification-amfori","7":"certification-bsci","8":"certification-cnas","9":"certification-iaf","10":"certification-iso-14001","11":"certification-iso-45001","12":"certification-iso-9001","13":"product_cat-decorative-ceramic-wholesale","14":"product_cat-ceramic-vases-wholesale","16":"first","17":"instock","18":"shipping-taxable","19":"product-type-simple"},"acf":[],"_links":{"self":[{"href":"https:\/\/www.linkceramics.com\/de\/wp-json\/wp\/v2\/product\/480","targetHints":{"allow":["GET"]}}],"collection":[{"href":"https:\/\/www.linkceramics.com\/de\/wp-json\/wp\/v2\/product"}],"about":[{"href":"https:\/\/www.linkceramics.com\/de\/wp-json\/wp\/v2\/types\/product"}],"replies":[{"embeddable":true,"href":"https:\/\/www.linkceramics.com\/de\/wp-json\/wp\/v2\/comments?post=480"}],"wp:featuredmedia":[{"embeddable":true,"href":"https:\/\/www.linkceramics.com\/de\/wp-json\/wp\/v2\/media\/482"}],"wp:attachment":[{"href":"https:\/\/www.linkceramics.com\/de\/wp-json\/wp\/v2\/media?parent=480"}],"wp:term":[{"taxonomy":"certification","embeddable":true,"href":"https:\/\/www.linkceramics.com\/de\/wp-json\/wp\/v2\/certification?post=480"},{"taxonomy":"product_brand","embeddable":true,"href":"https:\/\/www.linkceramics.com\/de\/wp-json\/wp\/v2\/product_brand?post=480"},{"taxonomy":"product_cat","embeddable":true,"href":"https:\/\/www.linkceramics.com\/de\/wp-json\/wp\/v2\/product_cat?post=480"},{"taxonomy":"product_tag","embeddable":true,"href":"https:\/\/www.linkceramics.com\/de\/wp-json\/wp\/v2\/product_tag?post=480"}],"curies":[{"name":"wp","href":"https:\/\/api.w.org\/{rel}","templated":true}]}}