{"id":484,"date":"2024-12-09T09:17:35","date_gmt":"2024-12-09T09:17:35","guid":{"rendered":"https:\/\/www.linkceramics.com\/?post_type=product&#038;p=484"},"modified":"2026-01-23T04:00:44","modified_gmt":"2026-01-23T04:00:44","slug":"wholesale-ceramic-vases","status":"publish","type":"product","link":"https:\/\/www.linkceramics.com\/de\/product\/wholesale-ceramic-vases\/","title":{"rendered":"Gro\u00dfhandel keramische Vasen mit eleganten gr\u00fcnen Glasur f\u00fcr Zuhause"},"content":{"rendered":"<h3 class=\"wp-block-heading\">Parameter des Gro\u00dfhandels keramische Vase<\/h3>\n\n\n\n<figure class=\"wp-block-table\"><table class=\"has-fixed-layout\"><tbody><tr><td>Modell<\/td><td>Produktname<\/td><td>Farbe<\/td><td>Material<\/td><td>Verwendet<\/td><td>Abmessungen<\/td><td>Gewicht<\/td><\/tr><tr><td>A30519-LB20-A01<\/td><td>Keramische Vase mit gr\u00fcner Glasur&nbsp;<\/td><td>Hellblau<\/td><td>Keramik<\/td><td>Wohnkultur, Wohnzimmer<\/td><td>T:10,5X15cm<\/td><td>0,6kg\/PC<\/td><\/tr><\/tbody><\/table><\/figure>\n\n\n\n<div class=\"wp-block-columns is-layout-flex wp-container-core-columns-is-layout-9d6595d7 wp-block-columns-is-layout-flex\">\n<div class=\"wp-block-column is-layout-flow wp-block-column-is-layout-flow\">\n<figure class=\"wp-block-image size-full\"><img decoding=\"async\" width=\"768\" height=\"640\" src=\"https:\/\/www.linkceramics.com\/wp-content\/uploads\/2024\/11\/ceramic-vase-detail-display-1-768x640-1.webp\" alt=\"ceramic-vase-detail-display-1-768x640\" class=\"wp-image-485\" srcset=\"https:\/\/www.linkceramics.com\/wp-content\/uploads\/2024\/11\/ceramic-vase-detail-display-1-768x640-1.webp 768w, https:\/\/www.linkceramics.com\/wp-content\/uploads\/2024\/11\/ceramic-vase-detail-display-1-768x640-1-300x250.webp 300w, https:\/\/www.linkceramics.com\/wp-content\/uploads\/2024\/11\/ceramic-vase-detail-display-1-768x640-1-600x500.webp 600w\" sizes=\"(max-width: 768px) 100vw, 768px\" \/><\/figure>\n<\/div>\n\n\n\n<div class=\"wp-block-column is-layout-flow wp-block-column-is-layout-flow\">\n<figure class=\"wp-block-image size-full\"><img decoding=\"async\" width=\"768\" height=\"640\" src=\"https:\/\/www.linkceramics.com\/wp-content\/uploads\/2024\/11\/ceramic-vase-detail-display-2-768x640-1.webp\" alt=\"ceramic-vase-detail-display-2-768x640\" class=\"wp-image-486\" srcset=\"https:\/\/www.linkceramics.com\/wp-content\/uploads\/2024\/11\/ceramic-vase-detail-display-2-768x640-1.webp 768w, https:\/\/www.linkceramics.com\/wp-content\/uploads\/2024\/11\/ceramic-vase-detail-display-2-768x640-1-300x250.webp 300w, https:\/\/www.linkceramics.com\/wp-content\/uploads\/2024\/11\/ceramic-vase-detail-display-2-768x640-1-600x500.webp 600w\" sizes=\"(max-width: 768px) 100vw, 768px\" \/><\/figure>\n<\/div>\n<\/div>","protected":false},"excerpt":{"rendered":"<div id=\"brxe-wvqoix\" class=\"brxe-product-short-description brxe-text-basic\">\n<div class=\"woocommerce-product-details__short-description\">Gro\u00dfhandel Keramik Vasen, die Oberfl\u00e4che der Vase ist fein glasiert, zeigt eine perfekte gr\u00fcne Glanz, zarte Ber\u00fchrung, lang anhaltende Farbe, geeignet f\u00fcr Heimtextilien. SANTAI Keramik-Fabrik nutzt fortschrittliche Produktionsanlagen und traditionelle chinesische Handwerkskunst, um sicherzustellen, dass jedes Produkt hohe Standards erf\u00fcllt. Egal, ob Sie dekorative Vasen in gro\u00dfen Mengen kaufen oder individuelle Designs entwerfen m\u00f6chten, wir k\u00f6nnen Ihnen flexible L\u00f6sungen anbieten.<\/p>\n<h2>Eigenschaften der dekorativen Keramikvase<\/h2>\n<p data-pm-slice=\"1 1 []\"><strong>Traditionelle Sch\u00f6nheit:<\/strong> Das allgemeine Design der dekorativen Keramikvase ist einfach und elegant, mit klassischer chinesischer Sch\u00f6nheit. Hellgr\u00fcne Glasur kombiniert mit dem komplexen Blumenmuster zeigt traditionelle Handwerkskunst Sch\u00f6nheit.<br \/><strong>Exquisite Keramik:<\/strong> Die Keramikvasen f\u00fcr den Gro\u00dfhandel werden aus erstklassigen Keramikmaterialien hergestellt. Ihre Form ist elegant, und sie sind langlebig und stabil.<br \/><strong>Dauerhafte Glasurbehandlung:<\/strong> Die Oberfl\u00e4che der Vase ist fein glasiert, f\u00e4ulnishemmend und feuchtigkeitsbest\u00e4ndig, was ihren Glanz erh\u00f6ht, so dass sie lange leuchtende Farben beh\u00e4lt und nicht so leicht verblasst.<br \/><strong>Reiches dekoratives Muster:<\/strong> Die Oberfl\u00e4che der Keramikvase ist mit einem Blumenmuster versehen, das durch die vielen Schichten einen dreidimensionalen Effekt hat, der die Vase lebendiger und lebendiger macht.<br \/><strong>Praktisches zylindrisches Design:<\/strong> Durch diese zylindrische Form wird der Innenraum der Vase ger\u00e4umig, und sie kann mehr Blumenarrangements aufnehmen.<br \/><strong>Gro\u00dfhandel und kundenspezifischer OEM&amp;ODM-Service:<\/strong> Wir bieten hochwertige Keramikvasen Gro\u00dfhandel und Anpassung Dienstleistungen. Mit unserem professionellen Team, k\u00f6nnen Sie eine Vielzahl von Produktwahlen und personalisierte Design-L\u00f6sungen zu erhalten.<\/p>\n<\/div>\n<\/div>","protected":false},"featured_media":487,"comment_status":"open","ping_status":"closed","template":"","meta":{"_acf_changed":true},"certification":[63,64,66,65,61,60,62],"product_brand":[],"product_cat":[37,17],"product_tag":[],"class_list":{"0":"post-484","1":"product","2":"type-product","3":"status-publish","4":"has-post-thumbnail","6":"certification-amfori","7":"certification-bsci","8":"certification-cnas","9":"certification-iaf","10":"certification-iso-14001","11":"certification-iso-45001","12":"certification-iso-9001","13":"product_cat-decorative-ceramic-wholesale","14":"product_cat-ceramic-vases-wholesale","16":"first","17":"instock","18":"shipping-taxable","19":"product-type-simple"},"acf":[],"_links":{"self":[{"href":"https:\/\/www.linkceramics.com\/de\/wp-json\/wp\/v2\/product\/484","targetHints":{"allow":["GET"]}}],"collection":[{"href":"https:\/\/www.linkceramics.com\/de\/wp-json\/wp\/v2\/product"}],"about":[{"href":"https:\/\/www.linkceramics.com\/de\/wp-json\/wp\/v2\/types\/product"}],"replies":[{"embeddable":true,"href":"https:\/\/www.linkceramics.com\/de\/wp-json\/wp\/v2\/comments?post=484"}],"wp:featuredmedia":[{"embeddable":true,"href":"https:\/\/www.linkceramics.com\/de\/wp-json\/wp\/v2\/media\/487"}],"wp:attachment":[{"href":"https:\/\/www.linkceramics.com\/de\/wp-json\/wp\/v2\/media?parent=484"}],"wp:term":[{"taxonomy":"certification","embeddable":true,"href":"https:\/\/www.linkceramics.com\/de\/wp-json\/wp\/v2\/certification?post=484"},{"taxonomy":"product_brand","embeddable":true,"href":"https:\/\/www.linkceramics.com\/de\/wp-json\/wp\/v2\/product_brand?post=484"},{"taxonomy":"product_cat","embeddable":true,"href":"https:\/\/www.linkceramics.com\/de\/wp-json\/wp\/v2\/product_cat?post=484"},{"taxonomy":"product_tag","embeddable":true,"href":"https:\/\/www.linkceramics.com\/de\/wp-json\/wp\/v2\/product_tag?post=484"}],"curies":[{"name":"wp","href":"https:\/\/api.w.org\/{rel}","templated":true}]}}