{"id":505,"date":"2024-12-06T01:31:37","date_gmt":"2024-12-06T01:31:37","guid":{"rendered":"https:\/\/www.linkceramics.com\/?post_type=product&#038;p=505"},"modified":"2026-01-23T03:56:53","modified_gmt":"2026-01-23T03:56:53","slug":"bulk-decorative-antique-candlesticks","status":"publish","type":"product","link":"https:\/\/www.linkceramics.com\/de\/product\/bulk-decorative-antique-candlesticks\/","title":{"rendered":"Bulk dekorative antike Kerzenst\u00e4nder f\u00fcr Haus, Veranstaltung Dekor"},"content":{"rendered":"<h3 class=\"wp-block-heading\">Parameter des dekorativen antiken Kerzenleuchters<\/h3>\n\n\n\n<figure class=\"wp-block-table\"><table class=\"has-fixed-layout\"><tbody><tr><td>Modell<\/td><td>Produktname<\/td><td>Farbe<\/td><td>Material<\/td><td>Verwendet<\/td><td>Abmessungen<\/td><td>Gewicht<\/td><\/tr><tr><td>E37581-H911-A01<\/td><td>Dekorativer antiker Kerzenst\u00e4nder<\/td><td>Antikes Dunkelviolett<\/td><td>Harz<\/td><td>Wohnkultur, Wohnzimmer<\/td><td>T:11X34.5cm<\/td><td>0,8kg\/PC<\/td><\/tr><\/tbody><\/table><\/figure>\n\n\n\n<div class=\"wp-block-columns is-layout-flex wp-container-core-columns-is-layout-9d6595d7 wp-block-columns-is-layout-flex\">\n<div class=\"wp-block-column is-layout-flow wp-block-column-is-layout-flow\">\n<figure class=\"wp-block-image size-full\"><img decoding=\"async\" width=\"768\" height=\"639\" src=\"https:\/\/www.linkceramics.com\/wp-content\/uploads\/2024\/11\/Bulk-Decorative-Antique-Candlesticks-3-768x639.jpg.webp\" alt=\"Bulk-Dekorativ-Antik-Kerzenhalter-3-768x639.jpg\" class=\"wp-image-507\" srcset=\"https:\/\/www.linkceramics.com\/wp-content\/uploads\/2024\/11\/Bulk-Decorative-Antique-Candlesticks-3-768x639.jpg.webp 768w, https:\/\/www.linkceramics.com\/wp-content\/uploads\/2024\/11\/Bulk-Decorative-Antique-Candlesticks-3-768x639.jpg-300x250.webp 300w, https:\/\/www.linkceramics.com\/wp-content\/uploads\/2024\/11\/Bulk-Decorative-Antique-Candlesticks-3-768x639.jpg-600x499.webp 600w\" sizes=\"(max-width: 768px) 100vw, 768px\" \/><\/figure>\n<\/div>\n\n\n\n<div class=\"wp-block-column is-layout-flow wp-block-column-is-layout-flow\">\n<figure class=\"wp-block-image size-full\"><img decoding=\"async\" width=\"1500\" height=\"1250\" src=\"https:\/\/www.linkceramics.com\/wp-content\/uploads\/2024\/11\/Bulk-Decorative-Antique-Candlesticks-1.jpg.webp\" alt=\"Bulk-Dekorative-Antik-Kerzenst\u00e4nder-1.jpg\" class=\"wp-image-506\" srcset=\"https:\/\/www.linkceramics.com\/wp-content\/uploads\/2024\/11\/Bulk-Decorative-Antique-Candlesticks-1.jpg.webp 1500w, https:\/\/www.linkceramics.com\/wp-content\/uploads\/2024\/11\/Bulk-Decorative-Antique-Candlesticks-1.jpg-300x250.webp 300w, https:\/\/www.linkceramics.com\/wp-content\/uploads\/2024\/11\/Bulk-Decorative-Antique-Candlesticks-1.jpg-768x640.webp 768w, https:\/\/www.linkceramics.com\/wp-content\/uploads\/2024\/11\/Bulk-Decorative-Antique-Candlesticks-1.jpg-1200x1000.webp 1200w, https:\/\/www.linkceramics.com\/wp-content\/uploads\/2024\/11\/Bulk-Decorative-Antique-Candlesticks-1.jpg-600x500.webp 600w\" sizes=\"(max-width: 1500px) 100vw, 1500px\" \/><\/figure>\n<\/div>\n<\/div>","protected":false},"excerpt":{"rendered":"<div id=\"brxe-wvqoix\" class=\"brxe-product-short-description brxe-text-basic\">\n<div class=\"woocommerce-product-details__short-description\">\n<p data-pm-slice=\"0 0 []\">Willkommen bei uns f\u00fcr ein Angebot f\u00fcr unsere Bulk dekorative antike Kerzenhalter, die aus hochwertigem und langlebigem Harz Material, kombiniert mit exquisiten Vintage-Stil Design, Hinzuf\u00fcgen klassischen Charme zu Hause und Event-Dekoration gemacht werden. SANTAI Pottery Home Decor Hersteller, bietet professionelle ma\u00dfgeschneiderte und Gro\u00dfhandel Kerzenst\u00e4nder L\u00f6sungen.<\/p>\n<h2>Merkmale des dekorativen antiken Kerzenleuchters<\/h2>\n<p><strong>Blattf\u00f6rmiges Design:<\/strong> Das abstrakte Blattdesign ist die Form des Pr\u00e4sentationsmodells, das er annimmt. Diese allgemeine Form des dekorativen Kerzenhalters ist voller Kunstsinn und verleiht einem Raum eine nat\u00fcrliche und pers\u00f6nliche Atmosph\u00e4re. Er kann sowohl f\u00fcr ein modernes Zimmer als auch f\u00fcr ein Zimmer im Retro-Stil verwendet werden.<br \/><strong>Hochwertiges und langlebiges Material:<\/strong> Der dekorative Kerzenst\u00e4nder ist aus Harzmaterial mit einem soliden strukturellen Rahmen hergestellt und hat eine glatte Oberfl\u00e4che, die leicht zu reinigen und zu pflegen ist.<br \/><strong>Antike Bearbeitung:<\/strong> Diese dekorativen, antiken Kerzenst\u00e4nder haben eine nat\u00fcrliche, abgenutzte Metallstruktur, die aussieht, als w\u00e4re sie im Laufe der Zeit abgetragen worden. Sie haben einen starken Retro-Charme und sind f\u00fcr alle geeignet, die den klassischen Stil m\u00f6gen.<br \/><strong>Leichtes Gewicht:<\/strong> Der dekorative Kerzenst\u00e4nder ist leicht, er l\u00e4sst sich einfach bewegen und aufstellen. Egal, ob er auf einem Esstisch, einem Kaminsims oder einem B\u00fccherregal steht oder in besonderen Situationen wie Hochzeiten nach drau\u00dfen getragen wird, er kann einen einzigartigen Stil und eine einzigartige Atmosph\u00e4re schaffen.<br \/><strong>Gro\u00dfhandelsservice:<\/strong> Wir bieten B2B-K\u00e4ufern Gro\u00dfhandelsdienstleistungen f\u00fcr Kerzenst\u00e4nder zu erstklassigen Preisen, damit Sie sich auf dem Markt abheben k\u00f6nnen.<\/div>\n<\/div>","protected":false},"featured_media":506,"comment_status":"open","ping_status":"closed","template":"","meta":{"_acf_changed":false},"certification":[63,64,66,65,61,60,62],"product_brand":[],"product_cat":[37,17],"product_tag":[],"class_list":{"0":"post-505","1":"product","2":"type-product","3":"status-publish","4":"has-post-thumbnail","6":"certification-amfori","7":"certification-bsci","8":"certification-cnas","9":"certification-iaf","10":"certification-iso-14001","11":"certification-iso-45001","12":"certification-iso-9001","13":"product_cat-decorative-ceramic-wholesale","14":"product_cat-ceramic-vases-wholesale","16":"first","17":"instock","18":"shipping-taxable","19":"product-type-simple"},"acf":[],"_links":{"self":[{"href":"https:\/\/www.linkceramics.com\/de\/wp-json\/wp\/v2\/product\/505","targetHints":{"allow":["GET"]}}],"collection":[{"href":"https:\/\/www.linkceramics.com\/de\/wp-json\/wp\/v2\/product"}],"about":[{"href":"https:\/\/www.linkceramics.com\/de\/wp-json\/wp\/v2\/types\/product"}],"replies":[{"embeddable":true,"href":"https:\/\/www.linkceramics.com\/de\/wp-json\/wp\/v2\/comments?post=505"}],"wp:featuredmedia":[{"embeddable":true,"href":"https:\/\/www.linkceramics.com\/de\/wp-json\/wp\/v2\/media\/506"}],"wp:attachment":[{"href":"https:\/\/www.linkceramics.com\/de\/wp-json\/wp\/v2\/media?parent=505"}],"wp:term":[{"taxonomy":"certification","embeddable":true,"href":"https:\/\/www.linkceramics.com\/de\/wp-json\/wp\/v2\/certification?post=505"},{"taxonomy":"product_brand","embeddable":true,"href":"https:\/\/www.linkceramics.com\/de\/wp-json\/wp\/v2\/product_brand?post=505"},{"taxonomy":"product_cat","embeddable":true,"href":"https:\/\/www.linkceramics.com\/de\/wp-json\/wp\/v2\/product_cat?post=505"},{"taxonomy":"product_tag","embeddable":true,"href":"https:\/\/www.linkceramics.com\/de\/wp-json\/wp\/v2\/product_tag?post=505"}],"curies":[{"name":"wp","href":"https:\/\/api.w.org\/{rel}","templated":true}]}}