{"id":509,"date":"2024-12-06T01:23:27","date_gmt":"2024-12-06T01:23:27","guid":{"rendered":"https:\/\/www.linkceramics.com\/?post_type=product&#038;p=509"},"modified":"2024-12-06T01:23:28","modified_gmt":"2024-12-06T01:23:28","slug":"wholesale-small-sculpture","status":"publish","type":"product","link":"https:\/\/www.linkceramics.com\/de\/product\/wholesale-small-sculpture\/","title":{"rendered":"Gro\u00dfhandel Kleine Skulpturen f\u00fcr Home Decor : Einzigartige k\u00fcnstlerische Kreationen"},"content":{"rendered":"<h3 class=\"wp-block-heading\">Parameter von Home Decor Small Sculpture<\/h3>\n\n\n\n<figure class=\"wp-block-table\"><table class=\"has-fixed-layout\"><tbody><tr><td>Modell<\/td><td>Produktname<\/td><td>Farbe<\/td><td>Material<\/td><td>Verwendet<\/td><td>Abmessungen<\/td><td>Gewicht<\/td><\/tr><tr><td>E37133-H851-A01<\/td><td>Kunstharz-Skulptur - Stehender Mann<\/td><td>Antik Braun&nbsp;<\/td><td>Harz<\/td><td>Wohnkultur, Wohnzimmer<\/td><td>13X11.5X25.5cm<\/td><td>1kg\/PC<\/td><\/tr><tr><td>E37134-H851-A01<\/td><td>Kunstharz-Skulptur - Sitzender Mann<\/td><td>Antik Braun&nbsp;<\/td><td>Harz<\/td><td>Wohnkultur, Wohnzimmer<\/td><td>12,5X9X17,5cm<\/td><td>0,7kg\/PC<\/td><\/tr><\/tbody><\/table><\/figure>\n\n\n\n<div class=\"wp-block-columns is-layout-flex wp-container-core-columns-is-layout-9d6595d7 wp-block-columns-is-layout-flex\">\n<div class=\"wp-block-column is-layout-flow wp-block-column-is-layout-flow\">\n<figure class=\"wp-block-image size-full\"><img decoding=\"async\" width=\"768\" height=\"639\" src=\"https:\/\/www.linkceramics.com\/wp-content\/uploads\/2024\/11\/Wholesale-Resin-Figurines-1-768x639.jpg.webp\" alt=\"Gro\u00dfhandel-Harz-Figuren-1-768x639.jpg\" class=\"wp-image-515\" srcset=\"https:\/\/www.linkceramics.com\/wp-content\/uploads\/2024\/11\/Wholesale-Resin-Figurines-1-768x639.jpg.webp 768w, https:\/\/www.linkceramics.com\/wp-content\/uploads\/2024\/11\/Wholesale-Resin-Figurines-1-768x639.jpg-300x250.webp 300w, https:\/\/www.linkceramics.com\/wp-content\/uploads\/2024\/11\/Wholesale-Resin-Figurines-1-768x639.jpg-600x499.webp 600w\" sizes=\"(max-width: 768px) 100vw, 768px\" \/><\/figure>\n<\/div>\n\n\n\n<div class=\"wp-block-column is-layout-flow wp-block-column-is-layout-flow\">\n<figure class=\"wp-block-image size-full\"><img decoding=\"async\" width=\"768\" height=\"640\" src=\"https:\/\/www.linkceramics.com\/wp-content\/uploads\/2024\/11\/Wholesale-Resin-Figurines-2-768x640.jpg.webp\" alt=\"Gro\u00dfhandel-Harz-Figuren-2-768x640.jpg\" class=\"wp-image-516\" srcset=\"https:\/\/www.linkceramics.com\/wp-content\/uploads\/2024\/11\/Wholesale-Resin-Figurines-2-768x640.jpg.webp 768w, https:\/\/www.linkceramics.com\/wp-content\/uploads\/2024\/11\/Wholesale-Resin-Figurines-2-768x640.jpg-300x250.webp 300w, https:\/\/www.linkceramics.com\/wp-content\/uploads\/2024\/11\/Wholesale-Resin-Figurines-2-768x640.jpg-600x500.webp 600w\" sizes=\"(max-width: 768px) 100vw, 768px\" \/><\/figure>\n<\/div>\n<\/div>","protected":false},"excerpt":{"rendered":"<div id=\"brxe-raacbk\" class=\"brxe-product-meta product_meta\"><span class=\"item\"><span class=\"prefix\">Tags:\u00a0<\/span><span class=\"text\"><a href=\"https:\/\/www.santai-ceramics.com\/product-tag\/resin-animal-figurines\/\">Tierfiguren aus Harz<\/a><\/span><\/span><\/div>\n<div id=\"brxe-wvqoix\" class=\"brxe-product-short-description brxe-text-basic\">\n<div class=\"woocommerce-product-details__short-description\">\n<p data-pm-slice=\"0 0 []\">Wir bieten Gro\u00dfhandel Skulpturen f\u00fcr exquisite Dekoration zu Hause. Diese kreative Skulptur wird Ihrem Raum einen k\u00fcnstlerischen und pers\u00f6nlichen Charme verleihen. Sie eignet sich f\u00fcr Schlafzimmer, Arbeitszimmer, die Bibliothek und andere dekorative Bereiche. Es ist aus hochwertigem Harz Materialien hergestellt, um sicherzustellen, Haltbarkeit und langlebig, w\u00e4hrend die Aufrechterhaltung einer zarten Blick und f\u00fchlen. F\u00fcr Gro\u00dfbestellungen k\u00f6nnen Sie uns gerne kontaktieren.<\/p>\n<h2>Eigenschaften von Home Decor Small Sculpture<\/h2>\n<p><strong>K\u00fcnstlerische Sch\u00f6nheit:<\/strong> Die linke Seite ist eine sitzende menschenf\u00f6rmige Figur, und die rechte Seite ist eine stehende menschenf\u00f6rmige Figur. Die beiden sind unterschiedlich und k\u00f6nnen durch eine sinnvolle Kombination ein harmonisches und sch\u00f6nes Bild ergeben. Die hellen Farbt\u00f6ne und die zarte Textur der kleinen Skulptur machen sie noch dekorativer und schm\u00fcckender.<br \/><strong>Praktische Funktion:<\/strong> Die Gro\u00dfhandelsskulptur ist nicht nur dekorativ, sondern hat vor allem auch praktische Funktionen. Sie k\u00f6nnen effektiv verhindern, dass B\u00fccher verrutschen oder sich ausbreiten und halten den Schreibtisch ordentlich und aufger\u00e4umt.<br \/><strong>Starke Haltbarkeit:<\/strong> Diese Gro\u00dfhandelsskulpturen sind aus hochwertigem Harz hergestellt, mit guter Haltbarkeit und Verschlei\u00dffestigkeit. Zur gleichen Zeit, die Reinigung und Wartung dieser Skulptur ist auch sehr bequem, wischen Sie es einfach mit einem feuchten Tuch.<br \/><strong>Personalisierte Anpassung:<\/strong> Wir sind ein professioneller Hersteller von Statuen f\u00fcr die Inneneinrichtung. Wir verstehen die Bedeutung der verschiedenen Skulptur Formen und Farben f\u00fcr verschiedene Benutzer. Wir bieten ma\u00dfgeschneiderte Skulptur L\u00f6sungen f\u00fcr Kunden, kontaktieren Sie uns f\u00fcr L\u00f6sungen.<br \/><strong>Gro\u00dfhandelsservice f\u00fcr Skulpturen:<\/strong> Wir bieten professionellen Gro\u00dfhandel dekorative Skulptur Service f\u00fcr B2B-K\u00e4ufer, Hotels und Gro\u00dfh\u00e4ndler, die professionelle Design, schnelle Muster, Produktion und Lieferung, kontaktieren Sie uns, um einen wettbewerbsf\u00e4higen Preis zu erhalten.<\/div>\n<\/div>","protected":false},"featured_media":514,"comment_status":"open","ping_status":"closed","template":"","meta":{"_acf_changed":true},"certification":[63,64,66,65,61,60,62],"product_brand":[],"product_cat":[37,38],"product_tag":[],"class_list":{"0":"post-509","1":"product","2":"type-product","3":"status-publish","4":"has-post-thumbnail","6":"certification-amfori","7":"certification-bsci","8":"certification-cnas","9":"certification-iaf","10":"certification-iso-14001","11":"certification-iso-45001","12":"certification-iso-9001","13":"product_cat-decorative-ceramic-wholesale","14":"product_cat-custom-ceramic-ornament","16":"first","17":"instock","18":"shipping-taxable","19":"product-type-simple"},"acf":[],"_links":{"self":[{"href":"https:\/\/www.linkceramics.com\/de\/wp-json\/wp\/v2\/product\/509","targetHints":{"allow":["GET"]}}],"collection":[{"href":"https:\/\/www.linkceramics.com\/de\/wp-json\/wp\/v2\/product"}],"about":[{"href":"https:\/\/www.linkceramics.com\/de\/wp-json\/wp\/v2\/types\/product"}],"replies":[{"embeddable":true,"href":"https:\/\/www.linkceramics.com\/de\/wp-json\/wp\/v2\/comments?post=509"}],"wp:featuredmedia":[{"embeddable":true,"href":"https:\/\/www.linkceramics.com\/de\/wp-json\/wp\/v2\/media\/514"}],"wp:attachment":[{"href":"https:\/\/www.linkceramics.com\/de\/wp-json\/wp\/v2\/media?parent=509"}],"wp:term":[{"taxonomy":"certification","embeddable":true,"href":"https:\/\/www.linkceramics.com\/de\/wp-json\/wp\/v2\/certification?post=509"},{"taxonomy":"product_brand","embeddable":true,"href":"https:\/\/www.linkceramics.com\/de\/wp-json\/wp\/v2\/product_brand?post=509"},{"taxonomy":"product_cat","embeddable":true,"href":"https:\/\/www.linkceramics.com\/de\/wp-json\/wp\/v2\/product_cat?post=509"},{"taxonomy":"product_tag","embeddable":true,"href":"https:\/\/www.linkceramics.com\/de\/wp-json\/wp\/v2\/product_tag?post=509"}],"curies":[{"name":"wp","href":"https:\/\/api.w.org\/{rel}","templated":true}]}}