{"id":517,"date":"2024-12-05T10:20:18","date_gmt":"2024-12-05T10:20:18","guid":{"rendered":"https:\/\/www.linkceramics.com\/?post_type=product&#038;p=517"},"modified":"2025-09-13T08:41:36","modified_gmt":"2025-09-13T08:41:36","slug":"wholesale-ceramic-owl","status":"publish","type":"product","link":"https:\/\/www.linkceramics.com\/de\/product\/wholesale-ceramic-owl\/","title":{"rendered":"Gro\u00dfhandel Keramik Eulen f\u00fcr Home Decor, niedliche Keramik Tierfiguren zu verkaufen"},"content":{"rendered":"<h3 class=\"wp-block-heading\">Parameter der Keramischen Eule<\/h3>\n\n\n\n<figure class=\"wp-block-table\"><table class=\"has-fixed-layout\"><tbody><tr><td>Modell<\/td><td>Produktname<\/td><td>Farbe<\/td><td>Material<\/td><td>Verwendet<\/td><td>Abmessungen<\/td><td>Gewicht<\/td><\/tr><tr><td>A37467-LC24-A01<\/td><td>Keramische Eulenfigur<\/td><td>Wei\u00df und Gr\u00fcn<\/td><td>Keramik<\/td><td>Wohnkultur, Wohnzimmer<\/td><td>16X16X16,5cm<\/td><td>0,8kg\/PC<\/td><\/tr><tr><td>A37468-LC24-A01<\/td><td>Keramische Eulenfigur<\/td><td>Wei\u00df und Gr\u00fcn<\/td><td>Keramik<\/td><td>Wohnkultur, Wohnzimmer<\/td><td>13X13X13,5cm<\/td><td>0,5\/PC<\/td><\/tr><\/tbody><\/table><\/figure>\n\n\n\n<div class=\"wp-block-columns is-layout-flex wp-container-core-columns-is-layout-9d6595d7 wp-block-columns-is-layout-flex\">\n<div class=\"wp-block-column is-layout-flow wp-block-column-is-layout-flow\">\n<figure class=\"wp-block-image size-full\"><img decoding=\"async\" width=\"768\" height=\"640\" src=\"https:\/\/www.linkceramics.com\/wp-content\/uploads\/2024\/11\/Wholesale-Ceramic-Owls-2-768x640.jpg.webp\" alt=\"Wholesale-Ceramic-Owls-2-768x640.jpg\" class=\"wp-image-523\" srcset=\"https:\/\/www.linkceramics.com\/wp-content\/uploads\/2024\/11\/Wholesale-Ceramic-Owls-2-768x640.jpg.webp 768w, https:\/\/www.linkceramics.com\/wp-content\/uploads\/2024\/11\/Wholesale-Ceramic-Owls-2-768x640.jpg-300x250.webp 300w, https:\/\/www.linkceramics.com\/wp-content\/uploads\/2024\/11\/Wholesale-Ceramic-Owls-2-768x640.jpg-600x500.webp 600w\" sizes=\"(max-width: 768px) 100vw, 768px\" \/><\/figure>\n<\/div>\n\n\n\n<div class=\"wp-block-column is-layout-flow wp-block-column-is-layout-flow\">\n<figure class=\"wp-block-image size-full\"><img decoding=\"async\" width=\"768\" height=\"639\" src=\"https:\/\/www.linkceramics.com\/wp-content\/uploads\/2024\/11\/Ceramic-Owl-Statue-Display-1-768x639.jpg.webp\" alt=\"Ceramic-Owl-Statue-Display-1-768x639.jpg\" class=\"wp-image-518\" srcset=\"https:\/\/www.linkceramics.com\/wp-content\/uploads\/2024\/11\/Ceramic-Owl-Statue-Display-1-768x639.jpg.webp 768w, https:\/\/www.linkceramics.com\/wp-content\/uploads\/2024\/11\/Ceramic-Owl-Statue-Display-1-768x639.jpg-300x250.webp 300w, https:\/\/www.linkceramics.com\/wp-content\/uploads\/2024\/11\/Ceramic-Owl-Statue-Display-1-768x639.jpg-600x499.webp 600w\" sizes=\"(max-width: 768px) 100vw, 768px\" \/><\/figure>\n<\/div>\n<\/div>","protected":false},"excerpt":{"rendered":"<div id=\"brxe-raacbk\" class=\"brxe-product-meta product_meta\"><span class=\"item\"><span class=\"prefix\">Tags:\u00a0<\/span><span class=\"text\"><a href=\"https:\/\/www.santai-ceramics.com\/product-tag\/ceramic-animal-figurines\/\">Keramische Tierfiguren<\/a>,\u00a0<a href=\"https:\/\/www.santai-ceramics.com\/product-tag\/ceramice-decor\/\">Keramisches Dekor<\/a><\/span><\/span><\/div>\n<div id=\"brxe-wvqoix\" class=\"brxe-product-short-description brxe-text-basic\">\n<div class=\"woocommerce-product-details__short-description\">\n<p data-pm-slice=\"0 0 []\">Die Serie der Eulenfiguren aus Keramik ist ideal f\u00fcr die Heimdekoration. Sie eignet sich f\u00fcr jeden Stil und Anlass, Caf\u00e9, Bibliothek, Arbeitszimmer oder Schlafzimmer. Ob allein platziert oder mit anderen Dekorationen kombiniert, diese Eulenfiguren k\u00f6nnen W\u00e4rme und Spa\u00df bringen. Hergestellt aus hochwertigen Materialien, eine glatte Oberfl\u00e4che, ausgezeichnetes Gef\u00fchl, ist es sehr geeignet als Geschenk. Willkommen bei uns, SANTAI Keramik Home Decor Hersteller bietet Ihnen mit wettbewerbsf\u00e4higen Preisen.<\/p>\n<h2>Eigenschaften der Keramikeule<\/h2>\n<ul>\n<li class=\"highlights-border-container\"><span class=\"highlights\" data-v-8a832c06=\"\"><strong>H\u00fcbsche Form:<\/strong> Das Bild einer Keramikeule ist in der ganzen Welt beliebt, niedliches Gesicht und kluger Ausdruck. Die genaue Schnitzerei spiegelt das Aussehen der Eule vollst\u00e4ndig wider und verleiht ihr eine besondere Pers\u00f6nlichkeit. <\/span><\/li>\n<li class=\"highlights-border-container\"><span class=\"highlights\" data-v-8a832c06=\"\"><strong>Hervorragende handwerkliche Qualit\u00e4t:<\/strong> Jede der einzigartigen Eulenskulpturen aus Keramik wurde mit viel handwerklichem Geschick hergestellt. Die glatte Oberfl\u00e4che und die bezaubernden Glasurfarben erg\u00e4nzen sich gegenseitig und sind leicht zu ber\u00fchren und zu sch\u00e4tzen. <\/span><\/li>\n<li class=\"highlights-border-container\"><span class=\"highlights\" data-v-8a832c06=\"\"><strong>Hochwertiges Material:<\/strong> Hergestellt aus einem hochwertigen Keramik-Material mit diesen Gro\u00dfhandel Keramik Eule Figuren sind sehr langlebig und n\u00fctzlich. Die Materialien werden bis zu Wasser und Feuchtigkeit stehen, sind leicht zu reinigen, und sind auch verschlei\u00dffest f\u00fcr den t\u00e4glichen Gebrauch, die es ihnen erm\u00f6glichen, eine lange dauern, w\u00e4hrend immer noch attraktiv aussehen. <\/span><\/li>\n<li class=\"highlights-border-container\"><span class=\"highlights\" data-v-8a832c06=\"\"><strong>Vielseitig im Design:<\/strong> Diese Gro\u00dfhandelskeramik-Eule hat ein elegantes, minimalistisches, freies Design, das sich in viele verschiedene Einrichtungsstile einf\u00fcgt. Sie sind perfekt f\u00fcr Restaurants, Caf\u00e9s, Bibliotheken, Studien, etc. <\/span><\/li>\n<li class=\"highlights-border-container\"><span class=\"highlights\" data-v-8a832c06=\"\"><strong>Gro\u00dfhandel&amp;Anpassung:<\/strong> SANTAI bietet als Hersteller von T\u00f6pferwaren ma\u00dfgeschneiderte Tierfiguren und Skulpturen an.<\/span><\/li>\n<\/ul>\n<\/div>\n<\/div>","protected":false},"featured_media":522,"comment_status":"open","ping_status":"closed","template":"","meta":{"_acf_changed":true},"certification":[63,64,66,65,61,60,62],"product_brand":[],"product_cat":[37,38],"product_tag":[],"class_list":{"0":"post-517","1":"product","2":"type-product","3":"status-publish","4":"has-post-thumbnail","6":"certification-amfori","7":"certification-bsci","8":"certification-cnas","9":"certification-iaf","10":"certification-iso-14001","11":"certification-iso-45001","12":"certification-iso-9001","13":"product_cat-decorative-ceramic-wholesale","14":"product_cat-custom-ceramic-ornament","16":"first","17":"instock","18":"shipping-taxable","19":"product-type-simple"},"acf":[],"_links":{"self":[{"href":"https:\/\/www.linkceramics.com\/de\/wp-json\/wp\/v2\/product\/517","targetHints":{"allow":["GET"]}}],"collection":[{"href":"https:\/\/www.linkceramics.com\/de\/wp-json\/wp\/v2\/product"}],"about":[{"href":"https:\/\/www.linkceramics.com\/de\/wp-json\/wp\/v2\/types\/product"}],"replies":[{"embeddable":true,"href":"https:\/\/www.linkceramics.com\/de\/wp-json\/wp\/v2\/comments?post=517"}],"wp:featuredmedia":[{"embeddable":true,"href":"https:\/\/www.linkceramics.com\/de\/wp-json\/wp\/v2\/media\/522"}],"wp:attachment":[{"href":"https:\/\/www.linkceramics.com\/de\/wp-json\/wp\/v2\/media?parent=517"}],"wp:term":[{"taxonomy":"certification","embeddable":true,"href":"https:\/\/www.linkceramics.com\/de\/wp-json\/wp\/v2\/certification?post=517"},{"taxonomy":"product_brand","embeddable":true,"href":"https:\/\/www.linkceramics.com\/de\/wp-json\/wp\/v2\/product_brand?post=517"},{"taxonomy":"product_cat","embeddable":true,"href":"https:\/\/www.linkceramics.com\/de\/wp-json\/wp\/v2\/product_cat?post=517"},{"taxonomy":"product_tag","embeddable":true,"href":"https:\/\/www.linkceramics.com\/de\/wp-json\/wp\/v2\/product_tag?post=517"}],"curies":[{"name":"wp","href":"https:\/\/api.w.org\/{rel}","templated":true}]}}