{"id":524,"date":"2024-12-05T10:17:09","date_gmt":"2024-12-05T10:17:09","guid":{"rendered":"https:\/\/www.linkceramics.com\/?post_type=product&#038;p=524"},"modified":"2025-09-13T08:30:52","modified_gmt":"2025-09-13T08:30:52","slug":"wholesale-ceramic-flower-pots","status":"publish","type":"product","link":"https:\/\/www.linkceramics.com\/de\/product\/wholesale-ceramic-flower-pots\/","title":{"rendered":"Gro\u00dfhandel Keramik Blument\u00f6pfe - Bulk dekorative Blument\u00f6pfe zum Verkauf"},"content":{"rendered":"<h3 class=\"wp-block-heading\">Parameter von Keramik Blumentopf<\/h3>\n\n\n\n<figure class=\"wp-block-table\"><table class=\"has-fixed-layout\"><tbody><tr><td>Modell<\/td><td>Produktname<\/td><td>Farbe<\/td><td>Material<\/td><td>Verwendet<\/td><td>Abmessungen<\/td><td>Gewicht<\/td><\/tr><tr><td>A37588-H885-A01<\/td><td>Einzigartiger Blumentopf aus Keramik in Beige<\/td><td>Antikes Hellbraun<\/td><td>Keramik<\/td><td>Wohnkultur, Wohnzimmer, Garten<\/td><td>22X21.5X29.5cm<\/td><td>2.2kg\/PC<\/td><\/tr><\/tbody><\/table><\/figure>\n\n\n\n<div class=\"wp-block-columns is-layout-flex wp-container-core-columns-is-layout-9d6595d7 wp-block-columns-is-layout-flex\">\n<div class=\"wp-block-column is-layout-flow wp-block-column-is-layout-flow\">\n<figure class=\"wp-block-image size-full\"><img decoding=\"async\" width=\"768\" height=\"640\" src=\"https:\/\/www.linkceramics.com\/wp-content\/uploads\/2024\/11\/Wholesale-Decorative-Beige-Ceramic-Low-Flower-Pots-3-768x640.jpg.webp\" alt=\"Gro\u00dfhandel-Dekorative-Beige-Keramik-Tief-Blument\u00f6pfe-3-768x640.jpg\" class=\"wp-image-526\" srcset=\"https:\/\/www.linkceramics.com\/wp-content\/uploads\/2024\/11\/Wholesale-Decorative-Beige-Ceramic-Low-Flower-Pots-3-768x640.jpg.webp 768w, https:\/\/www.linkceramics.com\/wp-content\/uploads\/2024\/11\/Wholesale-Decorative-Beige-Ceramic-Low-Flower-Pots-3-768x640.jpg-300x250.webp 300w, https:\/\/www.linkceramics.com\/wp-content\/uploads\/2024\/11\/Wholesale-Decorative-Beige-Ceramic-Low-Flower-Pots-3-768x640.jpg-600x500.webp 600w\" sizes=\"(max-width: 768px) 100vw, 768px\" \/><\/figure>\n<\/div>\n\n\n\n<div class=\"wp-block-column is-layout-flow wp-block-column-is-layout-flow\">\n<figure class=\"wp-block-image size-full\"><img decoding=\"async\" width=\"1300\" height=\"1083\" src=\"https:\/\/www.linkceramics.com\/wp-content\/uploads\/2024\/11\/Wholesale-Decorative-Beige-Ceramic-Low-Flower-Pots-2.jpg.webp\" alt=\"Gro\u00dfhandel-Dekorative-Beige-Keramik-Tief-Blument\u00f6pfe-2.jpg\" class=\"wp-image-525\" srcset=\"https:\/\/www.linkceramics.com\/wp-content\/uploads\/2024\/11\/Wholesale-Decorative-Beige-Ceramic-Low-Flower-Pots-2.jpg.webp 1300w, https:\/\/www.linkceramics.com\/wp-content\/uploads\/2024\/11\/Wholesale-Decorative-Beige-Ceramic-Low-Flower-Pots-2.jpg-300x250.webp 300w, https:\/\/www.linkceramics.com\/wp-content\/uploads\/2024\/11\/Wholesale-Decorative-Beige-Ceramic-Low-Flower-Pots-2.jpg-768x640.webp 768w, https:\/\/www.linkceramics.com\/wp-content\/uploads\/2024\/11\/Wholesale-Decorative-Beige-Ceramic-Low-Flower-Pots-2.jpg-1200x1000.webp 1200w, https:\/\/www.linkceramics.com\/wp-content\/uploads\/2024\/11\/Wholesale-Decorative-Beige-Ceramic-Low-Flower-Pots-2.jpg-600x500.webp 600w\" sizes=\"(max-width: 1300px) 100vw, 1300px\" \/><\/figure>\n<\/div>\n<\/div>","protected":false},"excerpt":{"rendered":"<p data-pm-slice=\"0 0 []\">Willkommen in unserem Gro\u00dfhandel dekorative Keramik Blument\u00f6pfe zu erkunden, die weichen beige Ton macht die Blument\u00f6pfe leicht in jedes Haus Stil zu integrieren, und die niedrige Design macht es sehr geeignet f\u00fcr die Bepflanzung verschiedene kleine Pflanzen, bringen Vitalit\u00e4t und Vitalit\u00e4t zu Ihrem Raum. B2B-K\u00e4ufer sind willkommen, uns f\u00fcr den Kauf zu kontaktieren.<\/p>\n<h2>Eigenschaften von Gro\u00dfhandel Keramik Blument\u00f6pfe<\/h2>\n<ul>\n<li><strong>Harmonische Farbmischung:<\/strong> Off-White und Hellbraun zusammen machen den Blumentopf warm und stilvoll und zeigen sein gutes allgemeines Aussehen.<\/li>\n<li><strong>Hochwertiges keramisches Material:<\/strong> Diese keramischen Blument\u00f6pfe sind aus strapazierf\u00e4higer Keramik gefertigt, die sich durch hohe Verschlei\u00dffestigkeit, Langlebigkeit und W\u00e4rmespeicherung auszeichnet. So wird die Blume in der Lage sein, die Temperatur und Feuchtigkeit f\u00fcr einen sehr langen Zeitraum in der Vase zu halten und unterst\u00fctzen Blumen und Pflanzen zu wachsen und gedeihen gut.<\/li>\n<li><strong>Verbessern Sie Ihr Gef\u00fchl f\u00fcr den Geschmack von Zuhause:<\/strong> Der einzigartige Stil und das erdige und nat\u00fcrliche Aussehen des Keramikblumentopfes machen ihn zum Mittelpunkt der Dekoration Ihres Hauses, der die gesamte Umgebung und das Dekor Ihres Zimmers auf ein h\u00f6heres Niveau bringen kann.<\/li>\n<li><strong>Gro\u00dfhandel Blument\u00f6pfe Service:<\/strong> Wir sind eine Keramik-Blument\u00f6pfe Fabrik, und wir konzentrieren uns auf die Bereitstellung von Kunden mit preiswerten Gro\u00dfhandel Blument\u00f6pfe. Willkommen bei uns f\u00fcr ein Angebot zu kontaktieren.<\/li>\n<\/ul>","protected":false},"featured_media":527,"comment_status":"open","ping_status":"closed","template":"","meta":{"_acf_changed":true},"certification":[63,64,66,65,61,60,62],"product_brand":[],"product_cat":[37,38,17],"product_tag":[],"class_list":{"0":"post-524","1":"product","2":"type-product","3":"status-publish","4":"has-post-thumbnail","6":"certification-amfori","7":"certification-bsci","8":"certification-cnas","9":"certification-iaf","10":"certification-iso-14001","11":"certification-iso-45001","12":"certification-iso-9001","13":"product_cat-decorative-ceramic-wholesale","14":"product_cat-custom-ceramic-ornament","15":"product_cat-ceramic-vases-wholesale","17":"first","18":"instock","19":"shipping-taxable","20":"product-type-simple"},"acf":[],"_links":{"self":[{"href":"https:\/\/www.linkceramics.com\/de\/wp-json\/wp\/v2\/product\/524","targetHints":{"allow":["GET"]}}],"collection":[{"href":"https:\/\/www.linkceramics.com\/de\/wp-json\/wp\/v2\/product"}],"about":[{"href":"https:\/\/www.linkceramics.com\/de\/wp-json\/wp\/v2\/types\/product"}],"replies":[{"embeddable":true,"href":"https:\/\/www.linkceramics.com\/de\/wp-json\/wp\/v2\/comments?post=524"}],"wp:featuredmedia":[{"embeddable":true,"href":"https:\/\/www.linkceramics.com\/de\/wp-json\/wp\/v2\/media\/527"}],"wp:attachment":[{"href":"https:\/\/www.linkceramics.com\/de\/wp-json\/wp\/v2\/media?parent=524"}],"wp:term":[{"taxonomy":"certification","embeddable":true,"href":"https:\/\/www.linkceramics.com\/de\/wp-json\/wp\/v2\/certification?post=524"},{"taxonomy":"product_brand","embeddable":true,"href":"https:\/\/www.linkceramics.com\/de\/wp-json\/wp\/v2\/product_brand?post=524"},{"taxonomy":"product_cat","embeddable":true,"href":"https:\/\/www.linkceramics.com\/de\/wp-json\/wp\/v2\/product_cat?post=524"},{"taxonomy":"product_tag","embeddable":true,"href":"https:\/\/www.linkceramics.com\/de\/wp-json\/wp\/v2\/product_tag?post=524"}],"curies":[{"name":"wp","href":"https:\/\/api.w.org\/{rel}","templated":true}]}}