{"id":529,"date":"2024-12-05T10:14:03","date_gmt":"2024-12-05T10:14:03","guid":{"rendered":"https:\/\/www.linkceramics.com\/?post_type=product&#038;p=529"},"modified":"2024-12-10T02:49:22","modified_gmt":"2024-12-10T02:49:22","slug":"wholesale-antique-flower-vase","status":"publish","type":"product","link":"https:\/\/www.linkceramics.com\/de\/product\/wholesale-antique-flower-vase\/","title":{"rendered":"Gro\u00dfhandel Mgo Antike Blumenvasen: Superior Design mit ausgezeichneten Stamping Muster"},"content":{"rendered":"<h3 class=\"wp-block-heading\">Parameter von Mgo Antike Blumenvase<\/h3>\n\n\n\n<figure class=\"wp-block-table\"><table class=\"has-fixed-layout\"><tbody><tr><td>Modell<\/td><td>Produktname<\/td><td>Farbe<\/td><td>Material<\/td><td>Verwendet<\/td><td>Abmessungen<\/td><td>Gewicht<\/td><\/tr><tr><td>A30522-MX68-A01<\/td><td>Keramische Blumenvase<\/td><td>Blau &amp; Wei\u00df<\/td><td>Keramik<\/td><td>Heimdekoration, Wohnzimmer<\/td><td>T:9,5X19,5<\/td><td>0,5 kg\/St\u00fcck<\/td><\/tr><tr><td>A30522-MX68-A02<\/td><td>Keramische Blumenvase<\/td><td>Blau &amp; Wei\u00df<\/td><td>Keramik<\/td><td>Heimdekoration, Wohnzimmer<\/td><td>T:12X25<\/td><td>0,9 kg\/St\u00fcck<\/td><\/tr><tr><td>A30522-MX68-A03<\/td><td>Keramische Blumenvase<\/td><td>Blau &amp; Wei\u00df<\/td><td>Keramik<\/td><td>Heimdekoration, Wohnzimmer<\/td><td>T:8X16.5<\/td><td>0,38 kg\/St\u00fcck<\/td><\/tr><\/tbody><\/table><\/figure>\n\n\n\n<div class=\"wp-block-columns is-layout-flex wp-container-core-columns-is-layout-9d6595d7 wp-block-columns-is-layout-flex\">\n<div class=\"wp-block-column is-layout-flow wp-block-column-is-layout-flow\">\n<figure class=\"wp-block-image size-full\"><img decoding=\"async\" width=\"768\" height=\"768\" src=\"https:\/\/www.linkceramics.com\/wp-content\/uploads\/2024\/11\/wholesale-flower-vases-5-768x768-1.webp\" alt=\"wholesale-flower-vases-5-768x768\" class=\"wp-image-534\" srcset=\"https:\/\/www.linkceramics.com\/wp-content\/uploads\/2024\/11\/wholesale-flower-vases-5-768x768-1.webp 768w, https:\/\/www.linkceramics.com\/wp-content\/uploads\/2024\/11\/wholesale-flower-vases-5-768x768-1-300x300.webp 300w, https:\/\/www.linkceramics.com\/wp-content\/uploads\/2024\/11\/wholesale-flower-vases-5-768x768-1-150x150.webp 150w, https:\/\/www.linkceramics.com\/wp-content\/uploads\/2024\/11\/wholesale-flower-vases-5-768x768-1-600x600.webp 600w, https:\/\/www.linkceramics.com\/wp-content\/uploads\/2024\/11\/wholesale-flower-vases-5-768x768-1-100x100.webp 100w\" sizes=\"(max-width: 768px) 100vw, 768px\" \/><\/figure>\n<\/div>\n\n\n\n<div class=\"wp-block-column is-layout-flow wp-block-column-is-layout-flow\">\n<figure class=\"wp-block-image size-full\"><img decoding=\"async\" width=\"3245\" height=\"3245\" src=\"https:\/\/www.linkceramics.com\/wp-content\/uploads\/2024\/11\/wholesale-flower-vases-4-1.webp\" alt=\"gro\u00dfhandel-blumen-vasen-4-1\" class=\"wp-image-533\" srcset=\"https:\/\/www.linkceramics.com\/wp-content\/uploads\/2024\/11\/wholesale-flower-vases-4-1.webp 3245w, https:\/\/www.linkceramics.com\/wp-content\/uploads\/2024\/11\/wholesale-flower-vases-4-1-300x300.webp 300w, https:\/\/www.linkceramics.com\/wp-content\/uploads\/2024\/11\/wholesale-flower-vases-4-1-150x150.webp 150w, https:\/\/www.linkceramics.com\/wp-content\/uploads\/2024\/11\/wholesale-flower-vases-4-1-768x768.webp 768w, https:\/\/www.linkceramics.com\/wp-content\/uploads\/2024\/11\/wholesale-flower-vases-4-1-1200x1200.webp 1200w, https:\/\/www.linkceramics.com\/wp-content\/uploads\/2024\/11\/wholesale-flower-vases-4-1-600x600.webp 600w, https:\/\/www.linkceramics.com\/wp-content\/uploads\/2024\/11\/wholesale-flower-vases-4-1-100x100.webp 100w\" sizes=\"(max-width: 3245px) 100vw, 3245px\" \/><\/figure>\n<\/div>\n<\/div>\n\n\n\n<p><\/p>","protected":false},"excerpt":{"rendered":"<p>Santai ist ein Hersteller von antiken T\u00f6pferwaren, wir Gro\u00dfhandel antiken Blumenvasen. Diese Keramikvase im chinesischen Stil gibt es in drei Gr\u00f6\u00dfen. Ob als Heimdekoration, Geschenk oder Blumenarrangement verwendet, kann es einen Hauch von Eleganz und Kultur zu Ihrem Raum hinzuf\u00fcgen. Sie k\u00f6nnen die passende Gr\u00f6\u00dfe nach Ihren pers\u00f6nlichen Vorlieben ausw\u00e4hlen, um den Bed\u00fcrfnissen verschiedener Anl\u00e4sse gerecht zu werden. Ob es sich um einen kleinen Tischaufsteller oder eine gro\u00dfe Bodendekoration handelt, sie kann perfekt pr\u00e4sentiert werden.<\/p>\n<h2>Eigenschaften der Mgo Antike Blumenvase<\/h2>\n<p><strong>Wohnkultur:<\/strong> Diese antike Vase eignet sich sehr gut f\u00fcr die Dekoration Ihres Wohn- und Schlafzimmers. Ob allein oder mit Blumen platziert, kann sie ein visueller Fokus werden und die Aufmerksamkeit der G\u00e4ste auf sich ziehen. <br \/><strong>Exquisites Design:<\/strong> Diese antike Blumenvase hat ein einzigartiges Design und ist von exquisiter Handwerkskunst, so dass sie nicht nur eine Dekoration, sondern auch ein Kunstwerk ist, das den Geschmack der gesamten Wohnumgebung aufwertet. <br \/><strong>Exquisites Geschenk:<\/strong> Diese antike Vase kann als Heimdekoration verwendet werden, und sie ist auch ein perfektes Geschenk f\u00fcr Freunde oder Familie, vor allem die \u00c4lteren. Ob es sich um ein Fest, einen Geburtstag oder einen anderen besonderen Anlass handelt, sie kann Ihre Segensw\u00fcnsche und Gedanken \u00fcbermitteln und zu einem wertvollen Souvenir werden. <br \/><strong>Sichere Verpackung und Lieferung:<\/strong> Wir bieten die beste Verpackung f\u00fcr Gro\u00dfhandel Vasen. Jede Vase ist sorgf\u00e4ltig mit Schaumstoff verpackt, um die Sicherheit zu gew\u00e4hrleisten und Sch\u00e4den w\u00e4hrend des Transports zu vermeiden.<\/p>","protected":false},"featured_media":535,"comment_status":"open","ping_status":"closed","template":"","meta":{"_acf_changed":false},"certification":[63,64,66,65,61,60,62],"product_brand":[],"product_cat":[37,17],"product_tag":[],"class_list":{"0":"post-529","1":"product","2":"type-product","3":"status-publish","4":"has-post-thumbnail","6":"certification-amfori","7":"certification-bsci","8":"certification-cnas","9":"certification-iaf","10":"certification-iso-14001","11":"certification-iso-45001","12":"certification-iso-9001","13":"product_cat-decorative-ceramic-wholesale","14":"product_cat-ceramic-vases-wholesale","16":"first","17":"instock","18":"shipping-taxable","19":"product-type-simple"},"acf":[],"_links":{"self":[{"href":"https:\/\/www.linkceramics.com\/de\/wp-json\/wp\/v2\/product\/529","targetHints":{"allow":["GET"]}}],"collection":[{"href":"https:\/\/www.linkceramics.com\/de\/wp-json\/wp\/v2\/product"}],"about":[{"href":"https:\/\/www.linkceramics.com\/de\/wp-json\/wp\/v2\/types\/product"}],"replies":[{"embeddable":true,"href":"https:\/\/www.linkceramics.com\/de\/wp-json\/wp\/v2\/comments?post=529"}],"wp:featuredmedia":[{"embeddable":true,"href":"https:\/\/www.linkceramics.com\/de\/wp-json\/wp\/v2\/media\/535"}],"wp:attachment":[{"href":"https:\/\/www.linkceramics.com\/de\/wp-json\/wp\/v2\/media?parent=529"}],"wp:term":[{"taxonomy":"certification","embeddable":true,"href":"https:\/\/www.linkceramics.com\/de\/wp-json\/wp\/v2\/certification?post=529"},{"taxonomy":"product_brand","embeddable":true,"href":"https:\/\/www.linkceramics.com\/de\/wp-json\/wp\/v2\/product_brand?post=529"},{"taxonomy":"product_cat","embeddable":true,"href":"https:\/\/www.linkceramics.com\/de\/wp-json\/wp\/v2\/product_cat?post=529"},{"taxonomy":"product_tag","embeddable":true,"href":"https:\/\/www.linkceramics.com\/de\/wp-json\/wp\/v2\/product_tag?post=529"}],"curies":[{"name":"wp","href":"https:\/\/api.w.org\/{rel}","templated":true}]}}