{"id":536,"date":"2024-12-21T07:09:48","date_gmt":"2024-12-21T07:09:48","guid":{"rendered":"https:\/\/www.linkceramics.com\/?post_type=product&#038;p=536"},"modified":"2024-12-21T07:09:49","modified_gmt":"2024-12-21T07:09:49","slug":"dip-bowls-wholesale","status":"publish","type":"product","link":"https:\/\/www.linkceramics.com\/de\/product\/dip-bowls-wholesale\/","title":{"rendered":"Reaktion Glasur Dip Schalen Gro\u00dfhandel, Mini-Dessert-Platten Bulk"},"content":{"rendered":"<div class=\"wp-block-columns is-layout-flex wp-container-core-columns-is-layout-9d6595d7 wp-block-columns-is-layout-flex\">\n<div class=\"wp-block-column is-layout-flow wp-block-column-is-layout-flow\" style=\"flex-basis:66.66%\">\n<h3 class=\"wp-block-heading\">Premium Dip-Schalen Gro\u00dfhandel Merkmale:<\/h3>\n\n\n\n<ul class=\"wp-block-list\">\n<li><strong>Ofenge\u00e4nderte Glasurtechnik, einzigartiger Textureffekt:&nbsp;<\/strong>Unsere Mini-Dessertteller und Gro\u00dfhandel Keramik Tassen verwenden Hochtemperatur-Ofen-ge\u00e4ndert Glasur-Technologie. Jedes Produkt hat eine einzigartige und nat\u00fcrliche Textur, verstr\u00f6mt eine Kombination aus Kunst und Qualit\u00e4t, eine einzigartige Sch\u00f6nheit zu Ihrem Esstisch hinzuzuf\u00fcgen.<\/li>\n\n\n\n<li><strong>Mini-Gr\u00f6\u00dfe Design, praktisch und exquisit:<\/strong>&nbsp;Kaufen Sie Dip-Schalen im Gro\u00dfhandel zum Servieren von Desserts, Saucen oder Vorspeisen, und praktisch ist alles, was dieses Servierplatten- und Schalen-Set f\u00fcr die Anordnung von Speisen auf dem Tisch bedeuten w\u00fcrde. Es ist sehr einfach zu arrangieren, und dies kann die Tabelle Einstellung aussehen exquisit ordentlich und zusammen.<\/li>\n\n\n\n<li><strong>Hochwertiges Keramikmaterial, gesund und langlebig:&nbsp;<\/strong>Diese Mini-Dessertteller werden aus hochwertiger Keramik hergestellt. Durch das Brennen bei hoher Temperatur ist das Material robust und ungiftig. Die Oberfl\u00e4che ist glatt und leicht zu reinigen; sie bleibt auch nach langem Gebrauch so hell wie neu. Sie k\u00f6nnen sowohl zu Hause als auch im gewerblichen Bereich verwendet werden.<\/li>\n\n\n\n<li><strong>Gro\u00dfhandelsangebot, Unterst\u00fctzung f\u00fcr unterschiedliche Bed\u00fcrfnisse:&nbsp;<\/strong>Unsere Dip-Schalen im Gro\u00dfhandel sind f\u00fcr Gro\u00dfeink\u00e4ufe konzipiert und bieten eine reiche Auswahl an Farben und Gr\u00f6\u00dfen, w\u00e4hrend sie gleichzeitig kundenspezifische Dienstleistungen unterst\u00fctzen, um die vielf\u00e4ltigen Bed\u00fcrfnisse von Einzelh\u00e4ndlern, Hotels und Catering-Unternehmen zu erf\u00fcllen.<\/li>\n<\/ul>\n<\/div>\n\n\n\n<div class=\"wp-block-column is-layout-flow wp-block-column-is-layout-flow\" style=\"flex-basis:33.33%\">\n<figure class=\"wp-block-image size-full\"><img decoding=\"async\" width=\"1200\" height=\"1200\" src=\"https:\/\/www.linkceramics.com\/wp-content\/uploads\/2024\/11\/Reaction-Glaze-Dip-Bowls-Wholesale-Mini-Dessert-Plates-Bulk-1.webp\" alt=\"Reaktions-Glasur-Tauchschalen-Gro\u00dfhandel-Mini-Dessertteller-Bulk-1\" class=\"wp-image-537\" srcset=\"https:\/\/www.linkceramics.com\/wp-content\/uploads\/2024\/11\/Reaction-Glaze-Dip-Bowls-Wholesale-Mini-Dessert-Plates-Bulk-1.webp 1200w, https:\/\/www.linkceramics.com\/wp-content\/uploads\/2024\/11\/Reaction-Glaze-Dip-Bowls-Wholesale-Mini-Dessert-Plates-Bulk-1-300x300.webp 300w, https:\/\/www.linkceramics.com\/wp-content\/uploads\/2024\/11\/Reaction-Glaze-Dip-Bowls-Wholesale-Mini-Dessert-Plates-Bulk-1-150x150.webp 150w, https:\/\/www.linkceramics.com\/wp-content\/uploads\/2024\/11\/Reaction-Glaze-Dip-Bowls-Wholesale-Mini-Dessert-Plates-Bulk-1-768x768.webp 768w, https:\/\/www.linkceramics.com\/wp-content\/uploads\/2024\/11\/Reaction-Glaze-Dip-Bowls-Wholesale-Mini-Dessert-Plates-Bulk-1-600x600.webp 600w, https:\/\/www.linkceramics.com\/wp-content\/uploads\/2024\/11\/Reaction-Glaze-Dip-Bowls-Wholesale-Mini-Dessert-Plates-Bulk-1-100x100.webp 100w\" sizes=\"(max-width: 1200px) 100vw, 1200px\" \/><\/figure>\n<\/div>\n<\/div>","protected":false},"excerpt":{"rendered":"<div id=\"brxe-0ee1ca\" class=\"brxe-product-meta product_meta\"><span class=\"item\"><span class=\"prefix\">Tags:\u00a0<\/span><span class=\"text\"><a href=\"https:\/\/www.lovinghomecollection.com\/product-tag\/olive-oil-dipping-bowls-wholesale\/\">Oliven\u00f6l-Dippschalen Gro\u00dfhandel<\/a>,\u00a0<a href=\"https:\/\/www.lovinghomecollection.com\/product-tag\/wholesale-plates-and-bowls\/\">Gro\u00dfhandel Teller und Sch\u00fcsseln<\/a>,\u00a0<a href=\"https:\/\/www.lovinghomecollection.com\/product-tag\/wholesale-tea-cups-and-saucers\/\">Gro\u00dfhandel Teetassen und Untertassen<\/a><\/span><\/span><\/div>\n<div id=\"brxe-8c5ca9\" class=\"brxe-product-short-description\">\n<div class=\"woocommerce-product-details__short-description\">Willkommen bei Mini-Dessertteller in der Masse zu kaufen. Diese Reaktion Glasur dip Schalen Gro\u00dfhandel ist von kiln-changed Glasur Technologie, mit einer einzigartigen und nat\u00fcrlichen Textur. Das Mini-Design ist praktisch und exquisit, geeignet f\u00fcr Desserts und Saucen. Hochwertiges keramisches Material ist gesund und langlebig, unterst\u00fctzt Gro\u00dfhandel und Anpassung, und ist die perfekte Wahl f\u00fcr zu Hause und kommerzielle Restaurants.<\/p>\n<h2>Premium Dip-Schalen Spezifikationen:<\/h2>\n<table border=\"0\" width=\"531\" cellspacing=\"0\" cellpadding=\"0\">\n<tbody>\n<tr>\n<td width=\"271\" height=\"24\">Hersteller<\/td>\n<td width=\"260\">Liebevolles Zuhause<\/td>\n<\/tr>\n<tr>\n<td width=\"271\" height=\"25\">Sammlung Name<\/td>\n<td width=\"260\">Einzigartige Elemente<\/td>\n<\/tr>\n<tr>\n<td width=\"271\" height=\"24\">Verwendung<\/td>\n<td width=\"260\">Haus, Restaurant, Hotel<\/td>\n<\/tr>\n<tr>\n<td width=\"271\" height=\"24\">Essgeschirr Typ<\/td>\n<td width=\"260\">Tapas-Set, K\u00e4sebrett<\/td>\n<\/tr>\n<tr>\n<td width=\"271\" height=\"24\">Material<\/td>\n<td width=\"260\">Dauerhaftes Porzellan<\/td>\n<\/tr>\n<tr>\n<td width=\"271\" height=\"24\">Dimension<\/td>\n<td width=\"260\">Wie Detailbild<\/td>\n<\/tr>\n<tr>\n<td width=\"271\" height=\"24\">Verkaufende Einheiten<\/td>\n<td width=\"260\">Einzelnes Element<\/td>\n<\/tr>\n<tr>\n<td width=\"271\" height=\"24\">MOQ<\/td>\n<td width=\"260\">1200\/St\u00fcck pro Artikel<\/td>\n<\/tr>\n<tr>\n<td width=\"271\" height=\"48\">Kundenspezifische Option<\/td>\n<td width=\"260\">Farbe\/Gr\u00f6\u00dfe\/Glasur\/Logo\/Verpackung<\/td>\n<\/tr>\n<\/tbody>\n<\/table>\n<\/div>\n<\/div>","protected":false},"featured_media":540,"comment_status":"open","ping_status":"closed","template":"","meta":{"_acf_changed":true},"certification":[63,64,66,58,65,61,60,62],"product_brand":[],"product_cat":[34,18],"product_tag":[],"class_list":{"0":"post-536","1":"product","2":"type-product","3":"status-publish","4":"has-post-thumbnail","6":"certification-amfori","7":"certification-bsci","8":"certification-cnas","9":"certification-fda","10":"certification-iaf","11":"certification-iso-14001","12":"certification-iso-45001","13":"certification-iso-9001","14":"product_cat-custom-household-ceramics","15":"product_cat-ceramic-tableware-wholesale","17":"first","18":"instock","19":"shipping-taxable","20":"product-type-simple"},"acf":[],"_links":{"self":[{"href":"https:\/\/www.linkceramics.com\/de\/wp-json\/wp\/v2\/product\/536","targetHints":{"allow":["GET"]}}],"collection":[{"href":"https:\/\/www.linkceramics.com\/de\/wp-json\/wp\/v2\/product"}],"about":[{"href":"https:\/\/www.linkceramics.com\/de\/wp-json\/wp\/v2\/types\/product"}],"replies":[{"embeddable":true,"href":"https:\/\/www.linkceramics.com\/de\/wp-json\/wp\/v2\/comments?post=536"}],"wp:featuredmedia":[{"embeddable":true,"href":"https:\/\/www.linkceramics.com\/de\/wp-json\/wp\/v2\/media\/540"}],"wp:attachment":[{"href":"https:\/\/www.linkceramics.com\/de\/wp-json\/wp\/v2\/media?parent=536"}],"wp:term":[{"taxonomy":"certification","embeddable":true,"href":"https:\/\/www.linkceramics.com\/de\/wp-json\/wp\/v2\/certification?post=536"},{"taxonomy":"product_brand","embeddable":true,"href":"https:\/\/www.linkceramics.com\/de\/wp-json\/wp\/v2\/product_brand?post=536"},{"taxonomy":"product_cat","embeddable":true,"href":"https:\/\/www.linkceramics.com\/de\/wp-json\/wp\/v2\/product_cat?post=536"},{"taxonomy":"product_tag","embeddable":true,"href":"https:\/\/www.linkceramics.com\/de\/wp-json\/wp\/v2\/product_tag?post=536"}],"curies":[{"name":"wp","href":"https:\/\/api.w.org\/{rel}","templated":true}]}}