{"id":544,"date":"2024-11-30T08:49:34","date_gmt":"2024-11-30T08:49:34","guid":{"rendered":"https:\/\/www.linkceramics.com\/?post_type=product&#038;p=544"},"modified":"2024-12-05T10:04:30","modified_gmt":"2024-12-05T10:04:30","slug":"coffee-shop-crockery-wholesale","status":"publish","type":"product","link":"https:\/\/www.linkceramics.com\/de\/product\/coffee-shop-crockery-wholesale\/","title":{"rendered":"Coffee Shop Geschirr Gro\u00dfhandel, Floral Pattern Tea Cup und Untertasse Bulk"},"content":{"rendered":"<div class=\"wp-block-columns is-layout-flex wp-container-core-columns-is-layout-9d6595d7 wp-block-columns-is-layout-flex\">\n<div class=\"wp-block-column is-layout-flow wp-block-column-is-layout-flow\" style=\"flex-basis:66.66%\">\n<h3 class=\"wp-block-heading\">Premium Coffee Shop-Geschirr Gro\u00dfhandel Merkmale:<\/h3>\n\n\n\n<ul class=\"wp-block-list\">\n<li><strong>Elegantes Blumendesign, das den Stil des Caf\u00e9s aufwertet:<\/strong>&nbsp;Diese Serie von Keramiktellern, Teekannen, Teetassen und Untertassen ist mit sch\u00f6nen Blumenmustern bemalt. Der Stil ist elegant und romantisch, sehr geeignet f\u00fcr Caf\u00e9s, eine warme und elegante Atmosph\u00e4re zu schaffen, helfen, die gesamte Umgebung und Kundenerlebnis zu verbessern.<\/li>\n\n\n\n<li><strong>Langlebig und leicht zu reinigen:&nbsp;<\/strong>Unser Kaffeegeschirr im Gro\u00dfhandel besteht aus hochwertigem, bei hohen Temperaturen gebranntem Keramikmaterial mit einer glatten und feinen Oberfl\u00e4che, die langlebig und schmutzabweisend ist, sich leicht reinigen l\u00e4sst und nach dem t\u00e4glichen Gebrauch immer in perfektem Zustand ist, was die Reinigungs- und Wartungskosten reduziert.<\/li>\n\n\n\n<li><strong>Ergonomisches Design, komfortables Gef\u00fchl:<\/strong>&nbsp;Der Gedanke der Ergonomie spiegelt sich im Design unserer Teetasse mit Untertasse wider. Die Tasse K\u00f6rper f\u00fchlt sich bequem zu halten, und die Gr\u00f6\u00dfe der Untertasse ist moderat, sch\u00f6n und praktisch, bietet den Kunden eine bessere Nutzung Erfahrung.<\/li>\n\n\n\n<li><strong>Rabatte bei Gro\u00dfeink\u00e4ufen zur Unterst\u00fctzung des Markenaufbaus:&nbsp;<\/strong>Wir bieten Gro\u00dfeinkaufsdienste f\u00fcr Coffeeshops an, und der Produktpreis ist wettbewerbsf\u00e4higer. Der Kauf unserer Coffee-Shop-Geschirr Gro\u00dfhandel wird dazu beitragen, den Stil des Ladens Geschirr zu vereinheitlichen, Betriebskosten zu senken und das Markenimage zu verbessern.<\/li>\n<\/ul>\n<\/div>\n\n\n\n<div class=\"wp-block-column is-layout-flow wp-block-column-is-layout-flow\" style=\"flex-basis:33.33%\">\n<figure class=\"wp-block-image size-full\"><img decoding=\"async\" width=\"600\" height=\"600\" src=\"https:\/\/www.linkceramics.com\/wp-content\/uploads\/2024\/11\/Coffee-Shop-Crockery-Wholesale-Floral-Pattern-Tea-Cup-and-Saucer-Bulk-2-600x600-1.webp\" alt=\"Coffee-Shop-Crockery-Gro\u00dfhandel-Blumen-Muster-Tee-Tasse-und-Untertasse-Gro\u00dfhandel-2-600x600\" class=\"wp-image-546\" srcset=\"https:\/\/www.linkceramics.com\/wp-content\/uploads\/2024\/11\/Coffee-Shop-Crockery-Wholesale-Floral-Pattern-Tea-Cup-and-Saucer-Bulk-2-600x600-1.webp 600w, https:\/\/www.linkceramics.com\/wp-content\/uploads\/2024\/11\/Coffee-Shop-Crockery-Wholesale-Floral-Pattern-Tea-Cup-and-Saucer-Bulk-2-600x600-1-300x300.webp 300w, https:\/\/www.linkceramics.com\/wp-content\/uploads\/2024\/11\/Coffee-Shop-Crockery-Wholesale-Floral-Pattern-Tea-Cup-and-Saucer-Bulk-2-600x600-1-150x150.webp 150w, https:\/\/www.linkceramics.com\/wp-content\/uploads\/2024\/11\/Coffee-Shop-Crockery-Wholesale-Floral-Pattern-Tea-Cup-and-Saucer-Bulk-2-600x600-1-100x100.webp 100w\" sizes=\"(max-width: 600px) 100vw, 600px\" \/><\/figure>\n<\/div>\n<\/div>","protected":false},"excerpt":{"rendered":"<div id=\"brxe-0ee1ca\" class=\"brxe-product-meta product_meta\">\n<div id=\"brxe-0ee1ca\" class=\"brxe-product-meta product_meta\"><span class=\"item\"><span class=\"prefix\">Tags:\u00a0<\/span><span class=\"text\"><a href=\"https:\/\/www.lovinghomecollection.com\/product-tag\/sugar-jars-wholesale\/\">Zuckerdosen Gro\u00dfhandel<\/a>,\u00a0<a href=\"https:\/\/www.lovinghomecollection.com\/product-tag\/wholesale-plates-and-bowls\/\">Gro\u00dfhandel Teller und Sch\u00fcsseln<\/a>,\u00a0<a href=\"https:\/\/www.lovinghomecollection.com\/product-tag\/wholesale-tea-cups-and-saucers\/\">Gro\u00dfhandel Teetassen und Untertassen<\/a>,\u00a0<a href=\"https:\/\/www.lovinghomecollection.com\/product-tag\/wholesale-teapots\/\">Gro\u00dfhandel Teekannen<\/a><\/span><\/span><\/div>\n<div id=\"brxe-8c5ca9\" class=\"brxe-product-short-description\">\n<div class=\"woocommerce-product-details__short-description\">\n<p>Willkommen zum Kauf von Coffee-Shop-Geschirr Gro\u00dfhandel. Dieses florale Muster Teetasse und Untertasse lose f\u00fcgen Sie eine romantische Atmosph\u00e4re zum Caf\u00e9 mit seinem eleganten Design, hochwertige Materialien und komfortable Erfahrung. Bulk-Eink\u00e4ufe sind erschwinglicher und sind eine gute Wahl f\u00fcr den Aufbau eines Markenimages und die Verbesserung der Kundenzufriedenheit.<\/p>\n<\/div>\n<\/div>\n<\/div>\n<div id=\"brxe-8c5ca9\" class=\"brxe-product-short-description\">\n<div class=\"woocommerce-product-details__short-description\">\n<h2>Coffee-Shop-Geschirr Spezifikationen:<\/h2>\n<table border=\"0\" width=\"531\" cellspacing=\"0\" cellpadding=\"0\">\n<tbody>\n<tr>\n<td width=\"271\" height=\"24\">Hersteller<\/td>\n<td width=\"260\">Liebevolles Zuhause<\/td>\n<\/tr>\n<tr>\n<td width=\"271\" height=\"25\">Sammlung Name<\/td>\n<td width=\"260\">Wiesengefl\u00fcster<\/td>\n<\/tr>\n<tr>\n<td width=\"271\" height=\"24\">Verwendung<\/td>\n<td width=\"260\">Haus, Restaurant, Hotel<\/td>\n<\/tr>\n<tr>\n<td width=\"271\" height=\"72\">Essgeschirr Typ<\/td>\n<td width=\"260\">Teekanne, Zuckerkanne, Milchk\u00e4nnchen, Tasse und Untertasse, Tasse, Teller, Schale<\/td>\n<\/tr>\n<tr>\n<td width=\"271\" height=\"24\">Material<\/td>\n<td width=\"260\">Dauerhaftes Porzellan<\/td>\n<\/tr>\n<tr>\n<td width=\"271\" height=\"24\">Dimension<\/td>\n<td width=\"260\">Wie Detailbild<\/td>\n<\/tr>\n<tr>\n<td width=\"271\" height=\"24\">Verkaufende Einheiten<\/td>\n<td width=\"260\">Einzelnes Element<\/td>\n<\/tr>\n<tr>\n<td width=\"271\" height=\"24\">MOQ<\/td>\n<td width=\"260\">1200\/St\u00fcck pro Artikel<\/td>\n<\/tr>\n<tr>\n<td width=\"271\" height=\"48\">Kundenspezifische Option<\/td>\n<td width=\"260\">Farbe\/Gr\u00f6\u00dfe\/Glasur\/Logo\/Verpackung<\/td>\n<\/tr>\n<\/tbody>\n<\/table>\n<\/div>\n<\/div>","protected":false},"featured_media":552,"comment_status":"open","ping_status":"closed","template":"","meta":{"_acf_changed":true},"certification":[63,64,66,58,65,61,60,62],"product_brand":[],"product_cat":[34,18],"product_tag":[],"class_list":{"0":"post-544","1":"product","2":"type-product","3":"status-publish","4":"has-post-thumbnail","6":"certification-amfori","7":"certification-bsci","8":"certification-cnas","9":"certification-fda","10":"certification-iaf","11":"certification-iso-14001","12":"certification-iso-45001","13":"certification-iso-9001","14":"product_cat-custom-household-ceramics","15":"product_cat-ceramic-tableware-wholesale","17":"first","18":"instock","19":"shipping-taxable","20":"product-type-simple"},"acf":[],"_links":{"self":[{"href":"https:\/\/www.linkceramics.com\/de\/wp-json\/wp\/v2\/product\/544","targetHints":{"allow":["GET"]}}],"collection":[{"href":"https:\/\/www.linkceramics.com\/de\/wp-json\/wp\/v2\/product"}],"about":[{"href":"https:\/\/www.linkceramics.com\/de\/wp-json\/wp\/v2\/types\/product"}],"replies":[{"embeddable":true,"href":"https:\/\/www.linkceramics.com\/de\/wp-json\/wp\/v2\/comments?post=544"}],"wp:featuredmedia":[{"embeddable":true,"href":"https:\/\/www.linkceramics.com\/de\/wp-json\/wp\/v2\/media\/552"}],"wp:attachment":[{"href":"https:\/\/www.linkceramics.com\/de\/wp-json\/wp\/v2\/media?parent=544"}],"wp:term":[{"taxonomy":"certification","embeddable":true,"href":"https:\/\/www.linkceramics.com\/de\/wp-json\/wp\/v2\/certification?post=544"},{"taxonomy":"product_brand","embeddable":true,"href":"https:\/\/www.linkceramics.com\/de\/wp-json\/wp\/v2\/product_brand?post=544"},{"taxonomy":"product_cat","embeddable":true,"href":"https:\/\/www.linkceramics.com\/de\/wp-json\/wp\/v2\/product_cat?post=544"},{"taxonomy":"product_tag","embeddable":true,"href":"https:\/\/www.linkceramics.com\/de\/wp-json\/wp\/v2\/product_tag?post=544"}],"curies":[{"name":"wp","href":"https:\/\/api.w.org\/{rel}","templated":true}]}}