{"id":553,"date":"2024-12-21T07:08:30","date_gmt":"2024-12-21T07:08:30","guid":{"rendered":"https:\/\/www.linkceramics.com\/?post_type=product&#038;p=553"},"modified":"2024-12-21T07:08:31","modified_gmt":"2024-12-21T07:08:31","slug":"ceramic-kitchenware-wholesale","status":"publish","type":"product","link":"https:\/\/www.linkceramics.com\/de\/product\/ceramic-kitchenware-wholesale\/","title":{"rendered":"Voll funktionsf\u00e4hige keramische K\u00fcchenger\u00e4te Gro\u00dfhandel, K\u00fcchenutensilien"},"content":{"rendered":"<div class=\"wp-block-columns is-layout-flex wp-container-core-columns-is-layout-9d6595d7 wp-block-columns-is-layout-flex\">\n<div class=\"wp-block-column is-layout-flow wp-block-column-is-layout-flow\" style=\"flex-basis:66.66%\">\n<h3 class=\"wp-block-heading\">Premium-Keramik-Geschirr Gro\u00dfhandel Eigenschaften:<\/h3>\n\n\n\n<ul class=\"wp-block-list\">\n<li><strong>Umfassendes Geschirrset:&nbsp;<\/strong>Unsere Gro\u00dfhandelskollektion an keramischen K\u00fcchenutensilien umfasst ein komplettes Set an K\u00fcchenutensilien, von Mess- und R\u00fchrsch\u00fcsseln bis hin zu Butterdosen, \u00d6lflaschen usw., die jeden Aspekt des t\u00e4glichen Kochens und der Zubereitung von Mahlzeiten abdecken und eine komplette Kochl\u00f6sung f\u00fcr die unterschiedlichen Bed\u00fcrfnisse von Hausk\u00fcchen und gewerblichen K\u00fcchen bieten.<\/li>\n\n\n\n<li><strong>Langlebig und sch\u00f6n:&nbsp;<\/strong>Alle keramischen K\u00fcchenutensilien von wholeale sind aus hochwertigen keramischen Materialien hergestellt, die robust und langlebig sind und \u00fcber hitzebest\u00e4ndige und verschlei\u00dffeste Eigenschaften verf\u00fcgen. Gleichzeitig haben sie ein exquisites Aussehen und verbessern die Gesamtstruktur der K\u00fcche.<\/li>\n\n\n\n<li><strong>Zweckm\u00e4\u00dfigkeit und Sch\u00f6nheit stehen nebeneinander:&nbsp;<\/strong>Unser komplettes Keramikgeschirrset ist nicht nur funktionell und praktisch, sondern auch sch\u00f6n im Design der einzelnen Produkte. Das schlichte und elegante Design eignet sich f\u00fcr K\u00fcchenumgebungen verschiedener Stilrichtungen. Es ist eine ideale Dekoration und praktisches Element f\u00fcr die K\u00fcche.<\/li>\n\n\n\n<li><strong>Geeignet f\u00fcr Gro\u00dfeink\u00e4ufe:&nbsp;<\/strong>Dieser Satz von Keramik-Geschirr Gro\u00dfhandel ist f\u00fcr den Gro\u00dfhandel, die Preisvorteile f\u00fcr Gro\u00dfeink\u00e4ufe, besonders geeignet f\u00fcr Einzelh\u00e4ndler und gro\u00dfe kommerzielle Projekte, und kann die Bed\u00fcrfnisse aller Arten von Kunden zu erf\u00fcllen.<\/li>\n<\/ul>\n<\/div>\n\n\n\n<div class=\"wp-block-column is-layout-flow wp-block-column-is-layout-flow\" style=\"flex-basis:33.33%\">\n<figure class=\"wp-block-image size-full\"><img decoding=\"async\" width=\"600\" height=\"600\" src=\"https:\/\/www.linkceramics.com\/wp-content\/uploads\/2024\/11\/Full-featured-Ceramic-Kitchenware-Wholesale-Kitchen-Utensils-9-600x600-1.webp\" alt=\"Vollkeramik-K\u00fcchengeschirr-Gro\u00dfhandel-K\u00fcchenutensilien-9-600x600\" class=\"wp-image-558\" srcset=\"https:\/\/www.linkceramics.com\/wp-content\/uploads\/2024\/11\/Full-featured-Ceramic-Kitchenware-Wholesale-Kitchen-Utensils-9-600x600-1.webp 600w, https:\/\/www.linkceramics.com\/wp-content\/uploads\/2024\/11\/Full-featured-Ceramic-Kitchenware-Wholesale-Kitchen-Utensils-9-600x600-1-300x300.webp 300w, https:\/\/www.linkceramics.com\/wp-content\/uploads\/2024\/11\/Full-featured-Ceramic-Kitchenware-Wholesale-Kitchen-Utensils-9-600x600-1-150x150.webp 150w, https:\/\/www.linkceramics.com\/wp-content\/uploads\/2024\/11\/Full-featured-Ceramic-Kitchenware-Wholesale-Kitchen-Utensils-9-600x600-1-100x100.webp 100w\" sizes=\"(max-width: 600px) 100vw, 600px\" \/><\/figure>\n<\/div>\n<\/div>","protected":false},"excerpt":{"rendered":"<div id=\"brxe-0ee1ca\" class=\"brxe-product-meta product_meta\">\n<div id=\"brxe-0ee1ca\" class=\"brxe-product-meta product_meta\">Willkommen beim Kauf von K\u00fcchenutensilien in gro\u00dfen Mengen. Unsere Gro\u00dfhandelskollektion an Keramikgeschirr umfasst verschiedene K\u00fcchenutensilien wie Messsch\u00fcsseln, R\u00fchrsch\u00fcsseln, Butterdosen, \u00d6lflaschen usw. Sie sind aus hochwertigen keramischen Materialien hergestellt, funktionell und sch\u00f6n, f\u00fcr den t\u00e4glichen Gebrauch und zur Dekoration geeignet und ideal f\u00fcr den Gro\u00df- und Einzelhandel.<\/div>\n<\/div>\n<div id=\"brxe-8c5ca9\" class=\"brxe-product-short-description\">\n<div class=\"woocommerce-product-details__short-description\">\n<h2>Premium-Keramikgeschirr Spezifikationen:<\/h2>\n<table border=\"0\" width=\"531\" cellspacing=\"0\" cellpadding=\"0\">\n<tbody>\n<tr>\n<td width=\"271\" height=\"24\">Hersteller<\/td>\n<td width=\"260\">Liebevolles Zuhause<\/td>\n<\/tr>\n<tr>\n<td width=\"271\" height=\"25\">Sammlung Name<\/td>\n<td width=\"260\">Soul Kitchen\u807d<\/td>\n<\/tr>\n<tr>\n<td width=\"271\" height=\"24\">Verwendung<\/td>\n<td width=\"260\">Haus, Restaurant, Hotel<\/td>\n<\/tr>\n<tr>\n<td width=\"271\" height=\"240\">K\u00fcchenger\u00e4te Typ<\/td>\n<td width=\"260\">Messsch\u00fcssel, R\u00fchrsch\u00fcssel, Filtersch\u00fcssel, Saftpresse, So\u00dfensch\u00fcssel, St\u00e4bchenhalter, Knoblauchtopf, Werkzeughalter, Vorratsbeh\u00e4lter, Krug, Kuchenschale, L\u00f6ffelablage, Servierplatte, K\u00e4sebrett, Brotbox, Chips und Dip, \u00d6lflasche, Deckelhalter, Butterdose.<\/td>\n<\/tr>\n<tr>\n<td width=\"271\" height=\"24\">Material<\/td>\n<td width=\"260\">Dauerhaftes Porzellan<\/td>\n<\/tr>\n<tr>\n<td width=\"271\" height=\"24\">Dimension<\/td>\n<td width=\"260\">Wie Detailbild<\/td>\n<\/tr>\n<tr>\n<td width=\"271\" height=\"24\">Verkaufende Einheiten<\/td>\n<td width=\"260\">Einzelnes Element<\/td>\n<\/tr>\n<tr>\n<td width=\"271\" height=\"24\">MOQ<\/td>\n<td width=\"260\">1200\/St\u00fcck pro Artikel<\/td>\n<\/tr>\n<tr>\n<td width=\"271\" height=\"48\">Kundenspezifische Option<\/td>\n<td width=\"260\">Farbe\/Gr\u00f6\u00dfe\/Glasur\/Logo\/Verpackung<\/td>\n<\/tr>\n<\/tbody>\n<\/table>\n<\/div>\n<\/div>","protected":false},"featured_media":554,"comment_status":"open","ping_status":"closed","template":"","meta":{"_acf_changed":true},"certification":[63,64,66,58,65,61,60,62],"product_brand":[],"product_cat":[34,20,18],"product_tag":[],"class_list":{"0":"post-553","1":"product","2":"type-product","3":"status-publish","4":"has-post-thumbnail","6":"certification-amfori","7":"certification-bsci","8":"certification-cnas","9":"certification-fda","10":"certification-iaf","11":"certification-iso-14001","12":"certification-iso-45001","13":"certification-iso-9001","14":"product_cat-custom-household-ceramics","15":"product_cat-ceramic-kitchenware-wholesale","16":"product_cat-ceramic-tableware-wholesale","18":"first","19":"instock","20":"shipping-taxable","21":"product-type-simple"},"acf":[],"_links":{"self":[{"href":"https:\/\/www.linkceramics.com\/de\/wp-json\/wp\/v2\/product\/553","targetHints":{"allow":["GET"]}}],"collection":[{"href":"https:\/\/www.linkceramics.com\/de\/wp-json\/wp\/v2\/product"}],"about":[{"href":"https:\/\/www.linkceramics.com\/de\/wp-json\/wp\/v2\/types\/product"}],"replies":[{"embeddable":true,"href":"https:\/\/www.linkceramics.com\/de\/wp-json\/wp\/v2\/comments?post=553"}],"wp:featuredmedia":[{"embeddable":true,"href":"https:\/\/www.linkceramics.com\/de\/wp-json\/wp\/v2\/media\/554"}],"wp:attachment":[{"href":"https:\/\/www.linkceramics.com\/de\/wp-json\/wp\/v2\/media?parent=553"}],"wp:term":[{"taxonomy":"certification","embeddable":true,"href":"https:\/\/www.linkceramics.com\/de\/wp-json\/wp\/v2\/certification?post=553"},{"taxonomy":"product_brand","embeddable":true,"href":"https:\/\/www.linkceramics.com\/de\/wp-json\/wp\/v2\/product_brand?post=553"},{"taxonomy":"product_cat","embeddable":true,"href":"https:\/\/www.linkceramics.com\/de\/wp-json\/wp\/v2\/product_cat?post=553"},{"taxonomy":"product_tag","embeddable":true,"href":"https:\/\/www.linkceramics.com\/de\/wp-json\/wp\/v2\/product_tag?post=553"}],"curies":[{"name":"wp","href":"https:\/\/api.w.org\/{rel}","templated":true}]}}