{"id":562,"date":"2024-12-21T07:10:42","date_gmt":"2024-12-21T07:10:42","guid":{"rendered":"https:\/\/www.linkceramics.com\/?post_type=product&#038;p=562"},"modified":"2024-12-24T02:28:04","modified_gmt":"2024-12-24T02:28:04","slug":"ceramic-bulk-kitchen-utensils","status":"publish","type":"product","link":"https:\/\/www.linkceramics.com\/de\/product\/ceramic-bulk-kitchen-utensils\/","title":{"rendered":"Keramik Bulk K\u00fcchenutensilien Halter, Kasserollen, Gl\u00e4ser, \u00d6lflaschen Gro\u00dfhandel"},"content":{"rendered":"<div class=\"wp-block-columns is-layout-flex wp-container-core-columns-is-layout-9d6595d7 wp-block-columns-is-layout-flex\">\n<div class=\"wp-block-column is-layout-flow wp-block-column-is-layout-flow\" style=\"flex-basis:66.66%\">\n<h3 class=\"wp-block-heading\">Premium Ceramic Bulk K\u00fcchenutensilien Eigenschaften:<\/h3>\n\n\n\n<ul class=\"wp-block-list\">\n<li><strong>Elegantes Design mit Blumenpr\u00e4gung:\u00a0<\/strong>Diese Serie von Gro\u00dfk\u00fcchenutensilien zeichnet sich durch exquisite florale Pr\u00e4gemuster aus. Jedes K\u00fcchenutensil ist von feiner Handwerkskunst gepr\u00e4gt und verleiht dem Geschirr eine elegante und k\u00fcnstlerische Ausstrahlung, die die Sch\u00f6nheit der K\u00fcche insgesamt unterstreicht.<\/li>\n\n\n\n<li><strong>Vielseitiges K\u00fcchenzubeh\u00f6r:\u00a0<\/strong>Unser Keramikgeschirr im Gro\u00dfhandel umfasst \u00d6lflaschen, K\u00e4sebretter, Werkzeugst\u00e4nder, Aufbewahrungsgl\u00e4ser, Kasserollen und Kessel usw. und deckt eine Vielzahl praktischer Zubeh\u00f6rteile ab, die in der K\u00fcche ben\u00f6tigt werden und sich f\u00fcr das t\u00e4gliche Kochen und die Pr\u00e4sentation auf dem Tisch eignen, um eine effiziente und bequeme Verwendung zu gew\u00e4hrleisten.<\/li>\n\n\n\n<li><strong>Vielf\u00e4ltige Farbauswahl:<\/strong>\u00a0Diese Serie von K\u00fcchenutensilien in gro\u00dfen Mengen bietet eine Vielzahl von leuchtenden Farben, von frischen und nat\u00fcrlichen T\u00f6nen bis hin zu modernen und leuchtenden Farben, die mit verschiedenen K\u00fcchendekorationsstilen kombiniert werden k\u00f6nnen und visuelles Interesse und Dekorativit\u00e4t verleihen.<\/li>\n\n\n\n<li><strong>Langlebig und praktisch:\u00a0<\/strong>Unsere Keramikgeschirrserie f\u00fcr den Gro\u00dfhandel sieht nicht nur sch\u00f6n aus, sondern ist auch sorgf\u00e4ltig entworfen und gefertigt, um ihre Langlebigkeit und Funktionalit\u00e4t zu gew\u00e4hrleisten. Sie eignet sich f\u00fcr den langfristigen Einsatz in Privathaushalten, Restaurants und Gro\u00dfk\u00fcchen.<\/li>\n<\/ul>\n<\/div>\n\n\n\n<div class=\"wp-block-column is-layout-flow wp-block-column-is-layout-flow\" style=\"flex-basis:33.33%\">\n<figure class=\"wp-block-image size-full\"><img decoding=\"async\" width=\"600\" height=\"600\" src=\"https:\/\/www.linkceramics.com\/wp-content\/uploads\/2024\/11\/Ceramic-Bulk-Kitchen-Utensils-Holders-Casseroles-Jars-Oil-Bottles-Wholesale-17-600x600-1.webp\" alt=\"Keramik-Beh\u00e4lter-K\u00fcchen-Utensilien-Halter-Kasserollen-Gl\u00e4ser-\u00d6lflaschen-Gro\u00dfhandel-17-600x600\" class=\"wp-image-570\" srcset=\"https:\/\/www.linkceramics.com\/wp-content\/uploads\/2024\/11\/Ceramic-Bulk-Kitchen-Utensils-Holders-Casseroles-Jars-Oil-Bottles-Wholesale-17-600x600-1.webp 600w, https:\/\/www.linkceramics.com\/wp-content\/uploads\/2024\/11\/Ceramic-Bulk-Kitchen-Utensils-Holders-Casseroles-Jars-Oil-Bottles-Wholesale-17-600x600-1-300x300.webp 300w, https:\/\/www.linkceramics.com\/wp-content\/uploads\/2024\/11\/Ceramic-Bulk-Kitchen-Utensils-Holders-Casseroles-Jars-Oil-Bottles-Wholesale-17-600x600-1-150x150.webp 150w, https:\/\/www.linkceramics.com\/wp-content\/uploads\/2024\/11\/Ceramic-Bulk-Kitchen-Utensils-Holders-Casseroles-Jars-Oil-Bottles-Wholesale-17-600x600-1-100x100.webp 100w\" sizes=\"(max-width: 600px) 100vw, 600px\" \/><\/figure>\n<\/div>\n<\/div>","protected":false},"excerpt":{"rendered":"<div id=\"brxe-0ee1ca\" class=\"brxe-product-meta product_meta\">\n<div id=\"brxe-0ee1ca\" class=\"brxe-product-meta product_meta\">\n<div id=\"brxe-0ee1ca\" class=\"brxe-product-meta product_meta\">Willkommen zum Kauf von Keramik-K\u00fcchenutensilien im Gro\u00dfhandel. Diese Serie von K\u00fcchenutensilien zeichnet sich durch ein elegantes florales Reliefdesign und eine Vielzahl von Farboptionen aus und umfasst Utensilienhalter, \u00d6lflaschen, Vorratsgl\u00e4ser, Auflaufformen und andere multifunktionale K\u00fcchenaccessoires. Es ist sowohl praktisch als auch eine einzigartige k\u00fcnstlerische Note in der K\u00fcche.<\/div>\n<\/div>\n<\/div>\n<div id=\"brxe-8c5ca9\" class=\"brxe-product-short-description\">\n<div class=\"woocommerce-product-details__short-description\">\n<h2>Premium-Keramik-K\u00fcchenutensilien Spezifikationen:<\/h2>\n<table border=\"0\" width=\"531\" cellspacing=\"0\" cellpadding=\"0\">\n<tbody>\n<tr>\n<td width=\"271\" height=\"24\">Hersteller<\/td>\n<td width=\"260\">Liebevolles Zuhause<\/td>\n<\/tr>\n<tr>\n<td width=\"271\" height=\"25\">Sammlung Name<\/td>\n<td width=\"260\">Mein Jardin<\/td>\n<\/tr>\n<tr>\n<td width=\"271\" height=\"24\">Verwendung<\/td>\n<td width=\"260\">Haus, Restaurant, Hotel<\/td>\n<\/tr>\n<tr>\n<td width=\"271\" height=\"72\">K\u00fcchenger\u00e4te Typ<\/td>\n<td width=\"260\">\u00d6lflasche, K\u00e4sebrett, Werkzeughalter, Vorratsgef\u00e4\u00df, Kasserolle, Krug<\/td>\n<\/tr>\n<tr>\n<td width=\"271\" height=\"24\">Material<\/td>\n<td width=\"260\">Steingut<\/td>\n<\/tr>\n<tr>\n<td width=\"271\" height=\"24\">Dimension<\/td>\n<td width=\"260\">Wie Detailbild<\/td>\n<\/tr>\n<tr>\n<td width=\"271\" height=\"24\">Verkaufende Einheiten<\/td>\n<td width=\"260\">Einzelnes Element<\/td>\n<\/tr>\n<tr>\n<td width=\"271\" height=\"24\">MOQ<\/td>\n<td width=\"260\">1200\/St\u00fcck pro Artikel<\/td>\n<\/tr>\n<tr>\n<td width=\"271\" height=\"48\">Kundenspezifische Option<\/td>\n<td width=\"260\">Farbe\/Gr\u00f6\u00dfe\/Glasur\/Logo\/Verpackung<\/td>\n<\/tr>\n<\/tbody>\n<\/table>\n<\/div>\n<\/div>","protected":false},"featured_media":569,"comment_status":"open","ping_status":"closed","template":"","meta":{"_acf_changed":true},"certification":[63,64,66,58,65,61,60,62],"product_brand":[],"product_cat":[34,20],"product_tag":[],"class_list":{"0":"post-562","1":"product","2":"type-product","3":"status-publish","4":"has-post-thumbnail","6":"certification-amfori","7":"certification-bsci","8":"certification-cnas","9":"certification-fda","10":"certification-iaf","11":"certification-iso-14001","12":"certification-iso-45001","13":"certification-iso-9001","14":"product_cat-custom-household-ceramics","15":"product_cat-ceramic-kitchenware-wholesale","17":"first","18":"instock","19":"shipping-taxable","20":"product-type-simple"},"acf":[],"_links":{"self":[{"href":"https:\/\/www.linkceramics.com\/de\/wp-json\/wp\/v2\/product\/562","targetHints":{"allow":["GET"]}}],"collection":[{"href":"https:\/\/www.linkceramics.com\/de\/wp-json\/wp\/v2\/product"}],"about":[{"href":"https:\/\/www.linkceramics.com\/de\/wp-json\/wp\/v2\/types\/product"}],"replies":[{"embeddable":true,"href":"https:\/\/www.linkceramics.com\/de\/wp-json\/wp\/v2\/comments?post=562"}],"wp:featuredmedia":[{"embeddable":true,"href":"https:\/\/www.linkceramics.com\/de\/wp-json\/wp\/v2\/media\/569"}],"wp:attachment":[{"href":"https:\/\/www.linkceramics.com\/de\/wp-json\/wp\/v2\/media?parent=562"}],"wp:term":[{"taxonomy":"certification","embeddable":true,"href":"https:\/\/www.linkceramics.com\/de\/wp-json\/wp\/v2\/certification?post=562"},{"taxonomy":"product_brand","embeddable":true,"href":"https:\/\/www.linkceramics.com\/de\/wp-json\/wp\/v2\/product_brand?post=562"},{"taxonomy":"product_cat","embeddable":true,"href":"https:\/\/www.linkceramics.com\/de\/wp-json\/wp\/v2\/product_cat?post=562"},{"taxonomy":"product_tag","embeddable":true,"href":"https:\/\/www.linkceramics.com\/de\/wp-json\/wp\/v2\/product_tag?post=562"}],"curies":[{"name":"wp","href":"https:\/\/api.w.org\/{rel}","templated":true}]}}