{"id":572,"date":"2024-12-10T03:41:46","date_gmt":"2024-12-10T03:41:46","guid":{"rendered":"https:\/\/www.linkceramics.com\/?post_type=product&#038;p=572"},"modified":"2024-12-10T03:41:47","modified_gmt":"2024-12-10T03:41:47","slug":"ceramic-vases-wholesale","status":"publish","type":"product","link":"https:\/\/www.linkceramics.com\/de\/product\/ceramic-vases-wholesale\/","title":{"rendered":"Exquisite keramische Vasen Gro\u00dfhandel, Blumenvasen in Bulk"},"content":{"rendered":"<div class=\"wp-block-columns is-layout-flex wp-container-core-columns-is-layout-9d6595d7 wp-block-columns-is-layout-flex\">\n<div class=\"wp-block-column is-layout-flow wp-block-column-is-layout-flow\" style=\"flex-basis:66.66%\">\n<h3 class=\"wp-block-heading\">Premium-Keramik-Vasen Gro\u00dfhandel Merkmale:<\/h3>\n\n\n\n<ul class=\"wp-block-list\">\n<li><strong>Exquisites Design:\u00a0<\/strong>Diese grau-schwarzen Keramikvasen sind sorgf\u00e4ltig mit einer Vielzahl von Reliefmustern auf der Oberfl\u00e4che versehen, die sowohl dreidimensional als auch voller k\u00fcnstlerischer Atmosph\u00e4re sind und Ihrem Zuhause oder Ihrem Gesch\u00e4ftsraum einen einzigartigen dekorativen Stil verleihen k\u00f6nnen.<\/li>\n\n\n\n<li><strong>Erh\u00e4ltlich in einer Vielzahl von Gr\u00f6\u00dfen:\u00a0<\/strong>Unsere Gro\u00dfhandelsserie Keramikvasen bietet eine Vielzahl von Vasen in verschiedenen Gr\u00f6\u00dfen und Formen, von kleinen Tischdekorationen bis hin zu gro\u00dfen Standvasen, die f\u00fcr verschiedene Arten und Gr\u00f6\u00dfen von Blumen geeignet sind.<\/li>\n\n\n\n<li><strong>Abriebfest:\u00a0<\/strong>Unsere gro\u00dfen Keramikvasen werden aus robusten keramischen Materialien hergestellt, und das Hochtemperatur-Brandverfahren gew\u00e4hrleistet die Festigkeit und Haltbarkeit der Vasen. Das hochwertige Material macht das Produkt nicht nur langlebig, sondern auch sehr widerstandsf\u00e4hig gegen Abnutzung und Witterungseinfl\u00fcsse.<\/li>\n\n\n\n<li><strong>Erf\u00fcllung kommerzieller Anforderungen:<\/strong>\u00a0Unsere Keramikvasen-Serie f\u00fcr den Gro\u00dfhandel ist f\u00fcr die Beschaffung im Gro\u00dfhandel konzipiert, mit g\u00fcnstigen Preisen und High-End-Design-Qualit\u00e4t, geeignet f\u00fcr Einzelh\u00e4ndler, gro\u00dfe Projekte und kommerzielle Dekoration Projekte wie Hotels.<\/li>\n<\/ul>\n<\/div>\n\n\n\n<div class=\"wp-block-column is-layout-flow wp-block-column-is-layout-flow\" style=\"flex-basis:33.33%\">\n<figure class=\"wp-block-image size-full\"><img decoding=\"async\" width=\"768\" height=\"768\" src=\"https:\/\/www.linkceramics.com\/wp-content\/uploads\/2024\/11\/Exquisite-Ceramic-Vases-Wholesale-Flower-Vases-In-Bulk-6-768x768-1.webp\" alt=\"Exquisite-Keramik-Vasen-Gro\u00dfhandel-Blumenvasen-In-Bulk-6-768x768\" class=\"wp-image-578\" srcset=\"https:\/\/www.linkceramics.com\/wp-content\/uploads\/2024\/11\/Exquisite-Ceramic-Vases-Wholesale-Flower-Vases-In-Bulk-6-768x768-1.webp 768w, https:\/\/www.linkceramics.com\/wp-content\/uploads\/2024\/11\/Exquisite-Ceramic-Vases-Wholesale-Flower-Vases-In-Bulk-6-768x768-1-300x300.webp 300w, https:\/\/www.linkceramics.com\/wp-content\/uploads\/2024\/11\/Exquisite-Ceramic-Vases-Wholesale-Flower-Vases-In-Bulk-6-768x768-1-150x150.webp 150w, https:\/\/www.linkceramics.com\/wp-content\/uploads\/2024\/11\/Exquisite-Ceramic-Vases-Wholesale-Flower-Vases-In-Bulk-6-768x768-1-600x600.webp 600w, https:\/\/www.linkceramics.com\/wp-content\/uploads\/2024\/11\/Exquisite-Ceramic-Vases-Wholesale-Flower-Vases-In-Bulk-6-768x768-1-100x100.webp 100w\" sizes=\"(max-width: 768px) 100vw, 768px\" \/><\/figure>\n<\/div>\n<\/div>","protected":false},"excerpt":{"rendered":"<div id=\"brxe-0ee1ca\" class=\"brxe-product-meta product_meta\">\n<div id=\"brxe-0ee1ca\" class=\"brxe-product-meta product_meta\">\n<div id=\"brxe-0ee1ca\" class=\"brxe-product-meta product_meta\">Willkommen zum Kauf von Blumenvasen in gro\u00dfen Mengen. Unsere exquisite Keramikvasen Gro\u00dfhandel Serie verf\u00fcgt \u00fcber eine sch\u00f6ne Linie Design und exquisite gestreifte gepr\u00e4gte Texturen und bietet eine Vielzahl von Farboptionen, um verschiedene Inneneinrichtung Bed\u00fcrfnisse anzupassen. Diese Produktserie hat ein modernes Design und eine hervorragende Qualit\u00e4t, um die verschiedenen Bed\u00fcrfnisse von Gesch\u00e4fts- und Einzelhandelskunden zu erf\u00fcllen.<\/div>\n<\/div>\n<\/div>\n<div id=\"brxe-8c5ca9\" class=\"brxe-product-short-description\">\n<div class=\"woocommerce-product-details__short-description\">\n<h2>Premium-Keramikvasen Spezifikationen:<\/h2>\n<table border=\"0\" width=\"531\" cellspacing=\"0\" cellpadding=\"0\">\n<tbody>\n<tr>\n<td width=\"271\" height=\"24\">Hersteller<\/td>\n<td width=\"260\">Liebevolles Zuhause<\/td>\n<\/tr>\n<tr>\n<td width=\"271\" height=\"25\">Produkttyp<\/td>\n<td width=\"260\">Blumenvasen<\/td>\n<\/tr>\n<tr>\n<td width=\"271\" height=\"24\">Material<\/td>\n<td width=\"260\">Dauerhaftes Porzellan<\/td>\n<\/tr>\n<tr>\n<td width=\"271\" height=\"24\">Dimension<\/td>\n<td width=\"260\">Wie Detailbild<\/td>\n<\/tr>\n<tr>\n<td width=\"271\" height=\"24\">Verkaufende Einheiten<\/td>\n<td width=\"260\">Einzelnes Element<\/td>\n<\/tr>\n<tr>\n<td width=\"271\" height=\"24\">MOQ<\/td>\n<td width=\"260\">1200\/St\u00fcck pro Artikel<\/td>\n<\/tr>\n<tr>\n<td width=\"271\" height=\"48\">Kundenspezifische Option<\/td>\n<td width=\"260\">Farbe\/Gr\u00f6\u00dfe\/Glasur\/Logo\/Verpackung<\/td>\n<\/tr>\n<\/tbody>\n<\/table>\n<\/div>\n<\/div>","protected":false},"featured_media":573,"comment_status":"open","ping_status":"closed","template":"","meta":{"_acf_changed":true},"certification":[63,64,66,58,65,61,60,62],"product_brand":[],"product_cat":[37,17],"product_tag":[],"class_list":{"0":"post-572","1":"product","2":"type-product","3":"status-publish","4":"has-post-thumbnail","6":"certification-amfori","7":"certification-bsci","8":"certification-cnas","9":"certification-fda","10":"certification-iaf","11":"certification-iso-14001","12":"certification-iso-45001","13":"certification-iso-9001","14":"product_cat-decorative-ceramic-wholesale","15":"product_cat-ceramic-vases-wholesale","17":"first","18":"instock","19":"shipping-taxable","20":"product-type-simple"},"acf":[],"_links":{"self":[{"href":"https:\/\/www.linkceramics.com\/de\/wp-json\/wp\/v2\/product\/572","targetHints":{"allow":["GET"]}}],"collection":[{"href":"https:\/\/www.linkceramics.com\/de\/wp-json\/wp\/v2\/product"}],"about":[{"href":"https:\/\/www.linkceramics.com\/de\/wp-json\/wp\/v2\/types\/product"}],"replies":[{"embeddable":true,"href":"https:\/\/www.linkceramics.com\/de\/wp-json\/wp\/v2\/comments?post=572"}],"wp:featuredmedia":[{"embeddable":true,"href":"https:\/\/www.linkceramics.com\/de\/wp-json\/wp\/v2\/media\/573"}],"wp:attachment":[{"href":"https:\/\/www.linkceramics.com\/de\/wp-json\/wp\/v2\/media?parent=572"}],"wp:term":[{"taxonomy":"certification","embeddable":true,"href":"https:\/\/www.linkceramics.com\/de\/wp-json\/wp\/v2\/certification?post=572"},{"taxonomy":"product_brand","embeddable":true,"href":"https:\/\/www.linkceramics.com\/de\/wp-json\/wp\/v2\/product_brand?post=572"},{"taxonomy":"product_cat","embeddable":true,"href":"https:\/\/www.linkceramics.com\/de\/wp-json\/wp\/v2\/product_cat?post=572"},{"taxonomy":"product_tag","embeddable":true,"href":"https:\/\/www.linkceramics.com\/de\/wp-json\/wp\/v2\/product_tag?post=572"}],"curies":[{"name":"wp","href":"https:\/\/api.w.org\/{rel}","templated":true}]}}