{"id":579,"date":"2024-12-10T03:43:02","date_gmt":"2024-12-10T03:43:02","guid":{"rendered":"https:\/\/www.linkceramics.com\/?post_type=product&#038;p=579"},"modified":"2024-12-10T03:43:04","modified_gmt":"2024-12-10T03:43:04","slug":"ceramic-flower-vases-wholesale","status":"publish","type":"product","link":"https:\/\/www.linkceramics.com\/de\/product\/ceramic-flower-vases-wholesale\/","title":{"rendered":"Keramische Blumenvasen Gro\u00dfhandel, Flammglasur Vasen Bulk"},"content":{"rendered":"<div class=\"wp-block-columns is-layout-flex wp-container-core-columns-is-layout-9d6595d7 wp-block-columns-is-layout-flex\">\n<div class=\"wp-block-column is-layout-flow wp-block-column-is-layout-flow\" style=\"flex-basis:66.66%\">\n<h3 class=\"wp-block-heading\">Premium-Keramik-Blumenvasen Gro\u00dfhandel Merkmale:<\/h3>\n\n\n\n<ul class=\"wp-block-list\">\n<li><strong>Erf\u00fcllen Sie unterschiedliche dekorative Anforderungen:\u00a0<\/strong>Die Gro\u00dfhandelsserie der flambierten Blumenvasen aus Keramik bietet eine Vielzahl von Formen und Gr\u00f6\u00dfen, die sich f\u00fcr den Wohnbereich, gewerbliche R\u00e4ume und Kunstausstellungen eignen und flexibel mit verschiedenen dekorativen Stilen und Szenen kombiniert werden k\u00f6nnen.<\/li>\n\n\n\n<li><strong>Einzigartige Flammglasurtechnik:\u00a0<\/strong>Bei dieser Serie von Blumenvasen f\u00fcr den Gro\u00dfhandel kommt die traditionelle Flammglasurtechnik zum Einsatz. Die Glasur flie\u00dft w\u00e4hrend des Brennens bei hoher Temperatur auf nat\u00fcrliche Weise und bildet reiche Farbver\u00e4nderungen und gesprenkelte Texturen. Jedes St\u00fcck ist ein einzigartiges Kunstwerk, das den Charme der handgefertigten T\u00f6pferwaren zeigt.<\/li>\n\n\n\n<li><strong>Langlebig und leicht zu pflegen:\u00a0<\/strong>Unsere keramischen Blumenvasen f\u00fcr den Gro\u00dfhandel werden bei hohen Temperaturen gebrannt und zeichnen sich durch eine hohe Rissfestigkeit und Langlebigkeit aus, die f\u00fcr den langfristigen Gebrauch geeignet sind. Die Glasur ist glatt und leicht zu reinigen, so dass sie auch bei t\u00e4glichem Gebrauch ihr gl\u00e4nzendes Aussehen beh\u00e4lt.<\/li>\n\n\n\n<li><strong>Kombination aus Klassik und Moderne:\u00a0<\/strong>Diese Blumenvasen-Gro\u00dfhandelsserie kombiniert die klassischen Blumenglasurfarben mit modernen und einfachen Formen, die nicht nur den eleganten Charme der traditionellen Handwerkskunst bewahren, sondern auch moderne Designstile einbeziehen, die die Schichtung und k\u00fcnstlerische Atmosph\u00e4re der Inneneinrichtung verbessern k\u00f6nnen.<\/li>\n<\/ul>\n<\/div>\n\n\n\n<div class=\"wp-block-column is-layout-flow wp-block-column-is-layout-flow\" style=\"flex-basis:33.33%\">\n<figure class=\"wp-block-image size-full\"><img decoding=\"async\" width=\"768\" height=\"768\" src=\"https:\/\/www.linkceramics.com\/wp-content\/uploads\/2024\/11\/Ceramic-Flower-Vases-Wholesale-Flambe-Glaze-Vases-Bulk-87-768x768-1.webp\" alt=\"Keramik-Blumenvasen-Gro\u00dfhandel-Flambe-Glasur-Vasen-Gro\u00dfhandel-87-768x768\" class=\"wp-image-584\" srcset=\"https:\/\/www.linkceramics.com\/wp-content\/uploads\/2024\/11\/Ceramic-Flower-Vases-Wholesale-Flambe-Glaze-Vases-Bulk-87-768x768-1.webp 768w, https:\/\/www.linkceramics.com\/wp-content\/uploads\/2024\/11\/Ceramic-Flower-Vases-Wholesale-Flambe-Glaze-Vases-Bulk-87-768x768-1-300x300.webp 300w, https:\/\/www.linkceramics.com\/wp-content\/uploads\/2024\/11\/Ceramic-Flower-Vases-Wholesale-Flambe-Glaze-Vases-Bulk-87-768x768-1-150x150.webp 150w, https:\/\/www.linkceramics.com\/wp-content\/uploads\/2024\/11\/Ceramic-Flower-Vases-Wholesale-Flambe-Glaze-Vases-Bulk-87-768x768-1-600x600.webp 600w, https:\/\/www.linkceramics.com\/wp-content\/uploads\/2024\/11\/Ceramic-Flower-Vases-Wholesale-Flambe-Glaze-Vases-Bulk-87-768x768-1-100x100.webp 100w\" sizes=\"(max-width: 768px) 100vw, 768px\" \/><\/figure>\n<\/div>\n<\/div>","protected":false},"excerpt":{"rendered":"<div id=\"brxe-0ee1ca\" class=\"brxe-product-meta product_meta\">\n<div id=\"brxe-0ee1ca\" class=\"brxe-product-meta product_meta\">\n<div id=\"brxe-0ee1ca\" class=\"brxe-product-meta product_meta\">Willkommen zum Kauf Blumenvasen Gro\u00dfhandel. Diese keramische Blumenvasen Gro\u00dfhandel Sammlung bietet eine Vielzahl von Formen und Gr\u00f6\u00dfen, mit der einzigartigen Flamme Glasur Prozess, hat jede Vase eine einzigartige Farbe Textur. Seine hohe Temperatur Brennprozess sorgt f\u00fcr Langlebigkeit und einfache Wartung, und die Kombination von klassischen und modernen Design macht es zu einem idealen Dekorationsartikel.<\/div>\n<\/div>\n<\/div>\n<div id=\"brxe-8c5ca9\" class=\"brxe-product-short-description\">\n<div class=\"woocommerce-product-details__short-description\">\n<h2>Keramische Blumenvasen Spezifikationen:<\/h2>\n<table border=\"0\" width=\"531\" cellspacing=\"0\" cellpadding=\"0\">\n<tbody>\n<tr>\n<td width=\"271\" height=\"24\">Hersteller<\/td>\n<td width=\"260\">Liebevolles Zuhause<\/td>\n<\/tr>\n<tr>\n<td width=\"271\" height=\"25\">Produkttyp<\/td>\n<td width=\"260\">Blumenvasen<\/td>\n<\/tr>\n<tr>\n<td width=\"271\" height=\"24\">Material<\/td>\n<td width=\"260\">Dauerhaftes Porzellan<\/td>\n<\/tr>\n<tr>\n<td width=\"271\" height=\"24\">Dimension<\/td>\n<td width=\"260\">Wie Detailbild<\/td>\n<\/tr>\n<tr>\n<td width=\"271\" height=\"24\">Verkaufende Einheiten<\/td>\n<td width=\"260\">Einzelnes Element<\/td>\n<\/tr>\n<tr>\n<td width=\"271\" height=\"24\">MOQ<\/td>\n<td width=\"260\">1200\/St\u00fcck pro Artikel<\/td>\n<\/tr>\n<tr>\n<td width=\"271\" height=\"48\">Kundenspezifische Option<\/td>\n<td width=\"260\">Farbe\/Gr\u00f6\u00dfe\/Glasur\/Logo\/Verpackung<\/td>\n<\/tr>\n<\/tbody>\n<\/table>\n<\/div>\n<\/div>","protected":false},"featured_media":583,"comment_status":"open","ping_status":"closed","template":"","meta":{"_acf_changed":true},"certification":[63,64,66,58,65,61,60,62],"product_brand":[],"product_cat":[37,38,17],"product_tag":[],"class_list":{"0":"post-579","1":"product","2":"type-product","3":"status-publish","4":"has-post-thumbnail","6":"certification-amfori","7":"certification-bsci","8":"certification-cnas","9":"certification-fda","10":"certification-iaf","11":"certification-iso-14001","12":"certification-iso-45001","13":"certification-iso-9001","14":"product_cat-decorative-ceramic-wholesale","15":"product_cat-custom-ceramic-ornament","16":"product_cat-ceramic-vases-wholesale","18":"first","19":"instock","20":"shipping-taxable","21":"product-type-simple"},"acf":[],"_links":{"self":[{"href":"https:\/\/www.linkceramics.com\/de\/wp-json\/wp\/v2\/product\/579","targetHints":{"allow":["GET"]}}],"collection":[{"href":"https:\/\/www.linkceramics.com\/de\/wp-json\/wp\/v2\/product"}],"about":[{"href":"https:\/\/www.linkceramics.com\/de\/wp-json\/wp\/v2\/types\/product"}],"replies":[{"embeddable":true,"href":"https:\/\/www.linkceramics.com\/de\/wp-json\/wp\/v2\/comments?post=579"}],"wp:featuredmedia":[{"embeddable":true,"href":"https:\/\/www.linkceramics.com\/de\/wp-json\/wp\/v2\/media\/583"}],"wp:attachment":[{"href":"https:\/\/www.linkceramics.com\/de\/wp-json\/wp\/v2\/media?parent=579"}],"wp:term":[{"taxonomy":"certification","embeddable":true,"href":"https:\/\/www.linkceramics.com\/de\/wp-json\/wp\/v2\/certification?post=579"},{"taxonomy":"product_brand","embeddable":true,"href":"https:\/\/www.linkceramics.com\/de\/wp-json\/wp\/v2\/product_brand?post=579"},{"taxonomy":"product_cat","embeddable":true,"href":"https:\/\/www.linkceramics.com\/de\/wp-json\/wp\/v2\/product_cat?post=579"},{"taxonomy":"product_tag","embeddable":true,"href":"https:\/\/www.linkceramics.com\/de\/wp-json\/wp\/v2\/product_tag?post=579"}],"curies":[{"name":"wp","href":"https:\/\/api.w.org\/{rel}","templated":true}]}}