{"id":596,"date":"2024-12-21T07:07:28","date_gmt":"2024-12-21T07:07:28","guid":{"rendered":"https:\/\/www.linkceramics.com\/?post_type=product&#038;p=596"},"modified":"2024-12-21T07:07:30","modified_gmt":"2024-12-21T07:07:30","slug":"wholesale-flower-pots-and-planters","status":"publish","type":"product","link":"https:\/\/www.linkceramics.com\/de\/product\/wholesale-flower-pots-and-planters\/","title":{"rendered":"Gro\u00dfhandel Blument\u00f6pfe und Pflanzer, Zement gelb Bulk Garten T\u00f6pfe"},"content":{"rendered":"<div class=\"wp-block-columns is-layout-flex wp-container-core-columns-is-layout-9d6595d7 wp-block-columns-is-layout-flex\">\n<div class=\"wp-block-column is-layout-flow wp-block-column-is-layout-flow\" style=\"flex-basis:66.66%\">\n<h3 class=\"wp-block-heading\">Premium Gro\u00dfhandel Blument\u00f6pfe und Pflanzer Eigenschaften:<\/h3>\n\n\n\n<ul class=\"wp-block-list\">\n<li><strong>Vielf\u00e4ltige Auswahl:&nbsp;<\/strong>Diese Gro\u00dfhandelsblument\u00f6pfe und Pflanzgef\u00e4\u00dfe Serie hat eine Vielzahl von verschiedenen Formen und Gr\u00f6\u00dfen zur Auswahl, ob es sich um eine kleine Zimmerpflanze, eine Balkon Topfpflanze, oder eine gro\u00dfe Pflanze im Freien, k\u00f6nnen Sie einen passenden Stil zu finden.<\/li>\n\n\n\n<li><strong>Gew\u00e4hrleistung einer langfristigen Haltbarkeit:&nbsp;<\/strong>Diese gro\u00dfvolumigen Gartent\u00f6pfe werden aus hochwertigem Zement hergestellt, der extrem witterungsbest\u00e4ndig und korrosionsfest ist. Sie k\u00f6nnen lange Zeit im Freien verwendet werden, ohne dass sie durch Wind-, Sonnen- oder Regenerosion Risse bekommen oder verblassen, was die langfristige Haltbarkeit des Produkts gew\u00e4hrleistet.<\/li>\n\n\n\n<li><strong>Einfaches und stilvolles Design:&nbsp;<\/strong>Unsere Gro\u00dfhandelsserien von Blument\u00f6pfen und Pflanzgef\u00e4\u00dfen basieren haupts\u00e4chlich auf sanften Gelbt\u00f6nen und einfachen Designs, die sich perfekt in den modernen Gartenstil einf\u00fcgen. Sie k\u00f6nnen nicht nur zur Versch\u00f6nerung von Pflanzen verwendet werden, sondern auch als dekorative Elemente zur optischen Aufwertung von H\u00f6fen, Balkonen oder Innenr\u00e4umen.<\/li>\n\n\n\n<li><strong>Umweltfreundliche Herstellung:&nbsp;<\/strong>Unsere gro\u00dfen Gartent\u00f6pfe werden aus nat\u00fcrlichen und umweltfreundlichen Zementmaterialien hergestellt, was die Umweltbelastung w\u00e4hrend des Produktionsprozesses reduziert. Dank ihrer robusten und langlebigen Eigenschaften m\u00fcssen sie au\u00dferdem seltener ausgetauscht werden, was zu einem umweltfreundlicheren und nachhaltigeren Lebensstil im Garten beitr\u00e4gt.<\/li>\n<\/ul>\n<\/div>\n\n\n\n<div class=\"wp-block-column is-layout-flow wp-block-column-is-layout-flow\" style=\"flex-basis:33.33%\">\n<figure class=\"wp-block-image size-full\"><img decoding=\"async\" width=\"768\" height=\"768\" src=\"https:\/\/www.linkceramics.com\/wp-content\/uploads\/2024\/11\/Wholesale-Flower-Pots-And-Planters-Cement-Yellow-Bulk-Garden-Pots-80-768x768-1.webp\" alt=\"Gro\u00dfhandel-Blument\u00f6pfe-und-Pflanzen-Zement-gelbe-Bulk-Garten-T\u00f6pfe-80-768x768\" class=\"wp-image-602\" srcset=\"https:\/\/www.linkceramics.com\/wp-content\/uploads\/2024\/11\/Wholesale-Flower-Pots-And-Planters-Cement-Yellow-Bulk-Garden-Pots-80-768x768-1.webp 768w, https:\/\/www.linkceramics.com\/wp-content\/uploads\/2024\/11\/Wholesale-Flower-Pots-And-Planters-Cement-Yellow-Bulk-Garden-Pots-80-768x768-1-300x300.webp 300w, https:\/\/www.linkceramics.com\/wp-content\/uploads\/2024\/11\/Wholesale-Flower-Pots-And-Planters-Cement-Yellow-Bulk-Garden-Pots-80-768x768-1-150x150.webp 150w, https:\/\/www.linkceramics.com\/wp-content\/uploads\/2024\/11\/Wholesale-Flower-Pots-And-Planters-Cement-Yellow-Bulk-Garden-Pots-80-768x768-1-600x600.webp 600w, https:\/\/www.linkceramics.com\/wp-content\/uploads\/2024\/11\/Wholesale-Flower-Pots-And-Planters-Cement-Yellow-Bulk-Garden-Pots-80-768x768-1-100x100.webp 100w\" sizes=\"(max-width: 768px) 100vw, 768px\" \/><\/figure>\n<\/div>\n<\/div>","protected":false},"excerpt":{"rendered":"<div id=\"brxe-0ee1ca\" class=\"brxe-product-meta product_meta\">\n<div id=\"brxe-0ee1ca\" class=\"brxe-product-meta product_meta\">\n<div id=\"brxe-0ee1ca\" class=\"brxe-product-meta product_meta\">Willkommen zum Kauf von gro\u00dfen Gartent\u00f6pfen. Diese Gro\u00dfhandelsblument\u00f6pfe und Pflanzgef\u00e4\u00dfe Serie bietet eine Vielzahl von Formen und Gr\u00f6\u00dfen. Hergestellt aus hochwertigem Zement, ist es extrem witterungsbest\u00e4ndig und korrosionsbest\u00e4ndig, so dass es f\u00fcr den langfristigen Einsatz im Freien geeignet ist. Das schlichte gelbe Design verleiht der modernen Gartenarbeit einen Sinn f\u00fcr Mode, w\u00e4hrend die umweltfreundliche Herstellung sicherstellt, dass sie eine nachhaltige Entwicklung unterst\u00fctzt und eine ideale Wahl f\u00fcr die Gartendekoration ist.<\/div>\n<\/div>\n<\/div>\n<div id=\"brxe-8c5ca9\" class=\"brxe-product-short-description\">\n<div class=\"woocommerce-product-details__short-description\">\n<h2>Blument\u00f6pfe und Pflanzgef\u00e4\u00dfe Spezifikationen:<\/h2>\n<table border=\"0\" width=\"531\" cellspacing=\"0\" cellpadding=\"0\">\n<tbody>\n<tr>\n<td width=\"271\" height=\"24\">Hersteller<\/td>\n<td width=\"260\">Liebevolles Zuhause<\/td>\n<\/tr>\n<tr>\n<td width=\"271\" height=\"25\">Produkttyp<\/td>\n<td width=\"260\">Pflanzent\u00f6pfe<\/td>\n<\/tr>\n<tr>\n<td width=\"271\" height=\"24\">Material<\/td>\n<td width=\"260\">Dauerhafter Zement<\/td>\n<\/tr>\n<tr>\n<td width=\"271\" height=\"24\">Dimension<\/td>\n<td width=\"260\">Wie Detailbild<\/td>\n<\/tr>\n<tr>\n<td width=\"271\" height=\"24\">Verkaufende Einheiten<\/td>\n<td width=\"260\">Einzelnes Element<\/td>\n<\/tr>\n<tr>\n<td width=\"271\" height=\"24\">MOQ<\/td>\n<td width=\"260\">1200\/St\u00fcck pro Artikel<\/td>\n<\/tr>\n<tr>\n<td width=\"271\" height=\"48\">Kundenspezifische Option<\/td>\n<td width=\"260\">Farbe\/Gr\u00f6\u00dfe\/Glasur\/Logo\/Verpackung<\/td>\n<\/tr>\n<\/tbody>\n<\/table>\n<\/div>\n<\/div>","protected":false},"featured_media":601,"comment_status":"open","ping_status":"closed","template":"","meta":{"_acf_changed":true},"certification":[63,64,66,58,65,61,60,62],"product_brand":[],"product_cat":[37,38,17],"product_tag":[],"class_list":{"0":"post-596","1":"product","2":"type-product","3":"status-publish","4":"has-post-thumbnail","6":"certification-amfori","7":"certification-bsci","8":"certification-cnas","9":"certification-fda","10":"certification-iaf","11":"certification-iso-14001","12":"certification-iso-45001","13":"certification-iso-9001","14":"product_cat-decorative-ceramic-wholesale","15":"product_cat-custom-ceramic-ornament","16":"product_cat-ceramic-vases-wholesale","18":"first","19":"instock","20":"shipping-taxable","21":"product-type-simple"},"acf":[],"_links":{"self":[{"href":"https:\/\/www.linkceramics.com\/de\/wp-json\/wp\/v2\/product\/596","targetHints":{"allow":["GET"]}}],"collection":[{"href":"https:\/\/www.linkceramics.com\/de\/wp-json\/wp\/v2\/product"}],"about":[{"href":"https:\/\/www.linkceramics.com\/de\/wp-json\/wp\/v2\/types\/product"}],"replies":[{"embeddable":true,"href":"https:\/\/www.linkceramics.com\/de\/wp-json\/wp\/v2\/comments?post=596"}],"wp:featuredmedia":[{"embeddable":true,"href":"https:\/\/www.linkceramics.com\/de\/wp-json\/wp\/v2\/media\/601"}],"wp:attachment":[{"href":"https:\/\/www.linkceramics.com\/de\/wp-json\/wp\/v2\/media?parent=596"}],"wp:term":[{"taxonomy":"certification","embeddable":true,"href":"https:\/\/www.linkceramics.com\/de\/wp-json\/wp\/v2\/certification?post=596"},{"taxonomy":"product_brand","embeddable":true,"href":"https:\/\/www.linkceramics.com\/de\/wp-json\/wp\/v2\/product_brand?post=596"},{"taxonomy":"product_cat","embeddable":true,"href":"https:\/\/www.linkceramics.com\/de\/wp-json\/wp\/v2\/product_cat?post=596"},{"taxonomy":"product_tag","embeddable":true,"href":"https:\/\/www.linkceramics.com\/de\/wp-json\/wp\/v2\/product_tag?post=596"}],"curies":[{"name":"wp","href":"https:\/\/api.w.org\/{rel}","templated":true}]}}