{"id":691,"date":"2024-12-10T03:46:10","date_gmt":"2024-12-10T03:46:10","guid":{"rendered":"https:\/\/www.linkceramics.com\/?post_type=product&#038;p=691"},"modified":"2024-12-10T03:46:11","modified_gmt":"2024-12-10T03:46:11","slug":"flower-vases-in-bulk","status":"publish","type":"product","link":"https:\/\/www.linkceramics.com\/de\/product\/flower-vases-in-bulk\/","title":{"rendered":"Exquisite Blumenvasen in Bulk, Gro\u00dfhandel T\u00f6pfe f\u00fcr Pflanzen mit Fisch und Perle Relief"},"content":{"rendered":"<div class=\"wp-block-columns is-layout-flex wp-container-core-columns-is-layout-9d6595d7 wp-block-columns-is-layout-flex\">\n<div class=\"wp-block-column is-layout-flow wp-block-column-is-layout-flow\" style=\"flex-basis:66.66%\">\n<h3 class=\"wp-block-heading\">Premium Blumenvasen in Bulk Eigenschaften:<\/h3>\n\n\n\n<ul class=\"wp-block-list\">\n<li><strong>Exquisite Fisch- und Perlenreliefmuster:\u00a0<\/strong>Diese Gro\u00dfhandelst\u00f6pfe f\u00fcr Pflanzen und Blumenvasen in loser Sch\u00fcttung sind mit einzigartigen Fisch- und Perlenreliefmustern auf der Oberfl\u00e4che graviert, die voller Kunstsinn sind und sich als dekorative Blickpunkte eignen.<\/li>\n\n\n\n<li><strong>Vielf\u00e4ltige Gr\u00f6\u00dfenoptionen:\u00a0<\/strong>Unsere Gro\u00dfhandel Keramik Vasen und Pflanzgef\u00e4\u00dfe Bulk sind in einer Vielzahl von Gr\u00f6\u00dfen zur Verf\u00fcgung, um verschiedene Pflanze Platzierung Bed\u00fcrfnisse zu erf\u00fcllen, ob es kleine Zimmerpflanzen oder gro\u00dfe Pflanzen im Freien ist, k\u00f6nnen Sie eine passende \u00dcbereinstimmung finden.<\/li>\n\n\n\n<li><strong>Langlebig und sch\u00f6n:\u00a0<\/strong>Diese Blumenvasen in loser Sch\u00fcttung und Gro\u00dfhandel T\u00f6pfe f\u00fcr Pflanzen sind aus hochwertiger Keramik hergestellt, um sicherzustellen, dass das Produkt ist robust und langlebig, mit guter Luftdurchl\u00e4ssigkeit und Wetterbest\u00e4ndigkeit, die nicht nur das gesunde Wachstum der Pflanzen zu gew\u00e4hrleisten, sondern auch seine lang anhaltende Aussehen zu erhalten.<\/li>\n\n\n\n<li><strong>Die ideale Wahl f\u00fcr Gro\u00dfeink\u00e4ufe:\u00a0<\/strong>Unsere Gro\u00dfhandels-Keramikvasen und -Blument\u00f6pfe sind f\u00fcr Gro\u00dfhandelskunden gedacht, mit g\u00fcnstigen Preisen und hochwertigen k\u00fcnstlerischen Designs, die sich f\u00fcr Gro\u00dfeink\u00e4ufe von Einzelh\u00e4ndlern, Innenausstattungsfirmen und kommerziellen Projekten eignen.<\/li>\n<\/ul>\n<\/div>\n\n\n\n<div class=\"wp-block-column is-layout-flow wp-block-column-is-layout-flow\" style=\"flex-basis:33.33%\">\n<figure class=\"wp-block-image size-full\"><img decoding=\"async\" width=\"768\" height=\"768\" src=\"https:\/\/www.linkceramics.com\/wp-content\/uploads\/2024\/12\/Exquisite-Flower-Vases-In-Bulk-Wholesale-Pots-For-Plants-4-768x768-1.webp\" alt=\"Exquisite-Blumenvasen-im-Gro\u00dfhandel-T\u00f6pfe-f\u00fcr-Pflanzen-4-768x768\" class=\"wp-image-695\" srcset=\"https:\/\/www.linkceramics.com\/wp-content\/uploads\/2024\/12\/Exquisite-Flower-Vases-In-Bulk-Wholesale-Pots-For-Plants-4-768x768-1.webp 768w, https:\/\/www.linkceramics.com\/wp-content\/uploads\/2024\/12\/Exquisite-Flower-Vases-In-Bulk-Wholesale-Pots-For-Plants-4-768x768-1-300x300.webp 300w, https:\/\/www.linkceramics.com\/wp-content\/uploads\/2024\/12\/Exquisite-Flower-Vases-In-Bulk-Wholesale-Pots-For-Plants-4-768x768-1-150x150.webp 150w, https:\/\/www.linkceramics.com\/wp-content\/uploads\/2024\/12\/Exquisite-Flower-Vases-In-Bulk-Wholesale-Pots-For-Plants-4-768x768-1-600x600.webp 600w, https:\/\/www.linkceramics.com\/wp-content\/uploads\/2024\/12\/Exquisite-Flower-Vases-In-Bulk-Wholesale-Pots-For-Plants-4-768x768-1-100x100.webp 100w\" sizes=\"(max-width: 768px) 100vw, 768px\" \/><\/figure>\n<\/div>\n<\/div>","protected":false},"excerpt":{"rendered":"<div id=\"brxe-0ee1ca\" class=\"brxe-product-meta product_meta\">\n<div id=\"brxe-0ee1ca\" class=\"brxe-product-meta product_meta\">\n<div id=\"brxe-0ee1ca\" class=\"brxe-product-meta product_meta\">Willkommen im Gro\u00dfhandel Keramikvasen zu kaufen. Diese Blumenvasen in loser Sch\u00fcttung und Gro\u00dfhandel T\u00f6pfe f\u00fcr Pflanzen haben Fische und Perlen Relief-Designs in verschiedenen Gr\u00f6\u00dfen erh\u00e4ltlich. Sie sind f\u00fcr alle Arten von Pflanzen Platzierung und Innendekoration geeignet. Das hochwertige keramische Material sorgt f\u00fcr seine Haltbarkeit, so dass es eine ideale Gro\u00dfhandel Wahl f\u00fcr kommerzielle und Einzelhandelskunden.<\/div>\n<\/div>\n<\/div>\n<div id=\"brxe-8c5ca9\" class=\"brxe-product-short-description\">\n<div class=\"woocommerce-product-details__short-description\">\n<h2>Premium Blumenvasen Spezifikationen:<\/h2>\n<table border=\"0\" width=\"531\" cellspacing=\"0\" cellpadding=\"0\">\n<tbody>\n<tr>\n<td width=\"271\" height=\"24\">Hersteller<\/td>\n<td width=\"260\">Liebevolles Zuhause<\/td>\n<\/tr>\n<tr>\n<td width=\"271\" height=\"25\">Produkttyp<\/td>\n<td width=\"260\">Blumenvasen, Blument\u00f6pfe<\/td>\n<\/tr>\n<tr>\n<td width=\"271\" height=\"24\">Material<\/td>\n<td width=\"260\">Dauerhaftes Porzellan<\/td>\n<\/tr>\n<tr>\n<td width=\"271\" height=\"24\">Dimension<\/td>\n<td width=\"260\">Wie Detailbild<\/td>\n<\/tr>\n<tr>\n<td width=\"271\" height=\"24\">Verkaufende Einheiten<\/td>\n<td width=\"260\">Einzelnes Element<\/td>\n<\/tr>\n<tr>\n<td width=\"271\" height=\"24\">MOQ<\/td>\n<td width=\"260\">1200\/St\u00fcck pro Artikel<\/td>\n<\/tr>\n<tr>\n<td width=\"271\" height=\"48\">Kundenspezifische Option<\/td>\n<td width=\"260\">Farbe\/Gr\u00f6\u00dfe\/Glasur\/Logo\/Verpackung<\/td>\n<\/tr>\n<\/tbody>\n<\/table>\n<\/div>\n<\/div>","protected":false},"featured_media":693,"comment_status":"open","ping_status":"closed","template":"","meta":{"_acf_changed":false},"certification":[63,64,66,58,65,61,60,62],"product_brand":[],"product_cat":[37,38,17],"product_tag":[],"class_list":{"0":"post-691","1":"product","2":"type-product","3":"status-publish","4":"has-post-thumbnail","6":"certification-amfori","7":"certification-bsci","8":"certification-cnas","9":"certification-fda","10":"certification-iaf","11":"certification-iso-14001","12":"certification-iso-45001","13":"certification-iso-9001","14":"product_cat-decorative-ceramic-wholesale","15":"product_cat-custom-ceramic-ornament","16":"product_cat-ceramic-vases-wholesale","18":"first","19":"instock","20":"shipping-taxable","21":"product-type-simple"},"acf":[],"_links":{"self":[{"href":"https:\/\/www.linkceramics.com\/de\/wp-json\/wp\/v2\/product\/691","targetHints":{"allow":["GET"]}}],"collection":[{"href":"https:\/\/www.linkceramics.com\/de\/wp-json\/wp\/v2\/product"}],"about":[{"href":"https:\/\/www.linkceramics.com\/de\/wp-json\/wp\/v2\/types\/product"}],"replies":[{"embeddable":true,"href":"https:\/\/www.linkceramics.com\/de\/wp-json\/wp\/v2\/comments?post=691"}],"wp:featuredmedia":[{"embeddable":true,"href":"https:\/\/www.linkceramics.com\/de\/wp-json\/wp\/v2\/media\/693"}],"wp:attachment":[{"href":"https:\/\/www.linkceramics.com\/de\/wp-json\/wp\/v2\/media?parent=691"}],"wp:term":[{"taxonomy":"certification","embeddable":true,"href":"https:\/\/www.linkceramics.com\/de\/wp-json\/wp\/v2\/certification?post=691"},{"taxonomy":"product_brand","embeddable":true,"href":"https:\/\/www.linkceramics.com\/de\/wp-json\/wp\/v2\/product_brand?post=691"},{"taxonomy":"product_cat","embeddable":true,"href":"https:\/\/www.linkceramics.com\/de\/wp-json\/wp\/v2\/product_cat?post=691"},{"taxonomy":"product_tag","embeddable":true,"href":"https:\/\/www.linkceramics.com\/de\/wp-json\/wp\/v2\/product_tag?post=691"}],"curies":[{"name":"wp","href":"https:\/\/api.w.org\/{rel}","templated":true}]}}