{"id":715,"date":"2024-12-10T03:48:08","date_gmt":"2024-12-10T03:48:08","guid":{"rendered":"https:\/\/www.linkceramics.com\/?post_type=product&#038;p=715"},"modified":"2024-12-10T03:48:09","modified_gmt":"2024-12-10T03:48:09","slug":"bulk-candles","status":"publish","type":"product","link":"https:\/\/www.linkceramics.com\/de\/product\/bulk-candles\/","title":{"rendered":"Tropischen Stil Bulk-Kerzen, exquisite Gro\u00dfhandel Kerze Jars, Duftkerzen"},"content":{"rendered":"<div class=\"wp-block-columns is-layout-flex wp-container-core-columns-is-layout-9d6595d7 wp-block-columns-is-layout-flex\">\n<div class=\"wp-block-column is-layout-flow wp-block-column-is-layout-flow\" style=\"flex-basis:66.66%\">\n<h3 class=\"wp-block-heading\">Premium Bulk-Kerzen Merkmale:<\/h3>\n\n\n\n<ul class=\"wp-block-list\">\n<li><strong>Tropisches Design:\u00a0<\/strong>Diese Massenkerzen sind in einem einzigartigen tropischen Stil gestaltet, verziert mit hellen Mustern von Pflanzen, Blumen und tropischen Elementen, die eine starke nat\u00fcrliche Atmosph\u00e4re vermitteln, die sich sehr gut f\u00fcr Heimdekoration und Themenaktivit\u00e4ten eignet.<\/li>\n\n\n\n<li><strong>Verstr\u00f6mt einen lang anhaltenden Duft:\u00a0<\/strong>Unsere Gro\u00dfhandelsduftkerzen verwenden hochwertiges nat\u00fcrliches Wachs und sorgf\u00e4ltig formulierte \u00e4therische Duft\u00f6le, um sicherzustellen, dass die Duftkerzen beim Brennen einen sanften und anhaltenden Duft verstr\u00f6men, den Komfort des Raumes verbessern und f\u00fcr den Einsatz in verschiedenen Bereichen wie Haus, SPA, Yoga usw. geeignet sind.<\/li>\n\n\n\n<li><strong>Umweltfreundliche und sichere Materialien:\u00a0<\/strong>Unsere Massenkerzen werden aus umweltfreundlicher Keramik oder Glas hergestellt, die sicher und ungiftig sind. F\u00fcr die Kerzen selbst wird rauchfreies und ungiftiges Naturwachs verwendet, das beim Abbrennen keine sch\u00e4dlichen Stoffe freisetzt. Dies gew\u00e4hrleistet eine gesunde Nutzung und unterst\u00fctzt die Nachfrage der modernen Verbraucher nach nachhaltigen und umweltfreundlichen Produkten.<\/li>\n\n\n\n<li><strong>Unterst\u00fctzung von Gro\u00dfhandel und Anpassung:<\/strong>\u00a0Wir bieten unseren Kunden Gro\u00dfeinkaufs- und Anpassungsdienste f\u00fcr Gro\u00dfhandelskerzengl\u00e4ser und Gro\u00dfhandelsduftkerzen. Das Design von Kerzengl\u00e4sern kann je nach Markenbedarf angepasst werden, von Form, Farbe bis hin zu Mustern, um flexibel einzigartige Produkte zu schaffen.<\/li>\n<\/ul>\n<\/div>\n\n\n\n<div class=\"wp-block-column is-layout-flow wp-block-column-is-layout-flow\" style=\"flex-basis:33.33%\">\n<figure class=\"wp-block-image size-full\"><img decoding=\"async\" width=\"768\" height=\"768\" src=\"https:\/\/www.linkceramics.com\/wp-content\/uploads\/2024\/12\/Tropical-Style-Bulk-Candles-Exquisite-Wholesale-Candle-Jars-Scented-Candles-5-768x768-1.webp\" alt=\"Tropical-Style-Gro\u00dfhandelskerzen-Exquisite-Gro\u00dfhandelskerzen-Gl\u00e4ser-Duftkerzen-5-768x768\" class=\"wp-image-723\" srcset=\"https:\/\/www.linkceramics.com\/wp-content\/uploads\/2024\/12\/Tropical-Style-Bulk-Candles-Exquisite-Wholesale-Candle-Jars-Scented-Candles-5-768x768-1.webp 768w, https:\/\/www.linkceramics.com\/wp-content\/uploads\/2024\/12\/Tropical-Style-Bulk-Candles-Exquisite-Wholesale-Candle-Jars-Scented-Candles-5-768x768-1-300x300.webp 300w, https:\/\/www.linkceramics.com\/wp-content\/uploads\/2024\/12\/Tropical-Style-Bulk-Candles-Exquisite-Wholesale-Candle-Jars-Scented-Candles-5-768x768-1-150x150.webp 150w, https:\/\/www.linkceramics.com\/wp-content\/uploads\/2024\/12\/Tropical-Style-Bulk-Candles-Exquisite-Wholesale-Candle-Jars-Scented-Candles-5-768x768-1-600x600.webp 600w, https:\/\/www.linkceramics.com\/wp-content\/uploads\/2024\/12\/Tropical-Style-Bulk-Candles-Exquisite-Wholesale-Candle-Jars-Scented-Candles-5-768x768-1-100x100.webp 100w\" sizes=\"(max-width: 768px) 100vw, 768px\" \/><\/figure>\n<\/div>\n<\/div>","protected":false},"excerpt":{"rendered":"<div id=\"brxe-0ee1ca\" class=\"brxe-product-meta product_meta\">\n<div id=\"brxe-0ee1ca\" class=\"brxe-product-meta product_meta\">Willkommen zum Kauf von Gro\u00dfhandelskerzen. Unsere Gro\u00dfhandels-Duftkerzen-Kollektion im tropischen Stil bietet tropische Designs, lang anhaltende Aromen und eine entspannende Atmosph\u00e4re. Wir unterst\u00fctzen Gro\u00dfeink\u00e4ufe von Duftkerzen und benutzerdefinierten Kerzengl\u00e4sern, geeignet f\u00fcr Markenh\u00e4ndler und den Geschenkemarkt.<\/div>\n<\/div>\n<div id=\"brxe-8c5ca9\" class=\"brxe-product-short-description\">\n<div class=\"woocommerce-product-details__short-description\">\n<h2>Premium Bulk-Kerzen Spezifikationen:<\/h2>\n<table border=\"0\" width=\"531\" cellspacing=\"0\" cellpadding=\"0\">\n<tbody>\n<tr>\n<td width=\"271\" height=\"24\">Hersteller<\/td>\n<td width=\"260\">Liebevolles Zuhause<\/td>\n<\/tr>\n<tr>\n<td width=\"271\" height=\"25\">Sammlung Name<\/td>\n<td width=\"260\">Tropischer Stil<\/td>\n<\/tr>\n<tr>\n<td width=\"271\" height=\"24\">Design-Stil<\/td>\n<td width=\"260\">Europa<\/td>\n<\/tr>\n<tr>\n<td width=\"271\" height=\"24\">Verwendung<\/td>\n<td width=\"260\">Haus, Restaurant, Hotel<\/td>\n<\/tr>\n<tr>\n<td width=\"271\" height=\"24\">Kerze Typ<\/td>\n<td width=\"260\">Glaskerze, Duftkerze<\/td>\n<\/tr>\n<tr>\n<td width=\"271\" height=\"24\">Material<\/td>\n<td width=\"260\">Dauerhaftes Porzellan<\/td>\n<\/tr>\n<tr>\n<td width=\"271\" height=\"24\">Dimension<\/td>\n<td width=\"260\">Wie Detailbild<\/td>\n<\/tr>\n<tr>\n<td width=\"271\" height=\"24\">Verkaufende Einheiten<\/td>\n<td width=\"260\">Einzelnes Element<\/td>\n<\/tr>\n<tr>\n<td width=\"271\" height=\"24\">MOQ<\/td>\n<td width=\"260\">1200\/St\u00fcck pro Artikel<\/td>\n<\/tr>\n<tr>\n<td width=\"271\" height=\"48\">Kundenspezifische Option<\/td>\n<td width=\"260\">Farbe\/Gr\u00f6\u00dfe\/Glasur\/Logo\/Verpackung<\/td>\n<\/tr>\n<\/tbody>\n<\/table>\n<\/div>\n<\/div>","protected":false},"featured_media":721,"comment_status":"open","ping_status":"closed","template":"","meta":{"_acf_changed":true},"certification":[63,64,66,58,65,61,60,62],"product_brand":[],"product_cat":[37,16],"product_tag":[],"class_list":{"0":"post-715","1":"product","2":"type-product","3":"status-publish","4":"has-post-thumbnail","6":"certification-amfori","7":"certification-bsci","8":"certification-cnas","9":"certification-fda","10":"certification-iaf","11":"certification-iso-14001","12":"certification-iso-45001","13":"certification-iso-9001","14":"product_cat-decorative-ceramic-wholesale","15":"product_cat-ceramic-candle-holder","17":"first","18":"instock","19":"shipping-taxable","20":"product-type-simple"},"acf":[],"_links":{"self":[{"href":"https:\/\/www.linkceramics.com\/de\/wp-json\/wp\/v2\/product\/715","targetHints":{"allow":["GET"]}}],"collection":[{"href":"https:\/\/www.linkceramics.com\/de\/wp-json\/wp\/v2\/product"}],"about":[{"href":"https:\/\/www.linkceramics.com\/de\/wp-json\/wp\/v2\/types\/product"}],"replies":[{"embeddable":true,"href":"https:\/\/www.linkceramics.com\/de\/wp-json\/wp\/v2\/comments?post=715"}],"wp:featuredmedia":[{"embeddable":true,"href":"https:\/\/www.linkceramics.com\/de\/wp-json\/wp\/v2\/media\/721"}],"wp:attachment":[{"href":"https:\/\/www.linkceramics.com\/de\/wp-json\/wp\/v2\/media?parent=715"}],"wp:term":[{"taxonomy":"certification","embeddable":true,"href":"https:\/\/www.linkceramics.com\/de\/wp-json\/wp\/v2\/certification?post=715"},{"taxonomy":"product_brand","embeddable":true,"href":"https:\/\/www.linkceramics.com\/de\/wp-json\/wp\/v2\/product_brand?post=715"},{"taxonomy":"product_cat","embeddable":true,"href":"https:\/\/www.linkceramics.com\/de\/wp-json\/wp\/v2\/product_cat?post=715"},{"taxonomy":"product_tag","embeddable":true,"href":"https:\/\/www.linkceramics.com\/de\/wp-json\/wp\/v2\/product_tag?post=715"}],"curies":[{"name":"wp","href":"https:\/\/api.w.org\/{rel}","templated":true}]}}