{"id":724,"date":"2024-12-10T03:48:47","date_gmt":"2024-12-10T03:48:47","guid":{"rendered":"https:\/\/www.linkceramics.com\/?post_type=product&#038;p=724"},"modified":"2024-12-10T03:48:49","modified_gmt":"2024-12-10T03:48:49","slug":"ceramic-candle-holders-bulk","status":"publish","type":"product","link":"https:\/\/www.linkceramics.com\/de\/product\/ceramic-candle-holders-bulk\/","title":{"rendered":"Keramik-Kerzenst\u00e4nder Bulk mit Marmor und Holz-Muster"},"content":{"rendered":"<div class=\"wp-block-columns is-layout-flex wp-container-core-columns-is-layout-9d6595d7 wp-block-columns-is-layout-flex\">\n<div class=\"wp-block-column is-layout-flow wp-block-column-is-layout-flow\" style=\"flex-basis:66.66%\">\n<h3 class=\"wp-block-heading\">Premium-Kerzenst\u00e4nder Bulk Merkmale:<\/h3>\n\n\n\n<ul class=\"wp-block-list\">\n<li><strong>Exquisites Design des Kerzenhalters:\u00a0<\/strong>Diese Keramik-Kerzenhalter bulk ist f\u00fcr die Anzeige Stick Kerzen konzipiert. Seine exquisite Form kombiniert mit Marmor und Holzmaserung kann einen Hauch von nat\u00fcrlichen und eleganten Dekoration in den Raum, besonders geeignet f\u00fcr die Atmosph\u00e4re von zu Hause, Restaurant oder Hotel hinzuf\u00fcgen.<\/li>\n\n\n\n<li><strong>Sicher und stabil:<\/strong>\u00a0Diese Kerzenst\u00e4nder in loser Sch\u00fcttung sind aus hochwertigen keramischen Materialien mit guter Hitzebest\u00e4ndigkeit und Stabilit\u00e4t, die eine sichere und zuverl\u00e4ssige Verwendung von Kerzen gew\u00e4hrleisten, nicht leicht zu brechen, und langfristige sch\u00f6nes Aussehen, geeignet f\u00fcr Gelegenheiten mit h\u00e4ufigem Gebrauch.<\/li>\n\n\n\n<li><strong>Stilvolles Aussehen:\u00a0<\/strong>Die Marmor- und Holzmaserungen auf der Oberfl\u00e4che unserer Kerzenst\u00e4nder erg\u00e4nzen sich gegenseitig und schaffen einen modernen und nat\u00fcrlichen visuellen Effekt, der sich f\u00fcr verschiedene Einrichtungsstile eignet. Sein klassisches Design macht ihn zu einem Highlight in jeder Inneneinrichtung.<\/li>\n\n\n\n<li><strong>Beschaffung in gro\u00dfen Mengen und Anpassung an Kundenw\u00fcnsche:\u00a0<\/strong>Wir bieten die M\u00f6glichkeit, Kerzenst\u00e4nder in gro\u00dfen Mengen zu beschaffen und individuell zu gestalten, was sich f\u00fcr Gro\u00dfabnehmer wie Hotels und Einzelh\u00e4ndler eignet. Das Erscheinungsbild des Kerzenhalters kann entsprechend den Anforderungen der Marke angepasst werden, was mehr M\u00f6glichkeiten f\u00fcr kommerzielle Projekte bietet.<\/li>\n<\/ul>\n<\/div>\n\n\n\n<div class=\"wp-block-column is-layout-flow wp-block-column-is-layout-flow\" style=\"flex-basis:33.33%\">\n<figure class=\"wp-block-image size-full\"><img decoding=\"async\" width=\"1200\" height=\"1200\" src=\"https:\/\/www.linkceramics.com\/wp-content\/uploads\/2024\/12\/Ceramic-Candle-Holders-Bulk-With-Marble-and-Wooden-Pattern-2.webp\" alt=\"Keramik-Kerzenhalter-Bulk-mit-Marmor-und-Holz-Muster-2\" class=\"wp-image-725\" srcset=\"https:\/\/www.linkceramics.com\/wp-content\/uploads\/2024\/12\/Ceramic-Candle-Holders-Bulk-With-Marble-and-Wooden-Pattern-2.webp 1200w, https:\/\/www.linkceramics.com\/wp-content\/uploads\/2024\/12\/Ceramic-Candle-Holders-Bulk-With-Marble-and-Wooden-Pattern-2-300x300.webp 300w, https:\/\/www.linkceramics.com\/wp-content\/uploads\/2024\/12\/Ceramic-Candle-Holders-Bulk-With-Marble-and-Wooden-Pattern-2-150x150.webp 150w, https:\/\/www.linkceramics.com\/wp-content\/uploads\/2024\/12\/Ceramic-Candle-Holders-Bulk-With-Marble-and-Wooden-Pattern-2-768x768.webp 768w, https:\/\/www.linkceramics.com\/wp-content\/uploads\/2024\/12\/Ceramic-Candle-Holders-Bulk-With-Marble-and-Wooden-Pattern-2-600x600.webp 600w, https:\/\/www.linkceramics.com\/wp-content\/uploads\/2024\/12\/Ceramic-Candle-Holders-Bulk-With-Marble-and-Wooden-Pattern-2-100x100.webp 100w\" sizes=\"(max-width: 1200px) 100vw, 1200px\" \/><\/figure>\n<\/div>\n<\/div>","protected":false},"excerpt":{"rendered":"<div id=\"brxe-0ee1ca\" class=\"brxe-product-meta product_meta\">\n<div id=\"brxe-0ee1ca\" class=\"brxe-product-meta product_meta\">Willkommen zum Kauf von Kerzenst\u00e4ndern in gro\u00dfen Mengen. Unsere Keramik-Kerzenhalter bulk verf\u00fcgen \u00fcber modische Designs von Marmor und Holzmaserung, die nicht nur perfekt anzeigen k\u00f6nnen Aromatherapie Kerzen und verbessern die Atmosph\u00e4re des Raumes, sondern haben auch hervorragende Sicherheit und Haltbarkeit, geeignet f\u00fcr die Dekoration Bed\u00fcrfnisse der verschiedenen Gelegenheiten.<\/div>\n<\/div>\n<div id=\"brxe-8c5ca9\" class=\"brxe-product-short-description\">\n<div class=\"woocommerce-product-details__short-description\">\n<h2>Keramik-Kerzenst\u00e4nder Spezifikationen:<\/h2>\n<table border=\"0\" width=\"531\" cellspacing=\"0\" cellpadding=\"0\">\n<tbody>\n<tr>\n<td width=\"271\" height=\"24\">Hersteller<\/td>\n<td width=\"260\">Liebevolles Zuhause<\/td>\n<\/tr>\n<tr>\n<td width=\"271\" height=\"25\">Sammlung Name<\/td>\n<td width=\"260\">Tropischer Stil<\/td>\n<\/tr>\n<tr>\n<td width=\"271\" height=\"24\">Design-Stil<\/td>\n<td width=\"260\">Europa<\/td>\n<\/tr>\n<tr>\n<td width=\"271\" height=\"24\">Verwendung<\/td>\n<td width=\"260\">Haus, Restaurant, Hotel<\/td>\n<\/tr>\n<tr>\n<td width=\"271\" height=\"24\">Kerze Typ<\/td>\n<td width=\"260\">Glaskerze, Duftkerze<\/td>\n<\/tr>\n<tr>\n<td width=\"271\" height=\"24\">Material<\/td>\n<td width=\"260\">Dauerhaftes Porzellan<\/td>\n<\/tr>\n<tr>\n<td width=\"271\" height=\"24\">Dimension<\/td>\n<td width=\"260\">Wie Detailbild<\/td>\n<\/tr>\n<tr>\n<td width=\"271\" height=\"24\">Verkaufende Einheiten<\/td>\n<td width=\"260\">Einzelnes Element<\/td>\n<\/tr>\n<tr>\n<td width=\"271\" height=\"24\">MOQ<\/td>\n<td width=\"260\">1200\/St\u00fcck pro Artikel<\/td>\n<\/tr>\n<tr>\n<td width=\"271\" height=\"48\">Kundenspezifische Option<\/td>\n<td width=\"260\">Farbe\/Gr\u00f6\u00dfe\/Glasur\/Logo\/Verpackung<\/td>\n<\/tr>\n<\/tbody>\n<\/table>\n<\/div>\n<\/div>","protected":false},"featured_media":725,"comment_status":"open","ping_status":"closed","template":"","meta":{"_acf_changed":true},"certification":[63,64,66,58,65,61,60,62],"product_brand":[],"product_cat":[37,16,38],"product_tag":[],"class_list":{"0":"post-724","1":"product","2":"type-product","3":"status-publish","4":"has-post-thumbnail","6":"certification-amfori","7":"certification-bsci","8":"certification-cnas","9":"certification-fda","10":"certification-iaf","11":"certification-iso-14001","12":"certification-iso-45001","13":"certification-iso-9001","14":"product_cat-decorative-ceramic-wholesale","15":"product_cat-ceramic-candle-holder","16":"product_cat-custom-ceramic-ornament","18":"first","19":"instock","20":"shipping-taxable","21":"product-type-simple"},"acf":[],"_links":{"self":[{"href":"https:\/\/www.linkceramics.com\/de\/wp-json\/wp\/v2\/product\/724","targetHints":{"allow":["GET"]}}],"collection":[{"href":"https:\/\/www.linkceramics.com\/de\/wp-json\/wp\/v2\/product"}],"about":[{"href":"https:\/\/www.linkceramics.com\/de\/wp-json\/wp\/v2\/types\/product"}],"replies":[{"embeddable":true,"href":"https:\/\/www.linkceramics.com\/de\/wp-json\/wp\/v2\/comments?post=724"}],"wp:featuredmedia":[{"embeddable":true,"href":"https:\/\/www.linkceramics.com\/de\/wp-json\/wp\/v2\/media\/725"}],"wp:attachment":[{"href":"https:\/\/www.linkceramics.com\/de\/wp-json\/wp\/v2\/media?parent=724"}],"wp:term":[{"taxonomy":"certification","embeddable":true,"href":"https:\/\/www.linkceramics.com\/de\/wp-json\/wp\/v2\/certification?post=724"},{"taxonomy":"product_brand","embeddable":true,"href":"https:\/\/www.linkceramics.com\/de\/wp-json\/wp\/v2\/product_brand?post=724"},{"taxonomy":"product_cat","embeddable":true,"href":"https:\/\/www.linkceramics.com\/de\/wp-json\/wp\/v2\/product_cat?post=724"},{"taxonomy":"product_tag","embeddable":true,"href":"https:\/\/www.linkceramics.com\/de\/wp-json\/wp\/v2\/product_tag?post=724"}],"curies":[{"name":"wp","href":"https:\/\/api.w.org\/{rel}","templated":true}]}}