{"id":726,"date":"2024-12-10T03:40:07","date_gmt":"2024-12-10T03:40:07","guid":{"rendered":"https:\/\/www.linkceramics.com\/?post_type=product&#038;p=726"},"modified":"2025-09-13T08:22:34","modified_gmt":"2025-09-13T08:22:34","slug":"ceramic-bathroom-sets-wholesale","status":"publish","type":"product","link":"https:\/\/www.linkceramics.com\/de\/product\/ceramic-bathroom-sets-wholesale\/","title":{"rendered":"Premium-Keramik-Bad-Sets Gro\u00dfhandel, Badezimmer-Zubeh\u00f6r"},"content":{"rendered":"<div class=\"wp-block-columns is-layout-flex wp-container-core-columns-is-layout-9d6595d7 wp-block-columns-is-layout-flex\">\n<div class=\"wp-block-column is-layout-flow wp-block-column-is-layout-flow\" style=\"flex-basis:66.66%\">\n<h3 class=\"wp-block-heading\">Premium-Keramik-Badezimmer-Sets Gro\u00dfhandel Eigenschaften:<\/h3>\n\n\n\n<ul class=\"wp-block-list\">\n<li><strong>Elegantes cremefarbenes Aussehen:<\/strong>\u00a0Unsere keramischen Badezimmersets f\u00fcr den Gro\u00dfhandel haben ein dezentes, cremefarbenes Finish und ein schlichtes und elegantes Aussehen. Sie passen perfekt in B\u00e4der verschiedener Stilrichtungen und verleihen dem gesamten Raum Frische und Gem\u00fctlichkeit.<\/li>\n\n\n\n<li><strong>Langj\u00e4hrig und sch\u00f6n:<\/strong>\u00a0Alle Accessoires in unseren Gro\u00dfhandels-Badezimmer-Sets sind aus hochwertiger Keramik mit guter Haltbarkeit und Fleckenbest\u00e4ndigkeit. Die Oberfl\u00e4che der Keramik ist weich und glatt und bleibt auch nach langem Gebrauch hell und sauber.<\/li>\n\n\n\n<li><strong>Allgemeine Funktionserfahrung im Badezimmer:<\/strong>\u00a0Unsere keramischen Badezimmersets f\u00fcr den Gro\u00dfhandel umfassen einen Suppenspender, eine Suppensch\u00fcssel, einen Zahnputzbecher und ein Parf\u00fcmfl\u00e4schchen und erf\u00fcllen damit die grundlegendsten Bed\u00fcrfnisse der t\u00e4glichen Pflege.<\/li>\n\n\n\n<li><strong>Verbessern Sie die Lebensqualit\u00e4t:<\/strong> Unser einzigartiges Parf\u00fcmflaschendesign f\u00fcr Gro\u00dfhandels-Badesets bietet nicht nur Funktionalit\u00e4t, sondern verleiht dem Badezimmer auch ein luxuri\u00f6ses Gef\u00fchl. Sie k\u00f6nnen das Parf\u00fcm oder \u00e4therische \u00d6le Ihrer Wahl nachf\u00fcllen, um einen angenehmen Duft im Raum zu verbreiten und ein entspannendes Erlebnis zu haben.<\/li>\n<\/ul>\n<\/div>\n\n\n\n<div class=\"wp-block-column is-layout-flow wp-block-column-is-layout-flow\" style=\"flex-basis:33.33%\">\n<figure class=\"wp-block-image size-full\"><img decoding=\"async\" width=\"1200\" height=\"1200\" src=\"https:\/\/www.linkceramics.com\/wp-content\/uploads\/2024\/12\/Premium-Ceramic-Bathroom-Sets-Wholesale-Bathroom-Supplies-1.webp\" alt=\"Premium-Keramik-Badezimmer-Sets-Gro\u00dfhandel-Badezimmerbedarf-1\" class=\"wp-image-727\" srcset=\"https:\/\/www.linkceramics.com\/wp-content\/uploads\/2024\/12\/Premium-Ceramic-Bathroom-Sets-Wholesale-Bathroom-Supplies-1.webp 1200w, https:\/\/www.linkceramics.com\/wp-content\/uploads\/2024\/12\/Premium-Ceramic-Bathroom-Sets-Wholesale-Bathroom-Supplies-1-300x300.webp 300w, https:\/\/www.linkceramics.com\/wp-content\/uploads\/2024\/12\/Premium-Ceramic-Bathroom-Sets-Wholesale-Bathroom-Supplies-1-150x150.webp 150w, https:\/\/www.linkceramics.com\/wp-content\/uploads\/2024\/12\/Premium-Ceramic-Bathroom-Sets-Wholesale-Bathroom-Supplies-1-768x768.webp 768w, https:\/\/www.linkceramics.com\/wp-content\/uploads\/2024\/12\/Premium-Ceramic-Bathroom-Sets-Wholesale-Bathroom-Supplies-1-600x600.webp 600w, https:\/\/www.linkceramics.com\/wp-content\/uploads\/2024\/12\/Premium-Ceramic-Bathroom-Sets-Wholesale-Bathroom-Supplies-1-100x100.webp 100w\" sizes=\"(max-width: 1200px) 100vw, 1200px\" \/><\/figure>\n<\/div>\n<\/div>","protected":false},"excerpt":{"rendered":"<div id=\"brxe-0ee1ca\" class=\"brxe-product-meta product_meta\">\n<div id=\"brxe-0ee1ca\" class=\"brxe-product-meta product_meta\">Unsere eleganten cremefarbenen Keramiksets im Gro\u00dfhandel sind in einem einfachen und liberalen Stil gehalten und eignen sich f\u00fcr B\u00e4der verschiedener Stilrichtungen. Die langlebige Keramik des Sets garantiert seine Langlebigkeit und Einfachheit in der Reinigung. In der Zwischenzeit macht das funktionale Design des Sets es einfach, t\u00e4glich zu pflegen.<\/div>\n<\/div>\n<div id=\"brxe-8c5ca9\" class=\"brxe-product-short-description\">\n<div class=\"woocommerce-product-details__short-description\">\n<h2>Keramik-Badezimmer-Sets Spezifikationen:<\/h2>\n<table border=\"0\" width=\"531\" cellspacing=\"0\" cellpadding=\"0\">\n<tbody>\n<tr>\n<td width=\"271\" height=\"24\">Hersteller<\/td>\n<td width=\"260\">Liebevolles Zuhause<\/td>\n<\/tr>\n<tr>\n<td width=\"271\" height=\"25\">Sammlung Name<\/td>\n<td width=\"260\">Badezimmer Kollektion<\/td>\n<\/tr>\n<tr>\n<td width=\"271\" height=\"24\">Design-Stil<\/td>\n<td width=\"260\">Moderner luxuri\u00f6ser Stil<\/td>\n<\/tr>\n<tr>\n<td width=\"271\" height=\"24\">Verwendung<\/td>\n<td width=\"260\">Haus, Hotel<\/td>\n<\/tr>\n<tr>\n<td width=\"271\" height=\"48\">Badezimmerzubeh\u00f6r Typ<\/td>\n<td width=\"260\">Lotionflasche, Seifenschale, Zahnputzbecher<\/td>\n<\/tr>\n<tr>\n<td width=\"271\" height=\"24\">Material<\/td>\n<td width=\"260\">Dauerhaftes Porzellan<\/td>\n<\/tr>\n<tr>\n<td width=\"271\" height=\"24\">Dimension<\/td>\n<td width=\"260\">Wie Detailbild<\/td>\n<\/tr>\n<tr>\n<td width=\"271\" height=\"24\">Verkaufende Einheiten<\/td>\n<td width=\"260\">Einzelnes Element<\/td>\n<\/tr>\n<tr>\n<td width=\"271\" height=\"24\">MOQ<\/td>\n<td width=\"260\">1200\/St\u00fcck pro Artikel<\/td>\n<\/tr>\n<tr>\n<td width=\"271\" height=\"48\">Kundenspezifische Option<\/td>\n<td width=\"260\">Farbe\/Gr\u00f6\u00dfe\/Glasur\/Logo\/Verpackung<\/td>\n<\/tr>\n<\/tbody>\n<\/table>\n<\/div>\n<\/div>","protected":false},"featured_media":728,"comment_status":"open","ping_status":"closed","template":"","meta":{"_acf_changed":false},"certification":[63,64,66,58,65,61,60,62],"product_brand":[],"product_cat":[35,22],"product_tag":[],"class_list":{"0":"post-726","1":"product","2":"type-product","3":"status-publish","4":"has-post-thumbnail","6":"certification-amfori","7":"certification-bsci","8":"certification-cnas","9":"certification-fda","10":"certification-iaf","11":"certification-iso-14001","12":"certification-iso-45001","13":"certification-iso-9001","14":"product_cat-bathroom-ceramics-supply","15":"product_cat-ceramic-bathroom-set","17":"first","18":"instock","19":"shipping-taxable","20":"product-type-simple"},"acf":[],"_links":{"self":[{"href":"https:\/\/www.linkceramics.com\/de\/wp-json\/wp\/v2\/product\/726","targetHints":{"allow":["GET"]}}],"collection":[{"href":"https:\/\/www.linkceramics.com\/de\/wp-json\/wp\/v2\/product"}],"about":[{"href":"https:\/\/www.linkceramics.com\/de\/wp-json\/wp\/v2\/types\/product"}],"replies":[{"embeddable":true,"href":"https:\/\/www.linkceramics.com\/de\/wp-json\/wp\/v2\/comments?post=726"}],"wp:featuredmedia":[{"embeddable":true,"href":"https:\/\/www.linkceramics.com\/de\/wp-json\/wp\/v2\/media\/728"}],"wp:attachment":[{"href":"https:\/\/www.linkceramics.com\/de\/wp-json\/wp\/v2\/media?parent=726"}],"wp:term":[{"taxonomy":"certification","embeddable":true,"href":"https:\/\/www.linkceramics.com\/de\/wp-json\/wp\/v2\/certification?post=726"},{"taxonomy":"product_brand","embeddable":true,"href":"https:\/\/www.linkceramics.com\/de\/wp-json\/wp\/v2\/product_brand?post=726"},{"taxonomy":"product_cat","embeddable":true,"href":"https:\/\/www.linkceramics.com\/de\/wp-json\/wp\/v2\/product_cat?post=726"},{"taxonomy":"product_tag","embeddable":true,"href":"https:\/\/www.linkceramics.com\/de\/wp-json\/wp\/v2\/product_tag?post=726"}],"curies":[{"name":"wp","href":"https:\/\/api.w.org\/{rel}","templated":true}]}}