{"id":732,"date":"2024-12-10T03:37:23","date_gmt":"2024-12-10T03:37:23","guid":{"rendered":"https:\/\/www.linkceramics.com\/?post_type=product&#038;p=732"},"modified":"2024-12-10T03:37:24","modified_gmt":"2024-12-10T03:37:24","slug":"bath-accessories-wholesale","status":"publish","type":"product","link":"https:\/\/www.linkceramics.com\/de\/product\/bath-accessories-wholesale\/","title":{"rendered":"Luxuri\u00f6se Bad-Accessoires Gro\u00dfhandel, Suppensch\u00fcssel &amp; Dispenser, B\u00fcrstenbecher"},"content":{"rendered":"<div class=\"wp-block-columns is-layout-flex wp-container-core-columns-is-layout-9d6595d7 wp-block-columns-is-layout-flex\">\n<div class=\"wp-block-column is-layout-flow wp-block-column-is-layout-flow\" style=\"flex-basis:66.66%\">\n<h3 class=\"wp-block-heading\">Premium Bad-Accessoires Gro\u00dfhandel Features:<\/h3>\n\n\n\n<ul class=\"wp-block-list\">\n<li><strong>Anpassung an verschiedene Stile:<\/strong>\u00a0Unsere Gro\u00dfhandelskollektion von keramischen Badaccessoires bietet 12 Farboptionen, die von klassischen neutralen Farben bis hin zu leuchtenden und lebendigen Farben reichen, die den Dekorationsbed\u00fcrfnissen verschiedener Badezimmerstile gerecht werden k\u00f6nnen.<\/li>\n\n\n\n<li><strong>Langlebig und leicht zu pflegen:\u00a0<\/strong>Diese keramischen Badaccessoires f\u00fcr den Gro\u00dfhandel sind aus hochwertigen keramischen Materialien hergestellt und \u00e4u\u00dferst langlebig, so dass sie der Abnutzung durch den t\u00e4glichen Gebrauch und dem Einfluss feuchter Umgebungen standhalten. Die glatte Glasur macht die Reinigung einfacher.<\/li>\n\n\n\n<li><strong>Praktisches und sch\u00f6nes Design:<\/strong>\u00a0Jedes Gro\u00dfhandels-Keramik-Badezimmer-Accessoires-Set enth\u00e4lt eine Suppensch\u00fcssel, einen Suppenspender und eine B\u00fcrstentasse, die wundersch\u00f6n gestaltet und voll funktionsf\u00e4hig sind und eine integrierte Badezimmerl\u00f6sung bieten, die die Gesamtstruktur und den Komfort des Badezimmers verbessert.<\/li>\n\n\n\n<li><strong>Schutz der Umwelt:\u00a0<\/strong>Unsere Gro\u00dfhandelskollektion f\u00fcr keramisches Badezubeh\u00f6r besteht aus umweltfreundlicher Keramik, enth\u00e4lt keine sch\u00e4dlichen Chemikalien und ist sicher und zuverl\u00e4ssig. Keramikprodukte sind geruchsneutral, reagieren nicht chemisch mit Fl\u00fcssigkeiten und sind f\u00fcr den langfristigen Gebrauch geeignet.<\/li>\n<\/ul>\n<\/div>\n\n\n\n<div class=\"wp-block-column is-layout-flow wp-block-column-is-layout-flow\" style=\"flex-basis:33.33%\">\n<figure class=\"wp-block-image size-full\"><img decoding=\"async\" width=\"600\" height=\"600\" src=\"https:\/\/www.linkceramics.com\/wp-content\/uploads\/2024\/12\/Luxurious-Bath-Accessories-Wholesale-Soup-Dish-Dispenser-Brushing-Cup-3-600x600-1.webp\" alt=\"Luxuri\u00f6ses-Bad-Zubeh\u00f6r-Gro\u00dfhandel-Suppenschalen-Spender-B\u00fcrstenbecher-3-600x600\" class=\"wp-image-733\" srcset=\"https:\/\/www.linkceramics.com\/wp-content\/uploads\/2024\/12\/Luxurious-Bath-Accessories-Wholesale-Soup-Dish-Dispenser-Brushing-Cup-3-600x600-1.webp 600w, https:\/\/www.linkceramics.com\/wp-content\/uploads\/2024\/12\/Luxurious-Bath-Accessories-Wholesale-Soup-Dish-Dispenser-Brushing-Cup-3-600x600-1-300x300.webp 300w, https:\/\/www.linkceramics.com\/wp-content\/uploads\/2024\/12\/Luxurious-Bath-Accessories-Wholesale-Soup-Dish-Dispenser-Brushing-Cup-3-600x600-1-150x150.webp 150w, https:\/\/www.linkceramics.com\/wp-content\/uploads\/2024\/12\/Luxurious-Bath-Accessories-Wholesale-Soup-Dish-Dispenser-Brushing-Cup-3-600x600-1-100x100.webp 100w\" sizes=\"(max-width: 600px) 100vw, 600px\" \/><\/figure>\n<\/div>\n<\/div>","protected":false},"excerpt":{"rendered":"<div id=\"brxe-0ee1ca\" class=\"brxe-product-meta product_meta\">\n<div id=\"brxe-0ee1ca\" class=\"brxe-product-meta product_meta\">Unsere luxuri\u00f6sen Badezimmer-Accessoires aus Keramik sind in 12 Farben erh\u00e4ltlich und umfassen Suppenschalen, Suppenspender und Zahnputzbecher, die die Haltbarkeit hochwertiger Keramik mit der Sch\u00f6nheit modernen Designs verbinden. Umweltfreundliche Materialien und einfache Reinigung Eigenschaften machen es eine ideale Wahl f\u00fcr High-End-Badezimmer.<\/div>\n<\/div>\n<div id=\"brxe-8c5ca9\" class=\"brxe-product-short-description\">\n<div class=\"woocommerce-product-details__short-description\">\n<h2>Premium Bad-Accessoires Spezifikationen:<\/h2>\n<table border=\"0\" width=\"531\" cellspacing=\"0\" cellpadding=\"0\">\n<tbody>\n<tr>\n<td width=\"271\" height=\"24\">Hersteller<\/td>\n<td width=\"260\">Liebevolles Zuhause<\/td>\n<\/tr>\n<tr>\n<td width=\"271\" height=\"25\">Sammlung Name<\/td>\n<td width=\"260\">Badezimmer Kollektion<\/td>\n<\/tr>\n<tr>\n<td width=\"271\" height=\"24\">Design-Stil<\/td>\n<td width=\"260\">Modriger Luxus-Stil<\/td>\n<\/tr>\n<tr>\n<td width=\"271\" height=\"24\">Verwendung<\/td>\n<td width=\"260\">Haus, Hotel<\/td>\n<\/tr>\n<tr>\n<td width=\"271\" height=\"48\">Badezimmerzubeh\u00f6r Typ<\/td>\n<td width=\"260\">Lotionflasche, Seifenschale, Zahnputzbecher<\/td>\n<\/tr>\n<tr>\n<td width=\"271\" height=\"24\">Material<\/td>\n<td width=\"260\">Dauerhaftes Porzellan<\/td>\n<\/tr>\n<tr>\n<td width=\"271\" height=\"24\">Dimension<\/td>\n<td width=\"260\">Wie Detailbild<\/td>\n<\/tr>\n<tr>\n<td width=\"271\" height=\"24\">Verkaufende Einheiten<\/td>\n<td width=\"260\">Einzelnes Element<\/td>\n<\/tr>\n<tr>\n<td width=\"271\" height=\"24\">MOQ<\/td>\n<td width=\"260\">1200\/St\u00fcck pro Artikel<\/td>\n<\/tr>\n<tr>\n<td width=\"271\" height=\"48\">Kundenspezifische Option<\/td>\n<td width=\"260\">Farbe\/Gr\u00f6\u00dfe\/Glasur\/Logo\/Verpackung<\/td>\n<\/tr>\n<\/tbody>\n<\/table>\n<\/div>\n<\/div>","protected":false},"featured_media":735,"comment_status":"open","ping_status":"closed","template":"","meta":{"_acf_changed":true},"certification":[63,64,66,58,65,61,60,62],"product_brand":[],"product_cat":[35,22],"product_tag":[],"class_list":{"0":"post-732","1":"product","2":"type-product","3":"status-publish","4":"has-post-thumbnail","6":"certification-amfori","7":"certification-bsci","8":"certification-cnas","9":"certification-fda","10":"certification-iaf","11":"certification-iso-14001","12":"certification-iso-45001","13":"certification-iso-9001","14":"product_cat-bathroom-ceramics-supply","15":"product_cat-ceramic-bathroom-set","17":"first","18":"instock","19":"shipping-taxable","20":"product-type-simple"},"acf":[],"_links":{"self":[{"href":"https:\/\/www.linkceramics.com\/de\/wp-json\/wp\/v2\/product\/732","targetHints":{"allow":["GET"]}}],"collection":[{"href":"https:\/\/www.linkceramics.com\/de\/wp-json\/wp\/v2\/product"}],"about":[{"href":"https:\/\/www.linkceramics.com\/de\/wp-json\/wp\/v2\/types\/product"}],"replies":[{"embeddable":true,"href":"https:\/\/www.linkceramics.com\/de\/wp-json\/wp\/v2\/comments?post=732"}],"wp:featuredmedia":[{"embeddable":true,"href":"https:\/\/www.linkceramics.com\/de\/wp-json\/wp\/v2\/media\/735"}],"wp:attachment":[{"href":"https:\/\/www.linkceramics.com\/de\/wp-json\/wp\/v2\/media?parent=732"}],"wp:term":[{"taxonomy":"certification","embeddable":true,"href":"https:\/\/www.linkceramics.com\/de\/wp-json\/wp\/v2\/certification?post=732"},{"taxonomy":"product_brand","embeddable":true,"href":"https:\/\/www.linkceramics.com\/de\/wp-json\/wp\/v2\/product_brand?post=732"},{"taxonomy":"product_cat","embeddable":true,"href":"https:\/\/www.linkceramics.com\/de\/wp-json\/wp\/v2\/product_cat?post=732"},{"taxonomy":"product_tag","embeddable":true,"href":"https:\/\/www.linkceramics.com\/de\/wp-json\/wp\/v2\/product_tag?post=732"}],"curies":[{"name":"wp","href":"https:\/\/api.w.org\/{rel}","templated":true}]}}