{"id":739,"date":"2024-12-21T06:56:50","date_gmt":"2024-12-21T06:56:50","guid":{"rendered":"https:\/\/www.linkceramics.com\/?post_type=product&#038;p=739"},"modified":"2024-12-21T06:56:51","modified_gmt":"2024-12-21T06:56:51","slug":"great-dinnerware-sets-wholesale","status":"publish","type":"product","link":"https:\/\/www.linkceramics.com\/de\/product\/great-dinnerware-sets-wholesale\/","title":{"rendered":"Custom Great Dinnerware Sets Porzellan Floral Gr\u00fcn"},"content":{"rendered":"<div class=\"wp-block-columns is-layout-flex wp-container-core-columns-is-layout-9d6595d7 wp-block-columns-is-layout-flex\">\n<div class=\"wp-block-column is-layout-flow wp-block-column-is-layout-flow\" style=\"flex-basis:50%\">\n<h3 class=\"wp-block-heading\">Tolles Geschirr-Set Merkmale:<\/h3>\n\n\n\n<p><strong>Elegantes Blumendesign<\/strong><br>Die Serie Fresh Garden mit glasierten Abziehbildern und handgemalter Kunstfertigkeit ist wundersch\u00f6n und einzigartig attraktiv und verleiht dem Esstisch eine k\u00fcnstlerische Note.<\/p>\n\n\n\n<p><strong>Hochwertiges, langlebiges Porzellan<\/strong><br>Er ist aus haltbarem Porzellan gefertigt und entspricht den Sicherheitsstandards California 65, ist sicher und ungiftig.<\/p>\n\n\n\n<p><strong>Erste Wahl f\u00fcr Geschenke<\/strong><br>Exquisites Design und Verpackung, geeignet f\u00fcr Hochzeiten, Geburtstage und Feste.<\/p>\n<\/div>\n\n\n\n<div class=\"wp-block-column is-layout-flow wp-block-column-is-layout-flow\" style=\"flex-basis:50%\">\n<figure class=\"wp-block-image size-full\"><img decoding=\"async\" width=\"768\" height=\"768\" src=\"https:\/\/www.linkceramics.com\/wp-content\/uploads\/2024\/12\/Wholesale-Fine-China-Dinnerware-3-768x768-1.webp\" alt=\"Gro\u00dfhandel-Gro\u00df-China-Geschirr-Sets-3-768x768\" class=\"wp-image-740\" srcset=\"https:\/\/www.linkceramics.com\/wp-content\/uploads\/2024\/12\/Wholesale-Fine-China-Dinnerware-3-768x768-1.webp 768w, https:\/\/www.linkceramics.com\/wp-content\/uploads\/2024\/12\/Wholesale-Fine-China-Dinnerware-3-768x768-1-300x300.webp 300w, https:\/\/www.linkceramics.com\/wp-content\/uploads\/2024\/12\/Wholesale-Fine-China-Dinnerware-3-768x768-1-150x150.webp 150w, https:\/\/www.linkceramics.com\/wp-content\/uploads\/2024\/12\/Wholesale-Fine-China-Dinnerware-3-768x768-1-600x600.webp 600w, https:\/\/www.linkceramics.com\/wp-content\/uploads\/2024\/12\/Wholesale-Fine-China-Dinnerware-3-768x768-1-100x100.webp 100w\" sizes=\"(max-width: 768px) 100vw, 768px\" \/><\/figure>\n<\/div>\n<\/div>\n\n\n\n<p><\/p>","protected":false},"excerpt":{"rendered":"<div id=\"brxe-0ee1ca\" class=\"brxe-product-meta product_meta\">\n<div id=\"brxe-0ee1ca\" class=\"brxe-product-meta product_meta\">\n<p>Hochwertige gro\u00dfe Geschirr-Sets Gro\u00dfhandel und benutzerdefinierte von Top-Geschirr Hersteller, mit eleganten und einzigartigen Blumenmuster Designs, geeignet f\u00fcr den t\u00e4glichen Essen und auch ein gro\u00dfes Geschenk Wahl.<\/p>\n<h2>Tolle Geschirrsets Parameter<\/h2>\n<table border=\"0\" width=\"618\" cellspacing=\"0\" cellpadding=\"0\">\n<tbody>\n<tr>\n<td width=\"180\" height=\"26\">Hersteller<\/td>\n<td width=\"438\">Lianyuan<\/td>\n<\/tr>\n<tr>\n<td height=\"26\">Produkttyp<\/td>\n<td>Tafelgeschirr, Serviergeschirr, Tafelservice, Teeservice<\/td>\n<\/tr>\n<tr>\n<td height=\"26\">Muster<\/td>\n<td>Flora<\/td>\n<\/tr>\n<tr>\n<td height=\"26\">Farbe<\/td>\n<td>Gr\u00fcn, Mehrfarbig<\/td>\n<\/tr>\n<tr>\n<td height=\"26\">Material<\/td>\n<td>Dauerhaftes Porzellan<\/td>\n<\/tr>\n<tr>\n<td height=\"26\">Handwerkliches K\u00f6nnen<\/td>\n<td>Einglasiertes Abziehbild und Handbemalung<\/td>\n<\/tr>\n<tr>\n<td height=\"26\">Anmeldung<\/td>\n<td>Mikrowellen- und sp\u00fclmaschinenfest, ofenfest<\/td>\n<\/tr>\n<tr>\n<td height=\"26\">Benutzerdefiniert<\/td>\n<td>Farbe\/Gr\u00f6\u00dfe\/Logo\/Verpackung<\/td>\n<\/tr>\n<\/tbody>\n<\/table>\n<\/div>\n<\/div>\n<div id=\"brxe-8c5ca9\" class=\"brxe-product-short-description\">\u00a0<\/div>","protected":false},"featured_media":742,"comment_status":"open","ping_status":"closed","template":"","meta":{"_acf_changed":true},"certification":[66,58,65,61,60,62,57],"product_brand":[],"product_cat":[34,18],"product_tag":[],"class_list":{"0":"post-739","1":"product","2":"type-product","3":"status-publish","4":"has-post-thumbnail","6":"certification-cnas","7":"certification-fda","8":"certification-iaf","9":"certification-iso-14001","10":"certification-iso-45001","11":"certification-iso-9001","12":"certification-lfgb","13":"product_cat-custom-household-ceramics","14":"product_cat-ceramic-tableware-wholesale","16":"first","17":"instock","18":"shipping-taxable","19":"product-type-simple"},"acf":[],"_links":{"self":[{"href":"https:\/\/www.linkceramics.com\/de\/wp-json\/wp\/v2\/product\/739","targetHints":{"allow":["GET"]}}],"collection":[{"href":"https:\/\/www.linkceramics.com\/de\/wp-json\/wp\/v2\/product"}],"about":[{"href":"https:\/\/www.linkceramics.com\/de\/wp-json\/wp\/v2\/types\/product"}],"replies":[{"embeddable":true,"href":"https:\/\/www.linkceramics.com\/de\/wp-json\/wp\/v2\/comments?post=739"}],"wp:featuredmedia":[{"embeddable":true,"href":"https:\/\/www.linkceramics.com\/de\/wp-json\/wp\/v2\/media\/742"}],"wp:attachment":[{"href":"https:\/\/www.linkceramics.com\/de\/wp-json\/wp\/v2\/media?parent=739"}],"wp:term":[{"taxonomy":"certification","embeddable":true,"href":"https:\/\/www.linkceramics.com\/de\/wp-json\/wp\/v2\/certification?post=739"},{"taxonomy":"product_brand","embeddable":true,"href":"https:\/\/www.linkceramics.com\/de\/wp-json\/wp\/v2\/product_brand?post=739"},{"taxonomy":"product_cat","embeddable":true,"href":"https:\/\/www.linkceramics.com\/de\/wp-json\/wp\/v2\/product_cat?post=739"},{"taxonomy":"product_tag","embeddable":true,"href":"https:\/\/www.linkceramics.com\/de\/wp-json\/wp\/v2\/product_tag?post=739"}],"curies":[{"name":"wp","href":"https:\/\/api.w.org\/{rel}","templated":true}]}}