{"id":743,"date":"2024-12-10T03:22:38","date_gmt":"2024-12-10T03:22:38","guid":{"rendered":"https:\/\/www.linkceramics.com\/?post_type=product&#038;p=743"},"modified":"2024-12-10T03:22:40","modified_gmt":"2024-12-10T03:22:40","slug":"custom-garden-dinnerware-set","status":"publish","type":"product","link":"https:\/\/www.linkceramics.com\/de\/product\/custom-garden-dinnerware-set\/","title":{"rendered":"Custom Botanic Garden Geschirrset Porzellan Blau mit Tellern, Sch\u00fcsseln und Tassen"},"content":{"rendered":"<div class=\"wp-block-columns is-layout-flex wp-container-core-columns-is-layout-9d6595d7 wp-block-columns-is-layout-flex\">\n<div class=\"wp-block-column is-layout-flow wp-block-column-is-layout-flow\" style=\"flex-basis:50%\">\n<h3 class=\"wp-block-heading\">Botanischer Garten Geschirrset Merkmale:<\/h3>\n\n\n\n<p><strong>Dauerhaftes Porzellanmaterial<\/strong><br>Hergestellt aus sicherem und haltbarem Keramikmaterial, das den Sicherheitsnormen von Kalifornien 65 entspricht<\/p>\n\n\n\n<p><strong>Blumen und botanische Gartengestaltung<\/strong><br>Das elegante pastorale Design macht allt\u00e4gliche Anl\u00e4sse zu etwas Besonderem, wie z. B. ein gem\u00fctliches Sonntagsfr\u00fchst\u00fcck mit der Familie oder den Nachmittagstee und Treffen mit Freunden.<\/p>\n\n\n\n<p><strong>Einglasierte Abziehbilder und handbemaltes Handwerk<\/strong><br>In Kombination mit der handgemalten Glasurfarbe ist die Oberfl\u00e4che glatt und jedes Design sieht einzigartig und exquisit aus.<\/p>\n\n\n\n<p><strong>Sicher und bequem in der Anwendung<\/strong><br>Sie sind mikrowellen-, sp\u00fclmaschinen- und backofengeeignet und leicht zu reinigen.<\/p>\n\n\n\n<p><strong>Verschiedene Geschirrsets sind erh\u00e4ltlich<\/strong><br>Dazu geh\u00f6ren Keramikteller, -sch\u00fcsseln, -kannen, -tassen, -becher, Keramikgef\u00e4\u00dfe usw., die je nach Kundenbedarf ausgew\u00e4hlt und angepasst werden k\u00f6nnen.<\/p>\n<\/div>\n\n\n\n<div class=\"wp-block-column is-layout-flow wp-block-column-is-layout-flow\" style=\"flex-basis:50%\">\n<figure class=\"wp-block-image size-full\"><img decoding=\"async\" width=\"705\" height=\"481\" src=\"https:\/\/www.linkceramics.com\/wp-content\/uploads\/2024\/12\/Botanic-Garden-Dinnerware-wholesale.webp\" alt=\"Botanischer-Garten-Geschirr-Gro\u00dfhandel\" class=\"wp-image-744\" srcset=\"https:\/\/www.linkceramics.com\/wp-content\/uploads\/2024\/12\/Botanic-Garden-Dinnerware-wholesale.webp 705w, https:\/\/www.linkceramics.com\/wp-content\/uploads\/2024\/12\/Botanic-Garden-Dinnerware-wholesale-300x205.webp 300w, https:\/\/www.linkceramics.com\/wp-content\/uploads\/2024\/12\/Botanic-Garden-Dinnerware-wholesale-600x409.webp 600w\" sizes=\"(max-width: 705px) 100vw, 705px\" \/><\/figure>\n<\/div>\n<\/div>\n\n\n\n<p><\/p>","protected":false},"excerpt":{"rendered":"<div id=\"brxe-0ee1ca\" class=\"brxe-product-meta product_meta\">\n<div id=\"brxe-0ee1ca\" class=\"brxe-product-meta product_meta\">\n<p>Gro\u00dfhandel botanischen Garten Geschirr-Set, blau bunten floralen Design, mehrere Set-Kombinationen und Verpackungsanpassung. Bereitgestellt von Lianyuan Geschirr Hersteller, und garantiert hohe Qualit\u00e4t zu wettbewerbsf\u00e4higen Preisen.<\/p>\n<h2>Parameter des Geschirrsets Botanic Garden\u00a0<\/h2>\n<table border=\"0\" width=\"618\" cellspacing=\"0\" cellpadding=\"0\">\n<tbody>\n<tr>\n<td width=\"180\" height=\"26\">Hersteller<\/td>\n<td width=\"438\">Lianyuan<\/td>\n<\/tr>\n<tr>\n<td height=\"26\">Produkttyp<\/td>\n<td>Keramische Teller, Sch\u00fcsseln, Tassen, Teekannen, Keramikgef\u00e4\u00dfe<\/td>\n<\/tr>\n<tr>\n<td height=\"26\">Muster<\/td>\n<td>Floraler und botanischer Garten<\/td>\n<\/tr>\n<tr>\n<td height=\"26\">Farbe<\/td>\n<td>Mehrfarbig<\/td>\n<\/tr>\n<tr>\n<td height=\"26\">Material<\/td>\n<td>Dauerhaftes Porzellan<\/td>\n<\/tr>\n<tr>\n<td height=\"26\">Handwerkliches K\u00f6nnen<\/td>\n<td>Einglasiertes Abziehbild und Handbemalung<\/td>\n<\/tr>\n<tr>\n<td height=\"26\">Anmeldung<\/td>\n<td>Mikrowellen- und sp\u00fclmaschinenfest, ofenfest<\/td>\n<\/tr>\n<tr>\n<td height=\"26\">Benutzerdefiniert<\/td>\n<td>Farbe\/Gr\u00f6\u00dfe\/Logo\/Verpackung<\/td>\n<\/tr>\n<\/tbody>\n<\/table>\n<\/div>\n<\/div>","protected":false},"featured_media":744,"comment_status":"open","ping_status":"closed","template":"","meta":{"_acf_changed":true},"certification":[66,58,65,61,60,62,57],"product_brand":[],"product_cat":[34,18,19],"product_tag":[],"class_list":{"0":"post-743","1":"product","2":"type-product","3":"status-publish","4":"has-post-thumbnail","6":"certification-cnas","7":"certification-fda","8":"certification-iaf","9":"certification-iso-14001","10":"certification-iso-45001","11":"certification-iso-9001","12":"certification-lfgb","13":"product_cat-custom-household-ceramics","14":"product_cat-ceramic-tableware-wholesale","15":"product_cat-ceramic-tea-set-wholesale","17":"first","18":"instock","19":"shipping-taxable","20":"product-type-simple"},"acf":[],"_links":{"self":[{"href":"https:\/\/www.linkceramics.com\/de\/wp-json\/wp\/v2\/product\/743","targetHints":{"allow":["GET"]}}],"collection":[{"href":"https:\/\/www.linkceramics.com\/de\/wp-json\/wp\/v2\/product"}],"about":[{"href":"https:\/\/www.linkceramics.com\/de\/wp-json\/wp\/v2\/types\/product"}],"replies":[{"embeddable":true,"href":"https:\/\/www.linkceramics.com\/de\/wp-json\/wp\/v2\/comments?post=743"}],"wp:featuredmedia":[{"embeddable":true,"href":"https:\/\/www.linkceramics.com\/de\/wp-json\/wp\/v2\/media\/744"}],"wp:attachment":[{"href":"https:\/\/www.linkceramics.com\/de\/wp-json\/wp\/v2\/media?parent=743"}],"wp:term":[{"taxonomy":"certification","embeddable":true,"href":"https:\/\/www.linkceramics.com\/de\/wp-json\/wp\/v2\/certification?post=743"},{"taxonomy":"product_brand","embeddable":true,"href":"https:\/\/www.linkceramics.com\/de\/wp-json\/wp\/v2\/product_brand?post=743"},{"taxonomy":"product_cat","embeddable":true,"href":"https:\/\/www.linkceramics.com\/de\/wp-json\/wp\/v2\/product_cat?post=743"},{"taxonomy":"product_tag","embeddable":true,"href":"https:\/\/www.linkceramics.com\/de\/wp-json\/wp\/v2\/product_tag?post=743"}],"curies":[{"name":"wp","href":"https:\/\/api.w.org\/{rel}","templated":true}]}}