{"id":745,"date":"2024-12-10T03:15:48","date_gmt":"2024-12-10T03:15:48","guid":{"rendered":"https:\/\/www.linkceramics.com\/?post_type=product&#038;p=745"},"modified":"2024-12-10T03:15:49","modified_gmt":"2024-12-10T03:15:49","slug":"custom-tea-set","status":"publish","type":"product","link":"https:\/\/www.linkceramics.com\/de\/product\/custom-tea-set\/","title":{"rendered":"Custom Tea Set Wei\u00dfes Porzellan mit elegantem Goldrand"},"content":{"rendered":"<div class=\"wp-block-columns is-layout-flex wp-container-core-columns-is-layout-9d6595d7 wp-block-columns-is-layout-flex\">\n<div class=\"wp-block-column is-layout-flow wp-block-column-is-layout-flow\" style=\"flex-basis:50%\">\n<h3 class=\"wp-block-heading\">Tee-Set Merkmale:<\/h3>\n\n\n\n<p><strong>Komplettes Teeset<\/strong><br>Die Teekanne, die Tasse, der Dessertteller und die Schale bilden zusammen ein auff\u00e4lliges und stilvolles Teeservice.<\/p>\n\n\n\n<p><strong>Elegantes Design mit Wellenkanten<\/strong><br>Der einzigartige gewellte Rand verleiht ihm ein stilvolles und raffiniertes Aussehen; jeder Teemoment, der mit ihm eingenommen wird, ist sehr anst\u00e4ndig.<\/p>\n\n\n\n<p><strong>H\u00f6here Qualit\u00e4t California 65 Standard<\/strong><br>H\u00f6here Qualit\u00e4t California 65 Standard<br>Hochwertige Materialien, ungiftig und sicher, in \u00dcbereinstimmung mit den California 65 Proposition Standards<\/p>\n\n\n\n<p><strong>Leicht zu reinigen und zu pflegen<\/strong><br>Die einfache Reinigung dank der sp\u00fclmaschinengeeigneten und porenfreien Eigenschaften sorgt daf\u00fcr, dass die Sch\u00f6nheit erhalten bleibt.<\/p>\n\n\n\n<p><strong>Stark und doch leicht<\/strong><br>Das Porzellan hat ein zartes Design, ist aber dennoch leicht und einfach zu handhaben, ohne seine Festigkeit zu beeintr\u00e4chtigen.<\/p>\n\n\n\n<p><strong>Geeignet f\u00fcr jede Gelegenheit<\/strong><br>Die hochwertige Silber- und Goldkollektion ist perfekt f\u00fcr jeden Anlass. Ganz gleich, in welchem Rahmen, diese Geschirrteile verleihen Ihrer Veranstaltung einen eleganten Touch.<\/p>\n<\/div>\n\n\n\n<div class=\"wp-block-column is-layout-flow wp-block-column-is-layout-flow\" style=\"flex-basis:50%\">\n<figure class=\"wp-block-image size-full\"><img decoding=\"async\" width=\"904\" height=\"904\" src=\"https:\/\/www.linkceramics.com\/wp-content\/uploads\/2024\/12\/Wholesale-Tea-Set-.webp\" alt=\"Gro\u00dfhandel-Tea-Set\" class=\"wp-image-746\" srcset=\"https:\/\/www.linkceramics.com\/wp-content\/uploads\/2024\/12\/Wholesale-Tea-Set-.webp 904w, https:\/\/www.linkceramics.com\/wp-content\/uploads\/2024\/12\/Wholesale-Tea-Set--300x300.webp 300w, https:\/\/www.linkceramics.com\/wp-content\/uploads\/2024\/12\/Wholesale-Tea-Set--150x150.webp 150w, https:\/\/www.linkceramics.com\/wp-content\/uploads\/2024\/12\/Wholesale-Tea-Set--768x768.webp 768w, https:\/\/www.linkceramics.com\/wp-content\/uploads\/2024\/12\/Wholesale-Tea-Set--600x600.webp 600w, https:\/\/www.linkceramics.com\/wp-content\/uploads\/2024\/12\/Wholesale-Tea-Set--100x100.webp 100w\" sizes=\"(max-width: 904px) 100vw, 904px\" \/><\/figure>\n<\/div>\n<\/div>","protected":false},"excerpt":{"rendered":"<div id=\"brxe-0ee1ca\" class=\"brxe-product-meta product_meta\">\n<p>Das kundenindividuelle Teeservice besteht aus hochwertigem wei\u00dfem Porzellan mit goldenen Wellenkanten, das hochwertig und elegant ist und sich f\u00fcr alle Arten von Nachmittagstee oder Coffee Shops eignet. Es unterst\u00fctzt kundenspezifische Verpackung Geschenk-Boxen. F\u00fcr weitere kundenspezifische Optionen, kontaktieren Sie uns bitte f\u00fcr Details.<\/p>\n<h2>Tee-Set Parameter<\/h2>\n<table border=\"0\" width=\"353\" cellspacing=\"0\" cellpadding=\"0\">\n<tbody>\n<tr>\n<td width=\"82\" height=\"17\">Hersteller<\/td>\n<td width=\"270\">Lianyuan<\/td>\n<\/tr>\n<tr>\n<td height=\"21\">Produkttyp<\/td>\n<td width=\"270\">Teekanne, Tasse, Dessertteller und Schale<\/td>\n<\/tr>\n<tr>\n<td height=\"17\">Farbe<\/td>\n<td>Wei\u00df<\/td>\n<\/tr>\n<tr>\n<td height=\"17\">RimColor<\/td>\n<td>Farbe Gold\/Silber<\/td>\n<\/tr>\n<tr>\n<td height=\"17\">Material<\/td>\n<td>Dauerhaftes Porzellan<\/td>\n<\/tr>\n<tr>\n<td height=\"17\">Handwerkliches K\u00f6nnen<\/td>\n<td>\n<p>Handgemaltes Platin<\/p>\n<\/td>\n<\/tr>\n<tr>\n<td height=\"17\">Benutzerdefiniert<\/td>\n<td>Farbe\/Gr\u00f6\u00dfe\/Logo\/Verpackung<\/td>\n<\/tr>\n<\/tbody>\n<\/table>\n<\/div>","protected":false},"featured_media":746,"comment_status":"open","ping_status":"closed","template":"","meta":{"_acf_changed":true},"certification":[66,58,65,61,60,62,57],"product_brand":[],"product_cat":[34,19],"product_tag":[],"class_list":{"0":"post-745","1":"product","2":"type-product","3":"status-publish","4":"has-post-thumbnail","6":"certification-cnas","7":"certification-fda","8":"certification-iaf","9":"certification-iso-14001","10":"certification-iso-45001","11":"certification-iso-9001","12":"certification-lfgb","13":"product_cat-custom-household-ceramics","14":"product_cat-ceramic-tea-set-wholesale","16":"first","17":"instock","18":"shipping-taxable","19":"product-type-simple"},"acf":[],"_links":{"self":[{"href":"https:\/\/www.linkceramics.com\/de\/wp-json\/wp\/v2\/product\/745","targetHints":{"allow":["GET"]}}],"collection":[{"href":"https:\/\/www.linkceramics.com\/de\/wp-json\/wp\/v2\/product"}],"about":[{"href":"https:\/\/www.linkceramics.com\/de\/wp-json\/wp\/v2\/types\/product"}],"replies":[{"embeddable":true,"href":"https:\/\/www.linkceramics.com\/de\/wp-json\/wp\/v2\/comments?post=745"}],"wp:featuredmedia":[{"embeddable":true,"href":"https:\/\/www.linkceramics.com\/de\/wp-json\/wp\/v2\/media\/746"}],"wp:attachment":[{"href":"https:\/\/www.linkceramics.com\/de\/wp-json\/wp\/v2\/media?parent=745"}],"wp:term":[{"taxonomy":"certification","embeddable":true,"href":"https:\/\/www.linkceramics.com\/de\/wp-json\/wp\/v2\/certification?post=745"},{"taxonomy":"product_brand","embeddable":true,"href":"https:\/\/www.linkceramics.com\/de\/wp-json\/wp\/v2\/product_brand?post=745"},{"taxonomy":"product_cat","embeddable":true,"href":"https:\/\/www.linkceramics.com\/de\/wp-json\/wp\/v2\/product_cat?post=745"},{"taxonomy":"product_tag","embeddable":true,"href":"https:\/\/www.linkceramics.com\/de\/wp-json\/wp\/v2\/product_tag?post=745"}],"curies":[{"name":"wp","href":"https:\/\/api.w.org\/{rel}","templated":true}]}}