{"id":747,"date":"2024-12-10T03:16:27","date_gmt":"2024-12-10T03:16:27","guid":{"rendered":"https:\/\/www.linkceramics.com\/?post_type=product&#038;p=747"},"modified":"2024-12-10T03:16:28","modified_gmt":"2024-12-10T03:16:28","slug":"breakfast-cup-wholesale","status":"publish","type":"product","link":"https:\/\/www.linkceramics.com\/de\/product\/breakfast-cup-wholesale\/","title":{"rendered":"Keramische Fr\u00fchst\u00fcckstasse f\u00fcr Kaffee Tee Haferflocken Tasse Gro\u00dfhandel"},"content":{"rendered":"<div class=\"wp-block-columns is-layout-flex wp-container-core-columns-is-layout-9d6595d7 wp-block-columns-is-layout-flex\">\n<div class=\"wp-block-column is-layout-flow wp-block-column-is-layout-flow\" style=\"flex-basis:50%\">\n<h3 class=\"wp-block-heading\">Fr\u00fchst\u00fcckstasse Merkmale:<\/h3>\n\n\n\n<p><strong>Sch\u00f6nes florales Design mit lebendigen Farben<\/strong><br>Wundersch\u00f6nes Design mit nat\u00fcrlichen Blumenmustern, die attraktiv und elegant sind und das Fr\u00fchst\u00fcckserlebnis des Benutzers verbessern.<\/p>\n\n\n\n<p><strong>Langlebiges keramisches Material<\/strong><br>Hergestellt aus hochwertiger Keramik, um eine lange Lebensdauer zu gew\u00e4hrleisten und nicht leicht zu zerbrechen.<\/p>\n\n\n\n<p><strong>Hohe Qualit\u00e4t nach der Norm California 65<\/strong><br>Erf\u00fcllt die Sicherheitsnormen des Kalifornien 65, um sicherzustellen, dass es keine sch\u00e4dlichen Substanzen enth\u00e4lt und die Normen f\u00fcr den t\u00e4glichen sicheren Gebrauch erf\u00fcllt.<\/p>\n\n\n\n<p><strong>Glasierte Abziehbilder und handbemalte Kunstwerke<br><\/strong>Das In-Glasur-Verfahren integriert das florale Muster nahtlos und sorgt f\u00fcr eine zarte, glatte Oberfl\u00e4che und Haptik.<\/p>\n\n\n\n<p><strong>Individuell gestaltbare Geschenkverpackungen<\/strong><br>Erh\u00e4ltlich in sch\u00f6n gestalteten Geschenkboxen mit individuell gestaltbaren Set-Kombinationen, die je nach Bedarf verschiedene Mengen an Schalen und L\u00f6ffeln enthalten k\u00f6nnen.<\/p>\n\n\n\n<p><strong>Geeignet f\u00fcr jede Gelegenheit<\/strong><br>Vielseitiges Design, perfekt f\u00fcr Milchkaffee, Tee und Suppe, geeignet f\u00fcr zwangloses Fr\u00fchst\u00fcck und formelle Essensumgebungen.<\/p>\n<\/div>\n\n\n\n<div class=\"wp-block-column is-layout-flow wp-block-column-is-layout-flow\" style=\"flex-basis:50%\">\n<figure class=\"wp-block-image size-full\"><img decoding=\"async\" width=\"768\" height=\"768\" src=\"https:\/\/www.linkceramics.com\/wp-content\/uploads\/2024\/12\/Breakfast-Cup-wholesale-and-custom-4-768x768-1.webp\" alt=\"Breakfast-Cup-wholesale-and-custom-4-768x768\" class=\"wp-image-751\" srcset=\"https:\/\/www.linkceramics.com\/wp-content\/uploads\/2024\/12\/Breakfast-Cup-wholesale-and-custom-4-768x768-1.webp 768w, https:\/\/www.linkceramics.com\/wp-content\/uploads\/2024\/12\/Breakfast-Cup-wholesale-and-custom-4-768x768-1-300x300.webp 300w, https:\/\/www.linkceramics.com\/wp-content\/uploads\/2024\/12\/Breakfast-Cup-wholesale-and-custom-4-768x768-1-150x150.webp 150w, https:\/\/www.linkceramics.com\/wp-content\/uploads\/2024\/12\/Breakfast-Cup-wholesale-and-custom-4-768x768-1-600x600.webp 600w, https:\/\/www.linkceramics.com\/wp-content\/uploads\/2024\/12\/Breakfast-Cup-wholesale-and-custom-4-768x768-1-100x100.webp 100w\" sizes=\"(max-width: 768px) 100vw, 768px\" \/><\/figure>\n<\/div>\n<\/div>","protected":false},"excerpt":{"rendered":"<p>Hochwertige Fr\u00fchst\u00fcckstassen von professionellen Keramik-Tee-Set-Hersteller, mit einzigartigen und exquisiten floralen Design, kombiniert mit Glasur Farbe Handwerkskunst gemacht. Sch\u00f6n und langlebig, geeignet f\u00fcr Haus, Gesch\u00e4ft und verschiedene High-End-Orte. Die Hersteller von Lianyuan bieten ma\u00dfgeschneiderte Geschirrl\u00f6sungen aus einer Hand, um einzigartige Markenprodukte f\u00fcr Sie zu schaffen.<\/p>\n<h2>Fr\u00fchst\u00fcckstasse Parameter<\/h2>\n<table width=\"495\">\n<tbody>\n<tr>\n<td width=\"144\">Hersteller<\/td>\n<td width=\"351\">Lianyuan<\/td>\n<\/tr>\n<tr>\n<td>Produkttyp<\/td>\n<td width=\"351\">Tassen, Becher, Latte &amp; Kaffeetasse, Teetasse<\/td>\n<\/tr>\n<tr>\n<td>Muster<\/td>\n<td>Blumen<\/td>\n<\/tr>\n<tr>\n<td>Farbe<\/td>\n<td>Mehrfarbig<\/td>\n<\/tr>\n<tr>\n<td>Material<\/td>\n<td>Dauerhaftes Porzellan<\/td>\n<\/tr>\n<tr>\n<td>Handwerkliches K\u00f6nnen<\/td>\n<td>In-Glasiertes Abziehbild und Handbemalung<\/td>\n<\/tr>\n<tr>\n<td>Kapazit\u00e4t<\/td>\n<td>16 Unzen ( 450 ml )<\/td>\n<\/tr>\n<tr>\n<td>Anmeldung<\/td>\n<td>Mikrowellen- und sp\u00fclmaschinenfest, ofenfest<\/td>\n<\/tr>\n<tr>\n<td>Benutzerdefiniert<\/td>\n<td>Farbe\/Gr\u00f6\u00dfe\/Logo\/Verpackung<\/td>\n<\/tr>\n<\/tbody>\n<\/table>","protected":false},"featured_media":749,"comment_status":"open","ping_status":"closed","template":"","meta":{"_acf_changed":true},"certification":[66,58,65,61,60,62,57],"product_brand":[],"product_cat":[34,19],"product_tag":[],"class_list":{"0":"post-747","1":"product","2":"type-product","3":"status-publish","4":"has-post-thumbnail","6":"certification-cnas","7":"certification-fda","8":"certification-iaf","9":"certification-iso-14001","10":"certification-iso-45001","11":"certification-iso-9001","12":"certification-lfgb","13":"product_cat-custom-household-ceramics","14":"product_cat-ceramic-tea-set-wholesale","16":"first","17":"instock","18":"shipping-taxable","19":"product-type-simple"},"acf":[],"_links":{"self":[{"href":"https:\/\/www.linkceramics.com\/de\/wp-json\/wp\/v2\/product\/747","targetHints":{"allow":["GET"]}}],"collection":[{"href":"https:\/\/www.linkceramics.com\/de\/wp-json\/wp\/v2\/product"}],"about":[{"href":"https:\/\/www.linkceramics.com\/de\/wp-json\/wp\/v2\/types\/product"}],"replies":[{"embeddable":true,"href":"https:\/\/www.linkceramics.com\/de\/wp-json\/wp\/v2\/comments?post=747"}],"wp:featuredmedia":[{"embeddable":true,"href":"https:\/\/www.linkceramics.com\/de\/wp-json\/wp\/v2\/media\/749"}],"wp:attachment":[{"href":"https:\/\/www.linkceramics.com\/de\/wp-json\/wp\/v2\/media?parent=747"}],"wp:term":[{"taxonomy":"certification","embeddable":true,"href":"https:\/\/www.linkceramics.com\/de\/wp-json\/wp\/v2\/certification?post=747"},{"taxonomy":"product_brand","embeddable":true,"href":"https:\/\/www.linkceramics.com\/de\/wp-json\/wp\/v2\/product_brand?post=747"},{"taxonomy":"product_cat","embeddable":true,"href":"https:\/\/www.linkceramics.com\/de\/wp-json\/wp\/v2\/product_cat?post=747"},{"taxonomy":"product_tag","embeddable":true,"href":"https:\/\/www.linkceramics.com\/de\/wp-json\/wp\/v2\/product_tag?post=747"}],"curies":[{"name":"wp","href":"https:\/\/api.w.org\/{rel}","templated":true}]}}