{"id":754,"date":"2024-12-10T03:16:58","date_gmt":"2024-12-10T03:16:58","guid":{"rendered":"https:\/\/www.linkceramics.com\/?post_type=product&#038;p=754"},"modified":"2024-12-10T03:17:00","modified_gmt":"2024-12-10T03:17:00","slug":"custom-servingware-set","status":"publish","type":"product","link":"https:\/\/www.linkceramics.com\/de\/product\/custom-servingware-set\/","title":{"rendered":"Individuelles keramisches Serviergeschirr mit exquisitem Design aus roten Bl\u00e4ttern"},"content":{"rendered":"<div class=\"wp-block-columns is-layout-flex wp-container-core-columns-is-layout-9d6595d7 wp-block-columns-is-layout-flex\">\n<div class=\"wp-block-column is-layout-flow wp-block-column-is-layout-flow\" style=\"flex-basis:50%\">\n<h3 class=\"wp-block-heading\">Serviergeschirr-Set Merkmale:<\/h3>\n\n\n\n<p><strong>Exotische Handarbeit<\/strong><br>Jedes dieser Keramikgeschirre zeigt ein exquisites Muster aus roten Bl\u00e4ttern in Kombination mit Unterglasurdekoren, handgefertigter Malerei und Pr\u00e4gung.<\/p>\n\n\n\n<p><strong>Lange Lebensdauer<\/strong><br>Starke Haltbarkeit, mikrowellen-, sp\u00fclmaschinen- und backofengeeignet; einfach im Alltag zu verwenden.<\/p>\n\n\n\n<p><strong>Einhaltung der Umweltvorschriften<\/strong><br>Es erf\u00fcllt die Sicherheitsstandards der California Proposition 65, um die Unbedenklichkeit f\u00fcr die Gesundheit und die Eignung f\u00fcr den Hausgebrauch zu gew\u00e4hrleisten<\/p>\n\n\n\n<p><strong>Vielseitigkeit<\/strong><br>Er eignet sich f\u00fcr verschiedene Anl\u00e4sse, sei es f\u00fcr das t\u00e4gliche Essen im Kreise der Familie oder f\u00fcr festliche Anl\u00e4sse; er versch\u00f6nert den Esstisch auf exquisite Weise.<\/p>\n<\/div>\n\n\n\n<div class=\"wp-block-column is-layout-flow wp-block-column-is-layout-flow\" style=\"flex-basis:50%\">\n<figure class=\"wp-block-image size-full\"><img decoding=\"async\" width=\"612\" height=\"612\" src=\"https:\/\/www.linkceramics.com\/wp-content\/uploads\/2024\/12\/Custom-Ceramic-Servingware-1.webp\" alt=\"Keramik-Serviergeschirr-1\" class=\"wp-image-755\" srcset=\"https:\/\/www.linkceramics.com\/wp-content\/uploads\/2024\/12\/Custom-Ceramic-Servingware-1.webp 612w, https:\/\/www.linkceramics.com\/wp-content\/uploads\/2024\/12\/Custom-Ceramic-Servingware-1-300x300.webp 300w, https:\/\/www.linkceramics.com\/wp-content\/uploads\/2024\/12\/Custom-Ceramic-Servingware-1-150x150.webp 150w, https:\/\/www.linkceramics.com\/wp-content\/uploads\/2024\/12\/Custom-Ceramic-Servingware-1-600x600.webp 600w, https:\/\/www.linkceramics.com\/wp-content\/uploads\/2024\/12\/Custom-Ceramic-Servingware-1-100x100.webp 100w\" sizes=\"(max-width: 612px) 100vw, 612px\" \/><\/figure>\n<\/div>\n<\/div>","protected":false},"excerpt":{"rendered":"<p>Einzigartiges, individuelles Serviergeschirr-Set mit rotem Blattmuster, das in verschiedenen Formen und Gr\u00f6\u00dfen erh\u00e4ltlich ist. Geeignet f\u00fcr das Servieren von Gerichten mit unterschiedlichem Fassungsverm\u00f6gen. Willkommen in der Lianyuan Fabrik f\u00fcr ein kostenloses Angebot zu konsultieren.<\/p>\n<h2>\u00a0Serviergeschirr-Set Parameter<\/h2>\n<table width=\"353\">\n<tbody>\n<tr>\n<td width=\"82\">Hersteller<\/td>\n<td width=\"270\">Lianyuan<\/td>\n<\/tr>\n<tr>\n<td>Produkttyp<\/td>\n<td width=\"270\">Bio-Teller, Ovaler Teller, L\u00e4ngliches Tablett<\/td>\n<\/tr>\n<tr>\n<td>Muster<\/td>\n<td>Floral, Rote Bl\u00e4tter<\/td>\n<\/tr>\n<tr>\n<td>Material<\/td>\n<td>Dauerhaftes Porzellan<\/td>\n<\/tr>\n<tr>\n<td>Handwerkliches K\u00f6nnen<\/td>\n<td>In-Glasur-Abziehbild, handbemalt\u00a0<\/td>\n<\/tr>\n<tr>\n<td>Anmeldung<\/td>\n<td>Mikrowellen- und sp\u00fclmaschinenfest, ofenfest<\/td>\n<\/tr>\n<tr>\n<td>Benutzerdefiniert<\/td>\n<td>Farbe\/Gr\u00f6\u00dfe\/Logo\/Verpackung<\/td>\n<\/tr>\n<\/tbody>\n<\/table>\n<p>&nbsp;<\/p>","protected":false},"featured_media":755,"comment_status":"open","ping_status":"closed","template":"","meta":{"_acf_changed":true},"certification":[66,58,65,61,60,62,57],"product_brand":[],"product_cat":[34,18,19],"product_tag":[],"class_list":{"0":"post-754","1":"product","2":"type-product","3":"status-publish","4":"has-post-thumbnail","6":"certification-cnas","7":"certification-fda","8":"certification-iaf","9":"certification-iso-14001","10":"certification-iso-45001","11":"certification-iso-9001","12":"certification-lfgb","13":"product_cat-custom-household-ceramics","14":"product_cat-ceramic-tableware-wholesale","15":"product_cat-ceramic-tea-set-wholesale","17":"first","18":"instock","19":"shipping-taxable","20":"product-type-simple"},"acf":[],"_links":{"self":[{"href":"https:\/\/www.linkceramics.com\/de\/wp-json\/wp\/v2\/product\/754","targetHints":{"allow":["GET"]}}],"collection":[{"href":"https:\/\/www.linkceramics.com\/de\/wp-json\/wp\/v2\/product"}],"about":[{"href":"https:\/\/www.linkceramics.com\/de\/wp-json\/wp\/v2\/types\/product"}],"replies":[{"embeddable":true,"href":"https:\/\/www.linkceramics.com\/de\/wp-json\/wp\/v2\/comments?post=754"}],"wp:featuredmedia":[{"embeddable":true,"href":"https:\/\/www.linkceramics.com\/de\/wp-json\/wp\/v2\/media\/755"}],"wp:attachment":[{"href":"https:\/\/www.linkceramics.com\/de\/wp-json\/wp\/v2\/media?parent=754"}],"wp:term":[{"taxonomy":"certification","embeddable":true,"href":"https:\/\/www.linkceramics.com\/de\/wp-json\/wp\/v2\/certification?post=754"},{"taxonomy":"product_brand","embeddable":true,"href":"https:\/\/www.linkceramics.com\/de\/wp-json\/wp\/v2\/product_brand?post=754"},{"taxonomy":"product_cat","embeddable":true,"href":"https:\/\/www.linkceramics.com\/de\/wp-json\/wp\/v2\/product_cat?post=754"},{"taxonomy":"product_tag","embeddable":true,"href":"https:\/\/www.linkceramics.com\/de\/wp-json\/wp\/v2\/product_tag?post=754"}],"curies":[{"name":"wp","href":"https:\/\/api.w.org\/{rel}","templated":true}]}}