{"id":757,"date":"2024-12-10T03:18:02","date_gmt":"2024-12-10T03:18:02","guid":{"rendered":"https:\/\/www.linkceramics.com\/?post_type=product&#038;p=757"},"modified":"2024-12-10T03:18:03","modified_gmt":"2024-12-10T03:18:03","slug":"wholesale-bakeware-sets","status":"publish","type":"product","link":"https:\/\/www.linkceramics.com\/de\/product\/wholesale-bakeware-sets\/","title":{"rendered":"Gro\u00dfhandel Backformen Sets keramischen Antihaft-Blau Floral"},"content":{"rendered":"<div class=\"wp-block-columns is-layout-flex wp-container-core-columns-is-layout-9d6595d7 wp-block-columns-is-layout-flex\">\n<div class=\"wp-block-column is-layout-flow wp-block-column-is-layout-flow\" style=\"flex-basis:50%\">\n<h3 class=\"wp-block-heading\">Backformen-Sets Merkmale:<\/h3>\n\n\n\n<p><strong>Modisches und sch\u00f6nes Design<br><\/strong>Mit auff\u00e4lligen floralen Mustern, satten Farben und nat\u00fcrlicher Eleganz wird es zum Mittelpunkt der gesamten Geschirrserie.<\/p>\n\n\n\n<p><strong>Langlebig und hoch hitzebest\u00e4ndig<\/strong><br>Hochdichtes Porzellan, gebrannt bei 1280\u00b0C, langlebig und nicht leicht zu zerbrechen, geeignet f\u00fcr Mikrowelle, Ofen, Sp\u00fclmaschine und K\u00fchlschrank.<\/p>\n\n\n\n<p><strong>Kratzfest und ungiftig<\/strong><br>Die langlebige, kratzfeste Glasur ist nicht reaktiv und ungiftig und gew\u00e4hrleistet sicheres Kochen ohne Verbrennungen oder chemische Reaktionen.<\/p>\n\n\n\n<p><strong>Komplettset Kombination multifunktional<\/strong><br>Individuelle Backformen-Kombinationen, einschlie\u00dflich Backformen, Muffin- oder Cupcake-Formen, Brotbackformen, Kuchenformen, Tortenformen.<\/p>\n<\/div>\n\n\n\n<div class=\"wp-block-column is-layout-flow wp-block-column-is-layout-flow\" style=\"flex-basis:50%\">\n<figure class=\"wp-block-image size-full\"><img decoding=\"async\" width=\"792\" height=\"792\" src=\"https:\/\/www.linkceramics.com\/wp-content\/uploads\/2024\/12\/Wholesale-Ceramic-Bakeware-Sets-1.webp\" alt=\"Gro\u00dfhandel-Keramik-Backformen-Sets-1\" class=\"wp-image-758\" srcset=\"https:\/\/www.linkceramics.com\/wp-content\/uploads\/2024\/12\/Wholesale-Ceramic-Bakeware-Sets-1.webp 792w, https:\/\/www.linkceramics.com\/wp-content\/uploads\/2024\/12\/Wholesale-Ceramic-Bakeware-Sets-1-300x300.webp 300w, https:\/\/www.linkceramics.com\/wp-content\/uploads\/2024\/12\/Wholesale-Ceramic-Bakeware-Sets-1-150x150.webp 150w, https:\/\/www.linkceramics.com\/wp-content\/uploads\/2024\/12\/Wholesale-Ceramic-Bakeware-Sets-1-768x768.webp 768w, https:\/\/www.linkceramics.com\/wp-content\/uploads\/2024\/12\/Wholesale-Ceramic-Bakeware-Sets-1-600x600.webp 600w, https:\/\/www.linkceramics.com\/wp-content\/uploads\/2024\/12\/Wholesale-Ceramic-Bakeware-Sets-1-100x100.webp 100w\" sizes=\"(max-width: 792px) 100vw, 792px\" \/><\/figure>\n<\/div>\n<\/div>","protected":false},"excerpt":{"rendered":"<p>Antihaft-Keramik-Backformen-Sets Gro\u00dfhandel, kundenspezifische Service zur Verf\u00fcgung. Sch\u00f6nes Blumenmuster, mehrteiliges Set, langlebig f\u00fcr alle Backbed\u00fcrfnisse. Bestellen Sie in gro\u00dfen Mengen, um das beste Angebot zu erhalten.<\/p>\n<h2>Backformen-Sets Parameter<\/h2>\n<table width=\"353\">\n<tbody>\n<tr>\n<td width=\"82\">Hersteller<\/td>\n<td width=\"270\">Lianyuan<\/td>\n<\/tr>\n<tr>\n<td>Produkttyp<\/td>\n<td width=\"270\">B\u00e4cker, Tortenst\u00e4nder, Tortenplatte, Roller, Ramekin-B\u00e4cker<\/td>\n<\/tr>\n<tr>\n<td>Muster<\/td>\n<td>Blumen<\/td>\n<\/tr>\n<tr>\n<td>Farbe<\/td>\n<td>\n<p>Blau und mehrfarbig<\/p>\n<\/td>\n<\/tr>\n<tr>\n<td>Material<\/td>\n<td>Dauerhaftes Porzellan<\/td>\n<\/tr>\n<tr>\n<td>Handwerkliches K\u00f6nnen<\/td>\n<td>In-Glasur-Abziehbild, handbemalt\u00a0<\/td>\n<\/tr>\n<tr>\n<td>Anmeldung<\/td>\n<td>Mikrowellen- und sp\u00fclmaschinenfest, ofen- und gefrierschrankfest<\/td>\n<\/tr>\n<tr>\n<td>Benutzerdefiniert<\/td>\n<td>Farbe\/Gr\u00f6\u00dfe\/Logo\/Verpackung<\/td>\n<\/tr>\n<\/tbody>\n<\/table>","protected":false},"featured_media":761,"comment_status":"open","ping_status":"closed","template":"","meta":{"_acf_changed":true},"certification":[66,58,65,61,60,62,57],"product_brand":[],"product_cat":[34,20],"product_tag":[],"class_list":{"0":"post-757","1":"product","2":"type-product","3":"status-publish","4":"has-post-thumbnail","6":"certification-cnas","7":"certification-fda","8":"certification-iaf","9":"certification-iso-14001","10":"certification-iso-45001","11":"certification-iso-9001","12":"certification-lfgb","13":"product_cat-custom-household-ceramics","14":"product_cat-ceramic-kitchenware-wholesale","16":"first","17":"instock","18":"shipping-taxable","19":"product-type-simple"},"acf":[],"_links":{"self":[{"href":"https:\/\/www.linkceramics.com\/de\/wp-json\/wp\/v2\/product\/757","targetHints":{"allow":["GET"]}}],"collection":[{"href":"https:\/\/www.linkceramics.com\/de\/wp-json\/wp\/v2\/product"}],"about":[{"href":"https:\/\/www.linkceramics.com\/de\/wp-json\/wp\/v2\/types\/product"}],"replies":[{"embeddable":true,"href":"https:\/\/www.linkceramics.com\/de\/wp-json\/wp\/v2\/comments?post=757"}],"wp:featuredmedia":[{"embeddable":true,"href":"https:\/\/www.linkceramics.com\/de\/wp-json\/wp\/v2\/media\/761"}],"wp:attachment":[{"href":"https:\/\/www.linkceramics.com\/de\/wp-json\/wp\/v2\/media?parent=757"}],"wp:term":[{"taxonomy":"certification","embeddable":true,"href":"https:\/\/www.linkceramics.com\/de\/wp-json\/wp\/v2\/certification?post=757"},{"taxonomy":"product_brand","embeddable":true,"href":"https:\/\/www.linkceramics.com\/de\/wp-json\/wp\/v2\/product_brand?post=757"},{"taxonomy":"product_cat","embeddable":true,"href":"https:\/\/www.linkceramics.com\/de\/wp-json\/wp\/v2\/product_cat?post=757"},{"taxonomy":"product_tag","embeddable":true,"href":"https:\/\/www.linkceramics.com\/de\/wp-json\/wp\/v2\/product_tag?post=757"}],"curies":[{"name":"wp","href":"https:\/\/api.w.org\/{rel}","templated":true}]}}