{"id":762,"date":"2024-12-10T03:19:31","date_gmt":"2024-12-10T03:19:31","guid":{"rendered":"https:\/\/www.linkceramics.com\/?post_type=product&#038;p=762"},"modified":"2024-12-10T03:19:32","modified_gmt":"2024-12-10T03:19:32","slug":"wholesale-casserole-dish-with-lid","status":"publish","type":"product","link":"https:\/\/www.linkceramics.com\/de\/product\/wholesale-casserole-dish-with-lid\/","title":{"rendered":"Keramische Auflaufform mit Deckel Grau Rosa Verschiedene Formen Custom"},"content":{"rendered":"<div class=\"wp-block-columns is-layout-flex wp-container-core-columns-is-layout-9d6595d7 wp-block-columns-is-layout-flex\">\n<div class=\"wp-block-column is-layout-flow wp-block-column-is-layout-flow\" style=\"flex-basis:50%\">\n<h3 class=\"wp-block-heading\">Eigenschaften Auflaufform mit Deckel:<\/h3>\n\n\n\n<p><strong>Modernes und stilvolles Design<\/strong><br>Die moderne Form mit dem Deckel wird mit modischen und langlebigen, lichtechten Farben kombiniert, damit das Kochen Spa\u00df macht!<\/p>\n\n\n\n<p><strong>Hochwertige Materialien<\/strong><br>Hergestellt aus nat\u00fcrlichen Mineralien und australischem Spodumen, erf\u00fcllt es alle Standards der Lebensmittelsicherheit und ist gesund und sicher<\/p>\n\n\n\n<p><strong>Ausgezeichnete Temperaturwechselbest\u00e4ndigkeit<\/strong><br>Sie halten raschen Temperaturschwankungen von bis zu 600 \u00b0C stand, und das hochdichte Material verhindert die Feuchtigkeitsaufnahme und beugt Rissen und Spaltungen vor.<\/p>\n\n\n\n<p><strong>Bequem und energiesparend in der Anwendung<\/strong><br>Geringe Dicke, geringes Gewicht, schnelle W\u00e4rmeleitung, langsame Abk\u00fchlung, kann mit geringer Hitze gegart werden, spart Zeit und Energie.<\/p>\n\n\n\n<p><strong>Langlebig und leicht zu reinigen<\/strong><br>Die glatte Oberfl\u00e4che der T\u00f6pferware verhindert Kratzer, Schmutz und Korrosion, ist antihaftbeschichtet und leicht zu reinigen.<\/p>\n<\/div>\n\n\n\n<div class=\"wp-block-column is-layout-flow wp-block-column-is-layout-flow\" style=\"flex-basis:50%\">\n<figure class=\"wp-block-image size-full\"><img decoding=\"async\" width=\"768\" height=\"768\" src=\"https:\/\/www.linkceramics.com\/wp-content\/uploads\/2024\/12\/Wholesale-Earthenware-Pot-10-768x768-1.webp\" alt=\"Wholesale-Earthenware-Pot-10-768x768\" class=\"wp-image-767\" srcset=\"https:\/\/www.linkceramics.com\/wp-content\/uploads\/2024\/12\/Wholesale-Earthenware-Pot-10-768x768-1.webp 768w, https:\/\/www.linkceramics.com\/wp-content\/uploads\/2024\/12\/Wholesale-Earthenware-Pot-10-768x768-1-300x300.webp 300w, https:\/\/www.linkceramics.com\/wp-content\/uploads\/2024\/12\/Wholesale-Earthenware-Pot-10-768x768-1-150x150.webp 150w, https:\/\/www.linkceramics.com\/wp-content\/uploads\/2024\/12\/Wholesale-Earthenware-Pot-10-768x768-1-600x600.webp 600w, https:\/\/www.linkceramics.com\/wp-content\/uploads\/2024\/12\/Wholesale-Earthenware-Pot-10-768x768-1-100x100.webp 100w\" sizes=\"(max-width: 768px) 100vw, 768px\" \/><\/figure>\n<\/div>\n<\/div>","protected":false},"excerpt":{"rendered":"<p>Hochwertige Auflaufform mit Deckel aus langlebiger, hitzebest\u00e4ndiger und rissunempfindlicher Keramik, die eine gleichm\u00e4\u00dfige W\u00e4rmeverteilung gew\u00e4hrleistet. Die moderne Form und die auff\u00e4llige Farbe machen die Auflaufform noch attraktiver. Kontaktieren Sie uns f\u00fcr weitere Informationen!<\/p>\n<h2>Parameter Auflaufform mit Deckel<\/h2>\n<table border=\"0\" width=\"618\" cellspacing=\"0\" cellpadding=\"0\">\n<tbody>\n<tr>\n<td width=\"180\" height=\"26\">Hersteller<\/td>\n<td width=\"438\">Lianyuan<\/td>\n<\/tr>\n<tr>\n<td height=\"26\">Produkttyp<\/td>\n<td>K\u00fcchengeschirr,Kasserolle<\/td>\n<\/tr>\n<tr>\n<td height=\"26\">Farbe<\/td>\n<td>Grauer K\u00f6rper mit rosa Deckel<\/td>\n<\/tr>\n<tr>\n<td height=\"26\">Material<\/td>\n<td>Hitzebest\u00e4ndiger Lehm<\/td>\n<\/tr>\n<tr>\n<td height=\"26\">Handwerkliches K\u00f6nnen<\/td>\n<td>Einglasiertes Abziehbild und Handbemalung<\/td>\n<\/tr>\n<tr>\n<td height=\"26\">Anmeldung<\/td>\n<td>Mikrowellen- und sp\u00fclmaschinenfest, ofenfest<\/td>\n<\/tr>\n<tr>\n<td height=\"26\">Benutzerdefiniert<\/td>\n<td>Farbe\/Gr\u00f6\u00dfe\/Logo\/Verpackung<\/td>\n<\/tr>\n<\/tbody>\n<\/table>\n<p>&nbsp;<\/p>","protected":false},"featured_media":764,"comment_status":"open","ping_status":"closed","template":"","meta":{"_acf_changed":true},"certification":[66,58,65,61,60,62,57],"product_brand":[],"product_cat":[34,20],"product_tag":[],"class_list":{"0":"post-762","1":"product","2":"type-product","3":"status-publish","4":"has-post-thumbnail","6":"certification-cnas","7":"certification-fda","8":"certification-iaf","9":"certification-iso-14001","10":"certification-iso-45001","11":"certification-iso-9001","12":"certification-lfgb","13":"product_cat-custom-household-ceramics","14":"product_cat-ceramic-kitchenware-wholesale","16":"first","17":"instock","18":"shipping-taxable","19":"product-type-simple"},"acf":[],"_links":{"self":[{"href":"https:\/\/www.linkceramics.com\/de\/wp-json\/wp\/v2\/product\/762","targetHints":{"allow":["GET"]}}],"collection":[{"href":"https:\/\/www.linkceramics.com\/de\/wp-json\/wp\/v2\/product"}],"about":[{"href":"https:\/\/www.linkceramics.com\/de\/wp-json\/wp\/v2\/types\/product"}],"replies":[{"embeddable":true,"href":"https:\/\/www.linkceramics.com\/de\/wp-json\/wp\/v2\/comments?post=762"}],"wp:featuredmedia":[{"embeddable":true,"href":"https:\/\/www.linkceramics.com\/de\/wp-json\/wp\/v2\/media\/764"}],"wp:attachment":[{"href":"https:\/\/www.linkceramics.com\/de\/wp-json\/wp\/v2\/media?parent=762"}],"wp:term":[{"taxonomy":"certification","embeddable":true,"href":"https:\/\/www.linkceramics.com\/de\/wp-json\/wp\/v2\/certification?post=762"},{"taxonomy":"product_brand","embeddable":true,"href":"https:\/\/www.linkceramics.com\/de\/wp-json\/wp\/v2\/product_brand?post=762"},{"taxonomy":"product_cat","embeddable":true,"href":"https:\/\/www.linkceramics.com\/de\/wp-json\/wp\/v2\/product_cat?post=762"},{"taxonomy":"product_tag","embeddable":true,"href":"https:\/\/www.linkceramics.com\/de\/wp-json\/wp\/v2\/product_tag?post=762"}],"curies":[{"name":"wp","href":"https:\/\/api.w.org\/{rel}","templated":true}]}}